{"id":111,"date":"2022-10-25T12:58:45","date_gmt":"2022-10-25T12:58:45","guid":{"rendered":"https:\/\/cs3lacs.wpengine.com\/pgl\/?page_id=111"},"modified":"2023-02-22T17:10:52","modified_gmt":"2023-02-22T22:10:52","slug":"sante-et-securite","status":"publish","type":"page","link":"https:\/\/csstl.gouv.qc.ca\/paul-gerin-lajoie\/sante-et-securite\/","title":{"rendered":"Sant\u00e9 et s\u00e9curit\u00e9"},"content":{"rendered":"\n<h2 class=\"wp-block-heading\">Comit\u00e9 sant\u00e9 et s\u00e9curit\u00e9<\/h2>\n\n\n\n<p>Dans chacun des d\u00e9partements, \u00e0 chaque d\u00e9but d&rsquo;ann\u00e9e scolaire, un comit\u00e9 d&rsquo;\u00e9l\u00e8ves est constitu\u00e9 pour travailler le dossier de la sant\u00e9 et de la s\u00e9curit\u00e9.<\/p>\n\n\n\n<p>Un enseignant responsable r\u00e9unit le comit\u00e9 qui a pour mandat d&rsquo;apporter des id\u00e9es et des suggestions en mati\u00e8re de sant\u00e9 et de s\u00e9curit\u00e9 pour son d\u00e9partement. La sant\u00e9 et la s\u00e9curit\u00e9 sont des pr\u00e9occupations majeures dans tous les domaines de la vie et, particuli\u00e8rement, dans l&rsquo;exercice de son m\u00e9tier. Les membres du comit\u00e9 sont donc appel\u00e9s \u00e0 r\u00e9fl\u00e9chir et \u00e0 sensibiliser \u00e9l\u00e8ves et coll\u00e8gues de l&rsquo;importance de la pr\u00e9vention des accidents et du respect des r\u00e8gles de sant\u00e9 et de s\u00e9curit\u00e9. Aussi, d&rsquo;ann\u00e9e en ann\u00e9e, les diff\u00e9rents comit\u00e9s participent au \u00ab D\u00e9fi-pr\u00e9vention jeunesse \u00bb organis\u00e9 par la CSST.<\/p>\n","protected":false},"excerpt":{"rendered":"<p>Comit\u00e9 sant\u00e9 et s\u00e9curit\u00e9 Dans chacun des d\u00e9partements, \u00e0 chaque d\u00e9but d&rsquo;ann\u00e9e scolaire, un comit\u00e9 d&rsquo;\u00e9l\u00e8ves est constitu\u00e9 pour travailler le dossier de la sant\u00e9 et de la s\u00e9curit\u00e9. Un [&hellip;]<\/p>\n","protected":false},"author":2,"featured_media":0,"parent":0,"menu_order":0,"comment_status":"closed","ping_status":"closed","template":"","meta":{"_genesis_hide_title":false,"_genesis_hide_breadcrumbs":false,"_genesis_hide_singular_image":false,"_genesis_hide_footer_widgets":false,"_genesis_custom_body_class":"","_genesis_custom_post_class":"","_genesis_layout":"","footnotes":""},"class_list":["post-111","page","type-page","status-publish","entry"],"featured_image_src":null,"featured_image_src_square":null,"_links":{"self":[{"href":"https:\/\/csstl.gouv.qc.ca\/paul-gerin-lajoie\/wp-json\/wp\/v2\/pages\/111","targetHints":{"allow":["GET"]}}],"collection":[{"href":"https:\/\/csstl.gouv.qc.ca\/paul-gerin-lajoie\/wp-json\/wp\/v2\/pages"}],"about":[{"href":"https:\/\/csstl.gouv.qc.ca\/paul-gerin-lajoie\/wp-json\/wp\/v2\/types\/page"}],"author":[{"embeddable":true,"href":"https:\/\/csstl.gouv.qc.ca\/paul-gerin-lajoie\/wp-json\/wp\/v2\/users\/2"}],"replies":[{"embeddable":true,"href":"https:\/\/csstl.gouv.qc.ca\/paul-gerin-lajoie\/wp-json\/wp\/v2\/comments?post=111"}],"version-history":[{"count":0,"href":"https:\/\/csstl.gouv.qc.ca\/paul-gerin-lajoie\/wp-json\/wp\/v2\/pages\/111\/revisions"}],"wp:attachment":[{"href":"https:\/\/csstl.gouv.qc.ca\/paul-gerin-lajoie\/wp-json\/wp\/v2\/media?parent=111"}],"curies":[{"name":"wp","href":"https:\/\/api.w.org\/{rel}","templated":true}]}}