{"id":110,"date":"2022-10-25T12:57:58","date_gmt":"2022-10-25T12:57:58","guid":{"rendered":"https:\/\/cs3lacs.wpengine.com\/pgl\/?page_id=110"},"modified":"2026-02-26T14:21:13","modified_gmt":"2026-02-26T19:21:13","slug":"reconnaissance-acquis-competences","status":"publish","type":"page","link":"https:\/\/csstl.gouv.qc.ca\/paul-gerin-lajoie\/reconnaissance-acquis-competences\/","title":{"rendered":"Reconnaissance des acquis et des comp\u00e9tences"},"content":{"rendered":"\n<p>La reconnaissance des acquis et des comp\u00e9tences est un moyen qui permet d\u2019\u00e9valuer et de faire reconna\u00eetre officiellement, par le minist\u00e8re de l\u2019\u00c9ducation, du Loisir et du Sport, ce que vous connaissez ou savez faire, peu importe o\u00f9, quand et comment vous avez acquis ces comp\u00e9tences.<\/p>\n\n\n\n<p>&nbsp;<a href=\"https:\/\/www.youtube.com\/watch?v=hkRXAVQALFs&amp;t=14s\">https:\/\/www.youtube.com\/watch?v=hkRXAVQALFs&amp;t=14s<\/a><\/p>\n\n\n\n<p><strong>Vous avez de l\u2019exp\u00e9rience dans votre secteur d\u2019activit\u00e9?<\/strong><\/p>\n\n\n\n<p>Savez-vous que vous pourriez faire reconnaitre officiellement ce que vous avez appris dans votre milieu professionnel ou dans le cadre de votre vie personnelle?<\/p>\n\n\n\n<p>Savez-vous que pour le dipl\u00f4me vis\u00e9, vous n\u2019auriez pas n\u00e9cessairement \u00e0 retourner sur les bancs d\u2019\u00e9cole? Vos acquis et connaissances pourraient vous \u00eatre reconnus, en tout ou en partie.&nbsp;<\/p>\n\n\n\n<p>Votre exp\u00e9rience et vos comp\u00e9tences peuvent vous conduire \u00e0 :<\/p>\n\n\n\n<ul class=\"wp-block-list\">\n<li>L\u2019obtention d\u2019un dipl\u00f4me en formation professionnelle (DEP- ASP)<\/li>\n\n\n\n<li>La finalisation d\u2019un dipl\u00f4me jamais compl\u00e9t\u00e9<\/li>\n\n\n\n<li>Un nouvel emploi<\/li>\n\n\n\n<li>Une promotion<\/li>\n\n\n\n<li>Une meilleure mobilit\u00e9 professionnelle<\/li>\n<\/ul>\n\n\n\n<p>Vous pouvez joindre Martine Duranceau, Cisep, <a href=\"mailto:martine.duranceau@csstl.gouv.qc.ca\">martine.duranceau@csstl.gouv.qc.ca<\/a> ou <br>St\u00e9phanie Plante, Conseill\u00e8re d&rsquo;orientation, <a href=\"mailto:stephanie.plante@csstl.gouv.qc.ca\">stephanie.plante@csstl.gouv.qc.ca<\/a><\/p>\n\n\n\n<p><\/p>\n","protected":false},"excerpt":{"rendered":"<p>La reconnaissance des acquis et des comp\u00e9tences est un moyen qui permet d\u2019\u00e9valuer et de faire reconna\u00eetre officiellement, par le minist\u00e8re de l\u2019\u00c9ducation, du Loisir et du Sport, ce que [&hellip;]<\/p>\n","protected":false},"author":2,"featured_media":0,"parent":0,"menu_order":0,"comment_status":"closed","ping_status":"closed","template":"","meta":{"_genesis_hide_title":false,"_genesis_hide_breadcrumbs":false,"_genesis_hide_singular_image":false,"_genesis_hide_footer_widgets":false,"_genesis_custom_body_class":"","_genesis_custom_post_class":"","_genesis_layout":"","footnotes":""},"class_list":["post-110","page","type-page","status-publish","entry"],"featured_image_src":null,"featured_image_src_square":null,"_links":{"self":[{"href":"https:\/\/csstl.gouv.qc.ca\/paul-gerin-lajoie\/wp-json\/wp\/v2\/pages\/110","targetHints":{"allow":["GET"]}}],"collection":[{"href":"https:\/\/csstl.gouv.qc.ca\/paul-gerin-lajoie\/wp-json\/wp\/v2\/pages"}],"about":[{"href":"https:\/\/csstl.gouv.qc.ca\/paul-gerin-lajoie\/wp-json\/wp\/v2\/types\/page"}],"author":[{"embeddable":true,"href":"https:\/\/csstl.gouv.qc.ca\/paul-gerin-lajoie\/wp-json\/wp\/v2\/users\/2"}],"replies":[{"embeddable":true,"href":"https:\/\/csstl.gouv.qc.ca\/paul-gerin-lajoie\/wp-json\/wp\/v2\/comments?post=110"}],"version-history":[{"count":0,"href":"https:\/\/csstl.gouv.qc.ca\/paul-gerin-lajoie\/wp-json\/wp\/v2\/pages\/110\/revisions"}],"wp:attachment":[{"href":"https:\/\/csstl.gouv.qc.ca\/paul-gerin-lajoie\/wp-json\/wp\/v2\/media?parent=110"}],"curies":[{"name":"wp","href":"https:\/\/api.w.org\/{rel}","templated":true}]}}