{"id":11,"date":"2022-09-08T12:53:01","date_gmt":"2022-09-08T12:53:01","guid":{"rendered":"https:\/\/cs3lacs.wpengine.com\/pgl\/?page_id=11"},"modified":"2023-02-23T07:58:28","modified_gmt":"2023-02-23T12:58:28","slug":"portrait","status":"publish","type":"page","link":"https:\/\/csstl.gouv.qc.ca\/paul-gerin-lajoie\/portrait\/","title":{"rendered":"Portrait"},"content":{"rendered":"\n<h2 class=\"wp-block-heading\">Le centre de formation professionnelle Paul-G\u00e9rin-Lajoie,&nbsp;plus pr\u00e8s que vous ne le croyez!<\/h2>\n\n\n\n<p>Famili\u00e8rement nomm\u00e9 PGL, le centre fait partie du r\u00e9seau des \u00e9coles et des centres du Centre de services scolaire des Trois-Lacs. \u00c0 seulement 30 minutes de Montr\u00e9al, son positionnement strat\u00e9gique au croisement des trois autoroutes 20, 30 et 40, et sur les rives de trois magnifiques lacs, la ville de Vaudreuil-Dorion est en plein essor.<\/p>\n\n\n\n<p>Inaugur\u00e9 dans les ann\u00e9es 60 sous le nom d\u2019Institut de technologie de Vaudreuil, le centre a exerc\u00e9 un leadership en d\u00e9veloppement de programmes dans des domaines tr\u00e8s sp\u00e9cialis\u00e9s de la formation professionnelle. On y offre actuellement des programmes dans les domaines du secr\u00e9tariat et de la comptabilit\u00e9, du traitement de l&rsquo;eau, de l\u2019\u00e9lectrom\u00e9canique, de la m\u00e9canique de v\u00e9hicules lourds routiers, des engins de chantier et des moteurs diesel, des techniques d\u2019usinage et du matri\u00e7age.<\/p>\n\n\n\n<p>Les \u00e9l\u00e8ves qui fr\u00e9quentent le centre proviennent des quatre coins de la province. Nos programmes offrent de tr\u00e8s bonnes perspectives d\u2019emploi. Notre taux de placement est non seulement \u00e9lev\u00e9, mais sup\u00e9rieur \u00e0 la moyenne du Qu\u00e9bec.<\/p>\n\n\n\n<p>La r\u00e9ussite \u00e9ducative est notre premi\u00e8re raison d&rsquo;\u00eatre. Nous sommes l\u00e0 pour vous aider \u00e0 r\u00e9aliser votre but professionnel. Mais au d\u00e9part, vous en \u00eates le ma\u00eetre d\u2019\u0153uvre, car vous seul pouvez vous donner les moyens d\u2019atteindre votre objectif.<\/p>\n\n\n\n<p><strong>Votre r\u00e9ussite, c&rsquo;est donc une affaire de collaboration entre vous et nous.<\/strong><\/p>\n","protected":false},"excerpt":{"rendered":"<p>Le centre de formation professionnelle Paul-G\u00e9rin-Lajoie,&nbsp;plus pr\u00e8s que vous ne le croyez! Famili\u00e8rement nomm\u00e9 PGL, le centre fait partie du r\u00e9seau des \u00e9coles et des centres du Centre de services [&hellip;]<\/p>\n","protected":false},"author":2,"featured_media":0,"parent":0,"menu_order":0,"comment_status":"closed","ping_status":"closed","template":"","meta":{"_genesis_hide_title":false,"_genesis_hide_breadcrumbs":false,"_genesis_hide_singular_image":false,"_genesis_hide_footer_widgets":false,"_genesis_custom_body_class":"","_genesis_custom_post_class":"","_genesis_layout":"","footnotes":""},"class_list":["post-11","page","type-page","status-publish","entry"],"featured_image_src":null,"featured_image_src_square":null,"_links":{"self":[{"href":"https:\/\/csstl.gouv.qc.ca\/paul-gerin-lajoie\/wp-json\/wp\/v2\/pages\/11","targetHints":{"allow":["GET"]}}],"collection":[{"href":"https:\/\/csstl.gouv.qc.ca\/paul-gerin-lajoie\/wp-json\/wp\/v2\/pages"}],"about":[{"href":"https:\/\/csstl.gouv.qc.ca\/paul-gerin-lajoie\/wp-json\/wp\/v2\/types\/page"}],"author":[{"embeddable":true,"href":"https:\/\/csstl.gouv.qc.ca\/paul-gerin-lajoie\/wp-json\/wp\/v2\/users\/2"}],"replies":[{"embeddable":true,"href":"https:\/\/csstl.gouv.qc.ca\/paul-gerin-lajoie\/wp-json\/wp\/v2\/comments?post=11"}],"version-history":[{"count":0,"href":"https:\/\/csstl.gouv.qc.ca\/paul-gerin-lajoie\/wp-json\/wp\/v2\/pages\/11\/revisions"}],"wp:attachment":[{"href":"https:\/\/csstl.gouv.qc.ca\/paul-gerin-lajoie\/wp-json\/wp\/v2\/media?parent=11"}],"curies":[{"name":"wp","href":"https:\/\/api.w.org\/{rel}","templated":true}]}}