{"id":108,"date":"2022-10-25T12:56:02","date_gmt":"2022-10-25T12:56:02","guid":{"rendered":"https:\/\/cs3lacs.wpengine.com\/pgl\/?page_id=108"},"modified":"2026-03-03T09:41:14","modified_gmt":"2026-03-03T14:41:14","slug":"salon-emploi","status":"publish","type":"page","link":"https:\/\/csstl.gouv.qc.ca\/paul-gerin-lajoie\/salon-emploi\/","title":{"rendered":"Salon de l&#8217;emploi"},"content":{"rendered":"\n<h2 class=\"wp-block-heading\">Vous \u00eates un employeur<\/h2>\n\n\n\n<p>Nous organisons annuellement un salon de l\u2019emploi pour nos \u00e9l\u00e8ves. C\u2019est l\u2019occasion pour les futurs employeurs de rencontrer nos \u00e9l\u00e8ves et de visiter notre centre. Lors de notre dernier salon de l\u2019emploi, nous avons accueilli pr\u00e8s de 70 entreprises provenant des quatre coins de la province.<\/p>\n\n\n\n<p>Si vous d\u00e9sirez\u00a0<strong>participer<\/strong>, veuillez nous envoyer vos coordonn\u00e9es par courriel \u00e0\u00a0<a href=\"mailto:p.g.l@cstrois-lacs.qc.ca\">p.g.l@csstl.gouv.qc.ca<\/a>\u00a0et\u00a0c&rsquo;est avec plaisir que nous vous ferrons parvenir l&rsquo;information concernant l&rsquo;\u00e9v\u00e9nement.<\/p>\n\n\n\n<p>Si vous d\u00e9sirez afficher vos\u00a0<strong>offres d\u2019emploi<\/strong>\u00a0\u00e0 notre centre de formation professionnelle, veuillez nous les faire parvenir par courriel \u00e0\u00a0<a href=\"mailto:placement@cstrois-lacs.qc.ca\">placement@csstl.gouv.qc.ca<\/a>.<\/p>\n\n\n\n<h2 class=\"wp-block-heading\">Vous \u00eates un \u00e9l\u00e8ve<\/h2>\n\n\n\n<p>Nous organisons annuellement un salon de l\u2019emploi. Le centre vous informera de la date de la tenue de l&rsquo;\u00e9v\u00e9nement. C\u2019est l\u2019occasion pour vos futurs employeurs de vous rencontrer et de visiter votre centre. C&rsquo;est aussi une occasion unique de faire valoir votre savoir-faire et votre savoir-\u00eatre pour trouver un stage, un emploi d&rsquo;\u00e9t\u00e9 ou un travail \u00e0 la suite de votre DEP. Venez faire un tour!<\/p>\n\n\n\n<p><\/p>\n","protected":false},"excerpt":{"rendered":"<p>Vous \u00eates un employeur Nous organisons annuellement un salon de l\u2019emploi pour nos \u00e9l\u00e8ves. C\u2019est l\u2019occasion pour les futurs employeurs de rencontrer nos \u00e9l\u00e8ves et de visiter notre centre. Lors [&hellip;]<\/p>\n","protected":false},"author":2,"featured_media":0,"parent":0,"menu_order":0,"comment_status":"closed","ping_status":"closed","template":"","meta":{"_genesis_hide_title":false,"_genesis_hide_breadcrumbs":false,"_genesis_hide_singular_image":false,"_genesis_hide_footer_widgets":false,"_genesis_custom_body_class":"","_genesis_custom_post_class":"","_genesis_layout":"","footnotes":""},"class_list":["post-108","page","type-page","status-publish","entry"],"featured_image_src":null,"featured_image_src_square":null,"_links":{"self":[{"href":"https:\/\/csstl.gouv.qc.ca\/paul-gerin-lajoie\/wp-json\/wp\/v2\/pages\/108","targetHints":{"allow":["GET"]}}],"collection":[{"href":"https:\/\/csstl.gouv.qc.ca\/paul-gerin-lajoie\/wp-json\/wp\/v2\/pages"}],"about":[{"href":"https:\/\/csstl.gouv.qc.ca\/paul-gerin-lajoie\/wp-json\/wp\/v2\/types\/page"}],"author":[{"embeddable":true,"href":"https:\/\/csstl.gouv.qc.ca\/paul-gerin-lajoie\/wp-json\/wp\/v2\/users\/2"}],"replies":[{"embeddable":true,"href":"https:\/\/csstl.gouv.qc.ca\/paul-gerin-lajoie\/wp-json\/wp\/v2\/comments?post=108"}],"version-history":[{"count":0,"href":"https:\/\/csstl.gouv.qc.ca\/paul-gerin-lajoie\/wp-json\/wp\/v2\/pages\/108\/revisions"}],"wp:attachment":[{"href":"https:\/\/csstl.gouv.qc.ca\/paul-gerin-lajoie\/wp-json\/wp\/v2\/media?parent=108"}],"curies":[{"name":"wp","href":"https:\/\/api.w.org\/{rel}","templated":true}]}}