{"id":106,"date":"2022-10-25T12:54:15","date_gmt":"2022-10-25T17:54:15","guid":{"rendered":"https:\/\/cs3lacs.wpengine.com\/pgl\/?page_id=106"},"modified":"2026-02-26T14:17:01","modified_gmt":"2026-02-26T19:17:01","slug":"aide-financiere-aux-etudes","status":"publish","type":"page","link":"https:\/\/csstl.gouv.qc.ca\/paul-gerin-lajoie\/aide-financiere-aux-etudes\/","title":{"rendered":"Aide financi\u00e8re aux \u00e9tudes"},"content":{"rendered":"\n<h2 class=\"wp-block-heading\">Aide financi\u00e8re aux \u00e9tudes (Pr\u00eats et Bourses)<\/h2>\n\n\n\n<p>Chaque ann\u00e9e, le programme d&rsquo;aide financi\u00e8re aux \u00e9tudes du minist\u00e8re de l\u2019\u00c9ducation permet \u00e0 des milliers de Qu\u00e9b\u00e9cois dont les ressources financi\u00e8res sont insuffisantes, de poursuivre \u00e0 temps plein des \u00e9tudes secondaires \u00e0 la formation professionnelle.<\/p>\n\n\n\n<p>Le montant de l\u2019aide varie d\u2019une personne \u00e0 l\u2019autre et d\u00e9pend de plusieurs param\u00e8tres, tels que les revenus de l\u2019\u00e9tudiant, ceux de son conjoint ou de sa conjointe, ceux de ses parents (si applicable), du nombre d\u2019enfants \u00e0 charge et de leur \u00e2ge respectif, etc.<\/p>\n\n\n\n<h2 class=\"wp-block-heading\">Pour conna\u00eetre le montant auquel tu pourrais avoir droit<\/h2>\n\n\n\n<p>Le simulateur de calcul de l\u2019Aide financi\u00e8re aux \u00e9tudes te permet d\u2019avoir un estim\u00e9 du montant qui pourrait t&rsquo;\u00eatre accord\u00e9. Ce montant peut varier de plusieurs centaines de dollars \u00e0 quelques milliers de dollars. Pour faire une simulation, consultez le site <a rel=\"noreferrer noopener\" href=\"http:\/\/www.afe.gouv.qc.ca\" target=\"_blank\">www.afe.gouv.qc.ca<\/a> <\/p>\n\n\n\n<p><a href=\"https:\/\/www.quebec.ca\/education\/aide-financiere-aux-etudes\/prets-bourses-temps-plein\/calcul\/simulateur-calcul\">https:\/\/www.quebec.ca\/education\/aide-financiere-aux-etudes\/prets-bourses-temps-plein\/calcul\/simulateur-calcul<\/a> (cliquez sur simulateur de calcul). Nous pouvons t&rsquo;aider \u00e0 effectuer une simulation plus pr\u00e9cise ou valider les r\u00e9sultats obtenus.<\/p>\n\n\n\n<h2 class=\"wp-block-heading\">Proc\u00e9dure et d\u00e9lai de traitement<\/h2>\n\n\n\n<p>Il faut pr\u00e9voir au moins six \u00e0 huit semaines de traitement. C\u2019est pourquoi il est pr\u00e9f\u00e9rable de transmettre une demande d&rsquo;aide financi\u00e8re le plus t\u00f4t possible par INTERNET. <\/p>\n\n\n\n<p>La demande se fait en trois \u00e9tapes :<\/p>\n\n\n\n<ol class=\"wp-block-list\">\n<li>ouvrir un dossier dans \u00ab&nbsp;Votre dossier en direct \u00bb en cliquant sur l\u2019onglet \u00ab mot de passe \u00bb;<\/li>\n\n\n\n<li>cliquer sur l\u2019onglet \u00ab Identification \u00bb et remplir la demande en ligne;<\/li>\n\n\n\n<li>envoyer par Internet ou la poste tous les documents demand\u00e9s \u00e0 la fin de la demande<\/li>\n<\/ol>\n\n\n\n<p>NOTE : ta demande d&rsquo;aide financi\u00e8re ne sera pas trait\u00e9e tant que tu n\u2019auras pas envoy\u00e9 tous les documents requis. Assure-toi de faire un suivi p\u00e9riodiquement dans \u00ab&nbsp;Votre dossier\u00bb. <a href=\"http:\/\/www.afe.gouv.qc.ca\/\">http:\/\/www.afe.gouv.qc.ca<\/a><\/p>\n\n\n\n<h2 class=\"wp-block-heading\">Informations pratiques<\/h2>\n\n\n\n<p>Tu auras besoin de ces donn\u00e9es pour remplir une demande en ligne.<\/p>\n\n\n\n<ul class=\"wp-block-list\">\n<li>Type de formation : Formation continue au secondaire professionnel (cheminement continu)<\/li>\n\n\n\n<li>Code d\u2019\u00e9tablissement : 869401<\/li>\n\n\n\n<li>Code de cours :\n<ul class=\"wp-block-list\">\n<li>Secr\u00e9tariat : 05357<\/li>\n\n\n\n<li>Comptabilit\u00e9 : 05231<\/li>\n\n\n\n<li>Double dipl\u00f4mation secr\u00e9tariat-comptabilit\u00e9 : 05357 (Inscription en secr\u00e9tariat en premier)<\/li>\n\n\n\n<li>Conduite de proc\u00e9d\u00e9s de traitement de l&rsquo;eau : 05328<\/li>\n\n\n\n<li>\u00c9lectrom\u00e9canique de syst\u00e8mes automatis\u00e9s : 05388<\/li>\n\n\n\n<li>M\u00e9canique de v\u00e9hicules lourds routiers : 05330<\/li>\n\n\n\n<li>M\u00e9canique d&rsquo;engins de chantier : 05331<\/li>\n\n\n\n<li>M\u00e9canique sp\u00e9cialis\u00e9e d&rsquo;\u00e9quipements lourds (ASP) : 05353<\/li>\n\n\n\n<li>Usinage : 05371<\/li>\n\n\n\n<li>Matri\u00e7age (ASP) : 05041<\/li>\n\n\n\n<li>Usinage sur machines-outils \u00e0 commande num\u00e9rique : 05224<\/li>\n<\/ul>\n<\/li>\n<\/ul>\n\n\n\n<p><\/p>\n","protected":false},"excerpt":{"rendered":"<p>Aide financi\u00e8re aux \u00e9tudes (Pr\u00eats et Bourses) Chaque ann\u00e9e, le programme d&rsquo;aide financi\u00e8re aux \u00e9tudes du minist\u00e8re de l\u2019\u00c9ducation permet \u00e0 des milliers de Qu\u00e9b\u00e9cois dont les ressources financi\u00e8res sont [&hellip;]<\/p>\n","protected":false},"author":2,"featured_media":0,"parent":0,"menu_order":0,"comment_status":"closed","ping_status":"closed","template":"","meta":{"_genesis_hide_title":false,"_genesis_hide_breadcrumbs":false,"_genesis_hide_singular_image":false,"_genesis_hide_footer_widgets":false,"_genesis_custom_body_class":"","_genesis_custom_post_class":"","_genesis_layout":"","footnotes":""},"class_list":["post-106","page","type-page","status-publish","entry"],"featured_image_src":null,"featured_image_src_square":null,"_links":{"self":[{"href":"https:\/\/csstl.gouv.qc.ca\/paul-gerin-lajoie\/wp-json\/wp\/v2\/pages\/106","targetHints":{"allow":["GET"]}}],"collection":[{"href":"https:\/\/csstl.gouv.qc.ca\/paul-gerin-lajoie\/wp-json\/wp\/v2\/pages"}],"about":[{"href":"https:\/\/csstl.gouv.qc.ca\/paul-gerin-lajoie\/wp-json\/wp\/v2\/types\/page"}],"author":[{"embeddable":true,"href":"https:\/\/csstl.gouv.qc.ca\/paul-gerin-lajoie\/wp-json\/wp\/v2\/users\/2"}],"replies":[{"embeddable":true,"href":"https:\/\/csstl.gouv.qc.ca\/paul-gerin-lajoie\/wp-json\/wp\/v2\/comments?post=106"}],"version-history":[{"count":0,"href":"https:\/\/csstl.gouv.qc.ca\/paul-gerin-lajoie\/wp-json\/wp\/v2\/pages\/106\/revisions"}],"wp:attachment":[{"href":"https:\/\/csstl.gouv.qc.ca\/paul-gerin-lajoie\/wp-json\/wp\/v2\/media?parent=106"}],"curies":[{"name":"wp","href":"https:\/\/api.w.org\/{rel}","templated":true}]}}