{"id":746,"date":"2019-11-28T14:55:59","date_gmt":"2019-11-28T19:55:59","guid":{"rendered":"https:\/\/cs3lacs.wpengine.com\/orioles\/?page_id=746"},"modified":"2024-08-23T10:36:10","modified_gmt":"2024-08-23T15:36:10","slug":"portrait","status":"publish","type":"page","link":"https:\/\/csstl.gouv.qc.ca\/orioles\/portrait\/","title":{"rendered":"Portrait"},"content":{"rendered":"\n<figure class=\"wp-block-image size-large is-resized\"><img loading=\"lazy\" decoding=\"async\" width=\"1024\" height=\"792\" src=\"https:\/\/media.csstl.gouv.qc.ca\/wp-content\/uploads\/sites\/38\/2024\/07\/11190331\/Image1-1024x792.jpg\" alt=\"\" class=\"wp-image-1381\" style=\"width:529px;height:auto\" srcset=\"https:\/\/media.csstl.gouv.qc.ca\/wp-content\/uploads\/sites\/38\/2024\/07\/11190331\/Image1-1024x792.jpg 1024w, https:\/\/media.csstl.gouv.qc.ca\/wp-content\/uploads\/sites\/38\/2024\/07\/11190331\/Image1-300x232.jpg 300w, https:\/\/media.csstl.gouv.qc.ca\/wp-content\/uploads\/sites\/38\/2024\/07\/11190331\/Image1-768x594.jpg 768w, https:\/\/media.csstl.gouv.qc.ca\/wp-content\/uploads\/sites\/38\/2024\/07\/11190331\/Image1-1536x1189.jpg 1536w, https:\/\/media.csstl.gouv.qc.ca\/wp-content\/uploads\/sites\/38\/2024\/07\/11190331\/Image1.jpg 1539w\" sizes=\"auto, (max-width: 1024px) 100vw, 1024px\" \/><\/figure>\n\n\n\n<p>Bienvenue \u00e0 l\u2019\u00e9cole des Orioles,<\/p>\n\n\n\n<p>Cette ann\u00e9e, nous accueillons 475 \u00e9l\u00e8ves de la maternelle \u00e0 la 6e ann\u00e9e, incluant une classe maternelle 4 ans et une classe TSA.<\/p>\n\n\n\n<p>Dans notre belle \u00e9cole, nous comptons un directeur, une directrice-adjointe, deux secr\u00e9taires et deux concierges. Ajoutons \u00e0 l\u2019\u00e9quipe 25 enseignants, deux orthop\u00e9dagogues, cinq enseignants-sp\u00e9cialistes, six \u00e9ducatrices sp\u00e9cialis\u00e9e, ainsi que plusieurs professionnels\u00a0d\u00e9vou\u00e9s en psycho\u00e9ducation, en orthophonie et en travail social. Tous collaborent afin de s\u2019assurer de la r\u00e9ussite de nos \u00e9l\u00e8ves et du bien-\u00eatre de chacun.<\/p>\n\n\n\n<p>L&rsquo;\u00e9cole poss\u00e8de aussi un service de garde, fr\u00e9quent\u00e9 par environ 200 enfants, o\u00f9 la technicienne responsable et l&rsquo;\u00e9quipe d&rsquo;\u00e9ducatrices en milieu scolaire veillent au plaisir et \u00e0 la s\u00e9curit\u00e9 des \u00e9l\u00e8ves en offrant des activit\u00e9s vari\u00e9es. Il ne faut pas oublier nos surveillantes de d\u00eener qui participent aussi activement \u00e0 la surveillance et \u00e0 la vie scolaire.<\/p>\n\n\n\n<p>Le midi, des activit\u00e9s parascolaire sont offertes tous les jours, afin de permettre aux \u00e9l\u00e8ves de bouger et de d\u00e9couvrir de nouveaux int\u00e9r\u00eats.<\/p>\n\n\n\n<p>Les valeurs&nbsp;de notre \u00e9cole et de son projet \u00e9ducatif sont :<\/p>\n\n\n\n<ul class=\"wp-block-list\">\n<li><em><strong>Le respect<\/strong><\/em><\/li>\n\n\n\n<li><em><strong>La collaboration<\/strong><\/em><\/li>\n\n\n\n<li><em><strong>La pers\u00e9v\u00e9rance<\/strong><\/em><\/li>\n<\/ul>\n\n\n\n<p>Nous vous invitons \u00e0 consulter notre site Internet qui est mis \u00e0 jour r\u00e9guli\u00e8rement. Toutes les informations importantes seront \u00e0 votre port\u00e9e, afin de faciliter vos suivis \u00e9cole-maison.<\/p>\n\n\n\n<p>N\u2019h\u00e9sitez pas \u00e0 communiquer avec nous \u00e0 l&rsquo;<a href=\"https:\/\/csstl.gouv.qc.ca\/orioles\/nous-joindre\/\" data-type=\"page\" data-id=\"25\" target=\"_blank\" rel=\"noreferrer noopener\">aide du formulaire sur la page Nous joindre<\/a>.<\/p>\n\n\n\n<p>Nous vous souhaitons donc une bonne visite du site et une tr\u00e8s belle ann\u00e9e scolaire 2024-2025.<\/p>\n\n\n\n<p>Notre th\u00e8me cette ann\u00e9e sera \u00ab Voyage \u00e0 travers les contes&#8230; et \u00e0 la d\u00e9couverte de soi \u00bb. <\/p>\n\n\n\n<p>Bonne ann\u00e9e scolaire !<\/p>\n\n\n\n<p>L&rsquo;\u00e9quipe de direction<\/p>\n\n\n\n<p><\/p>\n","protected":false},"excerpt":{"rendered":"<p>Bienvenue \u00e0 l\u2019\u00e9cole des Orioles, Cette ann\u00e9e, nous accueillons 475 \u00e9l\u00e8ves de la maternelle \u00e0 la 6e ann\u00e9e, incluant une classe maternelle 4 ans et une classe TSA. Dans notre belle \u00e9cole, nous comptons un directeur, une directrice-adjointe, deux secr\u00e9taires et deux concierges. Ajoutons \u00e0 l\u2019\u00e9quipe 25 enseignants, deux orthop\u00e9dagogues, cinq enseignants-sp\u00e9cialistes, six \u00e9ducatrices sp\u00e9cialis\u00e9e, [&hellip;]<\/p>\n","protected":false},"author":4,"featured_media":0,"parent":0,"menu_order":0,"comment_status":"closed","ping_status":"closed","template":"","meta":{"_genesis_hide_title":false,"_genesis_hide_breadcrumbs":false,"_genesis_hide_singular_image":false,"_genesis_hide_footer_widgets":false,"_genesis_custom_body_class":"","_genesis_custom_post_class":"","_genesis_layout":"","footnotes":""},"class_list":{"0":"post-746","1":"page","2":"type-page","3":"status-publish","5":"entry"},"featured_image_src":null,"featured_image_src_square":null,"_links":{"self":[{"href":"https:\/\/csstl.gouv.qc.ca\/orioles\/wp-json\/wp\/v2\/pages\/746","targetHints":{"allow":["GET"]}}],"collection":[{"href":"https:\/\/csstl.gouv.qc.ca\/orioles\/wp-json\/wp\/v2\/pages"}],"about":[{"href":"https:\/\/csstl.gouv.qc.ca\/orioles\/wp-json\/wp\/v2\/types\/page"}],"author":[{"embeddable":true,"href":"https:\/\/csstl.gouv.qc.ca\/orioles\/wp-json\/wp\/v2\/users\/4"}],"replies":[{"embeddable":true,"href":"https:\/\/csstl.gouv.qc.ca\/orioles\/wp-json\/wp\/v2\/comments?post=746"}],"version-history":[{"count":0,"href":"https:\/\/csstl.gouv.qc.ca\/orioles\/wp-json\/wp\/v2\/pages\/746\/revisions"}],"wp:attachment":[{"href":"https:\/\/csstl.gouv.qc.ca\/orioles\/wp-json\/wp\/v2\/media?parent=746"}],"curies":[{"name":"wp","href":"https:\/\/api.w.org\/{rel}","templated":true}]}}