{"id":670,"date":"2019-08-26T14:50:14","date_gmt":"2019-08-26T19:50:14","guid":{"rendered":"https:\/\/cs3lacs.wpengine.com\/orioles\/?page_id=670"},"modified":"2025-12-15T11:44:26","modified_gmt":"2025-12-15T16:44:26","slug":"vie-scolaire","status":"publish","type":"page","link":"https:\/\/csstl.gouv.qc.ca\/orioles\/vie-scolaire\/","title":{"rendered":"Vie de l&rsquo;\u00e9cole"},"content":{"rendered":"\n<h3 class=\"wp-block-heading\">ARCHIVES<\/h3>\n\n\n\n<ul class=\"wp-block-list\">\n<li>Journal de l&rsquo;\u00e9cole :  <\/li>\n<\/ul>\n\n\n\n<p><a href=\"https:\/\/www.canva.com\/design\/DAG6rKsdc6s\/rCvjh1fqSoc5DnDYrVEh5A\/view?utm_content=DAG6rKsdc6s&amp;utm_campaign=designshare&amp;utm_medium=link2&amp;utm_source=uniquelinks&amp;utlId=h440c811a5e\" data-type=\"link\" data-id=\"https:\/\/www.canva.com\/design\/DAG6rKsdc6s\/rCvjh1fqSoc5DnDYrVEh5A\/view?utm_content=DAG6rKsdc6s&amp;utm_campaign=designshare&amp;utm_medium=link2&amp;utm_source=uniquelinks&amp;utlId=h440c811a5e\" target=\"_blank\" rel=\"noreferrer noopener\">L&rsquo;Oriole raconte &#8211; D\u00e9cembre 2025 &#8211; 4e \u00e9dition<\/a> <\/p>\n\n\n\n<p><a href=\"https:\/\/media.csstl.gouv.qc.ca\/wp-content\/uploads\/sites\/38\/2025\/06\/04100452\/JournalEdition31-compressed.pdf\" data-type=\"attachment\" data-id=\"1477\">L&rsquo;Oriole raconte &#8211; Juin 2025 &#8211; 3e \u00e9dition <\/a><\/p>\n\n\n\n<p><a href=\"https:\/\/www.canva.com\/design\/DAGet_c4bF4\/KrW3cwu1dfjmQqKah2My_g\/view?utm_content=DAGet_c4bF4&amp;utm_campaign=designshare&amp;utm_medium=link2&amp;utm_source=uniquelinks&amp;utlId=h6042cb71df\" data-type=\"link\" data-id=\"https:\/\/www.canva.com\/design\/DAGet_c4bF4\/KrW3cwu1dfjmQqKah2My_g\/view?utm_content=DAGet_c4bF4&amp;utm_campaign=designshare&amp;utm_medium=link2&amp;utm_source=uniquelinks&amp;utlId=h6042cb71df\">L&rsquo;Oriole raconte &#8211; Mars 2025 &#8211; 2e \u00e9dition<\/a><\/p>\n\n\n\n<p><a href=\"https:\/\/media.csstl.gouv.qc.ca\/wp-content\/uploads\/sites\/38\/2024\/12\/20135136\/journalorioleraconte-Edition-1-racc-avec-compression.pdf\" data-type=\"attachment\" data-id=\"1440\" target=\"_blank\" rel=\"noreferrer noopener\">L&rsquo;Oriole raconte &#8211; D\u00e9cembre 2024 &#8211; 1re \u00e9dition<\/a><\/p>\n\n\n\n<ul class=\"wp-block-list\">\n<li>Objets perdus : <a href=\"https:\/\/csstl.gouv.qc.ca\/orioles\/initiative-jeunesse-vivre-ensemble\/\" target=\"_blank\" rel=\"noreferrer noopener\">Initiative jeunesse ViVrE EnSeMbLe \ud83d\ude42<\/a><\/li>\n<\/ul>\n\n\n\n<p><\/p>\n","protected":false},"excerpt":{"rendered":"<p>ARCHIVES L&rsquo;Oriole raconte &#8211; D\u00e9cembre 2025 &#8211; 4e \u00e9dition L&rsquo;Oriole raconte &#8211; Juin 2025 &#8211; 3e \u00e9dition L&rsquo;Oriole raconte &#8211; Mars 2025 &#8211; 2e \u00e9dition L&rsquo;Oriole raconte &#8211; D\u00e9cembre 2024 &#8211; 1re \u00e9dition<\/p>\n","protected":false},"author":179,"featured_media":0,"parent":0,"menu_order":0,"comment_status":"closed","ping_status":"closed","template":"","meta":{"_genesis_hide_title":false,"_genesis_hide_breadcrumbs":false,"_genesis_hide_singular_image":false,"_genesis_hide_footer_widgets":false,"_genesis_custom_body_class":"","_genesis_custom_post_class":"","_genesis_layout":"","footnotes":""},"class_list":{"0":"post-670","1":"page","2":"type-page","3":"status-publish","5":"entry"},"featured_image_src":null,"featured_image_src_square":null,"_links":{"self":[{"href":"https:\/\/csstl.gouv.qc.ca\/orioles\/wp-json\/wp\/v2\/pages\/670","targetHints":{"allow":["GET"]}}],"collection":[{"href":"https:\/\/csstl.gouv.qc.ca\/orioles\/wp-json\/wp\/v2\/pages"}],"about":[{"href":"https:\/\/csstl.gouv.qc.ca\/orioles\/wp-json\/wp\/v2\/types\/page"}],"author":[{"embeddable":true,"href":"https:\/\/csstl.gouv.qc.ca\/orioles\/wp-json\/wp\/v2\/users\/179"}],"replies":[{"embeddable":true,"href":"https:\/\/csstl.gouv.qc.ca\/orioles\/wp-json\/wp\/v2\/comments?post=670"}],"version-history":[{"count":0,"href":"https:\/\/csstl.gouv.qc.ca\/orioles\/wp-json\/wp\/v2\/pages\/670\/revisions"}],"wp:attachment":[{"href":"https:\/\/csstl.gouv.qc.ca\/orioles\/wp-json\/wp\/v2\/media?parent=670"}],"curies":[{"name":"wp","href":"https:\/\/api.w.org\/{rel}","templated":true}]}}