{"id":11,"date":"2019-02-06T13:15:46","date_gmt":"2019-02-06T18:15:46","guid":{"rendered":"http:\/\/cs3lacs.wpengine.com\/orioles\/?page_id=11"},"modified":"2024-07-11T18:57:41","modified_gmt":"2024-07-11T23:57:41","slug":"projet-educatif","status":"publish","type":"page","link":"https:\/\/csstl.gouv.qc.ca\/orioles\/projet-educatif\/","title":{"rendered":"Projet \u00e9ducatif 2023-2027"},"content":{"rendered":"\n<p>Nous sommes heureux de vous pr\u00e9senter le projet \u00e9ducatif de l&rsquo;\u00e9cole des Orioles.<\/p>\n\n\n\n<p>La collaboration du conseil d&rsquo;\u00e9tablissement, des parents, des \u00e9l\u00e8ves, du personnel de l&rsquo;\u00e9cole et de toute&nbsp;la communaut\u00e9 a \u00e9t\u00e9 fort appr\u00e9ci\u00e9e pour l&rsquo;\u00e9laboration de celui-ci.<\/p>\n\n\n\n<p>C&rsquo;est le moment privil\u00e9gi\u00e9 pour donner une couleur \u00e0 l&rsquo;\u00e9cole, une image qui lui ressemble.<\/p>\n\n\n\n<p>Ainsi les valeurs retenues sont le <strong>respect<\/strong>, la <strong>collaboration<\/strong> et la <strong>pers\u00e9v\u00e9rance<\/strong>.\u00a0C&rsquo;est dans ce\u00a0contexte scolaire que vos enfants vivront de riches exp\u00e9riences favorisant leur r\u00e9ussite acad\u00e9mique ainsi que l&rsquo;\u00e9panouissement personnel respectant le rythme de chacun.<\/p>\n\n\n\n<p><a href=\"https:\/\/media.csstl.gouv.qc.ca\/wp-content\/uploads\/sites\/38\/2023\/12\/18092059\/Projet-educatif-2023-2027_C.E.-2023-11-29.pptx\">Projet \u00e9ducatif 2023-2027<\/a><\/p>\n","protected":false},"excerpt":{"rendered":"<p>Nous sommes heureux de vous pr\u00e9senter le projet \u00e9ducatif de l&rsquo;\u00e9cole des Orioles. La collaboration du conseil d&rsquo;\u00e9tablissement, des parents, des \u00e9l\u00e8ves, du personnel de l&rsquo;\u00e9cole et de toute&nbsp;la communaut\u00e9 a \u00e9t\u00e9 fort appr\u00e9ci\u00e9e pour l&rsquo;\u00e9laboration de celui-ci. C&rsquo;est le moment privil\u00e9gi\u00e9 pour donner une couleur \u00e0 l&rsquo;\u00e9cole, une image qui lui ressemble. Ainsi les [&hellip;]<\/p>\n","protected":false},"author":2,"featured_media":0,"parent":0,"menu_order":12,"comment_status":"closed","ping_status":"closed","template":"","meta":{"_genesis_hide_title":false,"_genesis_hide_breadcrumbs":false,"_genesis_hide_singular_image":false,"_genesis_hide_footer_widgets":false,"_genesis_custom_body_class":"","_genesis_custom_post_class":"","_genesis_layout":"","footnotes":""},"class_list":{"0":"post-11","1":"page","2":"type-page","3":"status-publish","5":"entry"},"featured_image_src":null,"featured_image_src_square":null,"_links":{"self":[{"href":"https:\/\/csstl.gouv.qc.ca\/orioles\/wp-json\/wp\/v2\/pages\/11","targetHints":{"allow":["GET"]}}],"collection":[{"href":"https:\/\/csstl.gouv.qc.ca\/orioles\/wp-json\/wp\/v2\/pages"}],"about":[{"href":"https:\/\/csstl.gouv.qc.ca\/orioles\/wp-json\/wp\/v2\/types\/page"}],"author":[{"embeddable":true,"href":"https:\/\/csstl.gouv.qc.ca\/orioles\/wp-json\/wp\/v2\/users\/2"}],"replies":[{"embeddable":true,"href":"https:\/\/csstl.gouv.qc.ca\/orioles\/wp-json\/wp\/v2\/comments?post=11"}],"version-history":[{"count":0,"href":"https:\/\/csstl.gouv.qc.ca\/orioles\/wp-json\/wp\/v2\/pages\/11\/revisions"}],"wp:attachment":[{"href":"https:\/\/csstl.gouv.qc.ca\/orioles\/wp-json\/wp\/v2\/media?parent=11"}],"curies":[{"name":"wp","href":"https:\/\/api.w.org\/{rel}","templated":true}]}}