{"id":1047,"date":"2022-10-20T09:20:32","date_gmt":"2022-10-20T14:20:32","guid":{"rendered":"https:\/\/cs3lacs.wpengine.com\/orioles\/?page_id=1047"},"modified":"2022-10-20T09:28:16","modified_gmt":"2022-10-20T14:28:16","slug":"actualites","status":"publish","type":"page","link":"https:\/\/csstl.gouv.qc.ca\/orioles\/actualites\/","title":{"rendered":"Actualit\u00e9s"},"content":{"rendered":"<ul class=\"wp-block-latest-posts__list has-dates wp-block-latest-posts\"><li><a class=\"wp-block-latest-posts__post-title\" href=\"https:\/\/csstl.gouv.qc.ca\/orioles\/2024\/07\/avez-vous-consulte-le-bulletin-de-fin-dannee-de-votre-enfant\/\">Avez-vous consult\u00e9 le bulletin de fin d&rsquo;ann\u00e9e de votre enfant ?<\/a><time datetime=\"2024-07-11T10:33:44-05:00\" class=\"wp-block-latest-posts__post-date\">11 juillet 2024<\/time><div class=\"wp-block-latest-posts__post-excerpt\">Le bulletin de la derni\u00e8re \u00e9tape de votre enfant est disponible sur le portail parent Mozaik. Pour y acc\u00e9der, c&rsquo;est tr\u00e8s simple! La proc\u00e9dure vous guidera \u00e9tape par \u00e9tape.<\/div><\/li>\n<li><a class=\"wp-block-latest-posts__post-title\" href=\"https:\/\/csstl.gouv.qc.ca\/orioles\/2024\/07\/fournitures-scolaires\/\">Inscriptions scolaires 2026-2027<\/a><time datetime=\"2024-07-11T10:18:41-05:00\" class=\"wp-block-latest-posts__post-date\">11 juillet 2024<\/time><div class=\"wp-block-latest-posts__post-excerpt\">La p\u00e9riode d\u2019inscription officielle des \u00e9l\u00e8ves pour l\u2019ann\u00e9e scolaire&nbsp;2026-2027 aura lieu du 26&nbsp;janvier au 13&nbsp;f\u00e9vrier 2026. L\u2019admission d\u2019un nouvel \u00e9l\u00e8ve pour l\u2019ann\u00e9e scolaire 2026-2027 se fait directement en ligne via le&nbsp;Moza\u00efk Portail Parents&nbsp;ou l\u2019application Clic-\u00c9cole. Pour les \u00e9l\u00e8ves d\u00e9j\u00e0 inscrits \u00e0 l\u2019\u00e9cole, la r\u00e9inscription se fera via Mozaik et vous recevrez la marche \u00e0 suivre,\u2026 <a class=\"wp-block-latest-posts__read-more\" href=\"https:\/\/csstl.gouv.qc.ca\/orioles\/2024\/07\/fournitures-scolaires\/\" rel=\"noopener noreferrer\">Lire la suite\u00a0:<span class=\"screen-reader-text\"> Inscriptions scolaires 2026-2027<\/span><\/a><\/div><\/li>\n<li><a class=\"wp-block-latest-posts__post-title\" href=\"https:\/\/csstl.gouv.qc.ca\/orioles\/2022\/10\/bienvenue-sur-notre-nouveau-site-web\/\">Bienvenue sur notre nouveau site Web<\/a><time datetime=\"2022-10-20T10:31:00-05:00\" class=\"wp-block-latest-posts__post-date\">20 octobre 2022<\/time><div class=\"wp-block-latest-posts__post-excerpt\">Apr\u00e8s plusieurs mois de travail, nous sommes heureux de vous pr\u00e9senter notre nouveau site Web! Nous vous invitons \u00e0 le parcourir afin d\u2019y d\u00e9couvrir une panoplie d\u2019informations sur l\u2019\u00e9cole de votre enfant. Comme le site est encore en construction, il est possible que certaines informations soient manquantes, mais elles seront ajout\u00e9es progressivement. D\u2019ici l\u00e0, n\u2019h\u00e9sitez\u2026 <a class=\"wp-block-latest-posts__read-more\" href=\"https:\/\/csstl.gouv.qc.ca\/orioles\/2022\/10\/bienvenue-sur-notre-nouveau-site-web\/\" rel=\"noopener noreferrer\">Lire la suite\u00a0:<span class=\"screen-reader-text\"> Bienvenue sur notre nouveau site Web<\/span><\/a><\/div><\/li>\n<li><a class=\"wp-block-latest-posts__post-title\" href=\"https:\/\/csstl.gouv.qc.ca\/orioles\/2022\/10\/le-site-web-du-csstl-se-refait-une-beaute\/\">Le site Web du CSSTL se refait une beaut\u00e9<\/a><time datetime=\"2022-10-17T13:26:40-05:00\" class=\"wp-block-latest-posts__post-date\">17 octobre 2022<\/time><div class=\"wp-block-latest-posts__post-excerpt\">Tout comme le site Web de chacune des \u00e9coles, celui du Centre de services scolaire des Trois-Lacs s\u2019est refait une beaut\u00e9. Le contenu et l\u2019arborescence ont \u00e9t\u00e9 repens\u00e9s afin de simplifier la navigation et ainsi faciliter la recherche d\u2019informations. Pour d\u00e9couvrir le tout, nous vous invitons \u00e0 consulter le www.csstl.gouv.qc.ca<\/div><\/li>\n<\/ul>","protected":false},"excerpt":{"rendered":"","protected":false},"author":2,"featured_media":0,"parent":0,"menu_order":0,"comment_status":"closed","ping_status":"closed","template":"","meta":{"_genesis_hide_title":false,"_genesis_hide_breadcrumbs":false,"_genesis_hide_singular_image":false,"_genesis_hide_footer_widgets":false,"_genesis_custom_body_class":"","_genesis_custom_post_class":"","_genesis_layout":"","footnotes":""},"class_list":{"0":"post-1047","1":"page","2":"type-page","3":"status-publish","5":"entry"},"featured_image_src":null,"featured_image_src_square":null,"_links":{"self":[{"href":"https:\/\/csstl.gouv.qc.ca\/orioles\/wp-json\/wp\/v2\/pages\/1047","targetHints":{"allow":["GET"]}}],"collection":[{"href":"https:\/\/csstl.gouv.qc.ca\/orioles\/wp-json\/wp\/v2\/pages"}],"about":[{"href":"https:\/\/csstl.gouv.qc.ca\/orioles\/wp-json\/wp\/v2\/types\/page"}],"author":[{"embeddable":true,"href":"https:\/\/csstl.gouv.qc.ca\/orioles\/wp-json\/wp\/v2\/users\/2"}],"replies":[{"embeddable":true,"href":"https:\/\/csstl.gouv.qc.ca\/orioles\/wp-json\/wp\/v2\/comments?post=1047"}],"version-history":[{"count":0,"href":"https:\/\/csstl.gouv.qc.ca\/orioles\/wp-json\/wp\/v2\/pages\/1047\/revisions"}],"wp:attachment":[{"href":"https:\/\/csstl.gouv.qc.ca\/orioles\/wp-json\/wp\/v2\/media?parent=1047"}],"curies":[{"name":"wp","href":"https:\/\/api.w.org\/{rel}","templated":true}]}}