{"id":10,"date":"2019-02-06T13:15:15","date_gmt":"2019-02-06T13:15:15","guid":{"rendered":"http:\/\/cs3lacs.wpengine.com\/orioles\/?page_id=10"},"modified":"2025-11-25T14:10:35","modified_gmt":"2025-11-25T19:10:35","slug":"conseil-detablissement","status":"publish","type":"page","link":"https:\/\/csstl.gouv.qc.ca\/orioles\/conseil-detablissement\/","title":{"rendered":"Conseil d&rsquo;\u00e9tablissement"},"content":{"rendered":"\n<p>Les s\u00e9ances du conseil d\u2019\u00e9tablissement sont publiques. Pour assister, vous devez nous faire parvenir une demande \u00e0 l\u2019<a href=\"https:\/\/csstl.gouv.qc.ca\/orioles\/nous-joindre\/\" target=\"_blank\" rel=\"noreferrer noopener\">aide du formulaire sur la page Nous joindre<\/a>&nbsp;avant 16 h le vendredi pr\u00e9c\u00e9dent la s\u00e9ance. Vous recevrez une invitation pour vous joindre \u00e0 la rencontre.<\/p>\n\n\n\n<h2 class=\"wp-block-heading\">Membres du conseil d&rsquo;\u00e9tablissement 2025-2026 :<\/h2>\n\n\n\n<ul class=\"wp-block-list\">\n<li>Daphn\u00e9 Lefebvre &#8211; Pr\u00e9sidente<\/li>\n\n\n\n<li>Marie-\u00c8ve Gauthier &#8211; Vice-pr\u00e9sidente<\/li>\n\n\n\n<li>M\u00e9lissa Roy &#8211; Secr\u00e9taire<\/li>\n\n\n\n<li>St\u00e9phanie Legault &#8211; Membre parents<\/li>\n\n\n\n<li>Sara Lavoie Emond &#8211; Membre parents<\/li>\n\n\n\n<li>Daphn\u00e9e Gamache &#8211; Membre parents<\/li>\n\n\n\n<li>Assiatou Barry &#8211; Membre parents<\/li>\n\n\n\n<li>Jos\u00e9e Lacoste &#8211; Membre du soutien et repr\u00e9sentante du service de garde<\/li>\n\n\n\n<li>Membres enseignants : Diff\u00e9rents au court de l&rsquo;ann\u00e9e<\/li>\n<\/ul>\n\n\n\n<h2 class=\"wp-block-heading\">Calendrier des r\u00e9unions de l\u2019ann\u00e9e scolaire 2025-2026 : <\/h2>\n\n\n\n<ul class=\"wp-block-list\">\n<li>AG 2 septembre 2025<\/li>\n\n\n\n<li>21 octobre 2025<\/li>\n\n\n\n<li>10 d\u00e9cembre 2025<\/li>\n\n\n\n<li>18 f\u00e9vrier 2026<\/li>\n\n\n\n<li>25 mars 2026<\/li>\n\n\n\n<li>13 mai 2026<\/li>\n\n\n\n<li>17 juin 2026<\/li>\n<\/ul>\n\n\n\n<h2 class=\"wp-block-heading\">ARCHIVES : <\/h2>\n\n\n\n<h2 class=\"wp-block-heading\">Membres du conseil d&rsquo;\u00e9tablissement 2024-2025 : <\/h2>\n\n\n\n<ul class=\"wp-block-list\">\n<li>Karine Anctil, membre enseignant<\/li>\n\n\n\n<li>Karen Melanson, membre enseignant<\/li>\n\n\n\n<li>Isabelle Leroux, membre enseignant<\/li>\n\n\n\n<li>St\u00e9phanie Normand, membre du soutien et repr\u00e9sentante du service de garde<\/li>\n\n\n\n<li>Daphn\u00e9 Lefebvre, membre parent (mandat 2 ans)<\/li>\n\n\n\n<li>Assiatou Barry, membre parent (mandat 2 ans)<\/li>\n\n\n\n<li>St\u00e9phanie Legault, membre parent (mandat 1 an)<\/li>\n\n\n\n<li>Sara Lavoie-\u00c9mond, membre parent (mandat 1 an)<\/li>\n<\/ul>\n\n\n\n<h2 class=\"wp-block-heading\">Membres du conseil d\u2019\u00e9tablissement 2023-2024<\/h2>\n\n\n\n<ul class=\"wp-block-list\">\n<li>Daphn\u00e9 Lefebvre | Pr\u00e9sidente &#8211; Membre parent<\/li>\n\n\n\n<li>St\u00e9phanie legault | Vice-pr\u00e9sidente &#8211; Membre parent<\/li>\n\n\n\n<li>Sarah Lavoie Emond | Membre parent<\/li>\n\n\n\n<li>M\u00e9lanie Legault | Membre parent<\/li>\n\n\n\n<li>Karine Anctil | Enseignante<\/li>\n\n\n\n<li>Karen Melanson | Enseignante<\/li>\n\n\n\n<li>Isabelle Leroux | Enseignante <\/li>\n\n\n\n<li>Patricia Vincent | Technicienne en service de garde &#8211; Repr\u00e9sentante du \u00abService de garde et du soutien<\/li>\n\n\n\n<li>Martial Proulx | Directeur <\/li>\n\n\n\n<li>St\u00e9phanie St-Onge | Directrice-adjointe<\/li>\n<\/ul>\n\n\n\n<h2 class=\"wp-block-heading\">Proc\u00e8s-Verbaux 2024-2025<\/h2>\n\n\n\n<p><strong><a href=\"https:\/\/media.csstl.gouv.qc.ca\/wp-content\/uploads\/sites\/38\/2024\/09\/06082003\/PV-Assemblee-generale-de-parents-2023-ok.pdf\" data-type=\"attachment\" data-id=\"1407\">13 septembre 2023<\/a><\/strong><\/p>\n\n\n\n<p><a href=\"https:\/\/media.csstl.gouv.qc.ca\/wp-content\/uploads\/sites\/38\/2025\/01\/15100947\/CE-21-fevrier.pdf\" data-type=\"attachment\" data-id=\"1453\" target=\"_blank\" rel=\"noreferrer noopener\">21 f\u00e9vrier 2024<\/a><\/p>\n\n\n\n<h2 class=\"wp-block-heading\">Ordres du jour 2024-2025<\/h2>\n\n\n\n<p><a href=\"https:\/\/media.csstl.gouv.qc.ca\/wp-content\/uploads\/sites\/38\/2024\/09\/05114756\/Ordre-du-jour-2024-09-13-AG.pdf\" data-type=\"attachment\" data-id=\"1404\"><strong>11 septembre 2024<\/strong><\/a><\/p>\n\n\n\n<p><\/p>\n","protected":false},"excerpt":{"rendered":"<p>Les s\u00e9ances du conseil d\u2019\u00e9tablissement sont publiques. Pour assister, vous devez nous faire parvenir une demande \u00e0 l\u2019aide du formulaire sur la page Nous joindre&nbsp;avant 16 h le vendredi pr\u00e9c\u00e9dent la s\u00e9ance. Vous recevrez une invitation pour vous joindre \u00e0 la rencontre. Membres du conseil d&rsquo;\u00e9tablissement 2025-2026 : Calendrier des r\u00e9unions de l\u2019ann\u00e9e scolaire 2025-2026 [&hellip;]<\/p>\n","protected":false},"author":2,"featured_media":0,"parent":0,"menu_order":11,"comment_status":"closed","ping_status":"closed","template":"","meta":{"_genesis_hide_title":false,"_genesis_hide_breadcrumbs":false,"_genesis_hide_singular_image":false,"_genesis_hide_footer_widgets":false,"_genesis_custom_body_class":"","_genesis_custom_post_class":"","_genesis_layout":"","footnotes":""},"class_list":{"0":"post-10","1":"page","2":"type-page","3":"status-publish","5":"entry"},"featured_image_src":null,"featured_image_src_square":null,"_links":{"self":[{"href":"https:\/\/csstl.gouv.qc.ca\/orioles\/wp-json\/wp\/v2\/pages\/10","targetHints":{"allow":["GET"]}}],"collection":[{"href":"https:\/\/csstl.gouv.qc.ca\/orioles\/wp-json\/wp\/v2\/pages"}],"about":[{"href":"https:\/\/csstl.gouv.qc.ca\/orioles\/wp-json\/wp\/v2\/types\/page"}],"author":[{"embeddable":true,"href":"https:\/\/csstl.gouv.qc.ca\/orioles\/wp-json\/wp\/v2\/users\/2"}],"replies":[{"embeddable":true,"href":"https:\/\/csstl.gouv.qc.ca\/orioles\/wp-json\/wp\/v2\/comments?post=10"}],"version-history":[{"count":0,"href":"https:\/\/csstl.gouv.qc.ca\/orioles\/wp-json\/wp\/v2\/pages\/10\/revisions"}],"wp:attachment":[{"href":"https:\/\/csstl.gouv.qc.ca\/orioles\/wp-json\/wp\/v2\/media?parent=10"}],"curies":[{"name":"wp","href":"https:\/\/api.w.org\/{rel}","templated":true}]}}