{"id":742,"date":"2019-11-28T14:51:45","date_gmt":"2019-11-28T19:51:45","guid":{"rendered":"https:\/\/cs3lacs.wpengine.com\/oree-du-bois\/?page_id=742"},"modified":"2025-10-16T14:12:54","modified_gmt":"2025-10-16T19:12:54","slug":"documents-liens-utiles","status":"publish","type":"page","link":"https:\/\/csstl.gouv.qc.ca\/oree-du-bois\/documents-liens-utiles\/","title":{"rendered":"Documents et liens utiles"},"content":{"rendered":"\n<h2 class=\"wp-block-heading\">Communiqu\u00e9s aux parents 2025-2026<\/h2>\n\n\n\n<ul class=\"wp-block-list\">\n<li><a href=\"https:\/\/media.csstl.gouv.qc.ca\/wp-content\/uploads\/sites\/32\/2025\/07\/03122303\/Info-parents-special-Annee-scolaire-2025-2026.pdf\" data-type=\"link\" data-id=\"https:\/\/media.csstl.gouv.qc.ca\/wp-content\/uploads\/sites\/32\/2025\/07\/03122303\/Info-parents-special-Annee-scolaire-2025-2026.pdf\">Info-parents sp\u00e9cial ann\u00e9e scolaire 2025-2026<\/a><a href=\"https:\/\/media.csstl.gouv.qc.ca\/wp-content\/uploads\/sites\/32\/2023\/06\/15103015\/Document-dinformations-importantes-rentree-scolaire-2023-24.pdf\" data-type=\"attachment\" data-id=\"1256\" target=\"_blank\" rel=\"noreferrer noopener\"> <\/a><strong>(informations importantes pour la rentr\u00e9e scolaire 2025-26) pour nos futurs \u00e9l\u00e8ves de maternelle, 1re et 2e ann\u00e9e.<\/strong><\/li>\n\n\n\n<li>Document pour <a href=\"https:\/\/media.csstl.gouv.qc.ca\/wp-content\/uploads\/sites\/32\/2023\/05\/19071817\/Stimuler-le-vocabulaire-des-eleves-en-maternelle.pdf\" data-type=\"URL\" data-id=\"https:\/\/media.csstl.gouv.qc.ca\/wp-content\/uploads\/sites\/32\/2023\/05\/19071817\/Stimuler-le-vocabulaire-des-eleves-en-maternelle.pdf\" target=\"_blank\" rel=\"noreferrer noopener\">stimuler le vocabulaire des \u00e9l\u00e8ves<\/a><\/li>\n<\/ul>\n\n\n\n<h2 class=\"wp-block-heading\">Rentr\u00e9e scolaire 2025-2026<\/h2>\n\n\n\n<ul class=\"wp-block-list\">\n<li><a href=\"https:\/\/media.csstl.gouv.qc.ca\/wp-content\/uploads\/sites\/32\/2024\/05\/07101717\/Entree-progressive-24-25-au-prescolaire.pdf\" data-type=\"link\" data-id=\"https:\/\/media.csstl.gouv.qc.ca\/wp-content\/uploads\/sites\/32\/2024\/05\/07101717\/Entree-progressive-24-25-au-prescolaire.pdf\" target=\"_blank\" rel=\"noreferrer noopener\">Horaire de la rentr\u00e9e progressive pour les \u00e9l\u00e8ves de maternelle<\/a>.<\/li>\n\n\n\n<li><a href=\"https:\/\/media.csstl.gouv.qc.ca\/wp-content\/uploads\/sites\/32\/2023\/05\/25101152\/6-7-HORAIRE-23-24.pdf\" target=\"_blank\" rel=\"noreferrer noopener\">Horaire de l&rsquo;\u00e9cole<\/a><\/li>\n\n\n\n<li><a rel=\"noreferrer noopener\" href=\"https:\/\/media.csstl.gouv.qc.ca\/wp-content\/uploads\/sites\/32\/2023\/05\/25124512\/Fonctionnement-de-la-carte-passeport-pour-le-depart-de-votre-enfant.pdf\" target=\"_blank\">Fonctionnement de la carte passeport pour l&rsquo;autobus<\/a><\/li>\n\n\n\n<li><a href=\"https:\/\/media.csstl.gouv.qc.ca\/wp-content\/uploads\/sites\/32\/2025\/05\/23083354\/Transport-scolaire-Informations-utiles-2025-2026.pdf\" data-type=\"link\" data-id=\"https:\/\/media.csstl.gouv.qc.ca\/wp-content\/uploads\/sites\/32\/2025\/05\/23083354\/Transport-scolaire-Informations-utiles-2025-2026.pdf\" target=\"_blank\" rel=\"noreferrer noopener\">Transport scolaire : Informations utiles 2025-2026<\/a><\/li>\n\n\n\n<li><a href=\"https:\/\/view.genial.ly\/611d406daf8b5f0db42b6557\" data-type=\"link\" data-id=\"https:\/\/view.genial.ly\/611d406daf8b5f0db42b6557\" target=\"_blank\" rel=\"noreferrer noopener\">Entr\u00e9e au pr\u00e9scolaire &#8211; Transport scolaire CSSTL (genial.ly)<\/a><\/li>\n\n\n\n<li><a href=\"https:\/\/media.csstl.gouv.qc.ca\/wp-content\/uploads\/sites\/32\/2025\/05\/05141627\/Bon-Depart-25-26-1.pdf\" target=\"_blank\" rel=\"noreferrer noopener\">Transport scolaire pour les \u00e9l\u00e8ves de maternelle<\/a><\/li>\n\n\n\n<li> <a rel=\"noreferrer noopener\" href=\"http:\/\/www.education.gouv.qc.ca\/fileadmin\/site_web\/documents\/dpse\/formation_jeunes\/VotreEnfantEntreALaMaternelle_f.pdf\" target=\"_blank\">Information \u00e0 l&rsquo;attention des parents<\/a> &#8211;  pour les futurs \u00e9l\u00e8ves de maternelle<\/li>\n\n\n\n<li><a href=\"https:\/\/media.csstl.gouv.qc.ca\/wp-content\/uploads\/sites\/32\/2024\/08\/13141115\/Prendre-un-bon-depart-2024-2025.pdf\" data-type=\"attachment\" data-id=\"1378\" target=\"_blank\" rel=\"noreferrer noopener\">Pr\u00e9sentation \u00ab\u00a0Prendre un bon d\u00e9part\u00a0\u00bb<\/a> &#8211; pour les futurs \u00e9l\u00e8ves de maternelle<\/li>\n\n\n\n<li><a href=\"http:\/\/www.education.gouv.qc.ca\/fileadmin\/site_web\/documents\/education\/jeunes\/pfeq\/Programme-cycle-prescolaire-synthese.pdf\" target=\"_blank\" rel=\"noreferrer noopener\">Programme-cycle de l&rsquo;\u00e9ducation pr\u00e9scolaire<\/a><\/li>\n\n\n\n<li> <a href=\"https:\/\/media.csstl.gouv.qc.ca\/wp-content\/uploads\/sites\/32\/2025\/07\/04080659\/Feuillet-dinformation-pour-les-parents.pdf\" data-type=\"link\" data-id=\"https:\/\/media.csstl.gouv.qc.ca\/wp-content\/uploads\/sites\/32\/2025\/07\/04080659\/Feuillet-dinformation-pour-les-parents.pdf\" target=\"_blank\" rel=\"noreferrer noopener\">Aide-m\u00e9moire pour les parents pour la rentr\u00e9e scolaire<\/a> &#8211; pour les futurs \u00e9l\u00e8ves de maternelle<\/li>\n<\/ul>\n\n\n\n<p><\/p>\n\n\n\n<h2 class=\"wp-block-heading\">Calendriers scolaire<\/h2>\n\n\n\n<p><\/p>\n\n\n\n<p><\/p>\n\n\n\n<ul class=\"wp-block-list\">\n<li><a href=\"https:\/\/media.csstl.gouv.qc.ca\/wp-content\/uploads\/sites\/32\/2025\/07\/02071148\/Calendrier-scolaire-2025-2026-Primaire-modifie-25_06_25.pdf\" target=\"_blank\" rel=\"noreferrer noopener\">Calendrier scolaire 2025-2026<\/a> (CSSTL) <\/li>\n\n\n\n<li><a href=\"https:\/\/media.csstl.gouv.qc.ca\/wp-content\/uploads\/sites\/32\/2025\/09\/25100104\/Calendrier-scolaire-2025-2026-modifie-avec-legendes-pour-les-parents.pdf\" data-type=\"link\" data-id=\"https:\/\/media.csstl.gouv.qc.ca\/wp-content\/uploads\/sites\/32\/2025\/09\/25100104\/Calendrier-scolaire-2025-2026-modifie-avec-legendes-pour-les-parents.pdf\" target=\"_blank\" rel=\"noreferrer noopener\">Calendrier modifi\u00e9 \u00e9cole \u00e0 l&rsquo;Or\u00e9e-du-Bois 2025-2026<\/a> avec dates importantes pour les parents.<\/li>\n<\/ul>\n\n\n\n<h2 class=\"wp-block-heading\">Portail Mozaik-parents<\/h2>\n\n\n\n<p>Vous pouvez d\u00e8s maintenant acc\u00e9der au portail Mozaik qui vous donne acc\u00e8s \u00e0 plusieurs informations sur vos enfants. Vous y trouverez, entres autres,&nbsp;les bulletins scolaires&nbsp;qui ne sont plus imprim\u00e9s \u00e0 l&rsquo;\u00e9cole dor\u00e9navant.<\/p>\n\n\n\n<p><em>Nous pr\u00e9cisons que, m\u00eame s&rsquo;il est propos\u00e9 d&rsquo;utiliser un compte de m\u00e9dia social, si votre adresse courriel associ\u00e9e au compte n&rsquo;est pas la m\u00eame que celle donn\u00e9e \u00e0 l&rsquo;\u00e9cole, il ne vous sera pas possible d&rsquo;acc\u00e9der au portail de vos enfants.<\/em><\/p>\n\n\n\n<ul class=\"wp-block-list\">\n<li><a rel=\"noreferrer noopener\" href=\"https:\/\/media.csstl.gouv.qc.ca\/wp-content\/uploads\/sites\/32\/2023\/04\/17101224\/Guide-Mozaik-Portail-parents.pdf\" data-type=\"attachment\" data-id=\"1200\" target=\"_blank\">Proc\u00e9dure &#8211; Guide Moza\u00efk-Portail pour les parents<\/a>    <\/li>\n\n\n\n<li><a rel=\"noreferrer noopener\" href=\"https:\/\/www.youtube.com\/watch?v=h0i89Z5hZPA\" target=\"_blank\">Vid\u00e9o Moza\u00efk-Portail<\/a>        <\/li>\n\n\n\n<li><a href=\"https:\/\/media.csstl.gouv.qc.ca\/wp-content\/uploads\/sites\/32\/2023\/09\/01081731\/Gestion-des-absences-Portail-Parents.pdf\" data-type=\"attachment\" data-id=\"1270\" target=\"_blank\" rel=\"noreferrer noopener\">D\u00e9claration des absences \u2013 Moza\u00efk Portail \u2013 Portail Parents<\/a><\/li>\n\n\n\n<li><a href=\"https:\/\/media.csstl.gouv.qc.ca\/wp-content\/uploads\/sites\/32\/2023\/06\/13085743\/Procedure-paiement-Internet.pdf\" target=\"_blank\" rel=\"noreferrer noopener\">Proc\u00e9dure &#8211; Paiement par internet<\/a><\/li>\n\n\n\n<li><a href=\"https:\/\/www.youtube.com\/watch?v=3uh0tQOvpPE&amp;t=653s\" target=\"_blank\" rel=\"noreferrer noopener\">Proc\u00e9dure &#8211; R\u00e9inscription en f\u00e9vrier<\/a> <a href=\"https:\/\/www.youtube.com\/watch?v=IhBowD3vPbg\" data-type=\"link\" data-id=\"https:\/\/www.youtube.com\/watch?v=IhBowD3vPbg\" target=\"_blank\" rel=\"noreferrer noopener\">Autre vid\u00e9o<\/a><\/li>\n\n\n\n<li>Proc\u00e9dure &#8211; Consultation dossier de l&rsquo;enfant (bulletin)<\/li>\n\n\n\n<li>Aide sur les erreurs possibles lors de la cr\u00e9ation du compte<\/li>\n<\/ul>\n\n\n\n<p>Nous pr\u00e9cisons que si votre adresse courriel associ\u00e9e au compte n\u2019est pas la m\u00eame que celle donn\u00e9e \u00e0 l\u2019\u00e9cole, il ne vous sera pas possible d\u2019acc\u00e9der au portail de vos enfants. Vous devrez communiquer avec l\u2019\u00e9cole pour valider celle-ci.<\/p>\n\n\n\n<h2 class=\"wp-block-heading\">CLIC \u00c9cole<\/h2>\n\n\n\n<ul class=\"wp-block-list\">\n<li><a href=\"https:\/\/media.csstl.gouv.qc.ca\/wp-content\/uploads\/sites\/32\/2025\/09\/15140844\/Communique-Disponibilite-de-Clic-ecole.pdf\" data-type=\"attachment\" data-id=\"1483\" target=\"_blank\" rel=\"noreferrer noopener\">Lettre &#8211; Disponibilit\u00e9 du t\u00e9l\u00e9chargement de l&rsquo;application Clic \u00e9cole<\/a><\/li>\n\n\n\n<li><a href=\"https:\/\/media.csstl.gouv.qc.ca\/wp-content\/uploads\/sites\/32\/2025\/09\/15140850\/Clic_ecole_creer-compte.pdf\" data-type=\"link\" data-id=\"https:\/\/media.csstl.gouv.qc.ca\/wp-content\/uploads\/sites\/32\/2025\/09\/15140850\/Clic_ecole_creer-compte.pdf\" target=\"_blank\" rel=\"noreferrer noopener\">Proc\u00e9dure pour cr\u00e9er votre compte Clic \u00e9cole<\/a><\/li>\n<\/ul>\n\n\n\n<h2 class=\"wp-block-heading\">Formulaires<\/h2>\n\n\n\n<p>Le personnel de l&rsquo;\u00e9cole peut de fa\u00e7on exceptionnelle et selon la proc\u00e9dure \u00e9tablie, distribuer ou administrer des m\u00e9dicaments prescrits \u00e0 votre enfant. Pour ce faire, vous devez obligatoirement remplir le formulaire ci-dessous : <\/p>\n\n\n\n<ul class=\"wp-block-list\">\n<li><a href=\"https:\/\/media.csstl.gouv.qc.ca\/wp-content\/uploads\/sites\/32\/2025\/09\/10141048\/ADMINISTRATION-DE-MEDICAMENTS-A-LECOLE.pdf\" data-type=\"link\" data-id=\"https:\/\/media.csstl.gouv.qc.ca\/wp-content\/uploads\/sites\/32\/2025\/09\/10141048\/ADMINISTRATION-DE-MEDICAMENTS-A-LECOLE.pdf\" target=\"_blank\" rel=\"noreferrer noopener\">Autorisation d&rsquo;administrer un m\u00e9dicament prescrit<\/a><\/li>\n<\/ul>\n\n\n\n<h2 class=\"wp-block-heading\">R\u00f4le de l&rsquo;infirmi\u00e8re scolaire<\/h2>\n\n\n\n<p>Voici une  <a href=\"https:\/\/cstroislacs.sharepoint.com\/:v:\/r\/sej\/Documents%20SEJ\/Partenaires%20externes\/CISSSMO\/Soins%20sant%C3%A9%20et%20infirmi%C3%A8res\/Capsule%20role%20infirm%C3%A8re.mov?csf=1&amp;web=1&amp;e=nEOPi9\" target=\"_blank\" rel=\"noreferrer noopener\">capsule<\/a> destin\u00e9e aux parents pour pr\u00e9senter le r\u00f4le de l\u2019infirmi\u00e8re scolaire et donner diverses informations relatives \u00e0 la sant\u00e9 des \u00e9l\u00e8ves en milieu scolaire&nbsp;: probl\u00e8mes de sant\u00e9 qui n\u00e9cessitent des soins \u00e0 l\u2019\u00e9cole, prise de m\u00e9dication \u00e0 l\u2019\u00e9cole, pr\u00e9vention des poux, hygi\u00e8ne des mains, vaccination, sant\u00e9 visuelle, sant\u00e9 dentaire, collations \u00e0 l\u2019\u00e9cole et aliments allerg\u00e8nes, sommeil.&nbsp; Cette capsule est destin\u00e9e aux parents des \u00e9l\u00e8ves au pr\u00e9scolaire et au primaire.<\/p>\n\n\n\n<h2 class=\"wp-block-heading\">Maladie de Lyme<\/h2>\n\n\n\n<p>La maladie de Lyme est maintenant pr\u00e9sente partout en Mont\u00e9r\u00e9gie! Pour en savoir plus, nous vous invitons \u00e0 prendre connaissance du <a rel=\"noreferrer noopener\" href=\"https:\/\/cstroislacs.sharepoint.com\/:b:\/r\/sej\/Infos%20aux%20coles\/Documents%20pour%20diffusion\/07%20-%202022-2023\/2023-06-09\/maladie%20de%20lyme.pdf?csf=1&amp;web=1&amp;e=mZanZl\" target=\"_blank\">communiqu\u00e9 suivant<\/a> \u00e9mis par la Direction de la sant\u00e9 publique.<\/p>\n\n\n\n<h2 class=\"wp-block-heading\">Liens utiles pour les parents.<\/h2>\n\n\n\n<ul class=\"wp-block-list\">\n<li><a href=\"https:\/\/www.maisondelafamillevs.ca\/\" target=\"_blank\" rel=\"noreferrer noopener\">La maison de la famille de Vaudreuil-Soulanges<\/a>  <\/li>\n\n\n\n<li><a href=\"https:\/\/fevs.ca\/\" data-type=\"link\" data-id=\"https:\/\/fevs.ca\/\" target=\"_blank\" rel=\"noreferrer noopener\">La Fondation des enfants de Vaudreuil-Soulanges<\/a> offre son programme&nbsp; \u00ab<a href=\"https:\/\/media.csstl.gouv.qc.ca\/wp-content\/uploads\/sites\/32\/2025\/05\/02083705\/Visuel-Mon-sac-decole-comme-tout-le-monde-2025.pdf\" target=\"_blank\" rel=\"noreferrer noopener\">Ton sac d\u2019\u00e9cole comme tout le monde<\/a>\u00bb<strong>.<\/strong> Le <a href=\"https:\/\/media.csstl.gouv.qc.ca\/wp-content\/uploads\/sites\/32\/2025\/05\/02084009\/Aide-scolaire-2025-Sac-decole-formulaire.pdf\" target=\"_blank\" rel=\"noreferrer noopener\">formulaire<\/a> ainsi que les documents demand\u00e9s devront \u00eatre re\u00e7us avant le <strong>27 juin 2025<\/strong>.&nbsp;Un avis de rendez-vous sera envoy\u00e9 \u00e0 la famille d\u00e8s que la demande sera compl\u00e8te et accept\u00e9e par le comit\u00e9 d&rsquo;analyse. Pour plus d&rsquo;informations veuillez consulter le <a href=\"https:\/\/fevs.ca\/ton-sac-decole-2025\/\" target=\"_blank\" rel=\"noreferrer noopener\">site internet<\/a> de la fondation.<\/li>\n\n\n\n<li><a rel=\"noreferrer noopener\" href=\"https:\/\/www.sourcedentraide.org\/\" target=\"_blank\">La source d&rsquo;Entraide de Saint-Lazare<\/a><\/li>\n\n\n\n<li><a href=\"https:\/\/www.facebook.com\/opporeedubois\" target=\"_blank\" rel=\"noreferrer noopener\">Page Facebook de l&rsquo;OPP de l&rsquo;\u00e9cole \u00e0 l&rsquo;Or\u00e9e-du-Bois<\/a><\/li>\n\n\n\n<li><a href=\"https:\/\/colleamoi.com\/\" target=\"_blank\" rel=\"noreferrer noopener\">\u00c9tiquettes colleamoi<\/a>   Code : oreedubois<\/li>\n\n\n\n<li>Organisme <a href=\"https:\/\/aidersonenfant.com\/\" data-type=\"link\" data-id=\"https:\/\/aidersonenfant.com\/\" target=\"_blank\" rel=\"noreferrer noopener\">aider son enfant.com<\/a>  partage un guide pour les familles de notre \u00e9cole. Il est accessible via <a href=\"https:\/\/can01.safelinks.protection.outlook.com\/?url=https%3A%2F%2Febook.aidersonenfant.com%2FASE_guide_rentree_2024.pdf%3Futm_source%3DReply%26utm_medium%3Demail%26utm_campaign%3DRentree_2024%26utm_id%3D2024-08-31&amp;data=05%7C02%7COREEBOIS%40csstl.gouv.qc.ca%7Ca2bf3e3f04ab4205aa0c08dccb5468f6%7C41cb8ddbfc734894a931aa86e5ee1661%7C0%7C0%7C638608810640252087%7CUnknown%7CTWFpbGZsb3d8eyJWIjoiMC4wLjAwMDAiLCJQIjoiV2luMzIiLCJBTiI6Ik1haWwiLCJXVCI6Mn0%3D%7C0%7C%7C%7C&amp;sdata=Mt%2B2P7RzHthgF7TJq%2BSTMhU3B3aZTvOpOAPzrekKy70%3D&amp;reserved=0\" target=\"_blank\" rel=\"noreferrer noopener\">ce lien<\/a> <\/li>\n\n\n\n<li>Voici un tout nouveau  <a href=\"https:\/\/cstroislacs.sharepoint.com\/:b:\/r\/sej\/Infos%20aux%20coles\/Documents%20pour%20diffusion\/Carnet%20de%20ressources.pdf?csf=1&amp;web=1&amp;e=3lhpRO\">carnet de ressources<\/a> interactif regroupant des services et organismes locaux. Con\u00e7u par le \u00ab&nbsp;Centre Pr\u00e9natal et Jeunes Familles&nbsp;\u00bb pour r\u00e9pondre aux besoins de notre communaut\u00e9, il est facile \u00e0 naviguer et contient des liens cliquables.<\/li>\n\n\n\n<li><strong>Soins infirmiers et sant\u00e9 dentaire CISSSMO<\/strong> : Vous trouverez, ci-joint, le <a href=\"https:\/\/media.csstl.gouv.qc.ca\/wp-content\/uploads\/sites\/32\/2025\/01\/10091723\/Feuillet_Offre_de_Services_ecoles_V7-1.pdf\" target=\"_blank\" rel=\"noreferrer noopener\">feuillet<\/a> r\u00e9sum\u00e9 de l\u2019ensemble des soins infirmiers et de sant\u00e9 dentaire du CISSSMO.<\/li>\n<\/ul>\n","protected":false},"excerpt":{"rendered":"<p>Communiqu\u00e9s aux parents 2025-2026 Rentr\u00e9e scolaire 2025-2026 Calendriers scolaire Portail Mozaik-parents Vous pouvez d\u00e8s maintenant acc\u00e9der au portail Mozaik qui vous donne acc\u00e8s \u00e0 plusieurs informations sur vos enfants. Vous y trouverez, entres autres,&nbsp;les bulletins scolaires&nbsp;qui ne sont plus imprim\u00e9s \u00e0 l&rsquo;\u00e9cole dor\u00e9navant. Nous pr\u00e9cisons que, m\u00eame s&rsquo;il est propos\u00e9 d&rsquo;utiliser un compte de m\u00e9dia [&hellip;]<\/p>\n","protected":false},"author":4,"featured_media":0,"parent":0,"menu_order":0,"comment_status":"closed","ping_status":"closed","template":"","meta":{"_genesis_hide_title":false,"_genesis_hide_breadcrumbs":false,"_genesis_hide_singular_image":false,"_genesis_hide_footer_widgets":false,"_genesis_custom_body_class":"","_genesis_custom_post_class":"","_genesis_layout":"","footnotes":""},"class_list":{"0":"post-742","1":"page","2":"type-page","3":"status-publish","5":"entry"},"featured_image_src":null,"featured_image_src_square":null,"_links":{"self":[{"href":"https:\/\/csstl.gouv.qc.ca\/oree-du-bois\/wp-json\/wp\/v2\/pages\/742","targetHints":{"allow":["GET"]}}],"collection":[{"href":"https:\/\/csstl.gouv.qc.ca\/oree-du-bois\/wp-json\/wp\/v2\/pages"}],"about":[{"href":"https:\/\/csstl.gouv.qc.ca\/oree-du-bois\/wp-json\/wp\/v2\/types\/page"}],"author":[{"embeddable":true,"href":"https:\/\/csstl.gouv.qc.ca\/oree-du-bois\/wp-json\/wp\/v2\/users\/4"}],"replies":[{"embeddable":true,"href":"https:\/\/csstl.gouv.qc.ca\/oree-du-bois\/wp-json\/wp\/v2\/comments?post=742"}],"version-history":[{"count":0,"href":"https:\/\/csstl.gouv.qc.ca\/oree-du-bois\/wp-json\/wp\/v2\/pages\/742\/revisions"}],"wp:attachment":[{"href":"https:\/\/csstl.gouv.qc.ca\/oree-du-bois\/wp-json\/wp\/v2\/media?parent=742"}],"curies":[{"name":"wp","href":"https:\/\/api.w.org\/{rel}","templated":true}]}}