{"id":670,"date":"2019-08-26T14:50:14","date_gmt":"2019-08-26T19:50:14","guid":{"rendered":"https:\/\/cs3lacs.wpengine.com\/oree-du-bois\/?page_id=670"},"modified":"2023-06-01T07:41:33","modified_gmt":"2023-06-01T12:41:33","slug":"vie-scolaire","status":"publish","type":"page","link":"https:\/\/csstl.gouv.qc.ca\/oree-du-bois\/vie-scolaire\/","title":{"rendered":"Vie scolaire"},"content":{"rendered":"\n<h2 class=\"wp-block-heading\">Organisme de participation des parents (OPP)<\/h2>\n\n\n\n<p>L\u2019Organisme de participation des parents (OPP) regroupe exclusivement des parents-b\u00e9n\u00e9voles qui veulent collaborer \u00e0 la vie de l\u2019\u00e9cole. Ils r\u00e9alisent divers projets et activit\u00e9s en collaboration avec la direction et le personnel de l\u2019\u00e9cole et donnent leur avis sur les am\u00e9liorations \u00e0 apporter \u00e0 l\u2019\u00e9cole. Ces parents-b\u00e9n\u00e9voles peuvent \u00e9galement organiser des campagnes de financement pour soutenir les activit\u00e9s et le projet \u00e9ducatif de l\u2019\u00e9cole.<\/p>\n\n\n\n<p>L\u2019OPP peut \u00eatre consult\u00e9 par les parents qui si\u00e8gent au Conseil d\u2019\u00e9tablissement ou peut d\u00e9cider de leur donner son avis sur toute question concernant les parents.<\/p>\n\n\n\n<ul class=\"wp-block-list\">\n<li><a href=\"https:\/\/media.csstl.gouv.qc.ca\/wp-content\/uploads\/sites\/32\/2023\/05\/29102416\/OPP-ODB-22-23.pdf\" target=\"_blank\" rel=\"noreferrer noopener\">Membres de l&rsquo;OPP 2022-23<\/a><\/li>\n\n\n\n<li><a rel=\"noreferrer noopener\" href=\"https:\/\/media.csstl.gouv.qc.ca\/wp-content\/uploads\/sites\/32\/2023\/05\/29102409\/OPP-valorisation.pdf\" data-type=\"attachment\" data-id=\"1232\" target=\"_blank\">Organisme de participation des parents &#8211; valorisation<\/a><\/li>\n\n\n\n<li><a href=\"https:\/\/www.facebook.com\/opporeedubois\/\" target=\"_blank\" rel=\"noreferrer noopener\">Restez en contact avec \u00c9cole \u00e0 l&rsquo;Or\u00e9e du Bois- page g\u00e9r\u00e9e par l&rsquo;OPP. sur Facebook<\/a><\/li>\n<\/ul>\n\n\n\n<p><\/p>\n","protected":false},"excerpt":{"rendered":"<p>Organisme de participation des parents (OPP) L\u2019Organisme de participation des parents (OPP) regroupe exclusivement des parents-b\u00e9n\u00e9voles qui veulent collaborer \u00e0 la vie de l\u2019\u00e9cole. Ils r\u00e9alisent divers projets et activit\u00e9s en collaboration avec la direction et le personnel de l\u2019\u00e9cole et donnent leur avis sur les am\u00e9liorations \u00e0 apporter \u00e0 l\u2019\u00e9cole. Ces parents-b\u00e9n\u00e9voles peuvent \u00e9galement [&hellip;]<\/p>\n","protected":false},"author":2,"featured_media":0,"parent":0,"menu_order":0,"comment_status":"closed","ping_status":"closed","template":"","meta":{"_genesis_hide_title":false,"_genesis_hide_breadcrumbs":false,"_genesis_hide_singular_image":false,"_genesis_hide_footer_widgets":false,"_genesis_custom_body_class":"","_genesis_custom_post_class":"","_genesis_layout":"","footnotes":""},"class_list":{"0":"post-670","1":"page","2":"type-page","3":"status-publish","5":"entry"},"featured_image_src":null,"featured_image_src_square":null,"_links":{"self":[{"href":"https:\/\/csstl.gouv.qc.ca\/oree-du-bois\/wp-json\/wp\/v2\/pages\/670","targetHints":{"allow":["GET"]}}],"collection":[{"href":"https:\/\/csstl.gouv.qc.ca\/oree-du-bois\/wp-json\/wp\/v2\/pages"}],"about":[{"href":"https:\/\/csstl.gouv.qc.ca\/oree-du-bois\/wp-json\/wp\/v2\/types\/page"}],"author":[{"embeddable":true,"href":"https:\/\/csstl.gouv.qc.ca\/oree-du-bois\/wp-json\/wp\/v2\/users\/2"}],"replies":[{"embeddable":true,"href":"https:\/\/csstl.gouv.qc.ca\/oree-du-bois\/wp-json\/wp\/v2\/comments?post=670"}],"version-history":[{"count":0,"href":"https:\/\/csstl.gouv.qc.ca\/oree-du-bois\/wp-json\/wp\/v2\/pages\/670\/revisions"}],"wp:attachment":[{"href":"https:\/\/csstl.gouv.qc.ca\/oree-du-bois\/wp-json\/wp\/v2\/media?parent=670"}],"curies":[{"name":"wp","href":"https:\/\/api.w.org\/{rel}","templated":true}]}}