{"id":481,"date":"2019-06-18T13:48:46","date_gmt":"2019-06-18T18:48:46","guid":{"rendered":"http:\/\/cs3lacs.wpengine.com\/oree-du-bois\/?page_id=481"},"modified":"2025-08-18T10:05:10","modified_gmt":"2025-08-18T15:05:10","slug":"service-de-garde","status":"publish","type":"page","link":"https:\/\/csstl.gouv.qc.ca\/oree-du-bois\/service-de-garde\/","title":{"rendered":"Service de garde"},"content":{"rendered":"\n<p>Le service de garde de l&rsquo;\u00e9cole \u00e0 l&rsquo;Or\u00e9e-du-Bois est ouvert du lundi au vendredi de 6 heures \u00e0 18 heures \u00e0 l&rsquo;exception des jours f\u00e9ri\u00e9s, et des p\u00e9riodes de vacances scolaires. Voici le <a href=\"https:\/\/media.csstl.gouv.qc.ca\/wp-content\/uploads\/sites\/32\/2025\/05\/27135507\/Programme-dactivites-SDG-24-25-LOree-du-Bois.pdf\" data-type=\"link\" data-id=\"https:\/\/media.csstl.gouv.qc.ca\/wp-content\/uploads\/sites\/32\/2025\/05\/27135507\/Programme-dactivites-SDG-24-25-LOree-du-Bois.pdf\" target=\"_blank\" rel=\"noreferrer noopener\">programme d&rsquo;activit\u00e9s<\/a> pour l&rsquo;ann\u00e9e scolaire 2024-2025. <\/p>\n\n\n\n<h2 class=\"wp-block-heading\">R\u00e9gie interne<\/h2>\n\n\n\n<p>La r\u00e9gie interne du service de garde 2025-2026 a \u00e9t\u00e9 approuv\u00e9e lors du conseil d&rsquo;\u00e9tablissement du 11 juin 2025. <a href=\"https:\/\/media.csstl.gouv.qc.ca\/wp-content\/uploads\/sites\/32\/2025\/06\/17131137\/CE-2025-06-11-Point-7.7.1-Politiques-et-reglements-des-SDG_ODB-25-26-VERSION-FINALE.pdf\" data-type=\"link\" data-id=\"https:\/\/media.csstl.gouv.qc.ca\/wp-content\/uploads\/sites\/32\/2025\/06\/17131137\/CE-2025-06-11-Point-7.7.1-Politiques-et-reglements-des-SDG_ODB-25-26-VERSION-FINALE.pdf\" target=\"_blank\" rel=\"noreferrer noopener\">Politiques et r\u00e8glements du service de garde pour l&rsquo;ann\u00e9e scolaire 2025-2026.<\/a><\/p>\n\n\n\n<h2 class=\"wp-block-heading\">Tarification (\u00e0 partir du 1er juillet 2025)<\/h2>\n\n\n\n<h3 class=\"wp-block-heading\">Service de garde<\/h3>\n\n\n\n<ul class=\"wp-block-list\">\n<li>Pour les \u00e9l\u00e8ves r\u00e9guliers, le tarif passe est de 9,70 $ \/ jour.<\/li>\n\n\n\n<li>Pour les \u00e9l\u00e8ves qui viennent de fa\u00e7on \u00ab sporadiques \u00bb au SDG : <\/li>\n\n\n\n<li>Matin : 3,45 $<\/li>\n\n\n\n<li>Midi   : 1,35 $ <\/li>\n\n\n\n<li>Apr\u00e8s-midi : 8,45 $<\/li>\n\n\n\n<li>Dineur : 1,35 $ par midi<\/li>\n\n\n\n<li>Journ\u00e9e p\u00e9dagogique : 22,55 $<\/li>\n\n\n\n<li>1\/2 journ\u00e9e p\u00e9dagogique :  8,10 $<\/li>\n\n\n\n<li>Retard : Voir la r\u00e9gie interne du service de garde.<\/li>\n<\/ul>\n\n\n\n<h2 class=\"wp-block-heading\"><strong>Aide-m\u00e9moires du service de garde pour les parents<\/strong><\/h2>\n\n\n\n<ul class=\"wp-block-list\">\n<li><a href=\"https:\/\/media.csstl.gouv.qc.ca\/wp-content\/uploads\/sites\/32\/2025\/06\/23132522\/AIDE-MEMOIRE-primaire-2025-2026.pdf\" data-type=\"link\" data-id=\"https:\/\/media.csstl.gouv.qc.ca\/wp-content\/uploads\/sites\/32\/2025\/06\/23132522\/AIDE-MEMOIRE-primaire-2025-2026.pdf\" target=\"_blank\" rel=\"noreferrer noopener\">Aide-m\u00e9moire service de garde au primaire<\/a><\/li>\n\n\n\n<li><a href=\"https:\/\/media.csstl.gouv.qc.ca\/wp-content\/uploads\/sites\/32\/2025\/06\/16122153\/AIDE-MEMOIRE-prescolaire-sdg-2025-2026.pdf\" data-type=\"attachment\" data-id=\"1456\" target=\"_blank\" rel=\"noreferrer noopener\">Aide-m\u00e9moire service de garde au pr\u00e9scolaire<\/a><\/li>\n<\/ul>\n\n\n\n<p><\/p>\n","protected":false},"excerpt":{"rendered":"<p>Le service de garde de l&rsquo;\u00e9cole \u00e0 l&rsquo;Or\u00e9e-du-Bois est ouvert du lundi au vendredi de 6 heures \u00e0 18 heures \u00e0 l&rsquo;exception des jours f\u00e9ri\u00e9s, et des p\u00e9riodes de vacances scolaires. Voici le programme d&rsquo;activit\u00e9s pour l&rsquo;ann\u00e9e scolaire 2024-2025. R\u00e9gie interne La r\u00e9gie interne du service de garde 2025-2026 a \u00e9t\u00e9 approuv\u00e9e lors du conseil [&hellip;]<\/p>\n","protected":false},"author":2,"featured_media":0,"parent":0,"menu_order":0,"comment_status":"closed","ping_status":"closed","template":"","meta":{"_genesis_hide_title":false,"_genesis_hide_breadcrumbs":false,"_genesis_hide_singular_image":false,"_genesis_hide_footer_widgets":false,"_genesis_custom_body_class":"","_genesis_custom_post_class":"","_genesis_layout":"","footnotes":""},"class_list":{"0":"post-481","1":"page","2":"type-page","3":"status-publish","5":"entry"},"featured_image_src":null,"featured_image_src_square":null,"_links":{"self":[{"href":"https:\/\/csstl.gouv.qc.ca\/oree-du-bois\/wp-json\/wp\/v2\/pages\/481","targetHints":{"allow":["GET"]}}],"collection":[{"href":"https:\/\/csstl.gouv.qc.ca\/oree-du-bois\/wp-json\/wp\/v2\/pages"}],"about":[{"href":"https:\/\/csstl.gouv.qc.ca\/oree-du-bois\/wp-json\/wp\/v2\/types\/page"}],"author":[{"embeddable":true,"href":"https:\/\/csstl.gouv.qc.ca\/oree-du-bois\/wp-json\/wp\/v2\/users\/2"}],"replies":[{"embeddable":true,"href":"https:\/\/csstl.gouv.qc.ca\/oree-du-bois\/wp-json\/wp\/v2\/comments?post=481"}],"version-history":[{"count":0,"href":"https:\/\/csstl.gouv.qc.ca\/oree-du-bois\/wp-json\/wp\/v2\/pages\/481\/revisions"}],"wp:attachment":[{"href":"https:\/\/csstl.gouv.qc.ca\/oree-du-bois\/wp-json\/wp\/v2\/media?parent=481"}],"curies":[{"name":"wp","href":"https:\/\/api.w.org\/{rel}","templated":true}]}}