{"id":20,"date":"2019-02-06T13:32:25","date_gmt":"2019-02-06T13:32:25","guid":{"rendered":"http:\/\/cs3lacs.wpengine.com\/oree-du-bois\/?page_id=20"},"modified":"2025-06-23T13:41:48","modified_gmt":"2025-06-23T18:41:48","slug":"fournitures-scolaires","status":"publish","type":"page","link":"https:\/\/csstl.gouv.qc.ca\/oree-du-bois\/fournitures-scolaires\/","title":{"rendered":"Fournitures scolaires"},"content":{"rendered":"\n<h2 class=\"wp-block-heading\">Ann\u00e9e 2025-2026 (\u00e0 acheter par les parents)<\/h2>\n\n\n\n<ul class=\"wp-block-list\">\n<li><a href=\"https:\/\/media.csstl.gouv.qc.ca\/wp-content\/uploads\/sites\/32\/2025\/06\/06132331\/Liste-des-effets-scolaires-maternelle.pdf\" data-type=\"link\" data-id=\"https:\/\/media.csstl.gouv.qc.ca\/wp-content\/uploads\/sites\/32\/2025\/06\/06132331\/Liste-des-effets-scolaires-maternelle.pdf\" target=\"_blank\" rel=\"noreferrer noopener\">Maternelle<\/a><\/li>\n\n\n\n<li><a href=\"https:\/\/media.csstl.gouv.qc.ca\/wp-content\/uploads\/sites\/32\/2025\/06\/23133135\/Listes-des-effets-scolaires-1re-annee.pdf\" data-type=\"attachment\" data-id=\"1462\" target=\"_blank\" rel=\"noreferrer noopener\">1re ann\u00e9e du 1er cycle<\/a> (1re ann\u00e9e<a href=\"https:\/\/media.csstl.gouv.qc.ca\/wp-content\/uploads\/sites\/32\/2023\/05\/05140659\/2023-04-18-Liste-des-effets-scolaires-1re-annee.pdf\" data-type=\"attachment\" data-id=\"1209\">)<\/a><\/li>\n\n\n\n<li><a href=\"https:\/\/media.csstl.gouv.qc.ca\/wp-content\/uploads\/sites\/32\/2025\/06\/23133140\/Listes-des-effets-scolaires-2e-annee.pdf\" data-type=\"attachment\" data-id=\"1463\" target=\"_blank\" rel=\"noreferrer noopener\">2e ann\u00e9e du 1er cycle<\/a> (2e ann\u00e9e)<\/li>\n<\/ul>\n\n\n\n<h2 class=\"wp-block-heading\">Pr\u00e9paration des fournitures scolaires chez \u00c9ditions Vaudreuil inc.<\/h2>\n\n\n\n<p>Pour l\u2019ann\u00e9e scolaire 2025-2026, l\u2019\u00e9cole \u00e0 l\u2019Or\u00e9e-du-Bois a d\u00e9velopp\u00e9 un partenariat avec les \u00c9ditions Vaudreuil inc. (480 boul., Harwwod, Vaudreuil-Dorion, QC J7V 7H4) afin que vous puissiez avoir acc\u00e8s \u00e0 la pr\u00e9paration de votre commande des effets scolaires de votre enfant.&nbsp;Ce service est <strong>facultatif<\/strong> et constitue une campagne de financement&nbsp;: une ristourne est accord\u00e9e \u00e0 l\u2019\u00e9cole. Cette derni\u00e8re servira \u00e0 financer des activit\u00e9s pour les \u00e9l\u00e8ves au cours de l\u2019ann\u00e9e scolaire.<\/p>\n\n\n\n<p>Si vous utilisez ce service,&nbsp;<strong>des frais de pr\u00e9paration de commande sont applicables<\/strong>&nbsp;et la commande doit \u00eatre faite&nbsp;<strong>avant le 15 juillet 2025<\/strong>. Pour tous les d\u00e9tails, cliquez <a href=\"https:\/\/media.csstl.gouv.qc.ca\/wp-content\/uploads\/sites\/32\/2025\/06\/06133831\/Ecole-Oree-du-Bois-Lettre-aux-parents-2025.pdf\" data-type=\"link\" data-id=\"https:\/\/media.csstl.gouv.qc.ca\/wp-content\/uploads\/sites\/32\/2025\/06\/06133831\/Ecole-Oree-du-Bois-Lettre-aux-parents-2025.pdf\" target=\"_blank\" rel=\"noreferrer noopener\">ici<\/a> !<a href=\"https:\/\/media.csstl.gouv.qc.ca\/wp-content\/uploads\/sites\/48\/2024\/07\/04092713\/Ecole-Sainte-Madeleine-Lettre-aux-parents-2024.pdf\"><\/a><\/p>\n\n\n\n<h2 class=\"wp-block-heading\">Listes du mat\u00e9riel didactique 2025-2026<\/h2>\n\n\n\n<p>\u00c0 titre indicatif vous trouverez ci-dessous les listes du mat\u00e9riel achet\u00e9s par l&rsquo;\u00e9cole et factur\u00e9 aux parents en septembre. La facture sera sur votre compte Portail Moza\u00efk parents.<\/p>\n\n\n\n<ul class=\"wp-block-list\">\n<li><a href=\"https:\/\/media.csstl.gouv.qc.ca\/wp-content\/uploads\/sites\/32\/2025\/06\/23133728\/2025-04-29-Cahiers-exercices-maternelle.pdf\" data-type=\"attachment\" data-id=\"1465\" target=\"_blank\" rel=\"noreferrer noopener\">Maternelle<\/a><\/li>\n\n\n\n<li><a href=\"https:\/\/media.csstl.gouv.qc.ca\/wp-content\/uploads\/sites\/32\/2025\/06\/23133732\/2025-06-03-Cahiers-exercices-1re-annee.pdf\" data-type=\"link\" data-id=\"https:\/\/media.csstl.gouv.qc.ca\/wp-content\/uploads\/sites\/32\/2025\/06\/23133732\/2025-06-03-Cahiers-exercices-1re-annee.pdf\" target=\"_blank\" rel=\"noreferrer noopener\">1re ann\u00e9e du 1er cycle<\/a> (1re ann\u00e9e)<\/li>\n\n\n\n<li><a href=\"https:\/\/media.csstl.gouv.qc.ca\/wp-content\/uploads\/sites\/32\/2025\/06\/23133735\/2025-06-03-Cahiers-exercices-2e-annee.pdf\" data-type=\"link\" data-id=\"https:\/\/media.csstl.gouv.qc.ca\/wp-content\/uploads\/sites\/32\/2025\/06\/23133735\/2025-06-03-Cahiers-exercices-2e-annee.pdf\" target=\"_blank\" rel=\"noreferrer noopener\">2e ann\u00e9e du 1er cycle<\/a> (2e ann\u00e9e)<\/li>\n<\/ul>\n\n\n\n<p><\/p>\n","protected":false},"excerpt":{"rendered":"<p>Ann\u00e9e 2025-2026 (\u00e0 acheter par les parents) Pr\u00e9paration des fournitures scolaires chez \u00c9ditions Vaudreuil inc. Pour l\u2019ann\u00e9e scolaire 2025-2026, l\u2019\u00e9cole \u00e0 l\u2019Or\u00e9e-du-Bois a d\u00e9velopp\u00e9 un partenariat avec les \u00c9ditions Vaudreuil inc. (480 boul., Harwwod, Vaudreuil-Dorion, QC J7V 7H4) afin que vous puissiez avoir acc\u00e8s \u00e0 la pr\u00e9paration de votre commande des effets scolaires de votre [&hellip;]<\/p>\n","protected":false},"author":2,"featured_media":0,"parent":0,"menu_order":20,"comment_status":"closed","ping_status":"closed","template":"","meta":{"_genesis_hide_title":false,"_genesis_hide_breadcrumbs":false,"_genesis_hide_singular_image":false,"_genesis_hide_footer_widgets":false,"_genesis_custom_body_class":"","_genesis_custom_post_class":"","_genesis_layout":"","footnotes":""},"class_list":{"0":"post-20","1":"page","2":"type-page","3":"status-publish","5":"entry"},"featured_image_src":null,"featured_image_src_square":null,"_links":{"self":[{"href":"https:\/\/csstl.gouv.qc.ca\/oree-du-bois\/wp-json\/wp\/v2\/pages\/20","targetHints":{"allow":["GET"]}}],"collection":[{"href":"https:\/\/csstl.gouv.qc.ca\/oree-du-bois\/wp-json\/wp\/v2\/pages"}],"about":[{"href":"https:\/\/csstl.gouv.qc.ca\/oree-du-bois\/wp-json\/wp\/v2\/types\/page"}],"author":[{"embeddable":true,"href":"https:\/\/csstl.gouv.qc.ca\/oree-du-bois\/wp-json\/wp\/v2\/users\/2"}],"replies":[{"embeddable":true,"href":"https:\/\/csstl.gouv.qc.ca\/oree-du-bois\/wp-json\/wp\/v2\/comments?post=20"}],"version-history":[{"count":0,"href":"https:\/\/csstl.gouv.qc.ca\/oree-du-bois\/wp-json\/wp\/v2\/pages\/20\/revisions"}],"wp:attachment":[{"href":"https:\/\/csstl.gouv.qc.ca\/oree-du-bois\/wp-json\/wp\/v2\/media?parent=20"}],"curies":[{"name":"wp","href":"https:\/\/api.w.org\/{rel}","templated":true}]}}