{"id":746,"date":"2019-11-28T14:55:59","date_gmt":"2019-11-28T19:55:59","guid":{"rendered":"https:\/\/cs3lacs.wpengine.com\/notre-dame-de-lorette\/?page_id=746"},"modified":"2022-12-06T16:02:05","modified_gmt":"2022-12-06T21:02:05","slug":"portrait","status":"publish","type":"page","link":"https:\/\/csstl.gouv.qc.ca\/notre-dame-de-lorette\/portrait\/","title":{"rendered":"Portrait"},"content":{"rendered":"\n<p>Aux \u00e9l\u00e8ves et parents de la communaut\u00e9 Notre-Dame-de-Lorette,<\/p>\n\n\n\n<p>Il me fait plaisir de vous souhaiter la bienvenue sur le site de l&rsquo;\u00e9cole Notre-Dame-de-Lorette. Vous y trouverez une foule de renseignements utiles dans diff\u00e9rents domaines de la vie scolaire. Comme il sera mis \u00e0 jour de fa\u00e7on p\u00e9riodique en cours d&rsquo;ann\u00e9e, je vous invite \u00e0 le consulter r\u00e9guli\u00e8rement afin d&rsquo;\u00eatre au courant des nouveaut\u00e9s.<\/p>\n\n\n\n<p>Comme vous, notre \u00e9cole nous tient \u00e0 c\u0153ur et nous sommes heureux de partager notre vie scolaire avec vous. N&rsquo;h\u00e9sitez pas \u00e0 nous faire part de vos commentaires.<\/p>\n\n\n\n<p>Martine Pilon<\/p>\n","protected":false},"excerpt":{"rendered":"<p>Aux \u00e9l\u00e8ves et parents de la communaut\u00e9 Notre-Dame-de-Lorette, Il me fait plaisir de vous souhaiter la bienvenue sur le site de l&rsquo;\u00e9cole Notre-Dame-de-Lorette. Vous y trouverez une foule de renseignements utiles dans diff\u00e9rents domaines de la vie scolaire. Comme il sera mis \u00e0 jour de fa\u00e7on p\u00e9riodique en cours d&rsquo;ann\u00e9e, je vous invite \u00e0 le [&hellip;]<\/p>\n","protected":false},"author":4,"featured_media":0,"parent":0,"menu_order":0,"comment_status":"closed","ping_status":"closed","template":"","meta":{"_genesis_hide_title":false,"_genesis_hide_breadcrumbs":false,"_genesis_hide_singular_image":false,"_genesis_hide_footer_widgets":false,"_genesis_custom_body_class":"","_genesis_custom_post_class":"","_genesis_layout":"","footnotes":""},"class_list":{"0":"post-746","1":"page","2":"type-page","3":"status-publish","5":"entry"},"featured_image_src":null,"featured_image_src_square":null,"_links":{"self":[{"href":"https:\/\/csstl.gouv.qc.ca\/notre-dame-de-lorette\/wp-json\/wp\/v2\/pages\/746","targetHints":{"allow":["GET"]}}],"collection":[{"href":"https:\/\/csstl.gouv.qc.ca\/notre-dame-de-lorette\/wp-json\/wp\/v2\/pages"}],"about":[{"href":"https:\/\/csstl.gouv.qc.ca\/notre-dame-de-lorette\/wp-json\/wp\/v2\/types\/page"}],"author":[{"embeddable":true,"href":"https:\/\/csstl.gouv.qc.ca\/notre-dame-de-lorette\/wp-json\/wp\/v2\/users\/4"}],"replies":[{"embeddable":true,"href":"https:\/\/csstl.gouv.qc.ca\/notre-dame-de-lorette\/wp-json\/wp\/v2\/comments?post=746"}],"version-history":[{"count":0,"href":"https:\/\/csstl.gouv.qc.ca\/notre-dame-de-lorette\/wp-json\/wp\/v2\/pages\/746\/revisions"}],"wp:attachment":[{"href":"https:\/\/csstl.gouv.qc.ca\/notre-dame-de-lorette\/wp-json\/wp\/v2\/media?parent=746"}],"curies":[{"name":"wp","href":"https:\/\/api.w.org\/{rel}","templated":true}]}}