{"id":481,"date":"2019-06-18T13:48:46","date_gmt":"2019-06-18T18:48:46","guid":{"rendered":"http:\/\/cs3lacs.wpengine.com\/notre-dame-de-lorette\/?page_id=481"},"modified":"2022-12-13T13:17:23","modified_gmt":"2022-12-13T18:17:23","slug":"service-de-garde","status":"publish","type":"page","link":"https:\/\/csstl.gouv.qc.ca\/notre-dame-de-lorette\/service-de-garde\/","title":{"rendered":"Service de garde"},"content":{"rendered":"\n<p>Bienvenue au Service de garde de l&rsquo;\u00e9cole Notre-Dame-de-Lorette<\/p>\n\n\n\n<p>Le service de garde ouvre ses portes \u00e0 6 h 30 et ferme \u00e0 18 h.<\/p>\n\n\n\n\t\t<div class=\"wppdfemb-frame-container-1\" style=\"-webkit-overflow-scrolling:auto;\">\n\t\t\t<iframe class=\"pdfembed-iframe nonfullscreen wppdf-emb-iframe-1\"\n\t\t\t\tsrc=\"https:\/\/csstl.gouv.qc.ca\/notre-dame-de-lorette\/?pdfemb-data=eyJwZGZJRCI6MTExMiwidXJsIjoiaHR0cHM6XC9cL21lZGlhLmNzc3RsLmdvdXYucWMuY2FcL3dwLWNvbnRlbnRcL3VwbG9hZHNcL3NpdGVzXC80N1wvMjAyMlwvMTFcLzI4MTEwNDQyXC9QcmVzZW50YXRpb25fZGVzX2VkdWNhdHJpY2VzLnBkZiIsImluZGV4IjoxLCJ3bV90ZXh0IjoiIn0\"\n\t\t\t\t\t\t\t\tdata-pdf-id=\"1112\"\n\t\t\t\tdata-pdf-index=\"1\"\n\t\t\t\tstyle=\"border:none;width:100%;max-width:100%;height:100vh;\"\n\t\t\t\tscrolling=\"yes\">\n\t\t\t<\/iframe>\n\t\t<\/div>\n\n\t\t\n<p class=\"wp-block-pdfemb-pdf-embedder-viewer\"><\/p>\n","protected":false},"excerpt":{"rendered":"<p>Bienvenue au Service de garde de l&rsquo;\u00e9cole Notre-Dame-de-Lorette Le service de garde ouvre ses portes \u00e0 6 h 30 et ferme \u00e0 18 h.<\/p>\n","protected":false},"author":2,"featured_media":0,"parent":0,"menu_order":0,"comment_status":"closed","ping_status":"closed","template":"","meta":{"_genesis_hide_title":false,"_genesis_hide_breadcrumbs":false,"_genesis_hide_singular_image":false,"_genesis_hide_footer_widgets":false,"_genesis_custom_body_class":"","_genesis_custom_post_class":"","_genesis_layout":"","footnotes":""},"class_list":{"0":"post-481","1":"page","2":"type-page","3":"status-publish","5":"entry"},"featured_image_src":null,"featured_image_src_square":null,"_links":{"self":[{"href":"https:\/\/csstl.gouv.qc.ca\/notre-dame-de-lorette\/wp-json\/wp\/v2\/pages\/481","targetHints":{"allow":["GET"]}}],"collection":[{"href":"https:\/\/csstl.gouv.qc.ca\/notre-dame-de-lorette\/wp-json\/wp\/v2\/pages"}],"about":[{"href":"https:\/\/csstl.gouv.qc.ca\/notre-dame-de-lorette\/wp-json\/wp\/v2\/types\/page"}],"author":[{"embeddable":true,"href":"https:\/\/csstl.gouv.qc.ca\/notre-dame-de-lorette\/wp-json\/wp\/v2\/users\/2"}],"replies":[{"embeddable":true,"href":"https:\/\/csstl.gouv.qc.ca\/notre-dame-de-lorette\/wp-json\/wp\/v2\/comments?post=481"}],"version-history":[{"count":0,"href":"https:\/\/csstl.gouv.qc.ca\/notre-dame-de-lorette\/wp-json\/wp\/v2\/pages\/481\/revisions"}],"wp:attachment":[{"href":"https:\/\/csstl.gouv.qc.ca\/notre-dame-de-lorette\/wp-json\/wp\/v2\/media?parent=481"}],"curies":[{"name":"wp","href":"https:\/\/api.w.org\/{rel}","templated":true}]}}