{"id":742,"date":"2019-11-28T14:51:45","date_gmt":"2019-11-28T19:51:45","guid":{"rendered":"https:\/\/cs3lacs.wpengine.com\/notre-dame-de-la-garde\/?page_id=742"},"modified":"2026-04-01T08:52:40","modified_gmt":"2026-04-01T13:52:40","slug":"documents-liens-utiles","status":"publish","type":"page","link":"https:\/\/csstl.gouv.qc.ca\/notre-dame-de-la-garde\/documents-liens-utiles\/","title":{"rendered":"Documents et liens utiles"},"content":{"rendered":"\n<h2 class=\"wp-block-heading\">Info-parents<\/h2>\n\n\n\n<p><\/p>\n\n\n\n<ul class=\"wp-block-list\">\n<li><a href=\"https:\/\/media.csstl.gouv.qc.ca\/wp-content\/uploads\/sites\/46\/2025\/01\/06103745\/Info-parents-janvier-2025-NDG-compresse.pdf\" data-type=\"attachment\" data-id=\"1286\">Janvier 2025<\/a><\/li>\n\n\n\n<li><a href=\"https:\/\/media.csstl.gouv.qc.ca\/wp-content\/uploads\/sites\/46\/2025\/02\/06091526\/Info-parents-fevrier-2025-NDG.pdf\" data-type=\"attachment\" data-id=\"1300\">F\u00e9vrier 2025<\/a><\/li>\n\n\n\n<li><a href=\"https:\/\/media.csstl.gouv.qc.ca\/wp-content\/uploads\/sites\/46\/2025\/03\/11121352\/Info-parents-mars-2025-NDG.pdf\" data-type=\"attachment\" data-id=\"1302\">Mars 2025<\/a><\/li>\n\n\n\n<li><a href=\"https:\/\/media.csstl.gouv.qc.ca\/wp-content\/uploads\/sites\/46\/2025\/04\/03100736\/Info-parents-avril-2025-NDG.pdf\" data-type=\"attachment\" data-id=\"1303\">Avril 2025<\/a><\/li>\n\n\n\n<li><a href=\"https:\/\/media.csstl.gouv.qc.ca\/wp-content\/uploads\/sites\/46\/2025\/05\/30142236\/Info-parents-mai-2025-NDG-compresse.pdf\" data-type=\"attachment\" data-id=\"1306\">Mai 2025<\/a><\/li>\n\n\n\n<li><a href=\"https:\/\/media.csstl.gouv.qc.ca\/wp-content\/uploads\/sites\/46\/2025\/05\/30142023\/Info-parents-juin-2025-NDG.pdf\" data-type=\"attachment\" data-id=\"1305\">Juin 2025<\/a><\/li>\n\n\n\n<li><a href=\"https:\/\/media.csstl.gouv.qc.ca\/wp-content\/uploads\/sites\/46\/2025\/09\/25064206\/Info-parents-de-la-rentree-25-26-NDG.pdf\" data-type=\"attachment\" data-id=\"1320\">Septembre 2025<\/a><\/li>\n\n\n\n<li><a href=\"https:\/\/media.csstl.gouv.qc.ca\/wp-content\/uploads\/sites\/46\/2025\/10\/23135654\/Info-parents-octobre-2025-compresse.pdf\" data-type=\"attachment\" data-id=\"1329\">Octobre 2025<\/a><\/li>\n\n\n\n<li><a href=\"https:\/\/media.csstl.gouv.qc.ca\/wp-content\/uploads\/sites\/46\/2025\/11\/03151722\/Info-parents-novembre-2025-compressed.pdf\" data-type=\"attachment\" data-id=\"1331\">Novembre 2025<\/a><\/li>\n\n\n\n<li><a href=\"https:\/\/media.csstl.gouv.qc.ca\/wp-content\/uploads\/sites\/46\/2025\/12\/01142704\/Info-parents-decembre-2025-compresse.pdf\" data-type=\"attachment\" data-id=\"1332\">D\u00e9cembre 2025<\/a><\/li>\n\n\n\n<li><a href=\"https:\/\/media.csstl.gouv.qc.ca\/wp-content\/uploads\/sites\/46\/2026\/01\/06135721\/Info-parents-janvier-2026-compressed.pdf\" data-type=\"attachment\" data-id=\"1341\">Janvier 2026<\/a><\/li>\n\n\n\n<li><a href=\"https:\/\/media.csstl.gouv.qc.ca\/wp-content\/uploads\/sites\/46\/2026\/03\/16085711\/Info-parents-fevrier-2026.pdf\" data-type=\"attachment\" data-id=\"1343\">F\u00e9vrier 2026<\/a><\/li>\n\n\n\n<li><a href=\"https:\/\/media.csstl.gouv.qc.ca\/wp-content\/uploads\/sites\/46\/2026\/03\/16085629\/Info-parents-mars-2026-compressed.pdf\" data-type=\"attachment\" data-id=\"1342\">Mars 2026<\/a><\/li>\n\n\n\n<li><a href=\"https:\/\/media.csstl.gouv.qc.ca\/wp-content\/uploads\/sites\/46\/2026\/04\/01085156\/Info-parents-avril-2026-compressed.pdf\" data-type=\"attachment\" data-id=\"1348\">Avril 2026<\/a><\/li>\n<\/ul>\n\n\n\n<h2 class=\"wp-block-heading\">Moza\u00efk-Portail Parents<\/h2>\n\n\n\n<ul class=\"wp-block-list\">\n<li><strong><a href=\"https:\/\/media.csstl.gouv.qc.ca\/wp-content\/uploads\/sites\/46\/2023\/09\/05104054\/Gestion-des-absences-Portail-Parents.pdf\" data-type=\"attachment\" data-id=\"1197\">D\u00e9claration d&rsquo;une absence de votre enfant<\/a><\/strong><\/li>\n<\/ul>\n\n\n\n<ul class=\"wp-block-list\">\n<li><a href=\"https:\/\/portailparents.ca\/accueil\/fr\/aide.htm\" rel=\"noreferrer noopener\" target=\"_blank\">Aide \u00e0 la connexion<\/a><\/li>\n\n\n\n<li><a href=\"https:\/\/media.csstl.gouv.qc.ca\/wp-content\/uploads\/sites\/46\/2022\/11\/29145724\/Procedure-Mozaik-pour-les-parents.pdf\" data-type=\"attachment\" data-id=\"1118\" target=\"_blank\" rel=\"noreferrer noopener\">Proc\u00e9dure cr\u00e9ation d&rsquo;un compte sur Moza\u00efk<\/a><\/li>\n\n\n\n<li><a rel=\"noreferrer noopener\" href=\"https:\/\/media.csstl.gouv.qc.ca\/wp-content\/uploads\/sites\/46\/2022\/11\/29145721\/Procedure-paiement-Internet-parents.pdf\" data-type=\"attachment\" data-id=\"1117\" target=\"_blank\">Proc\u00e9dure paiement Internet<\/a><\/li>\n\n\n\n<li><a href=\"https:\/\/media.csstl.gouv.qc.ca\/wp-content\/uploads\/sites\/46\/2022\/12\/01082934\/Procedure_Mozaik_reinscription_en_fevrier.pdf\" data-type=\"attachment\" data-id=\"1149\" target=\"_blank\" rel=\"noreferrer noopener\">Proc\u00e9dure r\u00e9inscription en f\u00e9vrier<\/a><\/li>\n\n\n\n<li><a href=\"https:\/\/media.csstl.gouv.qc.ca\/wp-content\/uploads\/sites\/46\/2022\/12\/01084453\/Procedure_Mozaik_consultation_dossier_enfantbulletin.pdf\" data-type=\"attachment\" data-id=\"1150\" target=\"_blank\" rel=\"noreferrer noopener\">Proc\u00e9dure consultation bulletins<\/a><\/li>\n<\/ul>\n\n\n\n<h2 class=\"wp-block-heading\">Calendrier scolaire Notre-Dame-de-la-Garde<\/h2>\n\n\n\n<ul class=\"wp-block-list\">\n<li><a href=\"https:\/\/media.csstl.gouv.qc.ca\/wp-content\/uploads\/sites\/46\/2025\/09\/25072628\/Calendrier-scolaire-2025-2026-parents-NDG.pdf\" data-type=\"attachment\" data-id=\"1322\">Calendrier scolaire 2025-2026<\/a><\/li>\n<\/ul>\n\n\n\n<h2 class=\"wp-block-heading\">Liens utiles<\/h2>\n\n\n\n<p>Voici&nbsp;des liens tr\u00e8s int\u00e9ressants pour vous aider dans diff\u00e9rentes situations:<\/p>\n\n\n\n<ul class=\"wp-block-list\">\n<li><a rel=\"noreferrer noopener\" href=\"https:\/\/aidersonenfant.com\/dossier\/tdah\/\" data-type=\"URL\" data-id=\"https:\/\/aidersonenfant.com\/dossier\/tdah\/\" target=\"_blank\">avec un enfant&nbsp;diagnostiqu\u00e9 avec un TDAH<\/a><\/li>\n\n\n\n<li><a rel=\"noreferrer noopener\" href=\"https:\/\/aidersonenfant.com\/limpact-de-lanxiete-parentale-lanxiete-de-lenfant\/\" data-type=\"URL\" data-id=\"https:\/\/aidersonenfant.com\/limpact-de-lanxiete-parentale-lanxiete-de-lenfant\/\" target=\"_blank\">avec un enfant souffrant d&rsquo;anxi\u00e9t\u00e9<\/a><\/li>\n\n\n\n<li><a rel=\"noreferrer noopener\" href=\"http:\/\/www.alloprof.qc.ca\/\" target=\"_blank\">Alloprof<\/a><\/li>\n<\/ul>\n","protected":false},"excerpt":{"rendered":"<p>Info-parents Moza\u00efk-Portail Parents Calendrier scolaire Notre-Dame-de-la-Garde Liens utiles Voici&nbsp;des liens tr\u00e8s int\u00e9ressants pour vous aider dans diff\u00e9rentes situations:<\/p>\n","protected":false},"author":4,"featured_media":0,"parent":0,"menu_order":0,"comment_status":"closed","ping_status":"closed","template":"","meta":{"_genesis_hide_title":false,"_genesis_hide_breadcrumbs":false,"_genesis_hide_singular_image":false,"_genesis_hide_footer_widgets":false,"_genesis_custom_body_class":"","_genesis_custom_post_class":"","_genesis_layout":"","footnotes":""},"class_list":{"0":"post-742","1":"page","2":"type-page","3":"status-publish","5":"entry"},"featured_image_src":null,"featured_image_src_square":null,"_links":{"self":[{"href":"https:\/\/csstl.gouv.qc.ca\/notre-dame-de-la-garde\/wp-json\/wp\/v2\/pages\/742","targetHints":{"allow":["GET"]}}],"collection":[{"href":"https:\/\/csstl.gouv.qc.ca\/notre-dame-de-la-garde\/wp-json\/wp\/v2\/pages"}],"about":[{"href":"https:\/\/csstl.gouv.qc.ca\/notre-dame-de-la-garde\/wp-json\/wp\/v2\/types\/page"}],"author":[{"embeddable":true,"href":"https:\/\/csstl.gouv.qc.ca\/notre-dame-de-la-garde\/wp-json\/wp\/v2\/users\/4"}],"replies":[{"embeddable":true,"href":"https:\/\/csstl.gouv.qc.ca\/notre-dame-de-la-garde\/wp-json\/wp\/v2\/comments?post=742"}],"version-history":[{"count":0,"href":"https:\/\/csstl.gouv.qc.ca\/notre-dame-de-la-garde\/wp-json\/wp\/v2\/pages\/742\/revisions"}],"wp:attachment":[{"href":"https:\/\/csstl.gouv.qc.ca\/notre-dame-de-la-garde\/wp-json\/wp\/v2\/media?parent=742"}],"curies":[{"name":"wp","href":"https:\/\/api.w.org\/{rel}","templated":true}]}}