{"id":995,"date":"2022-10-17T13:56:49","date_gmt":"2022-10-17T18:56:49","guid":{"rendered":"https:\/\/cs3lacs.wpengine.com\/chene-bleu\/?page_id=995"},"modified":"2025-10-15T12:43:42","modified_gmt":"2025-10-15T17:43:42","slug":"reglements","status":"publish","type":"page","link":"https:\/\/csstl.gouv.qc.ca\/navigateurs\/reglements\/","title":{"rendered":"R\u00e8glements"},"content":{"rendered":"\n<p class=\"has-large-font-size\">Agenda et code de vie<\/p>\n\n\n\n<p>Vous trouverez ci-dessous le lien pour consulter nos r\u00e8glements d&rsquo;\u00e9cole ainsi que notre code de vie.<\/p>\n\n\n\n<ul class=\"wp-block-list\">\n<li><a href=\"https:\/\/media.csstl.gouv.qc.ca\/wp-content\/uploads\/sites\/58\/2025\/10\/15124218\/Reglement-Agenda-Navigateurs-25-26.pdf\" data-type=\"attachment\" data-id=\"1634\" target=\"_blank\" rel=\"noreferrer noopener\">Agenda scolaire\/code de vie<\/a><\/li>\n<\/ul>\n\n\n\n<p class=\"has-large-font-size\">Politiques et proc\u00e9dures<\/p>\n\n\n\n<ul class=\"wp-block-list\">\n<li><a href=\"https:\/\/csstl.gouv.qc.ca\/transport-scolaire\/\" data-type=\"link\" data-id=\"https:\/\/csstl.gouv.qc.ca\/transport-scolaire\/\" target=\"_blank\" rel=\"noreferrer noopener\">Informations utiles sur le transport scolaires<\/a><\/li>\n<\/ul>\n\n\n\n<p><\/p>\n","protected":false},"excerpt":{"rendered":"<p>Agenda et code de vie Vous trouverez ci-dessous le lien pour consulter nos r\u00e8glements d&rsquo;\u00e9cole ainsi que notre code de vie. Politiques et proc\u00e9dures<\/p>\n","protected":false},"author":2,"featured_media":0,"parent":0,"menu_order":0,"comment_status":"closed","ping_status":"closed","template":"","meta":{"_genesis_hide_title":false,"_genesis_hide_breadcrumbs":false,"_genesis_hide_singular_image":false,"_genesis_hide_footer_widgets":false,"_genesis_custom_body_class":"","_genesis_custom_post_class":"","_genesis_layout":"","footnotes":""},"class_list":{"0":"post-995","1":"page","2":"type-page","3":"status-publish","5":"entry"},"featured_image_src":null,"featured_image_src_square":null,"_links":{"self":[{"href":"https:\/\/csstl.gouv.qc.ca\/navigateurs\/wp-json\/wp\/v2\/pages\/995","targetHints":{"allow":["GET"]}}],"collection":[{"href":"https:\/\/csstl.gouv.qc.ca\/navigateurs\/wp-json\/wp\/v2\/pages"}],"about":[{"href":"https:\/\/csstl.gouv.qc.ca\/navigateurs\/wp-json\/wp\/v2\/types\/page"}],"author":[{"embeddable":true,"href":"https:\/\/csstl.gouv.qc.ca\/navigateurs\/wp-json\/wp\/v2\/users\/2"}],"replies":[{"embeddable":true,"href":"https:\/\/csstl.gouv.qc.ca\/navigateurs\/wp-json\/wp\/v2\/comments?post=995"}],"version-history":[{"count":0,"href":"https:\/\/csstl.gouv.qc.ca\/navigateurs\/wp-json\/wp\/v2\/pages\/995\/revisions"}],"wp:attachment":[{"href":"https:\/\/csstl.gouv.qc.ca\/navigateurs\/wp-json\/wp\/v2\/media?parent=995"}],"curies":[{"name":"wp","href":"https:\/\/api.w.org\/{rel}","templated":true}]}}