{"id":914,"date":"2022-05-25T07:47:03","date_gmt":"2022-05-25T12:47:03","guid":{"rendered":"https:\/\/cs3lacs.wpengine.com\/chene-bleu\/?page_id=914"},"modified":"2025-10-16T10:40:13","modified_gmt":"2025-10-16T15:40:13","slug":"services","status":"publish","type":"page","link":"https:\/\/csstl.gouv.qc.ca\/navigateurs\/services\/","title":{"rendered":"Services"},"content":{"rendered":"\n<h2 class=\"wp-block-heading\"><strong>Service de traiteur<\/strong><\/h2>\n\n\n\n<p>La caf\u00e9t\u00e9ria est op\u00e9r\u00e9e par&nbsp;Groupe Compass. Voici le lien pour consulter leur <a href=\"https:\/\/media.csstl.gouv.qc.ca\/wp-content\/uploads\/sites\/58\/2025\/08\/14121531\/CSSTL-Menu-2025-2026.pdf\" data-type=\"attachment\" data-id=\"1600\" target=\"_blank\" rel=\"noreferrer noopener\">MENU<\/a> ainsi que celui contenant les <a href=\"https:\/\/media.csstl.gouv.qc.ca\/wp-content\/uploads\/sites\/58\/2025\/08\/14124959\/CARTE-REPAS-ZIPTHRU.pdf\" data-type=\"attachment\" data-id=\"1601\" target=\"_blank\" rel=\"noreferrer noopener\">instructions pour commander des cartes repas<\/a>.<\/p>\n\n\n\n<p><\/p>\n\n\n\n<h2 class=\"wp-block-heading\"><strong>Services de transport scolaire<\/strong><\/h2>\n\n\n\n<p>Pour en savoir plus sur le transport scolaire offert par le CSSTL veuillez&nbsp;<a href=\"https:\/\/transport.cstrois-lacs.qc.ca\/coordonnees\">cliquer ici<\/a>.<\/p>\n\n\n\n<p><\/p>\n\n\n\n<h2 class=\"wp-block-heading\"><strong>Biblioth\u00e8que<\/strong><\/h2>\n\n\n\n<p>Heures d\u2019ouverture&nbsp;: du lundi au vendredi de 9 h \u00e0 16 h<\/p>\n\n\n\n<p>Tu as des recherches \u00e0 faire ?&nbsp;<a rel=\"noreferrer noopener\" href=\"https:\/\/regard.cstrois-lacs.qc.ca\/Pages\/Front\/Accueil\/Accueil.aspx#champ\" target=\"_blank\"><strong>Consulte le catalogue Regard<\/strong><\/a><\/p>\n\n\n\n<p>Suggestions et demandes d\u2019achat&nbsp;:<\/p>\n\n\n\n<p>Pour faire une suggestion d\u2019achat, merci de vous adresser au personnel de la biblioth\u00e8que.<\/p>\n\n\n\n<p>Personnel de la biblioth\u00e8que&nbsp;:<\/p>\n\n\n\n<ul class=\"wp-block-list\">\n<li> Cathalina Armbruster, biblioth\u00e9caire<\/li>\n\n\n\n<li>C\u00e9line Gilet, Technicienne en documentation<\/li>\n<\/ul>\n\n\n\n<p><strong>Services \u00e0 l\u2019\u00e9l\u00e8ve<\/strong><\/p>\n\n\n\n<p>Le Minist\u00e8re offre \u00e0 ses \u00e9coles une vari\u00e9t\u00e9 de services compl\u00e9mentaires \u00e0 l\u2019\u00e9l\u00e8ve allant de la psycho\u00e9ducation \u00e0 la psychologie, en passant par l\u2019orthop\u00e9dagogie et le support de technicien en \u00e9ducation sp\u00e9cialis\u00e9e ou de service d\u2019animation spirituelle et communautaire. Ces services viennent supporter le personnel enseignant dans l\u2019accompagnement de tous les jeunes quel que soit leur difficult\u00e9 ou handicap. Se joint \u00e0 cette \u00e9quipe des intervenants du CSSS dans le cadre d\u2019un protocole MEESR-MSSS de pr\u00e9vention et de support aupr\u00e8s des jeunes en domaine de sant\u00e9 physique et psychologique<\/p>\n\n\n\n<p><strong>Service social scolaire<\/strong><\/p>\n\n\n\n<p>Le cours secondaire correspond \u00e0 une p\u00e9riode tr\u00e8s importante caract\u00e9ris\u00e9e par de nombreux changements significatifs; ceux-ci engendrent parfois chez l\u2019\u00e9l\u00e8ve des difficult\u00e9s, soit face \u00e0 lui-m\u00eame (confiance, stress, motivation), soit dans la famille (alcoolisme, divorce, s\u00e9paration, etc.), soit \u00e0 l\u2019\u00e9cole, soit dans la soci\u00e9t\u00e9. L\u2019intervention du travailleur social favorise son cheminement personnel. L\u2019\u00e9l\u00e8ve qui \u00e9prouve des difficult\u00e9s ne doit pas h\u00e9siter \u00e0 demander de l\u2019aide au travailleur social.<\/p>\n\n\n\n<p><strong>Service de sant\u00e9<\/strong><\/p>\n\n\n\n<p>Tout en \u00e9tant \u00e0 la disposition de l\u2019\u00e9l\u00e8ve qui \u00e9prouve des malaises sur le plan physique, l\u2019infirmi\u00e8re offre tout un programme d\u2019information, de sensibilisation et de pr\u00e9vention de la sant\u00e9 mentale et physique. Son intervention se fait sous diff\u00e9rents th\u00e8mes par des activit\u00e9s qui peuvent \u00eatre aussi bien des tests de d\u00e9pistage que des s\u00e9ances d\u2019information sur le tabac, les maladies transmises sexuellement, etc.<\/p>\n\n\n\n<p><strong>Service de psychologie<\/strong><\/p>\n\n\n\n<p>Le service de psychologie se sp\u00e9cialise dans les comportements humains : comprendre les difficult\u00e9s rencontr\u00e9es et les r\u00e9actions face aux situations d\u2019apprentissage ou dans les relations avec les autres, trouver des moyens pour s\u2019adapter aux situations probl\u00e9matiques et \u00eatre mieux avec soi-m\u00eame et les autres.<\/p>\n\n\n\n<p><strong>Service d\u2019\u00e9ducation sp\u00e9cialis\u00e9e<\/strong><\/p>\n\n\n\n<p>Pour des difficult\u00e9s li\u00e9es \u00e0 l\u2019\u00e9cole, \u00e0 l\u2019organisation scolaire, \u00e0 la vie personnelle ou la motivation, les \u00e9ducatrices du service \u00e0 l\u2019\u00e9l\u00e8ve sont disponibles. Elles pr\u00e9viennent le d\u00e9crochage scolaire par une intervention directe et ponctuelle aupr\u00e8s d\u2019une client\u00e8le en difficult\u00e9s scolaires ou comportementales.<\/p>\n","protected":false},"excerpt":{"rendered":"<p>Service de traiteur La caf\u00e9t\u00e9ria est op\u00e9r\u00e9e par&nbsp;Groupe Compass. Voici le lien pour consulter leur MENU ainsi que celui contenant les instructions pour commander des cartes repas. Services de transport scolaire Pour en savoir plus sur le transport scolaire offert par le CSSTL veuillez&nbsp;cliquer ici. Biblioth\u00e8que Heures d\u2019ouverture&nbsp;: du lundi au vendredi de 9 h [&hellip;]<\/p>\n","protected":false},"author":4,"featured_media":0,"parent":0,"menu_order":0,"comment_status":"closed","ping_status":"closed","template":"","meta":{"_genesis_hide_title":false,"_genesis_hide_breadcrumbs":false,"_genesis_hide_singular_image":false,"_genesis_hide_footer_widgets":false,"_genesis_custom_body_class":"","_genesis_custom_post_class":"","_genesis_layout":"","footnotes":""},"class_list":{"0":"post-914","1":"page","2":"type-page","3":"status-publish","5":"entry"},"featured_image_src":null,"featured_image_src_square":null,"_links":{"self":[{"href":"https:\/\/csstl.gouv.qc.ca\/navigateurs\/wp-json\/wp\/v2\/pages\/914","targetHints":{"allow":["GET"]}}],"collection":[{"href":"https:\/\/csstl.gouv.qc.ca\/navigateurs\/wp-json\/wp\/v2\/pages"}],"about":[{"href":"https:\/\/csstl.gouv.qc.ca\/navigateurs\/wp-json\/wp\/v2\/types\/page"}],"author":[{"embeddable":true,"href":"https:\/\/csstl.gouv.qc.ca\/navigateurs\/wp-json\/wp\/v2\/users\/4"}],"replies":[{"embeddable":true,"href":"https:\/\/csstl.gouv.qc.ca\/navigateurs\/wp-json\/wp\/v2\/comments?post=914"}],"version-history":[{"count":0,"href":"https:\/\/csstl.gouv.qc.ca\/navigateurs\/wp-json\/wp\/v2\/pages\/914\/revisions"}],"wp:attachment":[{"href":"https:\/\/csstl.gouv.qc.ca\/navigateurs\/wp-json\/wp\/v2\/media?parent=914"}],"curies":[{"name":"wp","href":"https:\/\/api.w.org\/{rel}","templated":true}]}}