{"id":913,"date":"2022-05-25T07:46:31","date_gmt":"2022-05-25T12:46:31","guid":{"rendered":"https:\/\/cs3lacs.wpengine.com\/chene-bleu\/?page_id=913"},"modified":"2026-02-12T11:32:51","modified_gmt":"2026-02-12T16:32:51","slug":"niveaux-etudes","status":"publish","type":"page","link":"https:\/\/csstl.gouv.qc.ca\/navigateurs\/niveaux-etudes\/","title":{"rendered":"Niveaux d&rsquo;\u00e9tudes"},"content":{"rendered":"\n<p>Vous \u00eates invit\u00e9s \u00e0 consulter les planifications annuelles ci-dessous.<\/p>\n\n\n\n<p><a href=\"https:\/\/media.csstl.gouv.qc.ca\/wp-content\/uploads\/sites\/58\/2025\/10\/15123222\/SEC-1_Planif-Annuelle.pdf\" data-type=\"attachment\" data-id=\"1628\" target=\"_blank\" rel=\"noreferrer noopener\">Secondaire 1_Planifications annuelles 25-26<\/a><\/p>\n\n\n\n<p><a href=\"https:\/\/media.csstl.gouv.qc.ca\/wp-content\/uploads\/sites\/58\/2025\/10\/15123224\/SEC-2_Planif-Annuelle.pdf\" data-type=\"attachment\" data-id=\"1629\" target=\"_blank\" rel=\"noreferrer noopener\">Secondaire 2_Planifications annuelles 25-26<\/a><\/p>\n\n\n\n<p><a href=\"https:\/\/media.csstl.gouv.qc.ca\/wp-content\/uploads\/sites\/58\/2025\/10\/15123226\/SEC-3_Planif-Annuelle.pdf\" data-type=\"attachment\" data-id=\"1630\" target=\"_blank\" rel=\"noreferrer noopener\">Secondaire 3_Planifications annuelles 25-26<\/a><\/p>\n\n\n\n<p><a href=\"https:\/\/media.csstl.gouv.qc.ca\/wp-content\/uploads\/sites\/58\/2025\/10\/15123228\/SEC-4_Planif-Annuelle.pdf\" data-type=\"attachment\" data-id=\"1631\" target=\"_blank\" rel=\"noreferrer noopener\">Secondaire 4_Planifications annuelles 25-26<\/a><\/p>\n\n\n\n<p><a href=\"https:\/\/media.csstl.gouv.qc.ca\/wp-content\/uploads\/sites\/58\/2025\/10\/15123230\/SEC-5_Planif-Annuelle.pdf\" data-type=\"attachment\" data-id=\"1632\" target=\"_blank\" rel=\"noreferrer noopener\">Secondaire 5_Planifications annuelles 25-26<\/a><\/p>\n\n\n\n<p>FPT_Planifications annuelles 25-26<\/p>\n\n\n\n<p><\/p>\n\n\n\n<h1 class=\"wp-block-heading\">Orientation scolaire<\/h1>\n\n\n\n<p><strong><a href=\"https:\/\/media.csstl.gouv.qc.ca\/wp-content\/uploads\/sites\/58\/2024\/09\/30094931\/service-dorientation.pdf\" data-type=\"attachment\" data-id=\"1478\" target=\"_blank\" rel=\"noreferrer noopener\">COSP &#8211; CONTENUS EN ORIENTATION SCOLAIRE ET PROFESSIONNELLE<\/a><\/strong><\/p>\n\n\n\n<p><a href=\"https:\/\/media.csstl.gouv.qc.ca\/wp-content\/uploads\/sites\/58\/2026\/02\/12113116\/Passage-postsecondaire.pdf\" data-type=\"attachment\" data-id=\"1668\" target=\"_blank\" rel=\"noreferrer noopener\">Passage postsecondaire &#8211; Rencontre pour les parents de 4e et 5e secondaires<\/a><\/p>\n\n\n\n<h2 class=\"wp-block-heading\"><strong>Liens utiles :<\/strong><\/h2>\n\n\n\n<p>Consulter le relev\u00e9 des apprentissages&nbsp;: <a href=\"https:\/\/can01.safelinks.protection.outlook.com\/?url=https%3A%2F%2Fportail.education.gouv.qc.ca%2Ffr&amp;data=05%7C02%7Cisabelle.lauzon%40csstl.gouv.qc.ca%7C5c9fdded54d44544614408dd0ef884df%7C41cb8ddbfc734894a931aa86e5ee1661%7C0%7C0%7C638683182732554331%7CUnknown%7CTWFpbGZsb3d8eyJFbXB0eU1hcGkiOnRydWUsIlYiOiIwLjAuMDAwMCIsIlAiOiJXaW4zMiIsIkFOIjoiTWFpbCIsIldUIjoyfQ%3D%3D%7C0%7C%7C%7C&amp;sdata=chgF0cFg3rDjvv%2FP7h%2FU0o0MRWCqT2vzkousgPxvLCs%3D&amp;reserved=0\">Connexion aux Services en ligne &#8211; Portail \u00c9ducation<\/a>&nbsp;<\/p>\n\n\n\n<p>Sites web d\u2019information scolaire et professionnelle&nbsp;: <a href=\"https:\/\/can01.safelinks.protection.outlook.com\/?url=https%3A%2F%2Fview.genially.com%2F666c3d024c2e8a00157c7e9e%2Finteractive-content-sites-isep&amp;data=05%7C02%7Cisabelle.lauzon%40csstl.gouv.qc.ca%7C5c9fdded54d44544614408dd0ef884df%7C41cb8ddbfc734894a931aa86e5ee1661%7C0%7C0%7C638683182732599431%7CUnknown%7CTWFpbGZsb3d8eyJFbXB0eU1hcGkiOnRydWUsIlYiOiIwLjAuMDAwMCIsIlAiOiJXaW4zMiIsIkFOIjoiTWFpbCIsIldUIjoyfQ%3D%3D%7C0%7C%7C%7C&amp;sdata=aec8JMItXF2eFs7TbC6SOraTvuzd1lKKLtGmDssM6Ko%3D&amp;reserved=0\">https:\/\/view.genially.com\/666c3d024c2e8a00157c7e9e\/interactive-content-sites-isep<\/a><\/p>\n\n\n\n<p>Aide-m\u00e9moire des services d\u2019orientation 2024-25&nbsp;: <a href=\"https:\/\/can01.safelinks.protection.outlook.com\/?url=https%3A%2F%2Fwww.canva.com%2Fdesign%2FDAGPzxWNCYY%2FCp0s3qvwa0gRroOqIO0eCQ%2Fedit%3Futm_content%3DDAGPzxWNCYY%26utm_campaign%3Ddesignshare%26utm_medium%3Dlink2%26utm_source%3Dsharebutton&amp;data=05%7C02%7Cisabelle.lauzon%40csstl.gouv.qc.ca%7C5c9fdded54d44544614408dd0ef884df%7C41cb8ddbfc734894a931aa86e5ee1661%7C0%7C0%7C638683182732641728%7CUnknown%7CTWFpbGZsb3d8eyJFbXB0eU1hcGkiOnRydWUsIlYiOiIwLjAuMDAwMCIsIlAiOiJXaW4zMiIsIkFOIjoiTWFpbCIsIldUIjoyfQ%3D%3D%7C0%7C%7C%7C&amp;sdata=dmT2EjxIOAmhIolMjAqOgNULTxHim7FVCCh%2BdmvCAfM%3D&amp;reserved=0\" target=\"_blank\" rel=\"noreferrer noopener\">https:\/\/www.canva.com\/design\/DAGPzxWNCYY\/Cp0s3qvwa0gRroOqIO0eCQ\/edit?utm_content=DAGPzxWNCYY&amp;utm_campaign=designshare&amp;utm_medium=link2&amp;utm_source=sharebutton<\/a><\/p>\n\n\n\n<p>C\u00e9geps du Qu\u00e9bec \u2013 Pages web des programmes offerts&nbsp;: <a href=\"https:\/\/can01.safelinks.protection.outlook.com\/?url=https%3A%2F%2Fpadlet.com%2Felizabethperreault%2Fc-geps-du-qu-bec-pages-web-des-programmes-offerts-mkr8ea5rsi67bbke&amp;data=05%7C02%7Cisabelle.lauzon%40csstl.gouv.qc.ca%7C5c9fdded54d44544614408dd0ef884df%7C41cb8ddbfc734894a931aa86e5ee1661%7C0%7C0%7C638683182732675489%7CUnknown%7CTWFpbGZsb3d8eyJFbXB0eU1hcGkiOnRydWUsIlYiOiIwLjAuMDAwMCIsIlAiOiJXaW4zMiIsIkFOIjoiTWFpbCIsIldUIjoyfQ%3D%3D%7C0%7C%7C%7C&amp;sdata=dB3dMTG3%2Bb71qkNNd0FXETBCZ6mLP%2FNEbe2jD2Oartk%3D&amp;reserved=0\" target=\"_blank\" rel=\"noreferrer noopener\">C\u00e9geps du Qu\u00e9bec &#8211; Pages web des programmes offerts<\/a><\/p>\n\n\n\n<p>Pour mieux accompagner votre jeune dans son orientation scolaire et professionnelle&nbsp;: <a href=\"https:\/\/can01.safelinks.protection.outlook.com\/?url=https%3A%2F%2Fespaceparents.org%2F&amp;data=05%7C02%7Cisabelle.lauzon%40csstl.gouv.qc.ca%7C5c9fdded54d44544614408dd0ef884df%7C41cb8ddbfc734894a931aa86e5ee1661%7C0%7C0%7C638683182732706791%7CUnknown%7CTWFpbGZsb3d8eyJFbXB0eU1hcGkiOnRydWUsIlYiOiIwLjAuMDAwMCIsIlAiOiJXaW4zMiIsIkFOIjoiTWFpbCIsIldUIjoyfQ%3D%3D%7C0%7C%7C%7C&amp;sdata=3Tq5heReM9iAkFJDptYTb%2BJlPqCYSFfKvufMxfZabMA%3D&amp;reserved=0\" target=\"_blank\" rel=\"noreferrer noopener\">Espace Parents \u2013 Pour mieux accompagner votre jeune dans son orientation scolaire et professionnelle<\/a><\/p>\n\n\n\n<h2 class=\"wp-block-heading\"><strong>Portes ouvertes des C\u00e9geps membres du SRAM<\/strong><\/h2>\n\n\n\n<ul class=\"wp-block-list\">\n<li><a href=\"https:\/\/can01.safelinks.protection.outlook.com\/?url=https%3A%2F%2Fwww.sram.qc.ca%2Ffr%2Fetudier-au-collegial%2Fportes-ouvertes-des-cegeps-du-sram&amp;data=05%7C02%7Cisabelle.lauzon%40csstl.gouv.qc.ca%7C5c9fdded54d44544614408dd0ef884df%7C41cb8ddbfc734894a931aa86e5ee1661%7C0%7C0%7C638683182732742223%7CUnknown%7CTWFpbGZsb3d8eyJFbXB0eU1hcGkiOnRydWUsIlYiOiIwLjAuMDAwMCIsIlAiOiJXaW4zMiIsIkFOIjoiTWFpbCIsIldUIjoyfQ%3D%3D%7C0%7C%7C%7C&amp;sdata=LD%2BBsq4gXUNWTKIHIPr5cxZNYgpxyz0pvfV9Ef9kZD0%3D&amp;reserved=0\" target=\"_blank\" rel=\"noreferrer noopener\">service r\u00e9gional d&rsquo;admission du montr\u00e9al m\u00e9tropolitain &#8211; Portes ouvertes<\/a><\/li>\n\n\n\n<li><a href=\"https:\/\/media.csstl.gouv.qc.ca\/wp-content\/uploads\/sites\/58\/2025\/11\/21154323\/pub-expoformation.pdf\" data-type=\"attachment\" data-id=\"1641\" target=\"_blank\" rel=\"noreferrer noopener\">expo formation 27 novembre 2025<\/a><\/li>\n<\/ul>\n\n\n\n<p><\/p>\n","protected":false},"excerpt":{"rendered":"<p>Vous \u00eates invit\u00e9s \u00e0 consulter les planifications annuelles ci-dessous. Secondaire 1_Planifications annuelles 25-26 Secondaire 2_Planifications annuelles 25-26 Secondaire 3_Planifications annuelles 25-26 Secondaire 4_Planifications annuelles 25-26 Secondaire 5_Planifications annuelles 25-26 FPT_Planifications annuelles 25-26 Orientation scolaire COSP &#8211; CONTENUS EN ORIENTATION SCOLAIRE ET PROFESSIONNELLE Passage postsecondaire &#8211; Rencontre pour les parents de 4e et 5e secondaires Liens [&hellip;]<\/p>\n","protected":false},"author":4,"featured_media":0,"parent":0,"menu_order":0,"comment_status":"closed","ping_status":"closed","template":"","meta":{"_genesis_hide_title":false,"_genesis_hide_breadcrumbs":false,"_genesis_hide_singular_image":false,"_genesis_hide_footer_widgets":false,"_genesis_custom_body_class":"","_genesis_custom_post_class":"","_genesis_layout":"","footnotes":""},"class_list":{"0":"post-913","1":"page","2":"type-page","3":"status-publish","5":"entry"},"featured_image_src":null,"featured_image_src_square":null,"_links":{"self":[{"href":"https:\/\/csstl.gouv.qc.ca\/navigateurs\/wp-json\/wp\/v2\/pages\/913","targetHints":{"allow":["GET"]}}],"collection":[{"href":"https:\/\/csstl.gouv.qc.ca\/navigateurs\/wp-json\/wp\/v2\/pages"}],"about":[{"href":"https:\/\/csstl.gouv.qc.ca\/navigateurs\/wp-json\/wp\/v2\/types\/page"}],"author":[{"embeddable":true,"href":"https:\/\/csstl.gouv.qc.ca\/navigateurs\/wp-json\/wp\/v2\/users\/4"}],"replies":[{"embeddable":true,"href":"https:\/\/csstl.gouv.qc.ca\/navigateurs\/wp-json\/wp\/v2\/comments?post=913"}],"version-history":[{"count":0,"href":"https:\/\/csstl.gouv.qc.ca\/navigateurs\/wp-json\/wp\/v2\/pages\/913\/revisions"}],"wp:attachment":[{"href":"https:\/\/csstl.gouv.qc.ca\/navigateurs\/wp-json\/wp\/v2\/media?parent=913"}],"curies":[{"name":"wp","href":"https:\/\/api.w.org\/{rel}","templated":true}]}}