{"id":904,"date":"2022-05-24T14:49:52","date_gmt":"2022-05-24T19:49:52","guid":{"rendered":"https:\/\/cs3lacs.wpengine.com\/chene-bleu\/?page_id=904"},"modified":"2026-02-27T15:48:19","modified_gmt":"2026-02-27T20:48:19","slug":"programmes","status":"publish","type":"page","link":"https:\/\/csstl.gouv.qc.ca\/navigateurs\/programmes\/","title":{"rendered":"Programmes"},"content":{"rendered":"\n<p>Vous trouverez ci-dessous tous les renseignements pertinents aux programmes offerts de la 1<sup>re<\/sup>&nbsp;\u00e0 la 5<sup>e<\/sup>&nbsp;ann\u00e9e du secondaire :<\/p>\n\n\n\n<p><a href=\"https:\/\/media.csstl.gouv.qc.ca\/wp-content\/uploads\/sites\/58\/2026\/02\/27154729\/Grille-matiere-26-27-1-1.pdf\" data-type=\"attachment\" data-id=\"1680\" target=\"_blank\" rel=\"noreferrer noopener\">Grille-mati\u00e8res 2026-2027<\/a><\/p>\n\n\n\n<p><\/p>\n\n\n\n<p><\/p>\n\n\n\n<h2 class=\"wp-block-heading\">CHOIX DE COURS 2026-2027<\/h2>\n\n\n\n<p><a href=\"https:\/\/media.csstl.gouv.qc.ca\/wp-content\/uploads\/sites\/58\/2026\/02\/25144843\/CHOIX-DE-COURS-SEC2-vers-3-2026.pdf\" data-type=\"attachment\" data-id=\"1673\" target=\"_blank\" rel=\"noreferrer noopener\">Choix de cours &#8211; 3e secondaire<\/a><\/p>\n\n\n\n<p><a href=\"https:\/\/media.csstl.gouv.qc.ca\/wp-content\/uploads\/sites\/58\/2026\/02\/25144854\/CHOIX-DE-COURS-SEC3-vers-4-2026.pdf\" data-type=\"attachment\" data-id=\"1674\" target=\"_blank\" rel=\"noreferrer noopener\">Choix de cours &#8211; 4e secondaire<\/a><\/p>\n\n\n\n<p>Choix de cours &#8211; 5e secondaire <a href=\"https:\/\/media.csstl.gouv.qc.ca\/wp-content\/uploads\/sites\/58\/2026\/02\/25153534\/CHOIX-DE-COURS-SEC4-VERS-5-2026-p-1-10.pdf\" data-type=\"attachment\" data-id=\"1678\">partie 1<\/a> <a href=\"https:\/\/media.csstl.gouv.qc.ca\/wp-content\/uploads\/sites\/58\/2026\/02\/25153511\/CHOIX-DE-COURS-SEC4-VERS-5-p2.pdf\" data-type=\"attachment\" data-id=\"1676\" target=\"_blank\" rel=\"noreferrer noopener\">partie 2<\/a> <a href=\"https:\/\/media.csstl.gouv.qc.ca\/wp-content\/uploads\/sites\/58\/2026\/02\/25153523\/CHOIX-DE-COURS-SEC4-VERS-5-2026-p-3.pdf\" data-type=\"attachment\" data-id=\"1677\" target=\"_blank\" rel=\"noreferrer noopener\">partie 3<\/a><\/p>\n\n\n\n<p><\/p>\n","protected":false},"excerpt":{"rendered":"<p>Vous trouverez ci-dessous tous les renseignements pertinents aux programmes offerts de la 1re&nbsp;\u00e0 la 5e&nbsp;ann\u00e9e du secondaire : Grille-mati\u00e8res 2026-2027 CHOIX DE COURS 2026-2027 Choix de cours &#8211; 3e secondaire Choix de cours &#8211; 4e secondaire Choix de cours &#8211; 5e secondaire partie 1 partie 2 partie 3<\/p>\n","protected":false},"author":4,"featured_media":0,"parent":0,"menu_order":0,"comment_status":"closed","ping_status":"closed","template":"","meta":{"_genesis_hide_title":false,"_genesis_hide_breadcrumbs":false,"_genesis_hide_singular_image":false,"_genesis_hide_footer_widgets":false,"_genesis_custom_body_class":"","_genesis_custom_post_class":"","_genesis_layout":"","footnotes":""},"class_list":{"0":"post-904","1":"page","2":"type-page","3":"status-publish","5":"entry"},"featured_image_src":null,"featured_image_src_square":null,"_links":{"self":[{"href":"https:\/\/csstl.gouv.qc.ca\/navigateurs\/wp-json\/wp\/v2\/pages\/904","targetHints":{"allow":["GET"]}}],"collection":[{"href":"https:\/\/csstl.gouv.qc.ca\/navigateurs\/wp-json\/wp\/v2\/pages"}],"about":[{"href":"https:\/\/csstl.gouv.qc.ca\/navigateurs\/wp-json\/wp\/v2\/types\/page"}],"author":[{"embeddable":true,"href":"https:\/\/csstl.gouv.qc.ca\/navigateurs\/wp-json\/wp\/v2\/users\/4"}],"replies":[{"embeddable":true,"href":"https:\/\/csstl.gouv.qc.ca\/navigateurs\/wp-json\/wp\/v2\/comments?post=904"}],"version-history":[{"count":0,"href":"https:\/\/csstl.gouv.qc.ca\/navigateurs\/wp-json\/wp\/v2\/pages\/904\/revisions"}],"wp:attachment":[{"href":"https:\/\/csstl.gouv.qc.ca\/navigateurs\/wp-json\/wp\/v2\/media?parent=904"}],"curies":[{"name":"wp","href":"https:\/\/api.w.org\/{rel}","templated":true}]}}