{"id":577,"date":"2019-06-27T08:30:15","date_gmt":"2019-06-27T13:30:15","guid":{"rendered":"http:\/\/cs3lacs.wpengine.com\/chene-bleu\/?page_id=577"},"modified":"2022-10-20T09:30:09","modified_gmt":"2022-10-20T14:30:09","slug":"actualites","status":"publish","type":"page","link":"https:\/\/csstl.gouv.qc.ca\/navigateurs\/actualites\/","title":{"rendered":"Actualit\u00e9s"},"content":{"rendered":"<ul class=\"wp-block-latest-posts__list has-dates wp-block-latest-posts\"><li><a class=\"wp-block-latest-posts__post-title\" href=\"https:\/\/csstl.gouv.qc.ca\/navigateurs\/2026\/03\/reprise-journee-de-la-journee-de-tempete\/\">Reprise de la journ\u00e9e de temp\u00eate du 11 mars 2026<\/a><time datetime=\"2026-03-16T09:02:38-05:00\" class=\"wp-block-latest-posts__post-date\">16 mars 2026<\/time><div class=\"wp-block-latest-posts__post-excerpt\">Veuillez prendre note qu&rsquo;en raison de la fermeture du Centre de services scolaire le 11 mars dernier pour temp\u00eate, la journ\u00e9e p\u00e9dagogique flottante du 7 avril 2026 deviendra un jour de classe jour 5 pour le secondaire.<\/div><\/li>\n<li><a class=\"wp-block-latest-posts__post-title\" href=\"https:\/\/csstl.gouv.qc.ca\/navigateurs\/2026\/03\/fermeture-du-csstl-le-11-mars-report-des-rencontres-de-parents-au-18-mars\/\">Fermeture du CSSTL le 11 mars : Report des rencontres de parents au 18 mars<\/a><time datetime=\"2026-03-10T15:50:07-05:00\" class=\"wp-block-latest-posts__post-date\">10 mars 2026<\/time><div class=\"wp-block-latest-posts__post-excerpt\">Chers parents, Nous venons d&rsquo;\u00eatre avis\u00e9s que le Centre de services scolaire est ferm\u00e9 demain, mercredi 11 mars. Veuillez noter que les rencontres de parents seront donc report\u00e9es au 18 mars prochain. Si vous avez un emp\u00eachement, veuillez annuler votre rendez-vous et communiquer avec l&rsquo;enseignant concern\u00e9 si n\u00e9cessaire. Nous vous remercions de votre collaboration, Communications,\u2026 <a class=\"wp-block-latest-posts__read-more\" href=\"https:\/\/csstl.gouv.qc.ca\/navigateurs\/2026\/03\/fermeture-du-csstl-le-11-mars-report-des-rencontres-de-parents-au-18-mars\/\" rel=\"noopener noreferrer\">Lire la suite\u00a0:<span class=\"screen-reader-text\"> Fermeture du CSSTL le 11 mars : Report des rencontres de parents au 18 mars<\/span><\/a><\/div><\/li>\n<\/ul>","protected":false},"excerpt":{"rendered":"","protected":false},"author":2,"featured_media":0,"parent":0,"menu_order":0,"comment_status":"closed","ping_status":"closed","template":"","meta":{"_genesis_hide_title":false,"_genesis_hide_breadcrumbs":false,"_genesis_hide_singular_image":false,"_genesis_hide_footer_widgets":false,"_genesis_custom_body_class":"","_genesis_custom_post_class":"","_genesis_layout":"","footnotes":""},"class_list":{"0":"post-577","1":"page","2":"type-page","3":"status-publish","5":"entry"},"featured_image_src":null,"featured_image_src_square":null,"_links":{"self":[{"href":"https:\/\/csstl.gouv.qc.ca\/navigateurs\/wp-json\/wp\/v2\/pages\/577","targetHints":{"allow":["GET"]}}],"collection":[{"href":"https:\/\/csstl.gouv.qc.ca\/navigateurs\/wp-json\/wp\/v2\/pages"}],"about":[{"href":"https:\/\/csstl.gouv.qc.ca\/navigateurs\/wp-json\/wp\/v2\/types\/page"}],"author":[{"embeddable":true,"href":"https:\/\/csstl.gouv.qc.ca\/navigateurs\/wp-json\/wp\/v2\/users\/2"}],"replies":[{"embeddable":true,"href":"https:\/\/csstl.gouv.qc.ca\/navigateurs\/wp-json\/wp\/v2\/comments?post=577"}],"version-history":[{"count":0,"href":"https:\/\/csstl.gouv.qc.ca\/navigateurs\/wp-json\/wp\/v2\/pages\/577\/revisions"}],"wp:attachment":[{"href":"https:\/\/csstl.gouv.qc.ca\/navigateurs\/wp-json\/wp\/v2\/media?parent=577"}],"curies":[{"name":"wp","href":"https:\/\/api.w.org\/{rel}","templated":true}]}}