{"id":936,"date":"2022-05-25T09:08:27","date_gmt":"2022-05-25T14:08:27","guid":{"rendered":"https:\/\/cs3lacs.wpengine.com\/marguerite-bourgeoys\/?page_id=936"},"modified":"2025-01-14T15:02:09","modified_gmt":"2025-01-14T20:02:09","slug":"inscription-scolaire","status":"publish","type":"page","link":"https:\/\/csstl.gouv.qc.ca\/marguerite-bourgeoys\/inscription-scolaire\/","title":{"rendered":"Inscription scolaire"},"content":{"rendered":"\n<p>La p\u00e9riode d\u2019inscription scolaire se d\u00e9roulera du 27&nbsp;janvier au 14&nbsp;f\u00e9vrier 2025. Le processus relatif \u00e0 l\u2019inscription des \u00e9l\u00e8ves pour 2025-2026 <strong>se fera par rendez-vous seulement<\/strong>. La prise de rendez-vous se tiendra du 20 au 24&nbsp;janvier 2025.<\/p>\n\n\n\n<p>Afin de vous assurer que vous acheminez votre demande d\u2019inscription \u00e0 l\u2019\u00e9cole desservant bien votre domicile (\u00e9cole d\u00e9sign\u00e9e), nous vous invitons \u00e0 consulter la page <a href=\"https:\/\/geobus.cstrois-lacs.qc.ca\/Pages\/Anonyme\/parents\/page.fr.aspx\">Je cherche mon \u00e9cole<\/a>. Vous pourrez y indiquer votre adresse et vous aurez la confirmation de votre \u00e9cole d\u00e9sign\u00e9e.<\/p>\n\n\n\n<p>Afin de prendre votre rendez-vous, faites un choix parmi les options ci-dessous (inscription au pr\u00e9scolaire 4&nbsp;ans, inscription au pr\u00e9scolaire ou inscription au primaire).<\/p>\n\n\n\n<p>Pour obtenir toute l\u2019information relative \u00e0 l\u2019inscription des \u00e9l\u00e8ves, nous vous invitons \u00e0 consulter le document <em>Crit\u00e8res d\u2019admission et d\u2019inscription des \u00e9l\u00e8ves de 2025-2026<\/em> sur <a href=\"https:\/\/csstl.gouv.qc.ca\/inscription-scolaire\/\">le site Web du Centre de services scolaire des Trois-Lacs.<\/a><\/p>\n\n\n\n<p>Si vous avez des questions concernant le processus relatif \u00e0 l\u2019inscription des \u00e9l\u00e8ves, vous pouvez joindre le secr\u00e9tariat de l\u2019\u00e9cole via la page Nous joindre.<\/p>\n\n\n\n<h2 class=\"wp-block-heading\">Inscription scolaire 2025-2026<\/h2>\n\n\n\n<p>pour prendre rendez-vous allez sur le site de l&rsquo;\u00e9cole  <a href=\"https:\/\/csstl.gouv.qc.ca\/canotiers\/inscription-scolaire\/\">des Canotiers<\/a><\/p>\n\n\n\n<p><\/p>\n","protected":false},"excerpt":{"rendered":"<p>La p\u00e9riode d\u2019inscription scolaire se d\u00e9roulera du 27&nbsp;janvier au 14&nbsp;f\u00e9vrier 2025. Le processus relatif \u00e0 l\u2019inscription des \u00e9l\u00e8ves pour 2025-2026 se fera par rendez-vous seulement. La prise de rendez-vous se tiendra du 20 au 24&nbsp;janvier 2025. Afin de vous assurer que vous acheminez votre demande d\u2019inscription \u00e0 l\u2019\u00e9cole desservant bien votre domicile (\u00e9cole d\u00e9sign\u00e9e), nous [&hellip;]<\/p>\n","protected":false},"author":4,"featured_media":0,"parent":0,"menu_order":0,"comment_status":"closed","ping_status":"closed","template":"","meta":{"_genesis_hide_title":false,"_genesis_hide_breadcrumbs":false,"_genesis_hide_singular_image":false,"_genesis_hide_footer_widgets":false,"_genesis_custom_body_class":"","_genesis_custom_post_class":"","_genesis_layout":"","footnotes":""},"class_list":{"0":"post-936","1":"page","2":"type-page","3":"status-publish","5":"entry"},"featured_image_src":null,"featured_image_src_square":null,"_links":{"self":[{"href":"https:\/\/csstl.gouv.qc.ca\/marguerite-bourgeoys\/wp-json\/wp\/v2\/pages\/936","targetHints":{"allow":["GET"]}}],"collection":[{"href":"https:\/\/csstl.gouv.qc.ca\/marguerite-bourgeoys\/wp-json\/wp\/v2\/pages"}],"about":[{"href":"https:\/\/csstl.gouv.qc.ca\/marguerite-bourgeoys\/wp-json\/wp\/v2\/types\/page"}],"author":[{"embeddable":true,"href":"https:\/\/csstl.gouv.qc.ca\/marguerite-bourgeoys\/wp-json\/wp\/v2\/users\/4"}],"replies":[{"embeddable":true,"href":"https:\/\/csstl.gouv.qc.ca\/marguerite-bourgeoys\/wp-json\/wp\/v2\/comments?post=936"}],"version-history":[{"count":0,"href":"https:\/\/csstl.gouv.qc.ca\/marguerite-bourgeoys\/wp-json\/wp\/v2\/pages\/936\/revisions"}],"wp:attachment":[{"href":"https:\/\/csstl.gouv.qc.ca\/marguerite-bourgeoys\/wp-json\/wp\/v2\/media?parent=936"}],"curies":[{"name":"wp","href":"https:\/\/api.w.org\/{rel}","templated":true}]}}