{"id":746,"date":"2019-11-28T14:55:59","date_gmt":"2019-11-28T19:55:59","guid":{"rendered":"https:\/\/cs3lacs.wpengine.com\/leopold-carriere\/?page_id=746"},"modified":"2025-07-04T09:06:32","modified_gmt":"2025-07-04T14:06:32","slug":"portrait","status":"publish","type":"page","link":"https:\/\/csstl.gouv.qc.ca\/leopold-carriere\/portrait\/","title":{"rendered":"Portrait"},"content":{"rendered":"<div class=\"wp-block-image\">\n<figure class=\"alignright size-full is-resized\"><img loading=\"lazy\" decoding=\"async\" width=\"300\" height=\"201\" src=\"https:\/\/media.csstl.gouv.qc.ca\/wp-content\/uploads\/sites\/44\/2022\/11\/25145947\/Leopold-Carriere_petite-1.jpg\" alt=\"\" class=\"wp-image-1131\" style=\"width:386px;height:258px\" \/><\/figure>\n<\/div>\n\n\n<p><\/p>\n\n\n\n<p>Nous vous souhaitons la bienvenue sur le site de l\u2019\u00e9cole L\u00e9opold- Carri\u00e8re. Cette ann\u00e9e, nous pr\u00e9voyons accueillir environ 467 \u00e9l\u00e8ves qui chemineront dans les classes de pr\u00e9scolaire 5 ans \u00e0 la 6\u1d49 ann\u00e9e en plus de nos deux classes Bleue pour les \u00e9l\u00e8ves ayant un TSA. Sur ce site, vous trouverez plusieurs informations utiles concernant la vie scolaire de votre ou vos enfants.<\/p>\n\n\n\n<p>Vous pouvez entre autres consulter le projet \u00e9ducatif de l\u2019\u00e9cole, les documents en lien avec notre conseil d\u2019\u00e9tablissement, les informations sur le service de garde, les activit\u00e9s organis\u00e9es par l\u2019OPP, etc. Puisque le site sera mis \u00e0 jour et bonifi\u00e9 tout au long de l\u2019ann\u00e9e, nous vous invitons \u00e0 le consulter r\u00e9guli\u00e8rement.<\/p>\n\n\n\n<p>Le respect, la bienveillance et l\u2019engagement sont les valeurs qui guident les \u00e9l\u00e8ves et le personnel de notre \u00e9cole. L\u2019\u00e9quipe de L\u00e9opold-Carri\u00e8re est engag\u00e9e dans l\u2019harmonisation de ses pratiques novatrices afin de guider tous les \u00e9l\u00e8ves vers la r\u00e9ussite et assurer un climat favorisant le bien-\u00eatre de tous.<\/p>\n\n\n\n<p>La collaboration avec les familles et la communaut\u00e9 est essentielle \u00e0 l\u2019atteinte de notre mission. Vous \u00eates donc invit\u00e9s chaleureusement \u00e0 faire partie de notre grande aventure.<\/p>\n\n\n\n<p>Bonne ann\u00e9e scolaire!<\/p>\n\n\n\n<p>Catherine Godin-Proulx et Marie-Pier D\u00e9nomm\u00e9e, \u00e9quipe de direction<\/p>\n","protected":false},"excerpt":{"rendered":"<p>Nous vous souhaitons la bienvenue sur le site de l\u2019\u00e9cole L\u00e9opold- Carri\u00e8re. Cette ann\u00e9e, nous pr\u00e9voyons accueillir environ 467 \u00e9l\u00e8ves qui chemineront dans les classes de pr\u00e9scolaire 5 ans \u00e0 la 6\u1d49 ann\u00e9e en plus de nos deux classes Bleue pour les \u00e9l\u00e8ves ayant un TSA. Sur ce site, vous trouverez plusieurs informations utiles concernant [&hellip;]<\/p>\n","protected":false},"author":4,"featured_media":0,"parent":0,"menu_order":0,"comment_status":"closed","ping_status":"closed","template":"","meta":{"_genesis_hide_title":false,"_genesis_hide_breadcrumbs":false,"_genesis_hide_singular_image":false,"_genesis_hide_footer_widgets":false,"_genesis_custom_body_class":"","_genesis_custom_post_class":"","_genesis_layout":"","footnotes":""},"class_list":{"0":"post-746","1":"page","2":"type-page","3":"status-publish","5":"entry"},"featured_image_src":null,"featured_image_src_square":null,"_links":{"self":[{"href":"https:\/\/csstl.gouv.qc.ca\/leopold-carriere\/wp-json\/wp\/v2\/pages\/746","targetHints":{"allow":["GET"]}}],"collection":[{"href":"https:\/\/csstl.gouv.qc.ca\/leopold-carriere\/wp-json\/wp\/v2\/pages"}],"about":[{"href":"https:\/\/csstl.gouv.qc.ca\/leopold-carriere\/wp-json\/wp\/v2\/types\/page"}],"author":[{"embeddable":true,"href":"https:\/\/csstl.gouv.qc.ca\/leopold-carriere\/wp-json\/wp\/v2\/users\/4"}],"replies":[{"embeddable":true,"href":"https:\/\/csstl.gouv.qc.ca\/leopold-carriere\/wp-json\/wp\/v2\/comments?post=746"}],"version-history":[{"count":0,"href":"https:\/\/csstl.gouv.qc.ca\/leopold-carriere\/wp-json\/wp\/v2\/pages\/746\/revisions"}],"wp:attachment":[{"href":"https:\/\/csstl.gouv.qc.ca\/leopold-carriere\/wp-json\/wp\/v2\/media?parent=746"}],"curies":[{"name":"wp","href":"https:\/\/api.w.org\/{rel}","templated":true}]}}