{"id":481,"date":"2019-06-18T13:48:46","date_gmt":"2019-06-18T18:48:46","guid":{"rendered":"http:\/\/cs3lacs.wpengine.com\/leopold-carriere\/?page_id=481"},"modified":"2026-01-14T09:21:37","modified_gmt":"2026-01-14T14:21:37","slug":"service-de-garde","status":"publish","type":"page","link":"https:\/\/csstl.gouv.qc.ca\/leopold-carriere\/service-de-garde\/","title":{"rendered":"Service de garde"},"content":{"rendered":"\n<p>Pour toutes informations concernant le service de garde merci de communiquer avec <strong>madame Nadia H\u00e9mond,&nbsp;technicienne responsable. <\/strong><\/p>\n\n\n\n<ul class=\"wp-block-list\">\n<li>T\u00e9l\u00e9phone : 450 267-9233, poste 2<\/li>\n<\/ul>\n\n\n\n<h2 class=\"wp-block-heading\">Documents<\/h2>\n\n\n\n<ul class=\"wp-block-list\">\n<li><a href=\"https:\/\/media.csstl.gouv.qc.ca\/wp-content\/uploads\/sites\/44\/2025\/10\/06084744\/Politiques-et-reglements-des-SDG-LC_CSSTL_-18-09-25.pdf\">R\u00e9gie interne | R\u00e8gles de fonctionnement<\/a><\/li>\n\n\n\n<li><\/li>\n<\/ul>\n\n\n\n<h2 class=\"wp-block-heading\">Horaire<\/h2>\n\n\n\n<ul class=\"wp-block-list\">\n<li>Du lundi au vendredi de 6 h30 \u00e0 18 h<\/li>\n<\/ul>\n\n\n\n<h2 class=\"wp-block-heading\">Changement \u00e0 l&rsquo;horaire<\/h2>\n\n\n\n<p>Pour \u00e9viter toute situation d\u00e9sagr\u00e9able, il est obligatoire de nous aviser de tout changement concernant votre enfant: pr\u00e9sence ou absence en contactant l&rsquo;\u00e9cole.<\/p>\n\n\n\n<p>Si votre enfant doit quitter le service de garde \u00e0 pied, en v\u00e9lo ou avec une autre personne, nous vous demandons de nous pr\u00e9venir par t\u00e9l\u00e9phone ou par \u00e9crit avant 11 h AM.<\/p>\n\n\n\n<p>Il est important d&rsquo;aviser une \u00e9ducatrice lorsque vous venez chercher votre enfant et vous devez signer les feuilles de d\u00e9part sur le babillard \u00e0 l&rsquo;entr\u00e9e du service de garde.<\/p>\n\n\n\n<h2 class=\"wp-block-heading\">\u00c9ducatrices<\/h2>\n\n\n\n<ul class=\"wp-block-list\">\n<li>Technicienne SDG                        Nadia H\u00e9mond<\/li>\n\n\n\n<li>Classe principale SDG                  Corinne Lenique<\/li>\n\n\n\n<li>\u00c9ducatrice service de garde         <\/li>\n\n\n\n<li>Nacera Aoudia<\/li>\n\n\n\n<li>Dani\u00e8le Barbosa<\/li>\n\n\n\n<li>Julie Breton<\/li>\n\n\n\n<li>Kiana Brideau<\/li>\n\n\n\n<li>Sarah Newman (Myl\u00e8ne Cayer)<\/li>\n\n\n\n<li>Jasminy C\u00f4t\u00e9 Joly<\/li>\n\n\n\n<li>Cynthia Demers<\/li>\n\n\n\n<li>Simon Roy (Marie-\u00c8ve Dion)<\/li>\n\n\n\n<li>Samira Diraa<\/li>\n\n\n\n<li>Judy Ann Kane<\/li>\n\n\n\n<li>Kendra Mathieu<\/li>\n\n\n\n<li>\u00c9milie Pilon<\/li>\n\n\n\n<li>Roselyne Leduc<\/li>\n\n\n\n<li>Jade Robillard<\/li>\n\n\n\n<li>Chantal Turner (Simon Roy)<\/li>\n\n\n\n<li>Chantal St-Amour-Cauchon<\/li>\n\n\n\n<li>Ariane Prud\u2019homme<\/li>\n\n\n\n<li>(Chantal Zibrowski)<\/li>\n\n\n\n<li>Surveillantes de d\u00eener<\/li>\n\n\n\n<li>Nathalie Bissonnette<\/li>\n\n\n\n<li>H\u00e9l\u00e8ne De S\u00e8ve<\/li>\n\n\n\n<li>Sophie Jolicoeur<\/li>\n\n\n\n<li>Maryse Fraser<\/li>\n\n\n\n<li>Lilou Levasseur<\/li>\n<\/ul>\n","protected":false},"excerpt":{"rendered":"<p>Pour toutes informations concernant le service de garde merci de communiquer avec madame Nadia H\u00e9mond,&nbsp;technicienne responsable. Documents Horaire Changement \u00e0 l&rsquo;horaire Pour \u00e9viter toute situation d\u00e9sagr\u00e9able, il est obligatoire de nous aviser de tout changement concernant votre enfant: pr\u00e9sence ou absence en contactant l&rsquo;\u00e9cole. Si votre enfant doit quitter le service de garde \u00e0 pied, [&hellip;]<\/p>\n","protected":false},"author":2,"featured_media":0,"parent":0,"menu_order":0,"comment_status":"closed","ping_status":"closed","template":"","meta":{"_genesis_hide_title":false,"_genesis_hide_breadcrumbs":false,"_genesis_hide_singular_image":false,"_genesis_hide_footer_widgets":false,"_genesis_custom_body_class":"","_genesis_custom_post_class":"","_genesis_layout":"","footnotes":""},"class_list":{"0":"post-481","1":"page","2":"type-page","3":"status-publish","5":"entry"},"featured_image_src":null,"featured_image_src_square":null,"_links":{"self":[{"href":"https:\/\/csstl.gouv.qc.ca\/leopold-carriere\/wp-json\/wp\/v2\/pages\/481","targetHints":{"allow":["GET"]}}],"collection":[{"href":"https:\/\/csstl.gouv.qc.ca\/leopold-carriere\/wp-json\/wp\/v2\/pages"}],"about":[{"href":"https:\/\/csstl.gouv.qc.ca\/leopold-carriere\/wp-json\/wp\/v2\/types\/page"}],"author":[{"embeddable":true,"href":"https:\/\/csstl.gouv.qc.ca\/leopold-carriere\/wp-json\/wp\/v2\/users\/2"}],"replies":[{"embeddable":true,"href":"https:\/\/csstl.gouv.qc.ca\/leopold-carriere\/wp-json\/wp\/v2\/comments?post=481"}],"version-history":[{"count":0,"href":"https:\/\/csstl.gouv.qc.ca\/leopold-carriere\/wp-json\/wp\/v2\/pages\/481\/revisions"}],"wp:attachment":[{"href":"https:\/\/csstl.gouv.qc.ca\/leopold-carriere\/wp-json\/wp\/v2\/media?parent=481"}],"curies":[{"name":"wp","href":"https:\/\/api.w.org\/{rel}","templated":true}]}}