{"id":1464,"date":"2026-01-15T11:41:54","date_gmt":"2026-01-15T16:41:54","guid":{"rendered":"https:\/\/csstl.gouv.qc.ca\/leopold-carriere\/?page_id=1464"},"modified":"2026-01-15T12:09:11","modified_gmt":"2026-01-15T17:09:11","slug":"personnel","status":"publish","type":"page","link":"https:\/\/csstl.gouv.qc.ca\/leopold-carriere\/personnel\/","title":{"rendered":"Personnel"},"content":{"rendered":"\n<h2 class=\"wp-block-heading\">Direction<\/h2>\n\n\n\n<ul class=\"wp-block-list\">\n<li>Catherine Godin-Proulx<\/li>\n\n\n\n<li>Marie-Pier D\u00e9nomm\u00e9e, direction adjointe<\/li>\n<\/ul>\n\n\n\n<h2 class=\"wp-block-heading\">Secr\u00e9tariat<\/h2>\n\n\n\n<ul class=\"wp-block-list\">\n<li>Sonia Paquin et Huguette Sauv\u00e9<\/li>\n<\/ul>\n\n\n\n<h2 class=\"wp-block-heading\">Entretien<\/h2>\n\n\n\n<ul class=\"wp-block-list\">\n<li>Christian Grenier (jour)<\/li>\n\n\n\n<li>Jos\u00e9e Guilbeault (soir)<\/li>\n<\/ul>\n\n\n\n<h2 class=\"wp-block-heading\">Enseignant(e)s<\/h2>\n\n\n\n<h3 class=\"wp-block-heading\">Pr\u00e9scolaire <\/h3>\n\n\n\n<ul class=\"wp-block-list\">\n<li>001 | Genevi\u00e8ve B\u00e9dard<\/li>\n\n\n\n<li>002 | Lysiane Duclos<\/li>\n\n\n\n<li>003 | Isabelle Quesnel<\/li>\n\n\n\n<li>004 | Audrey Desjardins<\/li>\n<\/ul>\n\n\n\n<h3 class=\"wp-block-heading\">1\u00e8re ann\u00e9e<\/h3>\n\n\n\n<ul class=\"wp-block-list\">\n<li>101 | Isabelle Bourbonnais<\/li>\n\n\n\n<li>102 | Simon-Fran\u00e7ois Rochette<\/li>\n\n\n\n<li>103 | Isabelle Blackburn<\/li>\n\n\n\n<li>104 | M\u00e9lodie Leroux<\/li>\n<\/ul>\n\n\n\n<h3 class=\"wp-block-heading\">2e ann\u00e9e<\/h3>\n\n\n\n<ul class=\"wp-block-list\">\n<li>201 | St\u00e9phanie Masse<\/li>\n\n\n\n<li>202 | Claudia Lemay<\/li>\n\n\n\n<li>203 | Isabel Boily<\/li>\n<\/ul>\n\n\n\n<h3 class=\"wp-block-heading\">3e ann\u00e9e<\/h3>\n\n\n\n<ul class=\"wp-block-list\">\n<li>301    | Val\u00e9rie O&rsquo; Leary<\/li>\n\n\n\n<li>303    | \u00c9milie Gagner<\/li>\n\n\n\n<li>304    | M\u00e9lissa Boulanger<\/li>\n<\/ul>\n\n\n\n<h3 class=\"wp-block-heading\">4e ann\u00e9e<\/h3>\n\n\n\n<ul class=\"wp-block-list\">\n<li>401 | Andr\u00e9ane Savard &amp; Samya Comeau-Iaroud (Marie-Christine Gascon)<\/li>\n\n\n\n<li>403 | Isabelle Pinard<\/li>\n\n\n\n<li>404 | M\u00e9lissa Boulanger<\/li>\n<\/ul>\n\n\n\n<h3 class=\"wp-block-heading\">5e ann\u00e9e<\/h3>\n\n\n\n<ul class=\"wp-block-list\">\n<li>501 | Marie-Eve Boisvert<\/li>\n\n\n\n<li>502 | Marianne Barab\u00e9e-St-Yves<\/li>\n\n\n\n<li>503 | Caroline Plante<\/li>\n<\/ul>\n\n\n\n<h3 class=\"wp-block-heading\">6e ann\u00e9e<\/h3>\n\n\n\n<ul class=\"wp-block-list\">\n<li>601 | M\u00e9lanie Meloche<\/li>\n\n\n\n<li>602 | Marilyn De Montigny<\/li>\n\n\n\n<li>603 | Jo\u00eblle B\u00e9riault<\/li>\n<\/ul>\n\n\n\n<h3 class=\"wp-block-heading\">Classes TSA<\/h3>\n\n\n\n<ul class=\"wp-block-list\">\n<li>702 | Claudia Goyer (Andr\u00e9ane Savard)<\/li>\n\n\n\n<li>703 | M\u00e9lanie Ainsley-Laurent<\/li>\n<\/ul>\n\n\n\n<h2 class=\"wp-block-heading\">Enseignant(e)s &#8211; Sp\u00e9cialistes<\/h2>\n\n\n\n<ul class=\"wp-block-list\">\n<li>Musique | Vincent Bourgeois<\/li>\n\n\n\n<li>Anglais | V\u00e9ronik Fournier et Nevine Mohammed<\/li>\n\n\n\n<li>\u00c9ducation Physique | Patrick Gagn\u00e9, Jessica Bazin, L\u00e9a Duval<\/li>\n\n\n\n<li>Orthop\u00e9dagogue | Andr\u00e9 Blais, Claude Lamoureux et Alison Lampkin<\/li>\n<\/ul>\n\n\n\n<h2 class=\"wp-block-heading\">TES (technicienne en \u00e9ducation sp\u00e9cialis\u00e9)<\/h2>\n\n\n\n<ul class=\"wp-block-list\">\n<li>Camille Arseneault<\/li>\n\n\n\n<li>Am\u00e9lie Prieur (Catherine Dub\u00e9)<\/li>\n\n\n\n<li>Maxime Gallant<\/li>\n\n\n\n<li>Maryel Lefebvre Leduc<\/li>\n\n\n\n<li>M\u00e9lanie Leroux<\/li>\n\n\n\n<li>\u00c9ric Charbonneau (M\u00e9lodie Mc Sween)<\/li>\n<\/ul>\n\n\n\n<h2 class=\"wp-block-heading\">PEH (pr\u00e9pos\u00e9 aux \u00e9l\u00e8ves handicap\u00e9s)<\/h2>\n\n\n\n<ul class=\"wp-block-list\">\n<li>M\u00e9lissa Marcotte-Lacombe <\/li>\n\n\n\n<li>Annie Duperron<\/li>\n\n\n\n<li>Sylvie Fournier-Goulet<\/li>\n\n\n\n<li>Brigitte Glorieux<\/li>\n<\/ul>\n\n\n\n<h2 class=\"wp-block-heading\">Professionnels<\/h2>\n\n\n\n<ul class=\"wp-block-list\">\n<li>Chlo\u00e9 Landry-Mancini<\/li>\n\n\n\n<li>Sophie Fortin<\/li>\n\n\n\n<li>Carolyne S\u00e9guin<\/li>\n\n\n\n<li>France Gabrion<\/li>\n\n\n\n<li>Laurence Lalonde<\/li>\n\n\n\n<li>Marie-Christine Desforges<\/li>\n<\/ul>\n\n\n\n<h2 class=\"wp-block-heading\">Service de garde et aide \u00e0 la classe<\/h2>\n\n\n\n<ul class=\"wp-block-list\">\n<li>Nadia \u00c9mond, Technicienne<\/li>\n\n\n\n<li>Corinne Lenique, Classe principale<\/li>\n\n\n\n<li>Nacera Aoudia, \u00c9ducatrice<\/li>\n\n\n\n<li>Dani\u00e8le Barbosa, \u00c9ducatrice<\/li>\n\n\n\n<li>Julie Breton, \u00c9ducatrice<\/li>\n\n\n\n<li>Kiana Brideau, \u00c9ducatrice<\/li>\n\n\n\n<li>Sarah Newman, \u00c9ducatrice<\/li>\n\n\n\n<li>Jasminy C\u00f4t\u00e9 Joly, \u00c9ducatrice<\/li>\n\n\n\n<li>Samira Diraa, \u00c9ducatrice<\/li>\n\n\n\n<li>Judy Ann Kane, \u00c9ducatrice<\/li>\n\n\n\n<li>Kendra Mathieu, \u00c9ducatrice<\/li>\n\n\n\n<li>\u00c9milie Pilon, \u00c9ducatrice<\/li>\n\n\n\n<li>Roselyne Leduc, \u00c9ducatrice<\/li>\n\n\n\n<li>Jade Robillard, \u00c9ducatrice<\/li>\n\n\n\n<li>Chantal Turner, \u00c9ducatrice<\/li>\n\n\n\n<li>Chantal St-Amour Cauchon, \u00c9ducatrice<\/li>\n\n\n\n<li>Ariane Prud&rsquo;Homme, \u00c9ducatrice<\/li>\n\n\n\n<li>Simon Roy, \u00c9ducateur<\/li>\n<\/ul>\n\n\n\n<h2 class=\"wp-block-heading\">Surveillance du d\u00eener<\/h2>\n\n\n\n<ul class=\"wp-block-list\">\n<li>Nathalie Bissonnette<\/li>\n\n\n\n<li>H\u00e9l\u00e8ne De S\u00e8ve<\/li>\n\n\n\n<li>Sophie Jolicoeur<\/li>\n\n\n\n<li>Maryse Fraser<\/li>\n\n\n\n<li>Lilou Levasseur<\/li>\n<\/ul>\n\n\n\n<p><\/p>\n","protected":false},"excerpt":{"rendered":"<p>Direction Secr\u00e9tariat Entretien Enseignant(e)s Pr\u00e9scolaire 1\u00e8re ann\u00e9e 2e ann\u00e9e 3e ann\u00e9e 4e ann\u00e9e 5e ann\u00e9e 6e ann\u00e9e Classes TSA Enseignant(e)s &#8211; Sp\u00e9cialistes TES (technicienne en \u00e9ducation sp\u00e9cialis\u00e9) PEH (pr\u00e9pos\u00e9 aux \u00e9l\u00e8ves handicap\u00e9s) Professionnels Service de garde et aide \u00e0 la classe Surveillance du d\u00eener<\/p>\n","protected":false},"author":122,"featured_media":0,"parent":0,"menu_order":0,"comment_status":"closed","ping_status":"closed","template":"","meta":{"_genesis_hide_title":false,"_genesis_hide_breadcrumbs":false,"_genesis_hide_singular_image":false,"_genesis_hide_footer_widgets":false,"_genesis_custom_body_class":"","_genesis_custom_post_class":"","_genesis_layout":"","footnotes":""},"class_list":{"0":"post-1464","1":"page","2":"type-page","3":"status-publish","5":"entry"},"featured_image_src":null,"featured_image_src_square":null,"_links":{"self":[{"href":"https:\/\/csstl.gouv.qc.ca\/leopold-carriere\/wp-json\/wp\/v2\/pages\/1464","targetHints":{"allow":["GET"]}}],"collection":[{"href":"https:\/\/csstl.gouv.qc.ca\/leopold-carriere\/wp-json\/wp\/v2\/pages"}],"about":[{"href":"https:\/\/csstl.gouv.qc.ca\/leopold-carriere\/wp-json\/wp\/v2\/types\/page"}],"author":[{"embeddable":true,"href":"https:\/\/csstl.gouv.qc.ca\/leopold-carriere\/wp-json\/wp\/v2\/users\/122"}],"replies":[{"embeddable":true,"href":"https:\/\/csstl.gouv.qc.ca\/leopold-carriere\/wp-json\/wp\/v2\/comments?post=1464"}],"version-history":[{"count":0,"href":"https:\/\/csstl.gouv.qc.ca\/leopold-carriere\/wp-json\/wp\/v2\/pages\/1464\/revisions"}],"wp:attachment":[{"href":"https:\/\/csstl.gouv.qc.ca\/leopold-carriere\/wp-json\/wp\/v2\/media?parent=1464"}],"curies":[{"name":"wp","href":"https:\/\/api.w.org\/{rel}","templated":true}]}}