{"id":10,"date":"2019-02-06T13:15:15","date_gmt":"2019-02-06T13:15:15","guid":{"rendered":"http:\/\/cs3lacs.wpengine.com\/leopold-carriere\/?page_id=10"},"modified":"2026-01-15T13:29:25","modified_gmt":"2026-01-15T18:29:25","slug":"conseil-detablissement","status":"publish","type":"page","link":"https:\/\/csstl.gouv.qc.ca\/leopold-carriere\/conseil-detablissement\/","title":{"rendered":"Conseil d&rsquo;\u00e9tablissement"},"content":{"rendered":"\n<p>Le conseil d&rsquo;\u00e9tablissement est l&rsquo;endroit o\u00f9 sont approuv\u00e9s, adopt\u00e9s et discut\u00e9s plusieurs sujets qui touchent la vie de l&rsquo;\u00e9l\u00e8ve \u00e0 l&rsquo;\u00e9cole.&nbsp; Du projet \u00e9ducatif au budget de l&rsquo;\u00e9cole,&nbsp;12 personnes (6 parents et&nbsp;6 membres du personnel de l&rsquo;\u00e9cole) en compagnie de la direction se rencontrent r\u00e9guli\u00e8rement et prennent les d\u00e9cisions dans le meilleur int\u00e9r\u00eat de l&rsquo;\u00e9l\u00e8ve.<\/p>\n\n\n\n<p>Les s\u00e9ances \u00e9tant publique, vous pouvez communiquer avec l\u2019\u00e9cole via le <a href=\"https:\/\/csstl.gouv.qc.ca\/leopold-carriere\/nous-joindre\/\" data-type=\"URL\" data-id=\"https:\/\/csstl.gouv.qc.ca\/leopold-carriere\/nous-joindre\/\" target=\"_blank\" rel=\"noreferrer noopener\">formulaire qui se trouve sur la page Nous joindre<\/a> afin de connaitre les modalit\u00e9s de rencontres (pr\u00e9sentiel ou TEAMS).<\/p>\n\n\n\n<ul class=\"wp-block-list\">\n<li><a rel=\"noreferrer noopener\" href=\"https:\/\/media.csstl.gouv.qc.ca\/wp-content\/uploads\/sites\/44\/2022\/11\/25091421\/Document-dInformation-CE.pdf\" target=\"_blank\">Document d&rsquo;informations C\u00c9<\/a><\/li>\n\n\n\n<li><a href=\"https:\/\/media.csstl.gouv.qc.ca\/wp-content\/uploads\/sites\/44\/2022\/11\/25094413\/Role-des-parents-OPP-CE.pdf\" target=\"_blank\" rel=\"noreferrer noopener\">Implication des parents OPP<\/a><\/li>\n<\/ul>\n\n\n\n<p><strong><span style=\"color: var(--stk-global-color-26594, #000000)\" class=\"stk-highlight\">L&rsquo;assembl\u00e9e g\u00e9n\u00e9rale pour l&rsquo;ann\u00e9e 2025-2026 aura lieu le lundi 8 septembre \u00e0 19 h dans l<\/span>a salle Multi<\/strong> <strong>(local C111 AA).<\/strong><\/p>\n\n\n\n<h2 class=\"wp-block-heading\">Membre du conseil et mandats 2025-2026<\/h2>\n\n\n\n<ul class=\"wp-block-list\">\n<li><\/li>\n<\/ul>\n\n\n\n<h2 class=\"wp-block-heading\">Calendrier des r\u00e9unions de l&rsquo;ann\u00e9e scolaire 2025-2026<\/h2>\n\n\n\n<p>Les r\u00e9unions du conseil d&rsquo;\u00e9tablissement se d\u00e9roule le 8 septembre 2025 de 19 h \u00e0 21 h aux dates suivantes :<\/p>\n\n\n\n<ul class=\"wp-block-list\">\n<li>Lundi, 6 octobre 2025<\/li>\n\n\n\n<li>Lundi, 24 novembre 2025<\/li>\n\n\n\n<li>Lundi, 2 f\u00e9vrier 2026<\/li>\n\n\n\n<li>Lundi, 23 mars 2026<\/li>\n\n\n\n<li>Lundi, 27 avril 2026<\/li>\n\n\n\n<li>Lundi, 25 mai 2026<\/li>\n\n\n\n<li>Lundi, 15 juin 2026 \u00e0 17 h 30<\/li>\n<\/ul>\n\n\n\n<h2 class=\"wp-block-heading\">Proc\u00e8s-verbal<\/h2>\n\n\n\n<ul class=\"wp-block-list\">\n<li><a href=\"https:\/\/media.csstl.gouv.qc.ca\/wp-content\/uploads\/sites\/44\/2025\/04\/16094658\/PV-2024-09-24-pdf.jpg\">Proc\u00e8s-verbal &#8211; septembre 2024<\/a><\/li>\n\n\n\n<li><a href=\"https:\/\/media.csstl.gouv.qc.ca\/wp-content\/uploads\/sites\/44\/2025\/04\/16094842\/PV-2024-12-09-pdf.jpg\">Proc\u00e8s-verbal &#8211; d\u00e9cembre 2024<\/a><\/li>\n\n\n\n<li><a href=\"https:\/\/media.csstl.gouv.qc.ca\/wp-content\/uploads\/sites\/44\/2025\/04\/16095124\/PV-2025-02-03-pdf.jpg\">Proc\u00e8s-verbal &#8211; f\u00e9vrier 2025<\/a><\/li>\n\n\n\n<li><a href=\"https:\/\/media.csstl.gouv.qc.ca\/wp-content\/uploads\/sites\/44\/2025\/07\/02130411\/PV-2025-03-24-pdf.jpg\">Proc\u00e8s-verbal &#8211; mars 2025<\/a><\/li>\n\n\n\n<li><a href=\"https:\/\/media.csstl.gouv.qc.ca\/wp-content\/uploads\/sites\/44\/2025\/07\/02130557\/PV-2025-05-26.pdf\">Proc\u00e8s-verbal &#8211; Mai 2025<\/a><\/li>\n\n\n\n<li><a href=\"https:\/\/media.csstl.gouv.qc.ca\/wp-content\/uploads\/sites\/44\/2026\/01\/15131950\/PV-2024-06-16.pdf\">Proc\u00e8s-verbal &#8211; Juin 2025<\/a><\/li>\n\n\n\n<li><a href=\"https:\/\/media.csstl.gouv.qc.ca\/wp-content\/uploads\/sites\/44\/2026\/01\/15132755\/PV-2025-10-06.pdf\">Proc\u00e8s-verbal &#8211; Octobre 2025<\/a><\/li>\n\n\n\n<li><a href=\"https:\/\/media.csstl.gouv.qc.ca\/wp-content\/uploads\/sites\/44\/2025\/09\/03141121\/Avis-de-convocation-AG-2025.pdf\">Avis<\/a><\/li>\n<\/ul>\n\n\n\n<h2 class=\"wp-block-heading\">Rapport annuel<\/h2>\n\n\n\n<ul class=\"wp-block-list\">\n<li><a href=\"https:\/\/media.csstl.gouv.qc.ca\/wp-content\/uploads\/sites\/44\/2025\/09\/03134515\/Rapport-annuel-des-etablissements-2024-2025.pdf\">Ann\u00e9e 2024-2025<\/a><\/li>\n\n\n\n<li><a href=\"https:\/\/media.csstl.gouv.qc.ca\/wp-content\/uploads\/sites\/44\/2025\/04\/24132617\/8.-Rapport-annuel-des-etablissements-2023-2024.pdf\">Ann\u00e9e 2023-2024<\/a><\/li>\n<\/ul>\n\n\n\n<p><\/p>\n","protected":false},"excerpt":{"rendered":"<p>Le conseil d&rsquo;\u00e9tablissement est l&rsquo;endroit o\u00f9 sont approuv\u00e9s, adopt\u00e9s et discut\u00e9s plusieurs sujets qui touchent la vie de l&rsquo;\u00e9l\u00e8ve \u00e0 l&rsquo;\u00e9cole.&nbsp; Du projet \u00e9ducatif au budget de l&rsquo;\u00e9cole,&nbsp;12 personnes (6 parents et&nbsp;6 membres du personnel de l&rsquo;\u00e9cole) en compagnie de la direction se rencontrent r\u00e9guli\u00e8rement et prennent les d\u00e9cisions dans le meilleur int\u00e9r\u00eat de l&rsquo;\u00e9l\u00e8ve. [&hellip;]<\/p>\n","protected":false},"author":2,"featured_media":0,"parent":0,"menu_order":11,"comment_status":"closed","ping_status":"closed","template":"","meta":{"_genesis_hide_title":false,"_genesis_hide_breadcrumbs":false,"_genesis_hide_singular_image":false,"_genesis_hide_footer_widgets":false,"_genesis_custom_body_class":"","_genesis_custom_post_class":"","_genesis_layout":"","footnotes":""},"class_list":{"0":"post-10","1":"page","2":"type-page","3":"status-publish","5":"entry"},"featured_image_src":null,"featured_image_src_square":null,"_links":{"self":[{"href":"https:\/\/csstl.gouv.qc.ca\/leopold-carriere\/wp-json\/wp\/v2\/pages\/10","targetHints":{"allow":["GET"]}}],"collection":[{"href":"https:\/\/csstl.gouv.qc.ca\/leopold-carriere\/wp-json\/wp\/v2\/pages"}],"about":[{"href":"https:\/\/csstl.gouv.qc.ca\/leopold-carriere\/wp-json\/wp\/v2\/types\/page"}],"author":[{"embeddable":true,"href":"https:\/\/csstl.gouv.qc.ca\/leopold-carriere\/wp-json\/wp\/v2\/users\/2"}],"replies":[{"embeddable":true,"href":"https:\/\/csstl.gouv.qc.ca\/leopold-carriere\/wp-json\/wp\/v2\/comments?post=10"}],"version-history":[{"count":0,"href":"https:\/\/csstl.gouv.qc.ca\/leopold-carriere\/wp-json\/wp\/v2\/pages\/10\/revisions"}],"wp:attachment":[{"href":"https:\/\/csstl.gouv.qc.ca\/leopold-carriere\/wp-json\/wp\/v2\/media?parent=10"}],"curies":[{"name":"wp","href":"https:\/\/api.w.org\/{rel}","templated":true}]}}