{"id":936,"date":"2022-05-25T09:08:27","date_gmt":"2022-05-25T14:08:27","guid":{"rendered":"https:\/\/cs3lacs.wpengine.com\/legendes\/?page_id=936"},"modified":"2025-07-07T12:16:24","modified_gmt":"2025-07-07T17:16:24","slug":"inscription-scolaire","status":"publish","type":"page","link":"https:\/\/csstl.gouv.qc.ca\/legendes\/inscription-scolaire\/","title":{"rendered":"Inscription scolaire"},"content":{"rendered":"\n<p class=\"has-text-align-left\">L\u2019inscription d&rsquo;un \u00e9l\u00e8ve <strong>se fait par rendez-vous seulement<\/strong> : <a href=\"https:\/\/csstl.gouv.qc.ca\/legendes\/nous-joindre\/\" data-type=\"link\" data-id=\"https:\/\/csstl.gouv.qc.ca\/legendes\/nous-joindre\/\">Communiquez avec nous pour prendre rendez-vous.<\/a><\/p>\n\n\n\n<p>Afin de vous assurer que vous acheminez votre demande d\u2019inscription \u00e0 l\u2019\u00e9cole desservant bien votre domicile (\u00e9cole d\u00e9sign\u00e9e), nous vous invitons \u00e0 consulter la page <a href=\"https:\/\/geobus.cstrois-lacs.qc.ca\/Pages\/Anonyme\/parents\/page.fr.aspx\">Je cherche mon \u00e9cole<\/a>. Vous pourrez y indiquer votre adresse et vous aurez la confirmation de votre \u00e9cole d\u00e9sign\u00e9e.<\/p>\n\n\n\n<p>Pour obtenir toute l\u2019information relative \u00e0 l\u2019inscription des \u00e9l\u00e8ves, nous vous invitons \u00e0 consulter le document <em>Crit\u00e8res d\u2019admission et d\u2019inscription des \u00e9l\u00e8ves de 2025-2026<\/em> sur <a href=\"https:\/\/csstl.gouv.qc.ca\/inscription-scolaire\/\">le site Web du Centre de services scolaire des Trois-Lacs.<\/a><\/p>\n\n\n\n<p class=\"has-text-align-left\">Si vous avez des questions concernant le processus relatif \u00e0 l\u2019inscription des \u00e9l\u00e8ves, vous pouvez joindre le secr\u00e9tariat de l\u2019\u00e9cole via la page Nous joindre.<\/p>\n\n\n\n<details class=\"wp-block-stackable-accordion stk-block-accordion stk-inner-blocks stk-block-content stk-block stk-6fc9bd4 is-style-default\" data-block-id=\"6fc9bd4\">\n<summary class=\"wp-block-stackable-column stk-block-column stk-column stk-block stk-f590577 stk--container-small stk-block-accordion__heading\" data-v=\"4\" data-block-id=\"f590577\"><style>.stk-f590577-container{background-color:#73bae7 !important;border-radius:3px !important;overflow:hidden !important;border-style:dashed !important;border-color:var(--stk-global-color-26594, #000000) !important;}.stk-f590577-container:before{background-color:#73bae7 !important;}<\/style><div class=\"stk-column-wrapper stk-block-column__content stk-container stk-f590577-container stk-hover-parent\"><div class=\"stk-block-content stk-inner-blocks stk-f590577-inner-blocks\">\n<div class=\"wp-block-stackable-icon-label stk-block-icon-label stk-block stk-88bf8d6\" data-block-id=\"88bf8d6\"><div class=\"stk-row stk-inner-blocks stk-block-content\">\n<div class=\"wp-block-stackable-heading stk-block-heading stk-block-heading--v2 stk-block stk-ce6ea91\" id=\"inscription-au-prescolaire-4-ans\" data-block-id=\"ce6ea91\"><style>.stk-ce6ea91 .stk-block-heading__text{color:var(--stk-global-color-26594, #000000) !important;}<\/style><h3 class=\"stk-block-heading__text has-text-color has-stk-global-color-26594-color stk-block-heading--use-theme-margins\">Inscription au pr\u00e9scolaire 4 ans<\/h3><\/div>\n\n\n\n<div class=\"wp-block-stackable-icon stk-block-icon stk-block stk-1ff0bdb\" data-block-id=\"1ff0bdb\"><style>.stk-1ff0bdb .stk--svg-wrapper .stk--inner-svg svg:last-child, .stk-1ff0bdb .stk--svg-wrapper .stk--inner-svg svg:last-child :is(g, path, rect, polygon, ellipse){fill:var(--stk-global-color-26594, #000000) !important;}<\/style><span class=\"stk--svg-wrapper\"><div class=\"stk--inner-svg\"><svg style=\"height:0;width:0\"><defs><linearGradient id=\"linear-gradient-1ff0bdb\" x1=\"0\" x2=\"100%\" y1=\"0\" y2=\"0\"><stop offset=\"0%\" style=\"stop-opacity:1;stop-color:var(--linear-gradient-1-ff-0-bdb-color-1)\"><\/stop><stop offset=\"100%\" style=\"stop-opacity:1;stop-color:var(--linear-gradient-1-ff-0-bdb-color-2)\"><\/stop><\/linearGradient><\/defs><\/svg><svg data-prefix=\"fas\" data-icon=\"chevron-down\" class=\"svg-inline--fa fa-chevron-down fa-w-14\" xmlns=\"http:\/\/www.w3.org\/2000\/svg\" viewBox=\"0 0 448 512\" aria-hidden=\"true\" width=\"32\" height=\"32\"><path fill=\"currentColor\" d=\"M207.029 381.476L12.686 187.132c-9.373-9.373-9.373-24.569 0-33.941l22.667-22.667c9.357-9.357 24.522-9.375 33.901-.04L224 284.505l154.745-154.021c9.379-9.335 24.544-9.317 33.901.04l22.667 22.667c9.373 9.373 9.373 24.569 0 33.941L240.971 381.476c-9.373 9.372-24.569 9.372-33.942 0z\"><\/path><\/svg><\/div><\/span><\/div>\n<\/div><\/div>\n<\/div><\/div><\/summary>\n\n\n\n<div class=\"wp-block-stackable-column stk-block-column stk-column stk-block stk-abdf888 stk-block-accordion__content\" data-v=\"4\" data-block-id=\"abdf888\"><div class=\"stk-column-wrapper stk-block-column__content stk-container stk-abdf888-container stk--no-background stk--no-padding\"><div class=\"stk-block-content stk-inner-blocks stk-abdf888-inner-blocks\">\n<p class=\"has-text-align-left\">Le pr\u00e9scolaire 4&nbsp;ans s\u2019adresse aux enfants \u00e2g\u00e9s de 4&nbsp;ans au 30&nbsp;septembre 2025. Veuillez noter que le transport scolaire est disponible seulement pour les \u00e9l\u00e8ves habitant dans le bassin des \u00e9coles offrant le service de pr\u00e9scolaire 4&nbsp;ans.<\/p>\n\n\n\n<p><strong>Documents \u00e0 fournir<\/strong><\/p>\n\n\n\n<p>Vous devrez fournir les documents suivants afin de compl\u00e9ter votre inscription :<\/p>\n\n\n\n<ul class=\"wp-block-list\">\n<li>Certificat de naissance<br>(La copie originale du certificat de naissance grand format comportant le nom des parents, \u00e9mis par la Direction de l\u2019\u00e9tat civil. Pour obtenir ce document, appelez au 1&nbsp;877&nbsp;644-4545 ou visitez le <a href=\"http:\/\/www.etatcivil.gouv.qc.ca\">www.etatcivil.gouv.qc.ca<\/a>);<br><\/li>\n\n\n\n<li>Deux (2) preuves de r\u00e9sidence du parent<br>(tel que d\u00e9fini par le formulaire d\u2019attestation de preuves de r\u00e9sidence (Annexe&nbsp;6);<br><br>Pour l\u2019\u00e9l\u00e8ve n\u00e9 \u00e0 l\u2019ext\u00e9rieur du Canada :<\/li>\n\n\n\n<li>Certificat de citoyennet\u00e9 canadienne OU<\/li>\n\n\n\n<li>Carte de r\u00e9sidence permanente OU<\/li>\n\n\n\n<li>Documents \u00e9mis par Citoyennet\u00e9 et Immigration Canada et par Immigration Qu\u00e9bec pour l\u2019\u00e9l\u00e8ve et pour ses parents (Permis d&rsquo;\u00e9tudes, de travail, fiche de visiteur, Demandeur d&rsquo;asile, Refugi\u00e9, etc.)<\/li>\n<\/ul>\n\n\n\n<p>Tous les documents devront \u00eatre remis lors de votre rendez-vous.<\/p>\n<\/div><\/div><\/div>\n<\/details>\n\n\n\n<details class=\"wp-block-stackable-accordion stk-block-accordion stk-inner-blocks stk-block-content stk-block stk-c2e1ce6 is-style-default\" data-block-id=\"c2e1ce6\">\n<summary class=\"wp-block-stackable-column stk-block-column stk-column stk-block stk-f56698f stk--container-small stk-block-accordion__heading\" data-v=\"4\" data-block-id=\"f56698f\"><style>.stk-f56698f-container{background-color:#73bae7 !important;border-style:dashed !important;border-color:var(--stk-global-color-26594, #000000) !important;}.stk-f56698f-container:before{background-color:#73bae7 !important;}<\/style><div class=\"stk-column-wrapper stk-block-column__content stk-container stk-f56698f-container stk-hover-parent\"><div class=\"stk-block-content stk-inner-blocks stk-f56698f-inner-blocks\">\n<div class=\"wp-block-stackable-icon-label stk-block-icon-label stk-block stk-14b61e9\" data-block-id=\"14b61e9\"><div class=\"stk-row stk-inner-blocks stk-block-content\">\n<div class=\"wp-block-stackable-heading stk-block-heading stk-block-heading--v2 stk-block stk-a5281fc\" id=\"inscription-au-prescolaire\" data-block-id=\"a5281fc\"><h3 class=\"stk-block-heading__text stk-block-heading--use-theme-margins\">Inscription au pr\u00e9scolaire<\/h3><\/div>\n\n\n\n<div class=\"wp-block-stackable-icon stk-block-icon stk-block stk-11204ce\" data-block-id=\"11204ce\"><style>.stk-11204ce .stk--svg-wrapper .stk--inner-svg svg:last-child, .stk-11204ce .stk--svg-wrapper .stk--inner-svg svg:last-child :is(g, path, rect, polygon, ellipse){fill:var(--stk-global-color-26594, #000000) !important;}<\/style><span class=\"stk--svg-wrapper\"><div class=\"stk--inner-svg\"><svg style=\"height:0;width:0\"><defs><linearGradient id=\"linear-gradient-11204ce\" x1=\"0\" x2=\"100%\" y1=\"0\" y2=\"0\"><stop offset=\"0%\" style=\"stop-opacity:1;stop-color:var(--linear-gradient-11204-ce-color-1)\"><\/stop><stop offset=\"100%\" style=\"stop-opacity:1;stop-color:var(--linear-gradient-11204-ce-color-2)\"><\/stop><\/linearGradient><\/defs><\/svg><svg data-prefix=\"fas\" data-icon=\"chevron-down\" class=\"svg-inline--fa fa-chevron-down fa-w-14\" xmlns=\"http:\/\/www.w3.org\/2000\/svg\" viewBox=\"0 0 448 512\" aria-hidden=\"true\" width=\"32\" height=\"32\"><path fill=\"currentColor\" d=\"M207.029 381.476L12.686 187.132c-9.373-9.373-9.373-24.569 0-33.941l22.667-22.667c9.357-9.357 24.522-9.375 33.901-.04L224 284.505l154.745-154.021c9.379-9.335 24.544-9.317 33.901.04l22.667 22.667c9.373 9.373 9.373 24.569 0 33.941L240.971 381.476c-9.373 9.372-24.569 9.372-33.942 0z\"><\/path><\/svg><\/div><\/span><\/div>\n<\/div><\/div>\n<\/div><\/div><\/summary>\n\n\n\n<div class=\"wp-block-stackable-column stk-block-column stk-column stk-block stk-cbf473a stk-block-accordion__content\" data-v=\"4\" data-block-id=\"cbf473a\"><div class=\"stk-column-wrapper stk-block-column__content stk-container stk-cbf473a-container stk--no-background stk--no-padding\"><div class=\"stk-block-content stk-inner-blocks stk-cbf473a-inner-blocks\">\n<p>Le pr\u00e9scolaire (la maternelle) s\u2019adresse aux enfants \u00e2g\u00e9s de 5&nbsp;ans au 30&nbsp;septembre 2025.<\/p>\n\n\n\n<p><strong>Documents \u00e0 fournir<\/strong><\/p>\n\n\n\n<p>Vous devrez fournir les documents suivants afin de compl\u00e9ter votre inscription :<\/p>\n\n\n\n<ul class=\"wp-block-list\">\n<li>Certificat de naissance<br>(La copie originale du certificat de naissance grand format comportant le nom des parents, \u00e9mis par la Direction de l\u2019\u00e9tat civil. Pour obtenir ce document, appelez au 1&nbsp;877&nbsp;644-4545 ou visitez le <a href=\"http:\/\/www.etatcivil.gouv.qc.ca\">www.etatcivil.gouv.qc.ca<\/a>);<br><\/li>\n\n\n\n<li>Deux (2) preuves de r\u00e9sidence du parent<br>(tel que d\u00e9fini par le formulaire d\u2019attestation de preuves de r\u00e9sidence (Annexe&nbsp;6);<br><br>Pour l\u2019\u00e9l\u00e8ve n\u00e9 \u00e0 l\u2019ext\u00e9rieur du Canada :<\/li>\n\n\n\n<li>Certificat de citoyennet\u00e9 canadienne OU<\/li>\n\n\n\n<li>Carte de r\u00e9sidence permanente OU<\/li>\n\n\n\n<li>Documents \u00e9mis par Citoyennet\u00e9 et Immigration Canada et par Immigration Qu\u00e9bec pour l\u2019\u00e9l\u00e8ve et pour ses parents (Permis d&rsquo;\u00e9tudes, de travail, fiche de visiteur, Demandeur d&rsquo;asile, Refugi\u00e9, etc.)<\/li>\n<\/ul>\n\n\n\n<p>Tous les documents devront \u00eatre remis lors de votre rendez-vous.<\/p>\n<\/div><\/div><\/div>\n<\/details>\n\n\n\n<details class=\"wp-block-stackable-accordion stk-block-accordion stk-inner-blocks stk-block-content stk-block stk-c656778 is-style-default\" data-block-id=\"c656778\">\n<summary class=\"wp-block-stackable-column stk-block-column stk-column stk-block stk-c6ed04c stk--container-small stk-block-accordion__heading\" data-v=\"4\" data-block-id=\"c6ed04c\"><style>.stk-c6ed04c-container{background-color:#73bae7 !important;border-style:dashed !important;border-color:var(--stk-global-color-26594, #000000) !important;}.stk-c6ed04c-container:before{background-color:#73bae7 !important;}<\/style><div class=\"stk-column-wrapper stk-block-column__content stk-container stk-c6ed04c-container stk-hover-parent\"><div class=\"stk-block-content stk-inner-blocks stk-c6ed04c-inner-blocks\">\n<div class=\"wp-block-stackable-icon-label stk-block-icon-label stk-block stk-9dab019\" data-block-id=\"9dab019\"><div class=\"stk-row stk-inner-blocks stk-block-content\">\n<div class=\"wp-block-stackable-heading stk-block-heading stk-block-heading--v2 stk-block stk-2557135\" id=\"inscription-au-primaire\" data-block-id=\"2557135\"><h3 class=\"stk-block-heading__text stk-block-heading--use-theme-margins\">Inscription au primaire<\/h3><\/div>\n\n\n\n<div class=\"wp-block-stackable-icon stk-block-icon stk-block stk-39cdbe1\" data-block-id=\"39cdbe1\"><style>.stk-39cdbe1 .stk--svg-wrapper .stk--inner-svg svg:last-child, .stk-39cdbe1 .stk--svg-wrapper .stk--inner-svg svg:last-child :is(g, path, rect, polygon, ellipse){fill:var(--stk-global-color-26594, #000000) !important;}<\/style><span class=\"stk--svg-wrapper\"><div class=\"stk--inner-svg\"><svg style=\"height:0;width:0\"><defs><linearGradient id=\"linear-gradient-39cdbe1\" x1=\"0\" x2=\"100%\" y1=\"0\" y2=\"0\"><stop offset=\"0%\" style=\"stop-opacity:1;stop-color:var(--linear-gradient-39-cdbe-1-color-1)\"><\/stop><stop offset=\"100%\" style=\"stop-opacity:1;stop-color:var(--linear-gradient-39-cdbe-1-color-2)\"><\/stop><\/linearGradient><\/defs><\/svg><svg data-prefix=\"fas\" data-icon=\"chevron-down\" class=\"svg-inline--fa fa-chevron-down fa-w-14\" xmlns=\"http:\/\/www.w3.org\/2000\/svg\" viewBox=\"0 0 448 512\" aria-hidden=\"true\" width=\"32\" height=\"32\"><path fill=\"currentColor\" d=\"M207.029 381.476L12.686 187.132c-9.373-9.373-9.373-24.569 0-33.941l22.667-22.667c9.357-9.357 24.522-9.375 33.901-.04L224 284.505l154.745-154.021c9.379-9.335 24.544-9.317 33.901.04l22.667 22.667c9.373 9.373 9.373 24.569 0 33.941L240.971 381.476c-9.373 9.372-24.569 9.372-33.942 0z\"><\/path><\/svg><\/div><\/span><\/div>\n<\/div><\/div>\n<\/div><\/div><\/summary>\n\n\n\n<div class=\"wp-block-stackable-column stk-block-column stk-column stk-block stk-e9ef47e stk-block-accordion__content\" data-v=\"4\" data-block-id=\"e9ef47e\"><div class=\"stk-column-wrapper stk-block-column__content stk-container stk-e9ef47e-container stk--no-background stk--no-padding\"><div class=\"stk-block-content stk-inner-blocks stk-e9ef47e-inner-blocks\">\n<p class=\"has-text-align-center\"><strong>Premi\u00e8re inscription<\/strong><\/p>\n\n\n\n<p><strong>Documents \u00e0 fournir<\/strong><\/p>\n\n\n\n<p>Vous devrez fournir les documents suivants afin de compl\u00e9ter votre inscription :<\/p>\n\n\n\n<ul class=\"wp-block-list\">\n<li>Certificat de naissance<br>(La copie originale du certificat de naissance grand format comportant le nom des parents, \u00e9mis par la Direction de l\u2019\u00e9tat civil. Pour obtenir ce document, appelez au 1&nbsp;877&nbsp;644-4545 ou visitez le <a href=\"http:\/\/www.etatcivil.gouv.qc.ca\">www.etatcivil.gouv.qc.ca<\/a>);<br><\/li>\n\n\n\n<li>Deux (2) preuves de r\u00e9sidence du parent<br>(tel que d\u00e9fini par le formulaire d\u2019attestation de preuves de r\u00e9sidence (Annexe&nbsp;6);<br><br>Pour l\u2019\u00e9l\u00e8ve n\u00e9 \u00e0 l\u2019ext\u00e9rieur du Canada :<\/li>\n\n\n\n<li>Certificat de citoyennet\u00e9 canadienne OU<\/li>\n\n\n\n<li>Carte de r\u00e9sidence permanente OU<\/li>\n\n\n\n<li>Documents \u00e9mis par Citoyennet\u00e9 et Immigration Canada et par Immigration Qu\u00e9bec pour l\u2019\u00e9l\u00e8ve et pour ses parents (Permis d&rsquo;\u00e9tudes, de travail, fiche de visiteur, Demandeur d&rsquo;asile, Refugi\u00e9, etc.)<br><\/li>\n\n\n\n<li>Dernier bulletin scolaire<\/li>\n<\/ul>\n\n\n\n<p>Tous les documents devront \u00eatre remis lors de votre rendez-vous.<\/p>\n\n\n\n<p class=\"has-text-align-center\"><strong>Renouvellement de l\u2019inscription<\/strong><\/p>\n\n\n\n<p>Les \u00e9l\u00e8ves qui fr\u00e9quentent actuellement une \u00e9cole du centre de services scolaire recevront en f\u00e9vrier, par l\u2019entremise de l\u2019\u00e9cole, la marche \u00e0 suivre pour proc\u00e9der \u00e0 la r\u00e9inscription.<\/p>\n<\/div><\/div><\/div>\n<\/details>\n\n\n\n<h2 class=\"wp-block-heading\">Transfert et changement d&rsquo;\u00e9cole<\/h2>\n\n\n\n<p>Pour les \u00e9l\u00e8ves qui ont \u00e9t\u00e9 transf\u00e9r\u00e9s par surplus et qui d\u00e9sirent retourner \u00e0 leur \u00e9cole de quartier, vous devez remplir le formulaire&nbsp;<a href=\"https:\/\/media.csstl.gouv.qc.ca\/wp-content\/uploads\/2025\/01\/13093015\/A5.-Demande-de-retour-a-lecole-designee-2025-2026.pdf\" data-type=\"attachment\" data-id=\"1320\" target=\"_blank\" rel=\"noreferrer noopener\">Demande de retour \u00e0 l&rsquo;\u00e9cole d\u00e9sign\u00e9e<\/a>&nbsp;et nous le faire parvenir d\u00e8s que possible.<\/p>\n\n\n\n<p>Pour les \u00e9l\u00e8ves qui d\u00e9sirent effectuer un changement d&rsquo;\u00e9cole, vous devez remplir le formulaire&nbsp;<a href=\"https:\/\/media.csstl.gouv.qc.ca\/wp-content\/uploads\/2025\/01\/13093012\/A4.-Demande-de-changement-decole-2025-2026.pdf\" data-type=\"attachment\" data-id=\"1319\" target=\"_blank\" rel=\"noreferrer noopener\">Demande de changement d&rsquo;\u00e9cole<\/a>&nbsp;et nous le faire parvenir aussit\u00f4t que possible. Nous vous recommandons de lire attentivement les conditions inscrites sur ce formulaire.<\/p>\n\n\n\n<p><\/p>\n","protected":false},"excerpt":{"rendered":"<p>L\u2019inscription d&rsquo;un \u00e9l\u00e8ve se fait par rendez-vous seulement : Communiquez avec nous pour prendre rendez-vous. Afin de vous assurer que vous acheminez votre demande d\u2019inscription \u00e0 l\u2019\u00e9cole desservant bien votre domicile (\u00e9cole d\u00e9sign\u00e9e), nous vous invitons \u00e0 consulter la page Je cherche mon \u00e9cole. Vous pourrez y indiquer votre adresse et vous aurez la confirmation [&hellip;]<\/p>\n","protected":false},"author":4,"featured_media":0,"parent":0,"menu_order":0,"comment_status":"closed","ping_status":"closed","template":"","meta":{"_genesis_hide_title":false,"_genesis_hide_breadcrumbs":false,"_genesis_hide_singular_image":false,"_genesis_hide_footer_widgets":false,"_genesis_custom_body_class":"","_genesis_custom_post_class":"","_genesis_layout":"","footnotes":""},"class_list":{"0":"post-936","1":"page","2":"type-page","3":"status-publish","5":"entry"},"featured_image_src":null,"featured_image_src_square":null,"_links":{"self":[{"href":"https:\/\/csstl.gouv.qc.ca\/legendes\/wp-json\/wp\/v2\/pages\/936","targetHints":{"allow":["GET"]}}],"collection":[{"href":"https:\/\/csstl.gouv.qc.ca\/legendes\/wp-json\/wp\/v2\/pages"}],"about":[{"href":"https:\/\/csstl.gouv.qc.ca\/legendes\/wp-json\/wp\/v2\/types\/page"}],"author":[{"embeddable":true,"href":"https:\/\/csstl.gouv.qc.ca\/legendes\/wp-json\/wp\/v2\/users\/4"}],"replies":[{"embeddable":true,"href":"https:\/\/csstl.gouv.qc.ca\/legendes\/wp-json\/wp\/v2\/comments?post=936"}],"version-history":[{"count":0,"href":"https:\/\/csstl.gouv.qc.ca\/legendes\/wp-json\/wp\/v2\/pages\/936\/revisions"}],"wp:attachment":[{"href":"https:\/\/csstl.gouv.qc.ca\/legendes\/wp-json\/wp\/v2\/media?parent=936"}],"curies":[{"name":"wp","href":"https:\/\/api.w.org\/{rel}","templated":true}]}}