{"id":746,"date":"2019-11-28T14:55:59","date_gmt":"2019-11-28T19:55:59","guid":{"rendered":"https:\/\/cs3lacs.wpengine.com\/legendes\/?page_id=746"},"modified":"2022-12-05T15:29:14","modified_gmt":"2022-12-05T20:29:14","slug":"portrait","status":"publish","type":"page","link":"https:\/\/csstl.gouv.qc.ca\/legendes\/portrait\/","title":{"rendered":"Portrait"},"content":{"rendered":"\n<p>Le projet de l&rsquo;\u00e9cole des L\u00e9gendes a d\u00e9but\u00e9 \u00e0 l&rsquo;automne 2019. L&rsquo;ouverture de l&rsquo;\u00e9cole a eu lieu dans des locaux temporaires sur la rue \u00c9mile-Bouchard pour l&rsquo;ann\u00e9e scolaire 2020-2021. Consid\u00e9rant les contraintes quant \u00e0 la dimension des locaux, nous avons accueilli une portion de notre client\u00e8le: de la maternelle 5 ans \u00e0 la 3e ann\u00e9e. L&rsquo;\u00e9cole se nommait alors \u00ab\u00a0Nouvelle \u00e9cole primaire de Vaudreuil-Dorion\u00a0\u00bb.&nbsp;<\/p>\n\n\n\n<p>En f\u00e9vrier 2021, <a rel=\"noreferrer noopener\" href=\"https:\/\/media.csstl.gouv.qc.ca\/wp-content\/uploads\/sites\/43\/2022\/11\/24091229\/CSSTL_SGC_Communique_10_fevrier_2021_004.pdf\" data-type=\"attachment\" data-id=\"1092\" target=\"_blank\">le nom officiel de l&rsquo;\u00e9cole est d\u00e9cid\u00e9<\/a> : \u00e9cole des L\u00e9gendes. Ce nom nous ouvre \u00e0 une multitude de possibilit\u00e9s de projets p\u00e9dagogiques.\u00a0<\/p>\n\n\n\n<p>En ao\u00fbt 2021, la construction de l&rsquo;\u00e9cole est termin\u00e9e et nous emm\u00e9nageons dans les locaux du 4000, Phil-Goyette \u00e0 Vaudreuil-Dorion. Nous accueillons notre premi\u00e8re cohorte compl\u00e8te: des classes de la maternelle 4 ans \u00e0 la 6e ann\u00e9e.<\/p>\n\n\n\n<p>L&rsquo;\u00e9cole des L\u00e9gendes est lumineuse, radieuse, avec un syst\u00e8me de ventilation \u00e0 la fine pointe, des classes traditionnelles et d\u2019autres flexibles, des TVNI dans tous les locaux, une biblioth\u00e8que avec terrasse, des stations \u00e9ducatives dans les corridors, une classe ext\u00e9rieure, un cuisi-lab dans la caf\u00e9t\u00e9ria et une agora.<\/p>\n","protected":false},"excerpt":{"rendered":"<p>Le projet de l&rsquo;\u00e9cole des L\u00e9gendes a d\u00e9but\u00e9 \u00e0 l&rsquo;automne 2019. L&rsquo;ouverture de l&rsquo;\u00e9cole a eu lieu dans des locaux temporaires sur la rue \u00c9mile-Bouchard pour l&rsquo;ann\u00e9e scolaire 2020-2021. Consid\u00e9rant les contraintes quant \u00e0 la dimension des locaux, nous avons accueilli une portion de notre client\u00e8le: de la maternelle 5 ans \u00e0 la 3e ann\u00e9e. [&hellip;]<\/p>\n","protected":false},"author":4,"featured_media":0,"parent":0,"menu_order":0,"comment_status":"closed","ping_status":"closed","template":"","meta":{"_genesis_hide_title":false,"_genesis_hide_breadcrumbs":false,"_genesis_hide_singular_image":false,"_genesis_hide_footer_widgets":false,"_genesis_custom_body_class":"","_genesis_custom_post_class":"","_genesis_layout":"","footnotes":""},"class_list":{"0":"post-746","1":"page","2":"type-page","3":"status-publish","5":"entry"},"featured_image_src":null,"featured_image_src_square":null,"_links":{"self":[{"href":"https:\/\/csstl.gouv.qc.ca\/legendes\/wp-json\/wp\/v2\/pages\/746","targetHints":{"allow":["GET"]}}],"collection":[{"href":"https:\/\/csstl.gouv.qc.ca\/legendes\/wp-json\/wp\/v2\/pages"}],"about":[{"href":"https:\/\/csstl.gouv.qc.ca\/legendes\/wp-json\/wp\/v2\/types\/page"}],"author":[{"embeddable":true,"href":"https:\/\/csstl.gouv.qc.ca\/legendes\/wp-json\/wp\/v2\/users\/4"}],"replies":[{"embeddable":true,"href":"https:\/\/csstl.gouv.qc.ca\/legendes\/wp-json\/wp\/v2\/comments?post=746"}],"version-history":[{"count":0,"href":"https:\/\/csstl.gouv.qc.ca\/legendes\/wp-json\/wp\/v2\/pages\/746\/revisions"}],"wp:attachment":[{"href":"https:\/\/csstl.gouv.qc.ca\/legendes\/wp-json\/wp\/v2\/media?parent=746"}],"curies":[{"name":"wp","href":"https:\/\/api.w.org\/{rel}","templated":true}]}}