{"id":670,"date":"2019-08-26T14:50:14","date_gmt":"2019-08-26T19:50:14","guid":{"rendered":"https:\/\/cs3lacs.wpengine.com\/legendes\/?page_id=670"},"modified":"2025-09-25T09:01:19","modified_gmt":"2025-09-25T14:01:19","slug":"vie-scolaire","status":"publish","type":"page","link":"https:\/\/csstl.gouv.qc.ca\/legendes\/vie-scolaire\/","title":{"rendered":"Vie scolaire"},"content":{"rendered":"\n<details class=\"wp-block-stackable-accordion stk-block-accordion stk-inner-blocks stk-block-content stk-block stk-9624bd9 is-style-default\" data-block-id=\"9624bd9\">\n<summary class=\"wp-block-stackable-column stk-block-column stk-column stk-block stk-d09a2e8 stk--container-small stk-block-accordion__heading\" data-v=\"4\" data-block-id=\"d09a2e8\"><style>.stk-d09a2e8-container{background-color:#73bae7b3 !important;border-style:dashed !important;border-color:#00578c !important;}.stk-d09a2e8-container:before{background-color:#73bae7b3 !important;}<\/style><div class=\"stk-column-wrapper stk-block-column__content stk-container stk-d09a2e8-container stk-hover-parent\"><div class=\"stk-block-content stk-inner-blocks stk-d09a2e8-inner-blocks\">\n<div class=\"wp-block-stackable-icon-label stk-block-icon-label stk-block stk-d278e7f\" data-block-id=\"d278e7f\"><div class=\"stk-row stk-inner-blocks stk-block-content\">\n<div class=\"wp-block-stackable-heading stk-block-heading stk-block-heading--v2 stk-block stk-6cfb026\" id=\"commande-de-t-shirts-de-lecole-des-legendes\" data-block-id=\"6cfb026\"><style>.stk-6cfb026 .stk-block-heading__text{color:#00578c !important;}<\/style><h3 class=\"stk-block-heading__text has-text-color has-bleu-fonce-color stk-block-heading--use-theme-margins\">Commande de T-shirts de l&rsquo;\u00e9cole des L\u00e9gendes<\/h3><\/div>\n\n\n\n<div class=\"wp-block-stackable-icon stk-block-icon stk-block stk-371ba16\" data-block-id=\"371ba16\"><style>.stk-371ba16 .stk--svg-wrapper .stk--inner-svg svg:last-child, .stk-371ba16 .stk--svg-wrapper .stk--inner-svg svg:last-child :is(g, path, rect, polygon, ellipse){fill:#00578c !important;}<\/style><span class=\"stk--svg-wrapper\"><div class=\"stk--inner-svg\"><svg style=\"height:0;width:0\"><defs><linearGradient id=\"linear-gradient-371ba16\" x1=\"0\" x2=\"100%\" y1=\"0\" y2=\"0\"><stop offset=\"0%\" style=\"stop-opacity:1;stop-color:var(--linear-gradient-371-ba-16-color-1)\"><\/stop><stop offset=\"100%\" style=\"stop-opacity:1;stop-color:var(--linear-gradient-371-ba-16-color-2)\"><\/stop><\/linearGradient><\/defs><\/svg><svg data-prefix=\"fas\" data-icon=\"chevron-down\" class=\"svg-inline--fa fa-chevron-down fa-w-14\" xmlns=\"http:\/\/www.w3.org\/2000\/svg\" viewBox=\"0 0 448 512\" aria-hidden=\"true\" width=\"32\" height=\"32\"><path fill=\"currentColor\" d=\"M207.029 381.476L12.686 187.132c-9.373-9.373-9.373-24.569 0-33.941l22.667-22.667c9.357-9.357 24.522-9.375 33.901-.04L224 284.505l154.745-154.021c9.379-9.335 24.544-9.317 33.901.04l22.667 22.667c9.373 9.373 9.373 24.569 0 33.941L240.971 381.476c-9.373 9.372-24.569 9.372-33.942 0z\"><\/path><\/svg><\/div><\/span><\/div>\n<\/div><\/div>\n<\/div><\/div><\/summary>\n\n\n\n<div class=\"wp-block-stackable-column stk-block-column stk-column stk-block stk-565f39e stk-block-accordion__content\" data-v=\"4\" data-block-id=\"565f39e\"><div class=\"stk-column-wrapper stk-block-column__content stk-container stk-565f39e-container stk--no-background stk--no-padding\"><div class=\"stk-block-content stk-inner-blocks stk-565f39e-inner-blocks\">\n<p><a rel=\"noreferrer noopener\" href=\"https:\/\/forms.office.com\/Pages\/ResponsePage.aspx?id=243LQXP8lEipMaqG5e4WYVeyM3zQ3G5Br_g40TJ0CWNUOVpXODU2TTlRTEg0RklXNUdUNjZNWVY3WS4u\" target=\"_blank\">Pour passer une commande, cliquez ici<\/a>.<\/p>\n\n\n\n<p>Au co\u00fbt de 10$, nous vous offrons un chandail \u00e0 manches courtes en coton portant le logo de l&rsquo;\u00e9cole des L\u00e9gendes.<\/p>\n\n\n\n<p>Pour vous donner une id\u00e9e des grandeurs, nous avons affich\u00e9 les chandails dans le vestibule du service de garde.<\/p>\n\n\n\n<p>Faites-nous part de votre int\u00e9r\u00eat \u00e0 commander en compl\u00e9tant le formulaire. Nous ajouterons les frais \u00e0 votre \u00e9tat de compte et lorsque le tout sera pay\u00e9, nous vous enverrons le t-shirt par l&rsquo;entremise de votre enfant.<\/p>\n<\/div><\/div><\/div>\n<\/details>\n\n\n\n<details class=\"wp-block-stackable-accordion stk-block-accordion stk-inner-blocks stk-block-content stk-block stk-7fe9228 is-style-default\" data-block-id=\"7fe9228\">\n<summary class=\"wp-block-stackable-column stk-block-column stk-column stk-block stk-a9ca766 stk--container-small stk-block-accordion__heading\" data-v=\"4\" data-block-id=\"a9ca766\"><style>.stk-a9ca766-container{background-color:#73bae7b3 !important;border-style:dashed !important;border-color:#00578c !important;}.stk-a9ca766-container:before{background-color:#73bae7b3 !important;}<\/style><div class=\"stk-column-wrapper stk-block-column__content stk-container stk-a9ca766-container stk-hover-parent\"><div class=\"stk-block-content stk-inner-blocks stk-a9ca766-inner-blocks\">\n<div class=\"wp-block-stackable-icon-label stk-block-icon-label stk-block stk-5951086\" data-block-id=\"5951086\"><div class=\"stk-row stk-inner-blocks stk-block-content\">\n<div class=\"wp-block-stackable-heading stk-block-heading stk-block-heading--v2 stk-block stk-a4969fd\" id=\"activites-parascolaires\" data-block-id=\"a4969fd\"><style>.stk-a4969fd .stk-block-heading__text{color:#00578c !important;}<\/style><h3 class=\"stk-block-heading__text has-text-color has-bleu-fonce-color stk-block-heading--use-theme-margins\">Activit\u00e9s parascolaires<\/h3><\/div>\n\n\n\n<div class=\"wp-block-stackable-icon stk-block-icon stk-block stk-1788d48\" data-block-id=\"1788d48\"><style>.stk-1788d48 .stk--svg-wrapper .stk--inner-svg svg:last-child, .stk-1788d48 .stk--svg-wrapper .stk--inner-svg svg:last-child :is(g, path, rect, polygon, ellipse){fill:#00578c !important;}<\/style><span class=\"stk--svg-wrapper\"><div class=\"stk--inner-svg\"><svg style=\"height:0;width:0\"><defs><linearGradient id=\"linear-gradient-1788d48\" x1=\"0\" x2=\"100%\" y1=\"0\" y2=\"0\"><stop offset=\"0%\" style=\"stop-opacity:1;stop-color:var(--linear-gradient-1788-d-48-color-1)\"><\/stop><stop offset=\"100%\" style=\"stop-opacity:1;stop-color:var(--linear-gradient-1788-d-48-color-2)\"><\/stop><\/linearGradient><\/defs><\/svg><svg data-prefix=\"fas\" data-icon=\"chevron-down\" class=\"svg-inline--fa fa-chevron-down fa-w-14\" xmlns=\"http:\/\/www.w3.org\/2000\/svg\" viewBox=\"0 0 448 512\" aria-hidden=\"true\" width=\"32\" height=\"32\"><path fill=\"currentColor\" d=\"M207.029 381.476L12.686 187.132c-9.373-9.373-9.373-24.569 0-33.941l22.667-22.667c9.357-9.357 24.522-9.375 33.901-.04L224 284.505l154.745-154.021c9.379-9.335 24.544-9.317 33.901.04l22.667 22.667c9.373 9.373 9.373 24.569 0 33.941L240.971 381.476c-9.373 9.372-24.569 9.372-33.942 0z\"><\/path><\/svg><\/div><\/span><\/div>\n<\/div><\/div>\n<\/div><\/div><\/summary>\n\n\n\n<div class=\"wp-block-stackable-column stk-block-column stk-column stk-block stk-32fdafa stk-block-accordion__content\" data-v=\"4\" data-block-id=\"32fdafa\"><div class=\"stk-column-wrapper stk-block-column__content stk-container stk-32fdafa-container stk--no-background stk--no-padding\"><div class=\"stk-block-content stk-inner-blocks stk-32fdafa-inner-blocks\">\n<h4 class=\"wp-block-heading has-text-align-left\">Activit\u00e9s sur l&rsquo;heure du d\u00eener &#8211; Automne 2025<\/h4>\n\n\n\n<p>Lundi midi : <a href=\"https:\/\/media.csstl.gouv.qc.ca\/wp-content\/uploads\/sites\/43\/2025\/09\/25082308\/Fiche-dinscription-Echecs-Ecole-Des-Legendes-Automne-2025.pdf\" data-type=\"attachment\" data-id=\"1496\">\u00c9checs<\/a><\/p>\n\n\n\n<p class=\"has-text-align-left\">Mardi midi : <a href=\"https:\/\/media.csstl.gouv.qc.ca\/wp-content\/uploads\/sites\/43\/2025\/09\/25082318\/Fiche-dinscription-Dinoversaire-Dino-Turbo-Ecole-Des-Legendes-Automne-2025.pdf\" data-type=\"attachment\" data-id=\"1500\">Dino-turbo<\/a><\/p>\n\n\n\n<p>Mercredi midi : <a href=\"https:\/\/media.csstl.gouv.qc.ca\/wp-content\/uploads\/sites\/43\/2025\/09\/25082311\/Fiche-dinscription-Laser-Tag-Ecole-Des-Legendes-Automne-2025.pdf\" data-type=\"attachment\" data-id=\"1497\">Laser tag<\/a><\/p>\n\n\n\n<p>Jeudi midi : <a href=\"https:\/\/media.csstl.gouv.qc.ca\/wp-content\/uploads\/sites\/43\/2025\/09\/25082314\/Fiche-dinscription-Sheltoons-Ecole-Des-Legendes-Automne-2025.pdf\" data-type=\"attachment\" data-id=\"1498\">Sheltoons<\/a><\/p>\n\n\n\n<p>Vendredi midi : <a href=\"https:\/\/media.csstl.gouv.qc.ca\/wp-content\/uploads\/sites\/43\/2025\/09\/25082316\/Fiche-dinscription-Soccer-Ecole-Des-Legendes-Automne-2025.pdf\" data-type=\"attachment\" data-id=\"1499\">Soccer<\/a><\/p>\n\n\n\n<p><\/p>\n<\/div><\/div><\/div>\n<\/details>\n\n\n\n<p><\/p>\n","protected":false},"excerpt":{"rendered":"<p>Commande de T-shirts de l&rsquo;\u00e9cole des L\u00e9gendes Pour passer une commande, cliquez ici. Au co\u00fbt de 10$, nous vous offrons un chandail \u00e0 manches courtes en coton portant le logo de l&rsquo;\u00e9cole des L\u00e9gendes. Pour vous donner une id\u00e9e des grandeurs, nous avons affich\u00e9 les chandails dans le vestibule du service de garde. Faites-nous part [&hellip;]<\/p>\n","protected":false},"author":2,"featured_media":0,"parent":0,"menu_order":0,"comment_status":"closed","ping_status":"closed","template":"","meta":{"_genesis_hide_title":false,"_genesis_hide_breadcrumbs":false,"_genesis_hide_singular_image":false,"_genesis_hide_footer_widgets":false,"_genesis_custom_body_class":"","_genesis_custom_post_class":"","_genesis_layout":"","footnotes":""},"class_list":{"0":"post-670","1":"page","2":"type-page","3":"status-publish","5":"entry"},"featured_image_src":null,"featured_image_src_square":null,"_links":{"self":[{"href":"https:\/\/csstl.gouv.qc.ca\/legendes\/wp-json\/wp\/v2\/pages\/670","targetHints":{"allow":["GET"]}}],"collection":[{"href":"https:\/\/csstl.gouv.qc.ca\/legendes\/wp-json\/wp\/v2\/pages"}],"about":[{"href":"https:\/\/csstl.gouv.qc.ca\/legendes\/wp-json\/wp\/v2\/types\/page"}],"author":[{"embeddable":true,"href":"https:\/\/csstl.gouv.qc.ca\/legendes\/wp-json\/wp\/v2\/users\/2"}],"replies":[{"embeddable":true,"href":"https:\/\/csstl.gouv.qc.ca\/legendes\/wp-json\/wp\/v2\/comments?post=670"}],"version-history":[{"count":0,"href":"https:\/\/csstl.gouv.qc.ca\/legendes\/wp-json\/wp\/v2\/pages\/670\/revisions"}],"wp:attachment":[{"href":"https:\/\/csstl.gouv.qc.ca\/legendes\/wp-json\/wp\/v2\/media?parent=670"}],"curies":[{"name":"wp","href":"https:\/\/api.w.org\/{rel}","templated":true}]}}