{"id":482,"date":"2019-06-18T13:49:24","date_gmt":"2019-06-18T18:49:24","guid":{"rendered":"http:\/\/cs3lacs.wpengine.com\/legendes\/?page_id=482"},"modified":"2025-07-07T11:48:28","modified_gmt":"2025-07-07T16:48:28","slug":"service-alimentaire","status":"publish","type":"page","link":"https:\/\/csstl.gouv.qc.ca\/legendes\/service-alimentaire\/","title":{"rendered":"Service alimentaire"},"content":{"rendered":"\n<p>Nous sommes tr\u00e8s fiers de notre tout nouveau partenariat avec le service de traiteur Merenda pour l\u2019ann\u00e9e scolaire 2025-2026. Les repas complets sont au co\u00fbt de 7,10 $.<br><br>Six repas diff\u00e9rents sont offerts tous les jours d\u2019\u00e9cole (aucun service pendant les journ\u00e9es p\u00e9dagogiques) pour les commandes faites 48 h \u00e0 l\u2019avance. Vous commandez et payez directement sur le site Merenda.<br>\u00a0<br>Nous vous invitons \u00e0 cr\u00e9er votre compte et prendre connaissance de leur site internet si vous souhaitez profiter de ce service.<br>\u00a0<br><a href=\"https:\/\/www.traiteurmerenda.com\/\">https:\/\/www.traiteurmerenda.com\/<\/a><\/p>\n\n\n\n<figure class=\"wp-block-image size-full\"><img loading=\"lazy\" decoding=\"async\" width=\"257\" height=\"118\" src=\"https:\/\/media.csstl.gouv.qc.ca\/wp-content\/uploads\/sites\/43\/2025\/07\/07114822\/Merenda.jpg\" alt=\"\" class=\"wp-image-1473\" \/><\/figure>\n","protected":false},"excerpt":{"rendered":"<p>Nous sommes tr\u00e8s fiers de notre tout nouveau partenariat avec le service de traiteur Merenda pour l\u2019ann\u00e9e scolaire 2025-2026. Les repas complets sont au co\u00fbt de 7,10 $. Six repas diff\u00e9rents sont offerts tous les jours d\u2019\u00e9cole (aucun service pendant les journ\u00e9es p\u00e9dagogiques) pour les commandes faites 48 h \u00e0 l\u2019avance. Vous commandez et payez [&hellip;]<\/p>\n","protected":false},"author":2,"featured_media":0,"parent":0,"menu_order":0,"comment_status":"closed","ping_status":"closed","template":"","meta":{"_genesis_hide_title":false,"_genesis_hide_breadcrumbs":false,"_genesis_hide_singular_image":false,"_genesis_hide_footer_widgets":false,"_genesis_custom_body_class":"","_genesis_custom_post_class":"","_genesis_layout":"","footnotes":""},"class_list":{"0":"post-482","1":"page","2":"type-page","3":"status-publish","5":"entry"},"featured_image_src":null,"featured_image_src_square":null,"_links":{"self":[{"href":"https:\/\/csstl.gouv.qc.ca\/legendes\/wp-json\/wp\/v2\/pages\/482","targetHints":{"allow":["GET"]}}],"collection":[{"href":"https:\/\/csstl.gouv.qc.ca\/legendes\/wp-json\/wp\/v2\/pages"}],"about":[{"href":"https:\/\/csstl.gouv.qc.ca\/legendes\/wp-json\/wp\/v2\/types\/page"}],"author":[{"embeddable":true,"href":"https:\/\/csstl.gouv.qc.ca\/legendes\/wp-json\/wp\/v2\/users\/2"}],"replies":[{"embeddable":true,"href":"https:\/\/csstl.gouv.qc.ca\/legendes\/wp-json\/wp\/v2\/comments?post=482"}],"version-history":[{"count":0,"href":"https:\/\/csstl.gouv.qc.ca\/legendes\/wp-json\/wp\/v2\/pages\/482\/revisions"}],"wp:attachment":[{"href":"https:\/\/csstl.gouv.qc.ca\/legendes\/wp-json\/wp\/v2\/media?parent=482"}],"curies":[{"name":"wp","href":"https:\/\/api.w.org\/{rel}","templated":true}]}}