{"id":20,"date":"2019-02-06T13:32:25","date_gmt":"2019-02-06T13:32:25","guid":{"rendered":"http:\/\/cs3lacs.wpengine.com\/legendes\/?page_id=20"},"modified":"2025-06-25T08:54:09","modified_gmt":"2025-06-25T13:54:09","slug":"fournitures-scolaires","status":"publish","type":"page","link":"https:\/\/csstl.gouv.qc.ca\/legendes\/fournitures-scolaires\/","title":{"rendered":"Fournitures scolaires"},"content":{"rendered":"\n<h2 class=\"wp-block-heading\">Liste des fournitures scolaires 2025-2026<\/h2>\n\n\n\n<ul class=\"wp-block-list\">\n<li><a href=\"https:\/\/media.csstl.gouv.qc.ca\/wp-content\/uploads\/sites\/43\/2025\/06\/12132343\/Fournitures-scolaires-2025-2026-0-Presco-4-ans.pdf\" data-type=\"attachment\" data-id=\"1460\">Pr\u00e9scolaire 4 ans<\/a><\/li>\n\n\n\n<li><a href=\"https:\/\/media.csstl.gouv.qc.ca\/wp-content\/uploads\/sites\/43\/2025\/06\/12132347\/Fournitures-scolaires-2025-2026-0-Presco-5-ans.pdf\" data-type=\"attachment\" data-id=\"1461\">Pr\u00e9scolaire 5 ans<\/a><\/li>\n\n\n\n<li><a href=\"https:\/\/media.csstl.gouv.qc.ca\/wp-content\/uploads\/sites\/43\/2025\/06\/12132350\/Fournitures-scolaires-2025-2026-1re-annee.pdf\" data-type=\"attachment\" data-id=\"1462\">1re ann\u00e9e<\/a><\/li>\n\n\n\n<li><a href=\"https:\/\/media.csstl.gouv.qc.ca\/wp-content\/uploads\/sites\/43\/2025\/06\/12132353\/Fournitures-scolaires-2025-2026-2e-annee.pdf\" data-type=\"attachment\" data-id=\"1463\">2e ann\u00e9e<\/a><\/li>\n\n\n\n<li><a href=\"https:\/\/media.csstl.gouv.qc.ca\/wp-content\/uploads\/sites\/43\/2025\/06\/12132317\/Fournitures-scolaires-2025-2026-3e-annee.pdf\" data-type=\"attachment\" data-id=\"1453\">3e ann\u00e9e<\/a><\/li>\n\n\n\n<li><a href=\"https:\/\/media.csstl.gouv.qc.ca\/wp-content\/uploads\/sites\/43\/2025\/06\/12132320\/Fournitures-scolaires-2025-2026-4e-annee.pdf\" data-type=\"attachment\" data-id=\"1454\">4e ann\u00e9e<\/a><\/li>\n\n\n\n<li><a href=\"https:\/\/media.csstl.gouv.qc.ca\/wp-content\/uploads\/sites\/43\/2025\/06\/12132325\/Fournitures-scolaires-2025-2026-5e-annee.pdf\" data-type=\"attachment\" data-id=\"1455\">5e ann\u00e9e<\/a><\/li>\n\n\n\n<li><a href=\"https:\/\/media.csstl.gouv.qc.ca\/wp-content\/uploads\/sites\/43\/2025\/06\/12132328\/Fournitures-scolaires-2025-2026-6e-annee.pdf\" data-type=\"attachment\" data-id=\"1456\">6e ann\u00e9e<\/a><\/li>\n\n\n\n<li><a href=\"https:\/\/media.csstl.gouv.qc.ca\/wp-content\/uploads\/sites\/43\/2025\/06\/12132331\/Fournitures-scolaires-2025-2026-Accueil-801.pdf\" data-type=\"attachment\" data-id=\"1457\">Classe d&rsquo;accueil 801<\/a><\/li>\n\n\n\n<li><a href=\"https:\/\/media.csstl.gouv.qc.ca\/wp-content\/uploads\/sites\/43\/2025\/06\/12132336\/Fournitures-scolaires-2025-2026-Accueil-802.pdf\" data-type=\"attachment\" data-id=\"1458\">Classe d&rsquo;accueil 802<\/a><\/li>\n\n\n\n<li><a href=\"https:\/\/media.csstl.gouv.qc.ca\/wp-content\/uploads\/sites\/43\/2025\/06\/12132340\/Fournitures-scolaires-2025-2026-Accueil-803.pdf\" data-type=\"attachment\" data-id=\"1459\">Classe d&rsquo;accueil 803<\/a><\/li>\n<\/ul>\n\n\n\n<h2 class=\"wp-block-heading\">Partenariat avec \u00c9ditions Vaudreuil pour service de commande d&rsquo;effets scolaires<\/h2>\n\n\n\n<p>Il s&rsquo;agit d&rsquo;un service tout \u00e0 fait volontaire pour les parents. Aucune obligation de la part de l&rsquo;\u00e9cole \u00e0 faire affaires avec \u00c9ditions Vaudreuil. Voir tous les d\u00e9tails <a href=\"https:\/\/media.csstl.gouv.qc.ca\/wp-content\/uploads\/sites\/43\/2025\/06\/25084827\/Ecole-des-Legendes-Lettre-aux-parents-2025.pdf\" data-type=\"attachment\" data-id=\"1467\">ici<\/a>.<\/p>\n\n\n\n<h2 class=\"wp-block-heading\">Paiement des effets scolaires<\/h2>\n\n\n\n<p>Les \u00e9tats de compte sont d\u00e9pos\u00e9s en d\u00e9but d&rsquo;ann\u00e9e sur le&nbsp;<a href=\"https:\/\/portailparents.ca\/\" data-type=\"URL\" data-id=\"https:\/\/portailparents.ca\/accueil\/en\/\" target=\"_blank\" rel=\"noreferrer noopener\">Moza\u00efk-Portail Parents<\/a>. Les parents re\u00e7oivent une communication par courriel afin de les aviser que l&rsquo;\u00e9tat de compte a \u00e9t\u00e9 d\u00e9pos\u00e9.<\/p>\n\n\n\n<p>Pour le paiement, il est tr\u00e8s important de vous assurer de&nbsp;:<\/p>\n\n\n\n<ol class=\"wp-block-list\">\n<li>Choisir le bon fournisseur (CSS Trois-Lacs \u2013 \u00c9COLE).<\/li>\n\n\n\n<li>Indiquer le num\u00e9ro de r\u00e9f\u00e9rence correspondant au parent payeur sur l\u2019\u00e9tat de compte; celui-ci d\u00e9bute par \u00ab EC 046\u00bb.<\/li>\n<\/ol>\n\n\n\n<p>Si vous avez plusieurs enfants, prendre note que vous devez proc\u00e9der \u00e0 <em>un paiement par enfant<\/em>. Chaque enfant re\u00e7oit un \u00e9tat de compte distinct et les num\u00e9ros de r\u00e9f\u00e9rence des parents changent sur chacun.<\/p>\n\n\n\n<p>Aussi, les num\u00e9ros de r\u00e9f\u00e9rence et fournisseurs ne sont pas les m\u00eames que celui pour le service de garde. Veuillez vous assurer de s\u00e9lectionner les bonnes informations.<\/p>\n\n\n\n<p>En cas d&rsquo;erreur dans votre paiement (mauvais enfant ou mauvais compte), un transfert peut \u00eatre effectu\u00e9. Cependant, notez que des frais de 10 $ vous seront charg\u00e9s.<\/p>\n\n\n\n<p>Voici un&nbsp;<a href=\"https:\/\/media.csstl.gouv.qc.ca\/wp-content\/uploads\/sites\/43\/2024\/09\/13073516\/Procedure-paiement-Internet2.pdf\" data-type=\"attachment\" data-id=\"1404\" target=\"_blank\" rel=\"noreferrer noopener\">exemple de proc\u00e9dure de paiement par internet<\/a>&nbsp;pour deux institutions bancaires populaires.<\/p>\n","protected":false},"excerpt":{"rendered":"<p>Liste des fournitures scolaires 2025-2026 Partenariat avec \u00c9ditions Vaudreuil pour service de commande d&rsquo;effets scolaires Il s&rsquo;agit d&rsquo;un service tout \u00e0 fait volontaire pour les parents. Aucune obligation de la part de l&rsquo;\u00e9cole \u00e0 faire affaires avec \u00c9ditions Vaudreuil. Voir tous les d\u00e9tails ici. Paiement des effets scolaires Les \u00e9tats de compte sont d\u00e9pos\u00e9s en [&hellip;]<\/p>\n","protected":false},"author":2,"featured_media":0,"parent":0,"menu_order":20,"comment_status":"closed","ping_status":"closed","template":"","meta":{"_genesis_hide_title":false,"_genesis_hide_breadcrumbs":false,"_genesis_hide_singular_image":false,"_genesis_hide_footer_widgets":false,"_genesis_custom_body_class":"","_genesis_custom_post_class":"","_genesis_layout":"","footnotes":""},"class_list":{"0":"post-20","1":"page","2":"type-page","3":"status-publish","5":"entry"},"featured_image_src":null,"featured_image_src_square":null,"_links":{"self":[{"href":"https:\/\/csstl.gouv.qc.ca\/legendes\/wp-json\/wp\/v2\/pages\/20","targetHints":{"allow":["GET"]}}],"collection":[{"href":"https:\/\/csstl.gouv.qc.ca\/legendes\/wp-json\/wp\/v2\/pages"}],"about":[{"href":"https:\/\/csstl.gouv.qc.ca\/legendes\/wp-json\/wp\/v2\/types\/page"}],"author":[{"embeddable":true,"href":"https:\/\/csstl.gouv.qc.ca\/legendes\/wp-json\/wp\/v2\/users\/2"}],"replies":[{"embeddable":true,"href":"https:\/\/csstl.gouv.qc.ca\/legendes\/wp-json\/wp\/v2\/comments?post=20"}],"version-history":[{"count":0,"href":"https:\/\/csstl.gouv.qc.ca\/legendes\/wp-json\/wp\/v2\/pages\/20\/revisions"}],"wp:attachment":[{"href":"https:\/\/csstl.gouv.qc.ca\/legendes\/wp-json\/wp\/v2\/media?parent=20"}],"curies":[{"name":"wp","href":"https:\/\/api.w.org\/{rel}","templated":true}]}}