{"id":1008,"date":"2022-10-17T08:44:33","date_gmt":"2022-10-17T13:44:33","guid":{"rendered":"https:\/\/cs3lacs.wpengine.com\/legendes\/?page_id=1008"},"modified":"2022-11-24T14:45:02","modified_gmt":"2022-11-24T19:45:02","slug":"reglements","status":"publish","type":"page","link":"https:\/\/csstl.gouv.qc.ca\/legendes\/reglements\/","title":{"rendered":"R\u00e8glements"},"content":{"rendered":"\n<p class=\"has-stk-global-color-26594-color has-text-color\">Afin d&rsquo;offrir un climat qui favorise le d\u00e9veloppement personnel, social et scolaire des \u00e9l\u00e8ves, les membres du personnel s&rsquo;engagent \u00e0 fournir un environnement s\u00e9curitaire, agr\u00e9able et accueillant. Pour ce faire, nous disons non \u00e0 l&rsquo;intimidation et \u00e0 la violence sous toutes ses formes.<\/p>\n\n\n\n<p>C&rsquo;est pour cette raison que, comme \u00e9l\u00e8ve :<\/p>\n\n\n\n<ol class=\"wp-block-list\">\n<li>Je respecte les \u00e9l\u00e8ves et le personnel de l&rsquo;\u00e9cole dans mes paroles, mes gestes, mes attitudes et mes \u00e9crits.<\/li>\n\n\n\n<li>Je prends soin de mon \u00e9cole et du mat\u00e9riel mis \u00e0 ma disposition.<\/li>\n\n\n\n<li>J&rsquo;adopte en tout temps des comportements s\u00e9curitaires.<\/li>\n\n\n\n<li>Je r\u00e8gle mes conflits de fa\u00e7on harmonieuse et sans violence.<\/li>\n\n\n\n<li>Je fournis les efforts qui favorisent ma r\u00e9ussite scolaire.<\/li>\n\n\n\n<li>Je me d\u00e9place en respectant les r\u00e8gles de d\u00e9placement dans l&rsquo;\u00e9cole.<\/li>\n<\/ol>\n\n\n\n<p>Si je ne respecte pas le code de vie ou un r\u00e8glement de l&rsquo;\u00e9cole, je devrai en assumer les cons\u00e9quences.<\/p>\n","protected":false},"excerpt":{"rendered":"<p>Afin d&rsquo;offrir un climat qui favorise le d\u00e9veloppement personnel, social et scolaire des \u00e9l\u00e8ves, les membres du personnel s&rsquo;engagent \u00e0 fournir un environnement s\u00e9curitaire, agr\u00e9able et accueillant. Pour ce faire, nous disons non \u00e0 l&rsquo;intimidation et \u00e0 la violence sous toutes ses formes. C&rsquo;est pour cette raison que, comme \u00e9l\u00e8ve : Si je ne respecte [&hellip;]<\/p>\n","protected":false},"author":2,"featured_media":0,"parent":0,"menu_order":0,"comment_status":"closed","ping_status":"closed","template":"","meta":{"_genesis_hide_title":false,"_genesis_hide_breadcrumbs":false,"_genesis_hide_singular_image":false,"_genesis_hide_footer_widgets":false,"_genesis_custom_body_class":"","_genesis_custom_post_class":"","_genesis_layout":"","footnotes":""},"class_list":{"0":"post-1008","1":"page","2":"type-page","3":"status-publish","5":"entry"},"featured_image_src":null,"featured_image_src_square":null,"_links":{"self":[{"href":"https:\/\/csstl.gouv.qc.ca\/legendes\/wp-json\/wp\/v2\/pages\/1008","targetHints":{"allow":["GET"]}}],"collection":[{"href":"https:\/\/csstl.gouv.qc.ca\/legendes\/wp-json\/wp\/v2\/pages"}],"about":[{"href":"https:\/\/csstl.gouv.qc.ca\/legendes\/wp-json\/wp\/v2\/types\/page"}],"author":[{"embeddable":true,"href":"https:\/\/csstl.gouv.qc.ca\/legendes\/wp-json\/wp\/v2\/users\/2"}],"replies":[{"embeddable":true,"href":"https:\/\/csstl.gouv.qc.ca\/legendes\/wp-json\/wp\/v2\/comments?post=1008"}],"version-history":[{"count":0,"href":"https:\/\/csstl.gouv.qc.ca\/legendes\/wp-json\/wp\/v2\/pages\/1008\/revisions"}],"wp:attachment":[{"href":"https:\/\/csstl.gouv.qc.ca\/legendes\/wp-json\/wp\/v2\/media?parent=1008"}],"curies":[{"name":"wp","href":"https:\/\/api.w.org\/{rel}","templated":true}]}}