{"id":10,"date":"2019-02-06T13:15:15","date_gmt":"2019-02-06T13:15:15","guid":{"rendered":"http:\/\/cs3lacs.wpengine.com\/legendes\/?page_id=10"},"modified":"2025-11-24T12:58:09","modified_gmt":"2025-11-24T17:58:09","slug":"conseil-detablissement","status":"publish","type":"page","link":"https:\/\/csstl.gouv.qc.ca\/legendes\/conseil-detablissement\/","title":{"rendered":"ANN\u00c9E SCOLAIRE 2025-2026"},"content":{"rendered":"\n<p>Les rencontres du conseil d&rsquo;\u00e9tablissement ont habituellement lieu les lundis, \u00e0 19 h.<\/p>\n\n\n\n<h2 class=\"wp-block-heading\">Membres du conseil d&rsquo;\u00e9tablissement<\/h2>\n\n\n\n<p>Consulter la <a href=\"https:\/\/media.csstl.gouv.qc.ca\/wp-content\/uploads\/sites\/43\/2024\/09\/12085240\/Liste-des-membres-CE-2024-09-12.pdf\" data-type=\"attachment\" data-id=\"1397\">liste des membres du conseil d&rsquo;\u00e9tablissement<\/a>.<\/p>\n\n\n\n<h2 class=\"wp-block-heading\">Assembl\u00e9e g\u00e9n\u00e9rale des parents<\/h2>\n\n\n\n<ul class=\"wp-block-list\">\n<li>18 septembre 2024 | <a href=\"https:\/\/media.csstl.gouv.qc.ca\/wp-content\/uploads\/sites\/43\/2024\/09\/12090223\/ODJ_AGA_2024-09-18.pdf\" data-type=\"attachment\" data-id=\"1398\">Ordre du jour<\/a> | Proc\u00e8s-verbal<\/li>\n\n\n\n<li>12 septembre 2023 | <a href=\"https:\/\/media.csstl.gouv.qc.ca\/wp-content\/uploads\/sites\/43\/2023\/09\/05115614\/ODJ_AGA_2023-09-12.pdf\" data-type=\"attachment\" data-id=\"1281\">Ordre du jour<\/a> | <a href=\"https:\/\/media.csstl.gouv.qc.ca\/wp-content\/uploads\/sites\/43\/2024\/09\/12090227\/PV-AGA-2023-09-12.pdf\" data-type=\"attachment\" data-id=\"1399\">Proc\u00e8s-verbal<\/a><\/li>\n\n\n\n<li>14 septembre 2022 | <a href=\"https:\/\/media.csstl.gouv.qc.ca\/wp-content\/uploads\/sites\/43\/2023\/11\/09112143\/ODJ-AGA-2022-09-14.pdf\" data-type=\"attachment\" data-id=\"1308\">Ordre du jour<\/a> | <a href=\"https:\/\/media.csstl.gouv.qc.ca\/wp-content\/uploads\/sites\/43\/2023\/09\/05115618\/PV-AGA-2022-09-14.pdf\" data-type=\"attachment\" data-id=\"1282\">Proc\u00e8s-verbal<\/a><\/li>\n<\/ul>\n\n\n\n<h2 class=\"wp-block-heading\">Date des rencontres 2023-2024<\/h2>\n\n\n\n<ul class=\"wp-block-list\">\n<li>18 octobre 2023 | <a href=\"https:\/\/media.csstl.gouv.qc.ca\/wp-content\/uploads\/sites\/43\/2023\/11\/09112140\/ODJ-2023-10-18.pdf\" data-type=\"attachment\" data-id=\"1307\">Ordre du jour<\/a> | Proc\u00e8s-verbal<\/li>\n\n\n\n<li>29 novembre 2023 | Ordre du jour | Proc\u00e8s-verbal<\/li>\n\n\n\n<li>27 mars 2024 | Ordre du jour | Proc\u00e8s-verbal<\/li>\n\n\n\n<li>24 avril 2024 | Ordre du jour | Proc\u00e8s-verbal<\/li>\n\n\n\n<li>22 mai 2024 | Ordre du jour | Proc\u00e8s-verbal<\/li>\n\n\n\n<li>12 juin 2024 | Ordre du jour | Proc\u00e8s-verbal<\/li>\n<\/ul>\n\n\n\n<h2 class=\"wp-block-heading\">Date des rencontres 2022-2023<\/h2>\n\n\n\n<ul class=\"wp-block-list\">\n<li>17 octobre 2022 | <a rel=\"noreferrer noopener\" href=\"https:\/\/media.csstl.gouv.qc.ca\/wp-content\/uploads\/sites\/43\/2022\/11\/24104707\/ODJ-2022-10-17.pdf\" data-type=\"attachment\" data-id=\"1112\" target=\"_blank\">Ordre du jour<\/a> | <a href=\"https:\/\/media.csstl.gouv.qc.ca\/wp-content\/uploads\/sites\/43\/2023\/02\/15102406\/PV-2022-10-17.pdf\" data-type=\"attachment\" data-id=\"1241\">Proc\u00e8s-verbal<\/a><\/li>\n\n\n\n<li>12 d\u00e9cembre 2022 | <a href=\"https:\/\/media.csstl.gouv.qc.ca\/wp-content\/uploads\/sites\/43\/2023\/02\/15102402\/ODJ-2022-12-12.pdf\" data-type=\"attachment\" data-id=\"1239\">Ordre du jour<\/a> | <a href=\"https:\/\/media.csstl.gouv.qc.ca\/wp-content\/uploads\/sites\/43\/2023\/06\/27075005\/PV-2022-12-12.pdf\" data-type=\"attachment\" data-id=\"1271\">Proc\u00e8s-verbal<\/a><\/li>\n\n\n\n<li>22 f\u00e9vrier 2023 | <a href=\"https:\/\/media.csstl.gouv.qc.ca\/wp-content\/uploads\/sites\/43\/2023\/02\/15102404\/ODJ-2023-02-22.pdf\" data-type=\"attachment\" data-id=\"1240\">Ordre du jour<\/a> | <a href=\"https:\/\/media.csstl.gouv.qc.ca\/wp-content\/uploads\/sites\/43\/2023\/06\/27075007\/PV-2023-02-22.pdf\" data-type=\"attachment\" data-id=\"1272\">Proc\u00e8s-verbal<\/a><\/li>\n\n\n\n<li>20 mars 2023 | S\u00e9ance extraordinaire \u00ab\u00a0Tirage des maternelles 4 ans\u00a0\u00bb | <a href=\"https:\/\/media.csstl.gouv.qc.ca\/wp-content\/uploads\/sites\/43\/2023\/06\/27075011\/PV-2023-03-20.pdf\" data-type=\"attachment\" data-id=\"1273\">Proc\u00e8s-verbal<\/a><\/li>\n\n\n\n<li>17 avril 2023 | S\u00e9ance annul\u00e9e<\/li>\n\n\n\n<li>15 mai 2023 | <a href=\"https:\/\/media.csstl.gouv.qc.ca\/wp-content\/uploads\/sites\/43\/2023\/06\/27075000\/ODJ-2023-05-15.pdf\" data-type=\"attachment\" data-id=\"1269\">Ordre du jour<\/a> | <a href=\"https:\/\/media.csstl.gouv.qc.ca\/wp-content\/uploads\/sites\/43\/2023\/06\/27075014\/PV-2023-05-15.pdf\" data-type=\"attachment\" data-id=\"1274\">Proc\u00e8s-verbal<\/a><\/li>\n\n\n\n<li>12 juin 2023 | <a href=\"https:\/\/media.csstl.gouv.qc.ca\/wp-content\/uploads\/sites\/43\/2023\/06\/27075003\/ODJ-2023-06-12.pdf\" data-type=\"attachment\" data-id=\"1270\">Ordre du jour<\/a> | <a href=\"https:\/\/media.csstl.gouv.qc.ca\/wp-content\/uploads\/sites\/43\/2023\/11\/09112145\/PV-2023-06-12.pdf\" data-type=\"attachment\" data-id=\"1309\">Proc\u00e8s-verbal<\/a><\/li>\n<\/ul>\n\n\n\n<h2 class=\"wp-block-heading\">Date des rencontres 2021-2022<\/h2>\n\n\n\n<ul class=\"wp-block-list\">\n<li>18 octobre 2021 | <a href=\"https:\/\/media.csstl.gouv.qc.ca\/wp-content\/uploads\/sites\/43\/2022\/11\/24104657\/ODJ-2021-10-18.pdf\" data-type=\"attachment\" data-id=\"1106\" target=\"_blank\" rel=\"noreferrer noopener\">Ordre du jour<\/a> | <a href=\"https:\/\/media.csstl.gouv.qc.ca\/wp-content\/uploads\/sites\/43\/2022\/11\/24104723\/PV-2021-10-18.pdf\" data-type=\"attachment\" data-id=\"1119\" target=\"_blank\" rel=\"noreferrer noopener\">Proc\u00e8s-verbal<\/a><\/li>\n\n\n\n<li>13 d\u00e9cembre 2021 | <a href=\"https:\/\/media.csstl.gouv.qc.ca\/wp-content\/uploads\/sites\/43\/2022\/11\/24131404\/ODJ-2021-12-13.1.pdf\" data-type=\"attachment\" data-id=\"1133\" target=\"_blank\" rel=\"noreferrer noopener\">Ordre du jour<\/a> | <a href=\"https:\/\/media.csstl.gouv.qc.ca\/wp-content\/uploads\/sites\/43\/2022\/11\/24104725\/PV-2021-12-13.pdf\" data-type=\"attachment\" data-id=\"1120\" target=\"_blank\" rel=\"noreferrer noopener\">Proc\u00e8s-verbal<\/a><\/li>\n\n\n\n<li>21 f\u00e9vrier 2022 | <a href=\"https:\/\/media.csstl.gouv.qc.ca\/wp-content\/uploads\/sites\/43\/2022\/11\/24104700\/ODJ-2022-02-21.pdf\" data-type=\"attachment\" data-id=\"1108\" target=\"_blank\" rel=\"noreferrer noopener\">Ordre du jour<\/a> | <a href=\"https:\/\/media.csstl.gouv.qc.ca\/wp-content\/uploads\/sites\/43\/2022\/11\/24104727\/PV-2022-02-21.pdf\" data-type=\"attachment\" data-id=\"1121\" target=\"_blank\" rel=\"noreferrer noopener\">Proc\u00e8s-verbal<\/a><\/li>\n\n\n\n<li>11 avril 2022 | <a href=\"https:\/\/media.csstl.gouv.qc.ca\/wp-content\/uploads\/sites\/43\/2022\/11\/24104703\/ODJ-2022-04-11.pdf\" data-type=\"attachment\" data-id=\"1109\" target=\"_blank\" rel=\"noreferrer noopener\">Ordre du jour<\/a> | <a href=\"https:\/\/media.csstl.gouv.qc.ca\/wp-content\/uploads\/sites\/43\/2022\/11\/24104730\/PV-2022-04-11.pdf\" data-type=\"attachment\" data-id=\"1122\" target=\"_blank\" rel=\"noreferrer noopener\">Proc\u00e8s-verbal<\/a><\/li>\n\n\n\n<li>16 mai 2022 | <a href=\"https:\/\/media.csstl.gouv.qc.ca\/wp-content\/uploads\/sites\/43\/2022\/11\/24104704\/ODJ-2022-05-16.pdf\" data-type=\"attachment\" data-id=\"1110\" target=\"_blank\" rel=\"noreferrer noopener\">Ordre du jour<\/a> | <a href=\"https:\/\/media.csstl.gouv.qc.ca\/wp-content\/uploads\/sites\/43\/2022\/11\/24104732\/PV-2022-05-16.pdf\" data-type=\"attachment\" data-id=\"1123\" target=\"_blank\" rel=\"noreferrer noopener\">Proc\u00e8s-verbal<\/a><\/li>\n\n\n\n<li>13 juin 2022 | <a href=\"https:\/\/media.csstl.gouv.qc.ca\/wp-content\/uploads\/sites\/43\/2022\/11\/24104706\/ODJ-2022-06-13.pdf\" data-type=\"attachment\" data-id=\"1111\" target=\"_blank\" rel=\"noreferrer noopener\">Ordre du jour<\/a> | <a href=\"https:\/\/media.csstl.gouv.qc.ca\/wp-content\/uploads\/sites\/43\/2022\/11\/24104734\/PV-2022-06-13.pdf\" data-type=\"attachment\" data-id=\"1124\" target=\"_blank\" rel=\"noreferrer noopener\">Proc\u00e8s-verbal<\/a><\/li>\n<\/ul>\n\n\n\n<h2 class=\"wp-block-heading\">Date des rencontres 2020-2021<\/h2>\n\n\n\n<ul class=\"wp-block-list\">\n<li>19 octobre 2020 | <a href=\"https:\/\/media.csstl.gouv.qc.ca\/wp-content\/uploads\/sites\/43\/2022\/11\/24104647\/ODJ-2020-10-19.pdf\" data-type=\"attachment\" data-id=\"1100\" target=\"_blank\" rel=\"noreferrer noopener\">Ordre du jour<\/a> | <a href=\"https:\/\/media.csstl.gouv.qc.ca\/wp-content\/uploads\/sites\/43\/2022\/11\/24104709\/PV-2020-10-19.pdf\" data-type=\"attachment\" data-id=\"1113\" target=\"_blank\" rel=\"noreferrer noopener\">Proc\u00e8s-verbal<\/a><\/li>\n\n\n\n<li>14 d\u00e9cembre 2020 | <a href=\"https:\/\/media.csstl.gouv.qc.ca\/wp-content\/uploads\/sites\/43\/2022\/11\/24131402\/ODJ-2020-12-14.1.pdf\" data-type=\"attachment\" data-id=\"1132\" target=\"_blank\" rel=\"noreferrer noopener\">Ordre du jour<\/a> | <a href=\"https:\/\/media.csstl.gouv.qc.ca\/wp-content\/uploads\/sites\/43\/2022\/11\/24104712\/PV-2020-12-14.pdf\" data-type=\"attachment\" data-id=\"1114\" target=\"_blank\" rel=\"noreferrer noopener\">Proc\u00e8s-verbal<\/a><\/li>\n\n\n\n<li>22 f\u00e9vrier 2021 | <a href=\"https:\/\/media.csstl.gouv.qc.ca\/wp-content\/uploads\/sites\/43\/2022\/11\/24104651\/ODJ-2021-02-22.pdf\" data-type=\"attachment\" data-id=\"1102\" target=\"_blank\" rel=\"noreferrer noopener\">Ordre du jour<\/a> | <a href=\"https:\/\/media.csstl.gouv.qc.ca\/wp-content\/uploads\/sites\/43\/2022\/11\/24104715\/PV-2021-02-22.pdf\" data-type=\"attachment\" data-id=\"1115\" target=\"_blank\" rel=\"noreferrer noopener\">Proc\u00e8s-verbal<\/a><\/li>\n\n\n\n<li>19 avril 2021 | <a href=\"https:\/\/media.csstl.gouv.qc.ca\/wp-content\/uploads\/sites\/43\/2022\/11\/24104652\/ODJ-2021-04-19.pdf\" data-type=\"attachment\" data-id=\"1103\" target=\"_blank\" rel=\"noreferrer noopener\">Ordre du jour<\/a> | <a href=\"https:\/\/media.csstl.gouv.qc.ca\/wp-content\/uploads\/sites\/43\/2022\/11\/24104717\/PV-2021-04-19.pdf\" data-type=\"attachment\" data-id=\"1116\" target=\"_blank\" rel=\"noreferrer noopener\">Proc\u00e8s-verbal<\/a><\/li>\n\n\n\n<li>17 mai 2021 | <a href=\"https:\/\/media.csstl.gouv.qc.ca\/wp-content\/uploads\/sites\/43\/2022\/11\/24104654\/ODJ-2021-05-17.pdf\" data-type=\"attachment\" data-id=\"1104\" target=\"_blank\" rel=\"noreferrer noopener\">Ordre du jour<\/a> | <a href=\"https:\/\/media.csstl.gouv.qc.ca\/wp-content\/uploads\/sites\/43\/2022\/11\/24104719\/PV-2021-05-17.pdf\" data-type=\"attachment\" data-id=\"1117\" target=\"_blank\" rel=\"noreferrer noopener\">Proc\u00e8s-verbal<\/a><\/li>\n\n\n\n<li>14 juin 2021 | <a href=\"https:\/\/media.csstl.gouv.qc.ca\/wp-content\/uploads\/sites\/43\/2022\/11\/24104656\/ODJ-2021-06-14.pdf\" data-type=\"attachment\" data-id=\"1105\" target=\"_blank\" rel=\"noreferrer noopener\">Ordre du jour<\/a> | <a href=\"https:\/\/media.csstl.gouv.qc.ca\/wp-content\/uploads\/sites\/43\/2022\/11\/24104721\/PV-2021-06-14.pdf\" data-type=\"attachment\" data-id=\"1118\" target=\"_blank\" rel=\"noreferrer noopener\">Proc\u00e8s-verbal<\/a><\/li>\n<\/ul>\n","protected":false},"excerpt":{"rendered":"<p>Les rencontres du conseil d&rsquo;\u00e9tablissement ont habituellement lieu les lundis, \u00e0 19 h. Membres du conseil d&rsquo;\u00e9tablissement Consulter la liste des membres du conseil d&rsquo;\u00e9tablissement. Assembl\u00e9e g\u00e9n\u00e9rale des parents Date des rencontres 2023-2024 Date des rencontres 2022-2023 Date des rencontres 2021-2022 Date des rencontres 2020-2021<\/p>\n","protected":false},"author":2,"featured_media":0,"parent":0,"menu_order":11,"comment_status":"closed","ping_status":"closed","template":"","meta":{"_genesis_hide_title":false,"_genesis_hide_breadcrumbs":false,"_genesis_hide_singular_image":false,"_genesis_hide_footer_widgets":false,"_genesis_custom_body_class":"","_genesis_custom_post_class":"","_genesis_layout":"","footnotes":""},"class_list":{"0":"post-10","1":"page","2":"type-page","3":"status-publish","5":"entry"},"featured_image_src":null,"featured_image_src_square":null,"_links":{"self":[{"href":"https:\/\/csstl.gouv.qc.ca\/legendes\/wp-json\/wp\/v2\/pages\/10","targetHints":{"allow":["GET"]}}],"collection":[{"href":"https:\/\/csstl.gouv.qc.ca\/legendes\/wp-json\/wp\/v2\/pages"}],"about":[{"href":"https:\/\/csstl.gouv.qc.ca\/legendes\/wp-json\/wp\/v2\/types\/page"}],"author":[{"embeddable":true,"href":"https:\/\/csstl.gouv.qc.ca\/legendes\/wp-json\/wp\/v2\/users\/2"}],"replies":[{"embeddable":true,"href":"https:\/\/csstl.gouv.qc.ca\/legendes\/wp-json\/wp\/v2\/comments?post=10"}],"version-history":[{"count":0,"href":"https:\/\/csstl.gouv.qc.ca\/legendes\/wp-json\/wp\/v2\/pages\/10\/revisions"}],"wp:attachment":[{"href":"https:\/\/csstl.gouv.qc.ca\/legendes\/wp-json\/wp\/v2\/media?parent=10"}],"curies":[{"name":"wp","href":"https:\/\/api.w.org\/{rel}","templated":true}]}}