{"id":482,"date":"2019-06-18T13:49:24","date_gmt":"2019-06-18T18:49:24","guid":{"rendered":"http:\/\/cs3lacs.wpengine.com\/jose-maria\/?page_id=482"},"modified":"2024-01-09T13:40:50","modified_gmt":"2024-01-09T18:40:50","slug":"service-alimentaire","status":"publish","type":"page","link":"https:\/\/csstl.gouv.qc.ca\/jose-maria\/service-alimentaire\/","title":{"rendered":"Service alimentaire"},"content":{"rendered":"\n<p>Le traiteur LSA Laberge offre le service de repas chauds aux \u00e9l\u00e8ves et au personnel de l&rsquo;\u00e9cole.<\/p>\n\n\n\n<p>Vous avez la possibilit\u00e9 de commander en ligne des repas pour votre enfant en vous rendant sur <a href=\"http:\/\/petit.weblaberge.com\/\" data-type=\"URL\" data-id=\"http:\/\/petit.weblaberge.com\/\" target=\"_blank\" rel=\"noreferrer noopener\">le site Web du traiteur<\/a>. Vous devez ouvrir un compte pour commander un des 3 choix de repas offerts quotidiennement, du lundi au jeudi.<\/p>\n\n\n\n<p>Le co\u00fbt d&rsquo;un repas r\u00e9gulier est de\u00a0<strong>6,45 $<\/strong>\u00a0et celui d&rsquo;une portion adolescente est de\u00a0<strong>7,45\u00a0$<\/strong>.<\/p>\n\n\n\n<p>Le paiement peut s&rsquo;effectuer par carte de cr\u00e9dit et certaines cartes de d\u00e9bit. Nous vous invitons \u00e0 consulter leur site Web pour plus d&rsquo;information.<\/p>\n","protected":false},"excerpt":{"rendered":"<p>Le traiteur LSA Laberge offre le service de repas chauds aux \u00e9l\u00e8ves et au personnel de l&rsquo;\u00e9cole. Vous avez la possibilit\u00e9 de commander en ligne des repas pour votre enfant en vous rendant sur le site Web du traiteur. Vous devez ouvrir un compte pour commander un des 3 choix de repas offerts quotidiennement, du [&hellip;]<\/p>\n","protected":false},"author":2,"featured_media":0,"parent":0,"menu_order":0,"comment_status":"closed","ping_status":"closed","template":"","meta":{"_genesis_hide_title":false,"_genesis_hide_breadcrumbs":false,"_genesis_hide_singular_image":false,"_genesis_hide_footer_widgets":false,"_genesis_custom_body_class":"","_genesis_custom_post_class":"","_genesis_layout":"","footnotes":""},"class_list":{"0":"post-482","1":"page","2":"type-page","3":"status-publish","5":"entry"},"featured_image_src":null,"featured_image_src_square":null,"_links":{"self":[{"href":"https:\/\/csstl.gouv.qc.ca\/jose-maria\/wp-json\/wp\/v2\/pages\/482","targetHints":{"allow":["GET"]}}],"collection":[{"href":"https:\/\/csstl.gouv.qc.ca\/jose-maria\/wp-json\/wp\/v2\/pages"}],"about":[{"href":"https:\/\/csstl.gouv.qc.ca\/jose-maria\/wp-json\/wp\/v2\/types\/page"}],"author":[{"embeddable":true,"href":"https:\/\/csstl.gouv.qc.ca\/jose-maria\/wp-json\/wp\/v2\/users\/2"}],"replies":[{"embeddable":true,"href":"https:\/\/csstl.gouv.qc.ca\/jose-maria\/wp-json\/wp\/v2\/comments?post=482"}],"version-history":[{"count":0,"href":"https:\/\/csstl.gouv.qc.ca\/jose-maria\/wp-json\/wp\/v2\/pages\/482\/revisions"}],"wp:attachment":[{"href":"https:\/\/csstl.gouv.qc.ca\/jose-maria\/wp-json\/wp\/v2\/media?parent=482"}],"curies":[{"name":"wp","href":"https:\/\/api.w.org\/{rel}","templated":true}]}}