{"id":481,"date":"2019-06-18T13:48:46","date_gmt":"2019-06-18T18:48:46","guid":{"rendered":"http:\/\/cs3lacs.wpengine.com\/jose-maria\/?page_id=481"},"modified":"2024-01-09T13:38:55","modified_gmt":"2024-01-09T18:38:55","slug":"service-de-garde","status":"publish","type":"page","link":"https:\/\/csstl.gouv.qc.ca\/jose-maria\/service-de-garde\/","title":{"rendered":"Service de garde"},"content":{"rendered":"\n<p>Le service de garde est ouvert du lundi au vendredi de 6 h 45 \u00e0 18 h&nbsp;\u00e0 l&rsquo;exception des jours f\u00e9ri\u00e9s. <\/p>\n\n\n\n<p>Pour plus d&rsquo;informations sur ce service, vous pouvez consulter le document ci-bas. <\/p>\n\n\n\n<ul class=\"wp-block-list\">\n<li><a href=\"https:\/\/media.csstl.gouv.qc.ca\/wp-content\/uploads\/sites\/24\/2024\/01\/09133819\/Regie-interne-2023-2024-1.pdf\" data-type=\"attachment\" data-id=\"1235\">R\u00e9gie interne 2023-2024<\/a><\/li>\n<\/ul>\n","protected":false},"excerpt":{"rendered":"<p>Le service de garde est ouvert du lundi au vendredi de 6 h 45 \u00e0 18 h&nbsp;\u00e0 l&rsquo;exception des jours f\u00e9ri\u00e9s. Pour plus d&rsquo;informations sur ce service, vous pouvez consulter le document ci-bas.<\/p>\n","protected":false},"author":2,"featured_media":0,"parent":0,"menu_order":0,"comment_status":"closed","ping_status":"closed","template":"","meta":{"_genesis_hide_title":false,"_genesis_hide_breadcrumbs":false,"_genesis_hide_singular_image":false,"_genesis_hide_footer_widgets":false,"_genesis_custom_body_class":"","_genesis_custom_post_class":"","_genesis_layout":"","footnotes":""},"class_list":{"0":"post-481","1":"page","2":"type-page","3":"status-publish","5":"entry"},"featured_image_src":null,"featured_image_src_square":null,"_links":{"self":[{"href":"https:\/\/csstl.gouv.qc.ca\/jose-maria\/wp-json\/wp\/v2\/pages\/481","targetHints":{"allow":["GET"]}}],"collection":[{"href":"https:\/\/csstl.gouv.qc.ca\/jose-maria\/wp-json\/wp\/v2\/pages"}],"about":[{"href":"https:\/\/csstl.gouv.qc.ca\/jose-maria\/wp-json\/wp\/v2\/types\/page"}],"author":[{"embeddable":true,"href":"https:\/\/csstl.gouv.qc.ca\/jose-maria\/wp-json\/wp\/v2\/users\/2"}],"replies":[{"embeddable":true,"href":"https:\/\/csstl.gouv.qc.ca\/jose-maria\/wp-json\/wp\/v2\/comments?post=481"}],"version-history":[{"count":0,"href":"https:\/\/csstl.gouv.qc.ca\/jose-maria\/wp-json\/wp\/v2\/pages\/481\/revisions"}],"wp:attachment":[{"href":"https:\/\/csstl.gouv.qc.ca\/jose-maria\/wp-json\/wp\/v2\/media?parent=481"}],"curies":[{"name":"wp","href":"https:\/\/api.w.org\/{rel}","templated":true}]}}