{"id":746,"date":"2019-11-28T14:55:59","date_gmt":"2019-11-28T19:55:59","guid":{"rendered":"https:\/\/cs3lacs.wpengine.com\/hymne-au-printemps\/?page_id=746"},"modified":"2024-07-02T07:56:34","modified_gmt":"2024-07-02T12:56:34","slug":"portrait","status":"publish","type":"page","link":"https:\/\/csstl.gouv.qc.ca\/hymne-au-printemps\/portrait\/","title":{"rendered":"Portrait"},"content":{"rendered":"<div class=\"wp-block-image\">\n<figure class=\"aligncenter size-full\"><img loading=\"lazy\" decoding=\"async\" width=\"1996\" height=\"590\" src=\"https:\/\/media.csstl.gouv.qc.ca\/wp-content\/uploads\/sites\/41\/2024\/07\/02075408\/Photo-de-lecole-1-1.jpg\" alt=\"\" class=\"wp-image-1206\" srcset=\"https:\/\/media.csstl.gouv.qc.ca\/wp-content\/uploads\/sites\/41\/2024\/07\/02075408\/Photo-de-lecole-1-1.jpg 1996w, https:\/\/media.csstl.gouv.qc.ca\/wp-content\/uploads\/sites\/41\/2024\/07\/02075408\/Photo-de-lecole-1-1-300x89.jpg 300w, https:\/\/media.csstl.gouv.qc.ca\/wp-content\/uploads\/sites\/41\/2024\/07\/02075408\/Photo-de-lecole-1-1-1024x303.jpg 1024w, https:\/\/media.csstl.gouv.qc.ca\/wp-content\/uploads\/sites\/41\/2024\/07\/02075408\/Photo-de-lecole-1-1-768x227.jpg 768w, https:\/\/media.csstl.gouv.qc.ca\/wp-content\/uploads\/sites\/41\/2024\/07\/02075408\/Photo-de-lecole-1-1-1536x454.jpg 1536w\" sizes=\"auto, (max-width: 1996px) 100vw, 1996px\" \/><\/figure>\n<\/div>\n\n\n<p>L&rsquo;\u00e9cole de l&rsquo;Hymne-au-Printemps a ouvert ses portes \u00e0 la rentr\u00e9e scolaire <strong>2012-2013<\/strong>.\u00a0 Nous y accueillons plus de 400 \u00e9l\u00e8ves du pr\u00e9scolaire 4 ans \u00e0 la 6e ann\u00e9e, en plus de 2 classes d&rsquo;accueil.\u00a0<\/p>\n\n\n\n<p>L&rsquo;\u00e9cole est compos\u00e9e d&rsquo;une \u00e9quipe dynamique qui d\u00e9sire offrir un milieu de vie harmonieux pour les \u00e9l\u00e8ves en d\u00e9veloppant leur sentiment d&rsquo;appartenance.<\/p>\n\n\n\n<p>Ce&nbsp;milieu, nous le voulons respectueux des diff\u00e9rences en encourageant les attitudes d&rsquo;ouverture \u00e0 l&rsquo;autre.&nbsp; Nous souhaitons cr\u00e9er une \u00e9cole o\u00f9 le plaisir d&rsquo;apprendre et de d\u00e9couvrir est au coeur de nos actions pour que les \u00e9l\u00e8ves s&rsquo;y \u00e9panouissent pleinement.<\/p>\n\n\n\n<h2 class=\"wp-block-heading\">Un bref historique<\/h2>\n\n\n\n<h3 class=\"wp-block-heading\">Une \u00e9cole qui respecte l&rsquo;environnement&nbsp;<\/h3>\n\n\n\n<p>Les plans de l&rsquo;\u00e9cole ont \u00e9t\u00e9 r\u00e9alis\u00e9s par l&rsquo;architecte Monsieur Fr\u00e9d\u00e9ric Leclerc.&nbsp; Monsieur Leclerc s&rsquo;est laiss\u00e9 inspirer par un enfant qui souhaitait que son \u00e9cole soit une \u00ab\u00a0bulle\u00a0\u00bb.&nbsp; Cette \u00e9cole est con\u00e7ue dans le respect des r\u00e8gles qui favorise le d\u00e9veloppement durable.<\/p>\n\n\n\n<h3 class=\"wp-block-heading\">Un nom qui chante la vie<\/h3>\n\n\n\n<p>Madame Camille Pilon a propos\u00e9 le nom de l&rsquo;\u00e9cole, \u00e9cole primaire de l&rsquo;Hymne-au-Printemps, ce nom nous rappelle \u00e0 tous la chanson de F\u00e9lix Leclerc qui a v\u00e9cu \u00e0 Vaudreuil durant plus de 20 ans.<\/p>\n\n\n\n<p>Les mots de la chanson de F\u00e9lix chantent la vie, la vie qui s&rsquo;endort \u00e0 l&rsquo;automne et qui a besoin du r\u00e9pit que lui accorde l&rsquo;hiver pour rena\u00eetre au printemps.&nbsp; Ils nous inspirent la vie, la jeunesse.<\/p>\n\n\n\n<h3 class=\"wp-block-heading\">ChrOmOnOtes, une \u0153uvre d\u00e9di\u00e9e<\/h3>\n\n\n\n<p>Monsieur Pierre Blanchette a cr\u00e9\u00e9 une \u0153uvre pour l&rsquo;harmonie recherch\u00e9e comme l&rsquo;une des valeurs centrales du projet \u00e9ducatif.&nbsp; Il a choisi le cercle color\u00e9, appel\u00e9 l&rsquo;harmonie des couleurs.&nbsp; Cette disposition du spectre chromatique qui en illustre les caract\u00e9ristiques.&nbsp; La trentaine de composantes de son \u0153uvre regroupent ainsi dix-huit (18) couleurs.<\/p>\n\n\n\n<h3 class=\"wp-block-heading\">Notre logo<\/h3>\n\n\n\n<p>Le logo a \u00e9t\u00e9 cr\u00e9\u00e9 par Monsieur \u00c9tienne Montpetit.&nbsp; Il repr\u00e9sente la port\u00e9e de la musique et les cercles de l&rsquo;oeuvre d&rsquo;art.&nbsp; Pour lui, chaque couleur repr\u00e9sente un niveau scolaire.&nbsp; L&rsquo;ensemble reprend le th\u00e8me de l&rsquo;harmonie.<\/p>\n\n\n<div class=\"wp-block-image\">\n<figure class=\"alignleft size-medium\"><img loading=\"lazy\" decoding=\"async\" width=\"300\" height=\"107\" src=\"https:\/\/media.csstl.gouv.qc.ca\/wp-content\/uploads\/sites\/41\/2022\/12\/08145906\/LOGO-CMYK-_-Ecole-primaire-de-lHymne-au-Printemps-300x107.png\" alt=\"\" class=\"wp-image-1132\" srcset=\"https:\/\/media.csstl.gouv.qc.ca\/wp-content\/uploads\/sites\/41\/2022\/12\/08145906\/LOGO-CMYK-_-Ecole-primaire-de-lHymne-au-Printemps-300x107.png 300w, https:\/\/media.csstl.gouv.qc.ca\/wp-content\/uploads\/sites\/41\/2022\/12\/08145906\/LOGO-CMYK-_-Ecole-primaire-de-lHymne-au-Printemps-1024x364.png 1024w, https:\/\/media.csstl.gouv.qc.ca\/wp-content\/uploads\/sites\/41\/2022\/12\/08145906\/LOGO-CMYK-_-Ecole-primaire-de-lHymne-au-Printemps-768x273.png 768w, https:\/\/media.csstl.gouv.qc.ca\/wp-content\/uploads\/sites\/41\/2022\/12\/08145906\/LOGO-CMYK-_-Ecole-primaire-de-lHymne-au-Printemps.png 1374w\" sizes=\"auto, (max-width: 300px) 100vw, 300px\" \/><\/figure>\n<\/div>","protected":false},"excerpt":{"rendered":"<p>L&rsquo;\u00e9cole de l&rsquo;Hymne-au-Printemps a ouvert ses portes \u00e0 la rentr\u00e9e scolaire 2012-2013.\u00a0 Nous y accueillons plus de 400 \u00e9l\u00e8ves du pr\u00e9scolaire 4 ans \u00e0 la 6e ann\u00e9e, en plus de 2 classes d&rsquo;accueil.\u00a0 L&rsquo;\u00e9cole est compos\u00e9e d&rsquo;une \u00e9quipe dynamique qui d\u00e9sire offrir un milieu de vie harmonieux pour les \u00e9l\u00e8ves en d\u00e9veloppant leur sentiment d&rsquo;appartenance. [&hellip;]<\/p>\n","protected":false},"author":4,"featured_media":0,"parent":0,"menu_order":0,"comment_status":"closed","ping_status":"closed","template":"","meta":{"_genesis_hide_title":false,"_genesis_hide_breadcrumbs":false,"_genesis_hide_singular_image":false,"_genesis_hide_footer_widgets":false,"_genesis_custom_body_class":"","_genesis_custom_post_class":"","_genesis_layout":"","footnotes":""},"class_list":{"0":"post-746","1":"page","2":"type-page","3":"status-publish","5":"entry"},"featured_image_src":null,"featured_image_src_square":null,"_links":{"self":[{"href":"https:\/\/csstl.gouv.qc.ca\/hymne-au-printemps\/wp-json\/wp\/v2\/pages\/746","targetHints":{"allow":["GET"]}}],"collection":[{"href":"https:\/\/csstl.gouv.qc.ca\/hymne-au-printemps\/wp-json\/wp\/v2\/pages"}],"about":[{"href":"https:\/\/csstl.gouv.qc.ca\/hymne-au-printemps\/wp-json\/wp\/v2\/types\/page"}],"author":[{"embeddable":true,"href":"https:\/\/csstl.gouv.qc.ca\/hymne-au-printemps\/wp-json\/wp\/v2\/users\/4"}],"replies":[{"embeddable":true,"href":"https:\/\/csstl.gouv.qc.ca\/hymne-au-printemps\/wp-json\/wp\/v2\/comments?post=746"}],"version-history":[{"count":0,"href":"https:\/\/csstl.gouv.qc.ca\/hymne-au-printemps\/wp-json\/wp\/v2\/pages\/746\/revisions"}],"wp:attachment":[{"href":"https:\/\/csstl.gouv.qc.ca\/hymne-au-printemps\/wp-json\/wp\/v2\/media?parent=746"}],"curies":[{"name":"wp","href":"https:\/\/api.w.org\/{rel}","templated":true}]}}