{"id":670,"date":"2019-08-26T14:50:14","date_gmt":"2019-08-26T19:50:14","guid":{"rendered":"https:\/\/cs3lacs.wpengine.com\/harwood\/?page_id=670"},"modified":"2025-12-18T12:45:05","modified_gmt":"2025-12-18T17:45:05","slug":"vie-scolaire","status":"publish","type":"page","link":"https:\/\/csstl.gouv.qc.ca\/harwood\/vie-scolaire\/","title":{"rendered":"Vie scolaire"},"content":{"rendered":"\n<h2 class=\"wp-block-heading\"><span style=\"background: linear-gradient(to bottom, transparent 50%, #47aa42 50%)\" class=\"stk-highlight\">Activit\u00e9s de financement &#8211; 2025-2026<\/span><\/h2>\n\n\n\n<p><strong><span style=\"background: linear-gradient(to bottom, transparent 50%, #ed6a06 50%)\" class=\"stk-highlight\">Collection de v\u00eatements RENARD<\/span><\/strong><\/p>\n\n\n\n<p><a href=\"https:\/\/media.csstl.gouv.qc.ca\/wp-content\/uploads\/sites\/40\/2025\/11\/07092053\/Commande-en-ligne-Renards-campagne-2025.pdf\" data-type=\"attachment\" data-id=\"1316\">Publicit\u00e9 &#8211; Renards Harwood 2025-2026<\/a><\/p>\n\n\n\n<p><a href=\"https:\/\/media.csstl.gouv.qc.ca\/wp-content\/uploads\/sites\/40\/2025\/11\/07092122\/Programme-items-Promotionnel-Renards-Harwood-2025-26.pdf\" data-type=\"attachment\" data-id=\"1317\">D\u00e9tails de la collection &#8211; prix 2025-2026<\/a><\/p>\n\n\n\n<p><a href=\"https:\/\/lavoielasourcedusport.com\/renards-harwood\">Commande en ligne &#8211; Lavoie du Sport<\/a><\/p>\n\n\n\n<p><strong><span style=\"background: linear-gradient(to bottom, transparent 50%, #e46a0c 50%)\" class=\"stk-highlight\">D\u00eeners pizza<\/span><\/strong><\/p>\n\n\n\n<p>Dates des d\u00eeners pizza pour l&rsquo;ann\u00e9e 2025-2026 :<\/p>\n\n\n\n<ul class=\"wp-block-list\">\n<li>21 novembre 2025<\/li>\n\n\n\n<li>30 janvier 2026<\/li>\n\n\n\n<li>20 mars 2026<\/li>\n\n\n\n<li>22 mai 2026<\/li>\n<\/ul>\n\n\n\n<p><\/p>\n\n\n\n<h2 class=\"wp-block-heading\"><span style=\"background: linear-gradient(to bottom, transparent 50%, #47aa42 50%)\" class=\"stk-highlight\">Biblioth\u00e8que<\/span><\/h2>\n\n\n\n<p>Les \u00e9l\u00e8ves de l&rsquo;\u00e9cole Harwood ont la chance d&rsquo;avoir acc\u00e8s \u00e0 la biblioth\u00e8que une fois par semaine et peuvent y emprunter des livres. <a href=\"https:\/\/media.csstl.gouv.qc.ca\/wp-content\/uploads\/sites\/40\/2022\/11\/25143104\/Bibliotheque.pdf\" target=\"_blank\" rel=\"noreferrer noopener\">Veuillez cliquer ici pour plus d&rsquo;informations<\/a>.<\/p>\n\n\n\n<p>Vous avez du temps \u00e0 donner? Vous aimez travailler avec les jeunes ? Devenez b\u00e9n\u00e9vole \u00e0 la biblioth\u00e8que de l&rsquo;\u00e9cole Harwood! Communiquez avec notre responsable, Julie Quenneville, au 514 477-7003.<\/p>\n\n\n\n<h2 class=\"wp-block-heading\"><span style=\"background: linear-gradient(to bottom, transparent 50%, #47aa42 50%)\" class=\"stk-highlight\">Spectacles <\/span><\/h2>\n\n\n\n<p><strong><span style=\"background: linear-gradient(to bottom, transparent 50%, #d36f17 50%)\" class=\"stk-highlight\">Chorale<\/span><\/strong><\/p>\n\n\n\n<p>Lien Chorale Mai 2025: <a href=\"https:\/\/can01.safelinks.protection.outlook.com\/?url=https%3A%2F%2Fvimeo.com%2F1090148981%3Fshare%3Dcopy&amp;data=05%7C02%7CSandra.Parent%40csstl.gouv.qc.ca%7C6ebe6438400849ac968e08dda2bce2c1%7C41cb8ddbfc734894a931aa86e5ee1661%7C0%7C0%7C638845654356102898%7CUnknown%7CTWFpbGZsb3d8eyJFbXB0eU1hcGkiOnRydWUsIlYiOiIwLjAuMDAwMCIsIlAiOiJXaW4zMiIsIkFOIjoiTWFpbCIsIldUIjoyfQ%3D%3D%7C0%7C%7C%7C&amp;sdata=56Pk4l0mDDpBHsJskLrpPh5ZDJRxCTPCyyJAD99m5gU%3D&amp;reserved=0\">https:\/\/vimeo.com\/1090148981?share=copy<\/a><\/p>\n\n\n\n<p>Lien Chorale Juin 2024: <a href=\"https:\/\/can01.safelinks.protection.outlook.com\/?url=https%3A%2F%2Fvimeo.com%2F1090154632&amp;data=05%7C02%7CSandra.Parent%40csstl.gouv.qc.ca%7C6ebe6438400849ac968e08dda2bce2c1%7C41cb8ddbfc734894a931aa86e5ee1661%7C0%7C0%7C638845654356165509%7CUnknown%7CTWFpbGZsb3d8eyJFbXB0eU1hcGkiOnRydWUsIlYiOiIwLjAuMDAwMCIsIlAiOiJXaW4zMiIsIkFOIjoiTWFpbCIsIldUIjoyfQ%3D%3D%7C0%7C%7C%7C&amp;sdata=EQcV0WnSY119uCnA4sBNM4MtEfLvMDwAzHwX3wYlPZs%3D&amp;reserved=0\">https:\/\/vimeo.com\/1090154632<\/a><\/p>\n\n\n\n<p><span style=\"background: linear-gradient(to bottom, transparent 50%, #d36f17 50%)\" class=\"stk-highlight\"><strong>Chorale de No\u00ebl<\/strong><\/span><\/p>\n\n\n\n<p>Lien Chorale No\u00ebl 2025: <a href=\"https:\/\/vimeo.com\/manage\/videos\/1147444931\">https:\/\/vimeo.com\/manage\/videos\/1147444931<\/a><\/p>\n\n\n\n<p><strong><span style=\"background: linear-gradient(to bottom, transparent 50%, #d36f17 50%)\" class=\"stk-highlight\">Com\u00e9die musicale<\/span><\/strong><\/p>\n\n\n\n<p>Lien Roi Lion 2025: <a href=\"https:\/\/can01.safelinks.protection.outlook.com\/?url=https%3A%2F%2Fvimeo.com%2F1090151707%3Fshare%3Dcopy&amp;data=05%7C02%7CSandra.Parent%40csstl.gouv.qc.ca%7C6ebe6438400849ac968e08dda2bce2c1%7C41cb8ddbfc734894a931aa86e5ee1661%7C0%7C0%7C638845654356200092%7CUnknown%7CTWFpbGZsb3d8eyJFbXB0eU1hcGkiOnRydWUsIlYiOiIwLjAuMDAwMCIsIlAiOiJXaW4zMiIsIkFOIjoiTWFpbCIsIldUIjoyfQ%3D%3D%7C0%7C%7C%7C&amp;sdata=ZVZy2bVBMBAOlrqPcrE0L0vev99N0TGrMeU4Cru7xFw%3D&amp;reserved=0\">https:\/\/vimeo.com\/1090151707?share=copy<\/a><\/p>\n\n\n\n<p><\/p>\n\n\n\n<p><\/p>\n","protected":false},"excerpt":{"rendered":"<p>Activit\u00e9s de financement &#8211; 2025-2026 Collection de v\u00eatements RENARD Publicit\u00e9 &#8211; Renards Harwood 2025-2026 D\u00e9tails de la collection &#8211; prix 2025-2026 Commande en ligne &#8211; Lavoie du Sport D\u00eeners pizza Dates des d\u00eeners pizza pour l&rsquo;ann\u00e9e 2025-2026 : Biblioth\u00e8que Les \u00e9l\u00e8ves de l&rsquo;\u00e9cole Harwood ont la chance d&rsquo;avoir acc\u00e8s \u00e0 la biblioth\u00e8que une fois par [&hellip;]<\/p>\n","protected":false},"author":2,"featured_media":0,"parent":0,"menu_order":0,"comment_status":"closed","ping_status":"closed","template":"","meta":{"_genesis_hide_title":false,"_genesis_hide_breadcrumbs":false,"_genesis_hide_singular_image":false,"_genesis_hide_footer_widgets":false,"_genesis_custom_body_class":"","_genesis_custom_post_class":"","_genesis_layout":"","footnotes":""},"class_list":{"0":"post-670","1":"page","2":"type-page","3":"status-publish","5":"entry"},"featured_image_src":null,"featured_image_src_square":null,"_links":{"self":[{"href":"https:\/\/csstl.gouv.qc.ca\/harwood\/wp-json\/wp\/v2\/pages\/670","targetHints":{"allow":["GET"]}}],"collection":[{"href":"https:\/\/csstl.gouv.qc.ca\/harwood\/wp-json\/wp\/v2\/pages"}],"about":[{"href":"https:\/\/csstl.gouv.qc.ca\/harwood\/wp-json\/wp\/v2\/types\/page"}],"author":[{"embeddable":true,"href":"https:\/\/csstl.gouv.qc.ca\/harwood\/wp-json\/wp\/v2\/users\/2"}],"replies":[{"embeddable":true,"href":"https:\/\/csstl.gouv.qc.ca\/harwood\/wp-json\/wp\/v2\/comments?post=670"}],"version-history":[{"count":0,"href":"https:\/\/csstl.gouv.qc.ca\/harwood\/wp-json\/wp\/v2\/pages\/670\/revisions"}],"wp:attachment":[{"href":"https:\/\/csstl.gouv.qc.ca\/harwood\/wp-json\/wp\/v2\/media?parent=670"}],"curies":[{"name":"wp","href":"https:\/\/api.w.org\/{rel}","templated":true}]}}