{"id":481,"date":"2019-06-18T13:48:46","date_gmt":"2019-06-18T18:48:46","guid":{"rendered":"http:\/\/cs3lacs.wpengine.com\/harwood\/?page_id=481"},"modified":"2024-07-09T22:02:04","modified_gmt":"2024-07-10T03:02:04","slug":"service-de-garde","status":"publish","type":"page","link":"https:\/\/csstl.gouv.qc.ca\/harwood\/service-de-garde\/","title":{"rendered":"Service de garde"},"content":{"rendered":"\n<p>Mme Nicolina Ciccone, technicienne responsable du Service de garde<\/p>\n\n\n\n<h2 class=\"wp-block-heading\"><span style=\"background: linear-gradient(to bottom, transparent 50%, #47aa42 50%)\" class=\"stk-highlight\">T\u00e9l\u00e9phone<\/span><\/h2>\n\n\n\n<p>514 477-7003, poste 4650<\/p>\n\n\n\n<h2 class=\"wp-block-heading\"><span style=\"background: linear-gradient(to bottom, transparent 50%, #47aa42 50%)\" class=\"stk-highlight\">Horaire<\/span><\/h2>\n\n\n\n<ul class=\"wp-block-list\">\n<li>Lundi au vendredi : 6 h 30 \u00e0 18 h<\/li>\n\n\n\n<li>Journ\u00e9es p\u00e9dagogiques: le SDG est ouvert de 6 h 30 \u00e0 18 h pour les \u00e9l\u00e8ves qui se sont inscrits seulement aux activit\u00e9s pr\u00e9vues lors de ces journ\u00e9es<\/li>\n<\/ul>\n\n\n\n<p><\/p>\n","protected":false},"excerpt":{"rendered":"<p>Mme Nicolina Ciccone, technicienne responsable du Service de garde T\u00e9l\u00e9phone 514 477-7003, poste 4650 Horaire<\/p>\n","protected":false},"author":2,"featured_media":0,"parent":0,"menu_order":0,"comment_status":"closed","ping_status":"closed","template":"","meta":{"_genesis_hide_title":false,"_genesis_hide_breadcrumbs":false,"_genesis_hide_singular_image":false,"_genesis_hide_footer_widgets":false,"_genesis_custom_body_class":"","_genesis_custom_post_class":"","_genesis_layout":"","footnotes":""},"class_list":{"0":"post-481","1":"page","2":"type-page","3":"status-publish","5":"entry"},"featured_image_src":null,"featured_image_src_square":null,"_links":{"self":[{"href":"https:\/\/csstl.gouv.qc.ca\/harwood\/wp-json\/wp\/v2\/pages\/481","targetHints":{"allow":["GET"]}}],"collection":[{"href":"https:\/\/csstl.gouv.qc.ca\/harwood\/wp-json\/wp\/v2\/pages"}],"about":[{"href":"https:\/\/csstl.gouv.qc.ca\/harwood\/wp-json\/wp\/v2\/types\/page"}],"author":[{"embeddable":true,"href":"https:\/\/csstl.gouv.qc.ca\/harwood\/wp-json\/wp\/v2\/users\/2"}],"replies":[{"embeddable":true,"href":"https:\/\/csstl.gouv.qc.ca\/harwood\/wp-json\/wp\/v2\/comments?post=481"}],"version-history":[{"count":0,"href":"https:\/\/csstl.gouv.qc.ca\/harwood\/wp-json\/wp\/v2\/pages\/481\/revisions"}],"wp:attachment":[{"href":"https:\/\/csstl.gouv.qc.ca\/harwood\/wp-json\/wp\/v2\/media?parent=481"}],"curies":[{"name":"wp","href":"https:\/\/api.w.org\/{rel}","templated":true}]}}