{"id":1008,"date":"2022-10-17T08:44:33","date_gmt":"2022-10-17T13:44:33","guid":{"rendered":"https:\/\/cs3lacs.wpengine.com\/harwood\/?page_id=1008"},"modified":"2022-12-13T11:56:20","modified_gmt":"2022-12-13T16:56:20","slug":"reglements","status":"publish","type":"page","link":"https:\/\/csstl.gouv.qc.ca\/harwood\/reglements\/","title":{"rendered":"R\u00e8glements"},"content":{"rendered":"\n<p>Les r\u00e8gles de conduite et le code vie de l&rsquo;\u00e9cole Harwood se retrouvent aux pages 11, 12, 13, 14, 15, 16 et 17 de l&rsquo;agenda scolaire remis \u00e0 votre enfant en d\u00e9but d&rsquo;ann\u00e9e. <\/p>\n\n\n\n<ul class=\"wp-block-list\">\n<li><a href=\"https:\/\/csstl.gouv.qc.ca\/harwood\/wp-content\/uploads\/sites\/40\/2022\/11\/Regles-de-conduite-et-code-de-vie-2022-2023.pdf\" data-type=\"URL\" data-id=\"https:\/\/csstl.gouv.qc.ca\/harwood\/wp-content\/uploads\/sites\/40\/2022\/11\/Regles-de-conduite-et-code-de-vie-2022-2023.pdf\" target=\"_blank\" rel=\"noreferrer noopener\">Consulter le document pour obtenir des informations<\/a> concernant les r\u00e8gles de conduite et le code de vie de l&rsquo;\u00e9cole Harwood.<\/li>\n<\/ul>\n\n\n\n<p>Des informations concernant la tenue vestimentaire sont \u00e9galement disponibles \u00e0 la page 21 de l&rsquo;agenda scolaire. <\/p>\n\n\n\n<ul class=\"wp-block-list\">\n<li><a href=\"https:\/\/csstl.gouv.qc.ca\/harwood\/wp-content\/uploads\/sites\/40\/2022\/11\/Code-vestimentaire-2022-2023.pdf\" target=\"_blank\" rel=\"noreferrer noopener\">Consulter le document pour acc\u00e9der aux informations<\/a>.<\/li>\n<\/ul>\n","protected":false},"excerpt":{"rendered":"<p>Les r\u00e8gles de conduite et le code vie de l&rsquo;\u00e9cole Harwood se retrouvent aux pages 11, 12, 13, 14, 15, 16 et 17 de l&rsquo;agenda scolaire remis \u00e0 votre enfant en d\u00e9but d&rsquo;ann\u00e9e. Des informations concernant la tenue vestimentaire sont \u00e9galement disponibles \u00e0 la page 21 de l&rsquo;agenda scolaire.<\/p>\n","protected":false},"author":2,"featured_media":0,"parent":0,"menu_order":0,"comment_status":"closed","ping_status":"closed","template":"","meta":{"_genesis_hide_title":false,"_genesis_hide_breadcrumbs":false,"_genesis_hide_singular_image":false,"_genesis_hide_footer_widgets":false,"_genesis_custom_body_class":"","_genesis_custom_post_class":"","_genesis_layout":"","footnotes":""},"class_list":{"0":"post-1008","1":"page","2":"type-page","3":"status-publish","5":"entry"},"featured_image_src":null,"featured_image_src_square":null,"_links":{"self":[{"href":"https:\/\/csstl.gouv.qc.ca\/harwood\/wp-json\/wp\/v2\/pages\/1008","targetHints":{"allow":["GET"]}}],"collection":[{"href":"https:\/\/csstl.gouv.qc.ca\/harwood\/wp-json\/wp\/v2\/pages"}],"about":[{"href":"https:\/\/csstl.gouv.qc.ca\/harwood\/wp-json\/wp\/v2\/types\/page"}],"author":[{"embeddable":true,"href":"https:\/\/csstl.gouv.qc.ca\/harwood\/wp-json\/wp\/v2\/users\/2"}],"replies":[{"embeddable":true,"href":"https:\/\/csstl.gouv.qc.ca\/harwood\/wp-json\/wp\/v2\/comments?post=1008"}],"version-history":[{"count":0,"href":"https:\/\/csstl.gouv.qc.ca\/harwood\/wp-json\/wp\/v2\/pages\/1008\/revisions"}],"wp:attachment":[{"href":"https:\/\/csstl.gouv.qc.ca\/harwood\/wp-json\/wp\/v2\/media?parent=1008"}],"curies":[{"name":"wp","href":"https:\/\/api.w.org\/{rel}","templated":true}]}}