{"id":746,"date":"2019-11-28T14:55:59","date_gmt":"2019-11-28T19:55:59","guid":{"rendered":"https:\/\/cs3lacs.wpengine.com\/francois-perrot\/?page_id=746"},"modified":"2023-11-23T11:45:27","modified_gmt":"2023-11-23T16:45:27","slug":"portrait","status":"publish","type":"page","link":"https:\/\/csstl.gouv.qc.ca\/francois-perrot\/portrait\/","title":{"rendered":"Portrait"},"content":{"rendered":"<div class=\"wp-block-image\">\n<figure class=\"alignright size-full\"><img loading=\"lazy\" decoding=\"async\" width=\"328\" height=\"215\" src=\"https:\/\/media.csstl.gouv.qc.ca\/wp-content\/uploads\/sites\/39\/2022\/11\/22094135\/FrancoisPerrot.jpg\" alt=\"\" class=\"wp-image-1094\" srcset=\"https:\/\/media.csstl.gouv.qc.ca\/wp-content\/uploads\/sites\/39\/2022\/11\/22094135\/FrancoisPerrot.jpg 328w, https:\/\/media.csstl.gouv.qc.ca\/wp-content\/uploads\/sites\/39\/2022\/11\/22094135\/FrancoisPerrot-300x197.jpg 300w\" sizes=\"auto, (max-width: 328px) 100vw, 328px\" \/><\/figure>\n<\/div>\n\n\n<p><strong>Bienvenue sur le site de l\u2019\u00e9cole Fran\u00e7ois-Perrot<\/strong><\/p>\n\n\n\n<p>Notre \u00e9cole accueille environ 400 \u00e9l\u00e8ves provenant des municipalit\u00e9s environnantes, mais aussi de d\u2019autres secteurs. Nous avons des classes de la maternelle \u00e0 la sixi\u00e8me ann\u00e9e ainsi que six classes d\u2019\u00e9l\u00e8ves ayant un TSA. Ce qui caract\u00e9rise notre \u00e9cole, c\u2019est qu\u2019elle est riche en diff\u00e9rences. Cela permet aux \u00e9l\u00e8ves de s\u2019ouvrir sur les autres et le monde. Nous avons aussi du personnel qui se d\u00e9die au bien-\u00eatre et \u00e0 la r\u00e9ussite des enfants.<\/p>\n\n\n\n<p>Nous croyons que la collaboration avec les parents est un \u00e9l\u00e9ment cl\u00e9 favorisant le cheminement harmonieux de votre enfant. C\u2019est pourquoi vous trouverez toutes les informations n\u00e9cessaires via notre site Web et notre page Facebook \u00e9cole.<\/p>\n\n\n\n<p>Toujours plus haut \u00e0 Fran\u00e7ois-Perrot,<\/p>\n\n\n\n<p>Mathieu Lorange<br>Directeur de l&rsquo;\u00e9cole <\/p>\n","protected":false},"excerpt":{"rendered":"<p>Bienvenue sur le site de l\u2019\u00e9cole Fran\u00e7ois-Perrot Notre \u00e9cole accueille environ 400 \u00e9l\u00e8ves provenant des municipalit\u00e9s environnantes, mais aussi de d\u2019autres secteurs. Nous avons des classes de la maternelle \u00e0 la sixi\u00e8me ann\u00e9e ainsi que six classes d\u2019\u00e9l\u00e8ves ayant un TSA. Ce qui caract\u00e9rise notre \u00e9cole, c\u2019est qu\u2019elle est riche en diff\u00e9rences. Cela permet aux [&hellip;]<\/p>\n","protected":false},"author":4,"featured_media":0,"parent":0,"menu_order":0,"comment_status":"closed","ping_status":"closed","template":"","meta":{"_genesis_hide_title":false,"_genesis_hide_breadcrumbs":false,"_genesis_hide_singular_image":false,"_genesis_hide_footer_widgets":false,"_genesis_custom_body_class":"","_genesis_custom_post_class":"","_genesis_layout":"","footnotes":""},"class_list":{"0":"post-746","1":"page","2":"type-page","3":"status-publish","5":"entry"},"featured_image_src":null,"featured_image_src_square":null,"_links":{"self":[{"href":"https:\/\/csstl.gouv.qc.ca\/francois-perrot\/wp-json\/wp\/v2\/pages\/746","targetHints":{"allow":["GET"]}}],"collection":[{"href":"https:\/\/csstl.gouv.qc.ca\/francois-perrot\/wp-json\/wp\/v2\/pages"}],"about":[{"href":"https:\/\/csstl.gouv.qc.ca\/francois-perrot\/wp-json\/wp\/v2\/types\/page"}],"author":[{"embeddable":true,"href":"https:\/\/csstl.gouv.qc.ca\/francois-perrot\/wp-json\/wp\/v2\/users\/4"}],"replies":[{"embeddable":true,"href":"https:\/\/csstl.gouv.qc.ca\/francois-perrot\/wp-json\/wp\/v2\/comments?post=746"}],"version-history":[{"count":0,"href":"https:\/\/csstl.gouv.qc.ca\/francois-perrot\/wp-json\/wp\/v2\/pages\/746\/revisions"}],"wp:attachment":[{"href":"https:\/\/csstl.gouv.qc.ca\/francois-perrot\/wp-json\/wp\/v2\/media?parent=746"}],"curies":[{"name":"wp","href":"https:\/\/api.w.org\/{rel}","templated":true}]}}