{"id":1008,"date":"2022-10-17T08:44:33","date_gmt":"2022-10-17T13:44:33","guid":{"rendered":"https:\/\/cs3lacs.wpengine.com\/francois-perrot\/?page_id=1008"},"modified":"2022-12-16T08:12:31","modified_gmt":"2022-12-16T13:12:31","slug":"reglements","status":"publish","type":"page","link":"https:\/\/csstl.gouv.qc.ca\/francois-perrot\/reglements\/","title":{"rendered":"R\u00e8glements"},"content":{"rendered":"\n<h2 class=\"wp-block-heading\">Code de vie<\/h2>\n\n\n\n<p class=\"has-stk-global-color-26594-color has-text-color\">Pour consulter le code de vie de l&rsquo;\u00e9cole, cliquez sur le lien suivant.<\/p>\n\n\n\n<ul class=\"wp-block-list\">\n<li><a rel=\"noreferrer noopener\" href=\"https:\/\/media.csstl.gouv.qc.ca\/wp-content\/uploads\/sites\/39\/2022\/12\/15104315\/Code-de-vie_FP-22-23.pdf\" data-type=\"attachment\" data-id=\"1120\" target=\"_blank\">Code de vie de l&rsquo;\u00e9cole<\/a><\/li>\n<\/ul>\n\n\n\n<h2 class=\"wp-block-heading\">Communications<\/h2>\n\n\n\n<p>Nous souhaitons tous une communication harmonieuse entre la famille et l\u2019\u00e9cole. Afin de favoriser le <strong>bien-\u00eatre et la r\u00e9ussite de nos \u00e9l\u00e8ves<\/strong>, la <strong>collaboration \u00e9cole-famille<\/strong> est de mise. Pour ce faire, il est essentiel d\u2019\u00e9tablir des <strong>communications harmonieuses<\/strong> entre les parties. Toute violence ou harc\u00e8lement \u00e0 l\u2019endroit d\u2019un adulte ou un enfant est <strong>inacceptable et ne sera pas tol\u00e9r\u00e9<\/strong>. Le Centre de services scolaire a \u00e9labor\u00e9 une politique visant \u00e0 contrer la violence et le harc\u00e8lement dans nos \u00e9coles. \u00c0 cet effet, vous pouvez consulter notre plan pour contrer la violence et l&rsquo;intimidation qui est disponible sur notre site internet sous l&rsquo;onglet S.O.S. intimidation. Afin de bien se comprendre si un probl\u00e8me \u00e9cole-famille survient, nous vous demandons de prendre les mesures suivantes&nbsp;:<\/p>\n\n\n\n<ol class=\"wp-block-list\" type=\"1\">\n<li>Il faut \u00e9crire une note pour l\u2019enseignante dans l\u2019agenda, par courriel ou dans une enveloppe cachet\u00e9e si le probl\u00e8me est plus personnel. Vous pouvez demander qu\u2019elle vous contacte afin de discuter du probl\u00e8me.<\/li>\n\n\n\n<li>Si la difficult\u00e9 persiste, demandez un rendez-vous avec l\u2019enseignante.<\/li>\n\n\n\n<li>Si vous d\u00e9sirez rencontrer la direction de l\u2019\u00e9cole, <strong>il faut toujours prendre un rendez-vous avant de vous pr\u00e9senter<\/strong>. La direction n\u2019est pas n\u00e9cessairement disponible au moment o\u00f9 vous arrivez. Pour prendre rendez-vous, il suffit de communiquer avec le secr\u00e9tariat au 514&nbsp;453\u20114011 ou de laisser un message \u00e0 cet effet dans l\u2019agenda de votre enfant.<\/li>\n<\/ol>\n\n\n\n<p>Pour tout diff\u00e9rend, nous demandons&nbsp;:<\/p>\n\n\n\n<ul class=\"wp-block-list\">\n<li>le calme<\/li>\n\n\n\n<li>un ton appropri\u00e9<\/li>\n\n\n\n<li>un vocabulaire respectueux<\/li>\n\n\n\n<li>la discr\u00e9tion envers les enfants<\/li>\n<\/ul>\n\n\n\n<h2 class=\"wp-block-heading\">Absence \u2013 retard &#8211; changement<\/h2>\n\n\n\n<p>Si votre enfant est absent de l\u2019\u00e9cole, vous devez t\u00e9l\u00e9phoner au secr\u00e9tariat pour motiver son absence avant<\/p>\n\n\n\n<p>8 h 30 le matin ou avant 13 h 15 l\u2019apr\u00e8s-midi. Vous pouvez aussi laisser votre message en tout temps sur la bo\u00eete vocale au <strong>(514) 453-4011 poste 2320<\/strong>. Pour un retard, vous devez \u00e9galement t\u00e9l\u00e9phoner ou \u00e9crire une note explicative \u00e0 l\u2019agenda.<\/p>\n\n\n\n<p>Nous vous informons que l\u2019\u00e9cole n\u2019assure pas de surveillance de la cour de l\u2019\u00e9cole <strong><u>avant 7 h 55 le matin et 12<\/u><\/strong><strong><u>&nbsp;<\/u><\/strong><strong><u>h 45 le midi<\/u><\/strong> pour les \u00e9l\u00e8ves qui d\u00eenent \u00e0 la maison. Ainsi, les \u00e9l\u00e8ves doivent \u00eatre dans la cour d\u2019\u00e9cole entre 7 h 55 et 8 h 00 le matin, heure \u00e0 laquelle sonne la cloche pour entrer sous la surveillance d\u2019enseignants, et \u00eatre pr\u00eats en classe pour le d\u00e9but des cours. Au-del\u00e0 de cette p\u00e9riode, il devra passer par l\u2019entr\u00e9e principale et sera consid\u00e9r\u00e9 <strong><u>en retard<\/u><\/strong>. Votre enfant manque des apprentissages importants lorsqu\u2019il cumule trop de retards. Il est bon de rappeler aux enfants que la ponctualit\u00e9 est une bonne valeur \u00e0 d\u00e9velopper qui permet de respecter les autres.<\/p>\n\n\n\n<h2 class=\"wp-block-heading\">Absence (Voyage \u2013 Vacances \u2013 Tournoi)<\/h2>\n\n\n\n<p>Toute p\u00e9riode d\u2019absence d\u2019un \u00e9l\u00e8ve pour des voyages, des tournois ou autres activit\u00e9s pendant la p\u00e9riode de fr\u00e9quentation d\u00e9termin\u00e9e au calendrier scolaire ne constitue pas une absence motiv\u00e9e pour un \u00e9l\u00e8ve \u00e0 l\u2019\u00e9cole. L\u2019enseignant n\u2019est pas tenu de faire reprendre \u00e0 l\u2019\u00e9l\u00e8ve les situations d\u2019apprentissage r\u00e9alis\u00e9es au cours de cette absence, ni d\u2019envoyer le travail fait en classe \u00e0 la maison.<\/p>\n\n\n\n<h2 class=\"wp-block-heading\">Langue parl\u00e9e \u00e0 l\u2019\u00e9cole<\/h2>\n\n\n\n<p>En tout temps, votre enfant doit parler en fran\u00e7ais \u00e0 l\u2019int\u00e9rieur et \u00e0 l\u2019ext\u00e9rieur de l\u2019\u00e9cole afin de respecter les exigences du minist\u00e8re de l\u2019\u00c9ducation et de l\u2019Enseignement sup\u00e9rieur. L\u2019anglais est permis seulement dans les cours de cette sp\u00e9cialit\u00e9.<\/p>\n\n\n\n<h2 class=\"wp-block-heading\">Circulation dans l\u2019\u00e9cole<\/h2>\n\n\n\n<p>Lorsque vous venez chercher votre enfant <strong>pendant les heures de cours<\/strong> ou que vous lui apportez du mat\u00e9riel scolaire oubli\u00e9 \u00e0 la maison, vous devez vous adresser au secr\u00e9tariat. Il serait important d\u2019indiquer sur l\u2019objet le nom de l\u2019enfant ainsi que son groupe.<\/p>\n\n\n\n<p>Nous vous demandons d\u2019attendre \u00e0 <strong><u>l\u2019entr\u00e9e principale<\/u><\/strong> et de bien vous identifier aupr\u00e8s de la secr\u00e9taire ou du responsable de l\u2019\u00e9cole. <strong>EN TOUT TEMPS, AUCUNE CIRCULATION N\u2019EST PERMISE DANS L\u2019\u00c9COLE OU SUR LA COUR<\/strong>, sans autorisation, afin d\u2019assurer une plus grande s\u00e9curit\u00e9 \u00e0 l\u2019ensemble des \u00e9l\u00e8ves.<\/p>\n\n\n\n<p>Nous vous rappelons que, si vous devez vous pr\u00e9senter \u00e0 l\u2019\u00e9cole durant la p\u00e9riode du d\u00eener (entre 11&nbsp;h&nbsp;45 et 12&nbsp;h 45), vous devrez passer par le SERVICE DE GARDE. Le secr\u00e9tariat \u00e9tant ferm\u00e9 durant cette p\u00e9riode.<\/p>\n\n\n\n<h2 class=\"wp-block-heading\">Collations<\/h2>\n\n\n\n<p>La sant\u00e9 et la condition physique de nos \u00e9l\u00e8ves nous tiennent \u00e0 c\u0153ur. Nous vous demandons de fournir des collations sant\u00e9 \u00e0 votre enfant et ce, en quantit\u00e9 suffisante.<strong><br><\/strong><\/p>\n\n\n\n<h2 class=\"wp-block-heading\">Co\u00fbts de surveillance du d\u00eener<\/h2>\n\n\n\n<p>Selon la politique du Centre de services scolaire des Trois-Lacs, des frais pour la surveillance des d\u00eeneurs sont exig\u00e9s pour les enfants qui d\u00eenent \u00e0 l\u2019\u00e9cole, qu\u2019ils prennent le menu \u00e0 la caf\u00e9t\u00e9ria ou qu\u2019ils aient leur lunch. Les co\u00fbts relatifs \u00e0 ces frais sont les suivants\u00a0: 225$ pour un enfant, 300$ pour deux enfants ou 325$ par famille de plus de deux enfants.<\/p>\n\n\n\n<p>Les \u00e9l\u00e8ves qui mangent \u00e0 l\u2019\u00e9cole occasionnellement devront payer 2$ par jour \u00e0 la surveillante des d\u00eeneurs.<\/p>\n\n\n\n<h2 class=\"wp-block-heading\">D\u00eeners<\/h2>\n\n\n\n<p>Tous les \u00e9l\u00e8ves peuvent d\u00eener \u00e0 l\u2019\u00e9cole. <strong>Il est \u00e0 noter qu\u2019il n\u2019y a pas de four micro-ondes de disponible<\/strong>. Durant cette p\u00e9riode, ils ne peuvent quitter la cour de l\u2019\u00e9cole. En cas de mauvaise conduite, un \u00e9l\u00e8ve pourra \u00eatre exclu de la p\u00e9riode du d\u00eener \u00e0 l\u2019\u00e9cole.<\/p>\n\n\n\n<p><strong>Sur r\u00e9ception d&rsquo;une autorisation <em>\u00e9crite et sign\u00e9e<\/em> des parents, nous permettrons aux \u00e9l\u00e8ves d\u2019aller manger \u00e0 l\u2019ext\u00e9rieur<\/strong>. Ceci ne s\u2019applique pas \u00e0 ceux et celles qui vont habituellement manger \u00e0 la maison. Pour les enfants qui d\u00eenent \u00e0 l\u2019ext\u00e9rieur de l\u2019\u00e9cole, l\u2019acc\u00e8s \u00e0 l\u2019\u00e9cole et\/ou la cour de l\u2019\u00e9cole n\u2019est<strong> <u>pas autoris\u00e9e avant<\/u><\/strong><\/p>\n\n\n\n<p><strong><u>12 h 45 en tout temps incluant les jours de pluie,<\/u><\/strong><strong> question de surveillance et de s\u00e9curit\u00e9.<\/strong><\/p>\n\n\n\n<p>Lorsqu\u2019un parent autorise son enfant \u00e0 quitter le terrain de l\u2019\u00e9cole durant la p\u00e9riode du d\u00eener, <strong><u>il doit donner cette autorisation par \u00e9crit<\/u><\/strong>. Cons\u00e9quemment, pendant toute la dur\u00e9e de cette absence, il d\u00e9gage enti\u00e8rement le Centre de services scolaire et l\u2019\u00e9cole de la d\u00e9l\u00e9gation d\u2019autorit\u00e9 parentale qui leur \u00e9tait confi\u00e9e et de la responsabilit\u00e9 qui en d\u00e9coule. Le parent doit se conformer aux modalit\u00e9s d\u2019autorisation d\u2019absence d\u2019un enfant \u00e0 l\u2019heure du d\u00eener \u00e9tablies par l\u2019\u00e9cole ainsi qu\u2019\u00e0 celles reli\u00e9es au retour \u00e0 l\u2019\u00e9cole.<\/p>\n\n\n\n<p>Le service de surveillance du d\u00eener est rendu seulement aux \u00e9l\u00e8ves dont les parents en sont utilisateurs et se limite \u00e0 la surveillance sur le site de l\u2019\u00e9cole, exception faite d\u2019une activit\u00e9 scolaire.<\/p>\n\n\n\n<p><strong>Note<\/strong>&nbsp;: &nbsp;&nbsp; Quel que soit le statut matrimonial des parents, la signature d\u2019un parent sous-entend l\u2019accord de l\u2019autre parent. Cet avis s\u2019applique aussi aux tuteurs l\u00e9gaux.<\/p>\n\n\n\n<h2 class=\"wp-block-heading\">\u00c9ducation physique<\/h2>\n\n\n\n<p>L\u2019\u00e9l\u00e8ve doit porter un short, un chandail \u00e0 manches courtes et des espadrilles. Apr\u00e8s trois (3) oublis durant un m\u00eame mois, l&rsquo;\u00e9l\u00e8ve devra faire une r\u00e9flexion sur papier durant le cours.<\/p>\n\n\n\n<p>L\u2019\u00e9ducation physique est obligatoire. En cas de maladie grave, nous vous demandons de fournir un billet du m\u00e9decin pr\u00e9cisant le motif et la dur\u00e9e au cours de laquelle votre enfant ne pourra faire d\u2019activit\u00e9s sportives.<\/p>\n\n\n\n<p><strong>En tout temps, pour leur s\u00e9curit\u00e9, les \u00e9l\u00e8ves doivent porter des espadrilles \u00e0 l\u2019int\u00e9rieur du gymnase.<\/strong><\/p>\n\n\n\n<h2 class=\"wp-block-heading\">Objets personnels<\/h2>\n\n\n\n<p>Nous ne sommes pas responsables du mat\u00e9riel apport\u00e9 de la maison (vol, perte ou taxage). Nous vous sugg\u00e9rons de bien identifier les v\u00eatements et les objets que poss\u00e8de votre enfant.<\/p>\n\n\n\n<ul class=\"wp-block-list\">\n<li>Il est interdit d\u2019avoir en sa possession ou d\u2019utiliser \u00e0 l&rsquo;\u00e9cole Fran\u00e7ois-Perrot et \u00e9galement lors de sorties, tout appareil \u00e9lectronique de quelque nature qu\u2019il soit, notamment, cellulaire, iPod, appareil photo, montre intelligente (prise de photo et enregistrement) etc. La direction de l\u2019\u00e9tablissement pourra confisquer l\u2019appareil, et ce pour une dur\u00e9e jug\u00e9e appropri\u00e9e selon les circonstances. Les jeux et jouets de la maison ne sont pas permis \u00e0 moins d\u2019une permission sp\u00e9ciale de l\u2019enseignant(e) ou de l\u2019\u00e9ducatrice du service de garde.<\/li>\n<\/ul>\n\n\n\n<ul class=\"wp-block-list\">\n<li>Il est d\u2019autre part interdit d\u2019utiliser les planches \u00e0 roulettes, trottinettes, patins \u00e0 roues align\u00e9es, v\u00e9los, etc. sur le territoire de l\u2019\u00e9cole. Les couteaux et les cha\u00eenes sont aussi interdits et sont consid\u00e9r\u00e9s comme des armes.<\/li>\n<\/ul>\n\n\n\n<ul class=\"wp-block-list\">\n<li>Une permission sp\u00e9ciale est accord\u00e9e dans le cas o\u00f9 un \u00e9l\u00e8ve apporte un jeu sportif bien identifi\u00e9 pour utilisation ad\u00e9quate dans la cour d&rsquo;\u00e9cole (pas de balle rebondissante).<\/li>\n<\/ul>\n\n\n\n<h2 class=\"wp-block-heading\">Plan de lutte contre l&rsquo;intimidation<\/h2>\n\n\n\n<p>Un plan de lutte pour contrer l&rsquo;intimidation et la violence existe \u00e0 l&rsquo;\u00e9cole (loi 56). Vous pouvez le consulter sur le site Internet de l&rsquo;\u00e9cole <a href=\"https:\/\/csstl.gouv.qc.ca\/francois-perrot\/plan-de-lutte-intimidation-violence\/\">Plan de lutte contre l\u2019intimidation et la violence (gouv.qc.ca)<\/a><strong> <\/strong>&nbsp;sous l&rsquo;onglet Plan de lutte contre l&rsquo;intimidation et la violence.<\/p>\n\n\n\n<h2 class=\"wp-block-heading\">R\u00e9cr\u00e9ations obligatoires<\/h2>\n\n\n\n<p>Tous les \u00e9l\u00e8ves doivent aller \u00e0 l\u2019ext\u00e9rieur lors des r\u00e9cr\u00e9ations. Par cons\u00e9quent, il importe que l\u2019\u00e9l\u00e8ve soit habill\u00e9 ad\u00e9quatement selon les saisons. Si vous jugez que votre enfant est malade et qu\u2019il ne doit pas aller dehors, nous vous demandons de le garder \u00e0 la maison.<\/p>\n\n\n\n<h2 class=\"wp-block-heading\">R\u00e9cup\u00e9ration<\/h2>\n\n\n\n<p>La r\u00e9cup\u00e9ration pour les \u00e9l\u00e8ves pr\u00e9vaut sur toutes autres activit\u00e9s de l&rsquo;\u00e9cole (exemple: parascolaire sur l&rsquo;heure du d\u00eener).<\/p>\n\n\n\n<p>S\u2019il vous semble parfois r\u00e9p\u00e9titif de signer un devoir, l\u2019agenda ou un document envoy\u00e9 \u00e0 la maison, dites-vous que c\u2019est par souci de communication et de collaboration \u00e9cole-famille, puisque c\u2019est la seule fa\u00e7on pour nous de savoir si vous avez pris connaissance de l\u2019information transmise.<strong><br><\/strong><\/p>\n\n\n\n<h2 class=\"wp-block-heading\">T\u00e9l\u00e9phone<\/h2>\n\n\n\n<p>Les enfants ne sont pas autoris\u00e9s \u00e0 appeler durant la journ\u00e9e (m\u00eame \u00e0 la fin des classes) sauf pour des \u00ab&nbsp;<strong>urgences<\/strong>&nbsp;\u00bb avec l\u2019autorisation de l\u2019enseignant. Toute modification \u00e0 l\u2019horaire de votre enfant doit \u00eatre indiqu\u00e9e <strong>dans l\u2019agenda<\/strong> accompagn\u00e9e <strong>d\u2019une autorisation parentale (votre signature).<\/strong> C\u2019est encore la meilleure fa\u00e7on de communiquer avec nous.<\/p>\n\n\n\n<p>IMPR\u00c9VUS<strong>&nbsp;<\/strong><strong>:&nbsp;&nbsp;&nbsp;&nbsp; <\/strong>Afin de faciliter la gestion des nombreux appels de derni\u00e8re minute et <strong>PAR MESURE DE S\u00c9CURIT\u00c9, il est primordial<\/strong> que vous communiquiez avec l\u2019\u00e9cole avant 13&nbsp;h&nbsp;00 pour les \u00e9l\u00e8ves de la maternelle et avant 14 h 00 pour les \u00e9l\u00e8ves du primaire.<\/p>\n\n\n\n<p><strong>Nous ne sommes pas responsables des messages laiss\u00e9s sur la bo\u00eete vocale <u>apr\u00e8s<\/u> ces heures.<\/strong><\/p>\n\n\n\n<p><strong>Si vous devez venir chercher votre enfant<\/strong> \u00e0 l\u2019\u00e9cole pendant la journ\u00e9e, vous devez t\u00e9l\u00e9phoner au secr\u00e9tariat avant de vous pr\u00e9senter \u00e0 l\u2019\u00e9cole. La secr\u00e9taire avisera l\u2019enseignant ou l\u2019enseignante de votre enfant. Vous devez \u00e9galement aviser le service de garde si l&rsquo;enfant y est inscrit.<\/p>\n\n\n\n<h2 class=\"wp-block-heading\">Demande de services professionnels (secteur priv\u00e9; psychologues, orthophonistes, etc.)<\/h2>\n\n\n\n<p>Voici la proc\u00e9dure \u00e0 suivre lorsque vous pr\u00e9voyez faire une demande de cette nature au personnel de l\u2019\u00e9cole.<\/p>\n\n\n\n<ul class=\"wp-block-list\">\n<li>La demande doit \u00eatre effectu\u00e9e par le professionnel mentionnant l\u2019intention de la requ\u00eate.<\/li>\n\n\n\n<li>Les documents \u00e0 compl\u00e9ter doivent \u00eatre en <strong><u>fran\u00e7ais<\/u><\/strong>.<\/li>\n\n\n\n<li>Vous devez fournir les coordonn\u00e9es du professionnel (titre, adresse, num\u00e9ro de t\u00e9l\u00e9phone).<\/li>\n\n\n\n<li>Vous devez fournir une <strong><u>adresse de retour (ou courriel le cas \u00e9ch\u00e9ant) et une enveloppe pr\u00e9affranchie<\/u><\/strong>.<\/li>\n<\/ul>\n\n\n\n<ul class=\"wp-block-list\">\n<li>Il est important de savoir&nbsp;:<\/li>\n<\/ul>\n\n\n\n<ul class=\"wp-block-list\">\n<li>Que le questionnaire rempli ne vous sera par remis, mais envoy\u00e9 par courrier au professionnel.<\/li>\n\n\n\n<li>Que vous devez pr\u00e9voir un minimum de sept jours ouvrables avant que nous retournions la requ\u00eate au professionnel.<\/li>\n<\/ul>\n\n\n\n<p>C\u2019est avec plaisir que nous allons soutenir votre enfant et vos d\u00e9marches dans ces conditions.<strong><br><\/strong><\/p>\n\n\n\n<h2 class=\"wp-block-heading\">Tenue vestimentaire<\/h2>\n\n\n\n<p>Nous exigeons une tenue appropri\u00e9e, selon la temp\u00e9rature, lorsque votre enfant vient \u00e0 l\u2019\u00e9cole. Aussi, il est interdit de porter des v\u00eatements trou\u00e9s, trop courts, d\u00e9collet\u00e9s, avec les manches trop \u00e9chancr\u00e9es ou sans \u00e9paules, des jupes ou des shorts trop courts, tout v\u00eatement \u00e9voquant des symboles ou messages haineux et violents.<\/p>\n\n\n\n<p>En tout temps, pour leur s\u00e9curit\u00e9, les \u00e9l\u00e8ves doivent porter des souliers \u00e0 l\u2019int\u00e9rieur de l\u2019\u00e9cole. Les enfants doivent avoir des souliers diff\u00e9rents pour l\u2019ext\u00e9rieur et l\u2019int\u00e9rieur.<\/p>\n\n\n\n<figure class=\"wp-block-image size-full\"><img loading=\"lazy\" decoding=\"async\" width=\"492\" height=\"527\" src=\"https:\/\/media.csstl.gouv.qc.ca\/wp-content\/uploads\/sites\/39\/2022\/12\/15105543\/Thermometre-vestimentaire.jpg\" alt=\"\" class=\"wp-image-1121\" srcset=\"https:\/\/media.csstl.gouv.qc.ca\/wp-content\/uploads\/sites\/39\/2022\/12\/15105543\/Thermometre-vestimentaire.jpg 492w, https:\/\/media.csstl.gouv.qc.ca\/wp-content\/uploads\/sites\/39\/2022\/12\/15105543\/Thermometre-vestimentaire-280x300.jpg 280w\" sizes=\"auto, (max-width: 492px) 100vw, 492px\" \/><\/figure>\n\n\n\n<h2 class=\"wp-block-heading\">Transport scolaire<\/h2>\n\n\n\n<p>Les \u00e9l\u00e8ves du pr\u00e9scolaire demeurant \u00e0 plus de 0,4 km ont droit au transport scolaire.&nbsp; Les \u00e9l\u00e8ves du primaire demeurant \u00e0 plus de 1,2 km ont aussi droit au transport scolaire.<\/p>\n\n\n\n<p><strong>Retour \u00e0 la maison<\/strong><\/p>\n\n\n\n<ul class=\"wp-block-list\">\n<li>Les \u00e9l\u00e8ves doivent avoir une seule adresse le matin et une seule adresse le soir (5&nbsp;jours\/semaine).<\/li>\n\n\n\n<li>Un laissez-passer temporaire pourra \u00eatre \u00e9mis uniquement si nous avons une note \u00e9crite des &nbsp;&nbsp;&nbsp;&nbsp; parents ou<strong> s\u2019il s\u2019agit d\u2019une urgence.<\/strong><\/li>\n<\/ul>\n\n\n\n<p>L\u2019\u00e9cole applique les r\u00e8gles du transport. Pour la s\u00e9curit\u00e9 de tous, les r\u00e8gles de civisme sont \u00e0 observer \u00e0 bord des v\u00e9hicules. Ces r\u00e8gles sont expliqu\u00e9es dans la politique du transport scolaire sur le site du Centre de services scolaire. Toujours sur le m\u00eame site, vous retrouverez l\u2019information sur le parcours d\u2019autobus de votre enfant dans l\u2019onglet \u00ab&nbsp;Je cherche mon autobus&nbsp;\u00bb, ou sur Mozaik Parents dans le dossier de votre enfant. Nous sugg\u00e9rons d\u2019en faire la lecture avec votre enfant.<\/p>\n\n\n\n<p>Des mesures seront entreprises suite \u00e0 des rapports disciplinaires des conducteurs, allant d\u2019une rencontre avec la direction jusqu\u2019\u00e0 la suspension du transport pour une p\u00e9riode ind\u00e9termin\u00e9e. Lors d\u2019une suspension, les parents doivent assurer le transport de leur enfant aux heures habituelles.<\/p>\n","protected":false},"excerpt":{"rendered":"<p>Code de vie Pour consulter le code de vie de l&rsquo;\u00e9cole, cliquez sur le lien suivant. Communications Nous souhaitons tous une communication harmonieuse entre la famille et l\u2019\u00e9cole. Afin de favoriser le bien-\u00eatre et la r\u00e9ussite de nos \u00e9l\u00e8ves, la collaboration \u00e9cole-famille est de mise. Pour ce faire, il est essentiel d\u2019\u00e9tablir des communications harmonieuses [&hellip;]<\/p>\n","protected":false},"author":2,"featured_media":0,"parent":0,"menu_order":0,"comment_status":"closed","ping_status":"closed","template":"","meta":{"_genesis_hide_title":false,"_genesis_hide_breadcrumbs":false,"_genesis_hide_singular_image":false,"_genesis_hide_footer_widgets":false,"_genesis_custom_body_class":"","_genesis_custom_post_class":"","_genesis_layout":"","footnotes":""},"class_list":{"0":"post-1008","1":"page","2":"type-page","3":"status-publish","5":"entry"},"featured_image_src":null,"featured_image_src_square":null,"_links":{"self":[{"href":"https:\/\/csstl.gouv.qc.ca\/francois-perrot\/wp-json\/wp\/v2\/pages\/1008","targetHints":{"allow":["GET"]}}],"collection":[{"href":"https:\/\/csstl.gouv.qc.ca\/francois-perrot\/wp-json\/wp\/v2\/pages"}],"about":[{"href":"https:\/\/csstl.gouv.qc.ca\/francois-perrot\/wp-json\/wp\/v2\/types\/page"}],"author":[{"embeddable":true,"href":"https:\/\/csstl.gouv.qc.ca\/francois-perrot\/wp-json\/wp\/v2\/users\/2"}],"replies":[{"embeddable":true,"href":"https:\/\/csstl.gouv.qc.ca\/francois-perrot\/wp-json\/wp\/v2\/comments?post=1008"}],"version-history":[{"count":0,"href":"https:\/\/csstl.gouv.qc.ca\/francois-perrot\/wp-json\/wp\/v2\/pages\/1008\/revisions"}],"wp:attachment":[{"href":"https:\/\/csstl.gouv.qc.ca\/francois-perrot\/wp-json\/wp\/v2\/media?parent=1008"}],"curies":[{"name":"wp","href":"https:\/\/api.w.org\/{rel}","templated":true}]}}