{"id":746,"date":"2019-11-28T14:55:59","date_gmt":"2019-11-28T19:55:59","guid":{"rendered":"https:\/\/cs3lacs.wpengine.com\/etriers\/?page_id=746"},"modified":"2025-07-03T13:34:17","modified_gmt":"2025-07-03T18:34:17","slug":"portrait","status":"publish","type":"page","link":"https:\/\/csstl.gouv.qc.ca\/etriers\/portrait\/","title":{"rendered":"Portrait"},"content":{"rendered":"\n<p>Bienvenue dans l&rsquo;environnement Internet de l&rsquo;\u00e9cole des \u00c9triers!<\/p>\n\n\n\n<p>Chers parents,<\/p>\n\n\n\n<p>C\u2019est avec enthousiasme et en compagnie d\u2019une \u00e9quipe motiv\u00e9e et passionn\u00e9e que je vous souhaite une belle ann\u00e9e scolaire 2025\u20112026. L\u2019\u00e9cole des \u00c9triers est fi\u00e8re de poursuivre sa mission aupr\u00e8s des \u00e9l\u00e8ves qui lui sont confi\u00e9s et c\u2019est \u00e0 travers les valeurs du respect, de la coop\u00e9ration, du sentiment d\u2019appartenance et du bien-\u00eatre que nous souhaitons voir grandir vos enfants. C\u2019est en nous inspirant de ces valeurs et de notre d\u00e9sir constant de faire de notre milieu un environnement stimulant et bienveillant que nous poursuivrons nos actions quotidiennes. Nous vous invitons \u00e0 consulter notre projet \u00e9ducatif (dans la section associ\u00e9e \u00e0 droite) qui est porteur de cette vision.<\/p>\n\n\n\n<p>Cette ann\u00e9e, nous accueillons plus de 420 \u00e9l\u00e8ves de la maternelle \u00e0 la 6e ann\u00e9e, incluant cinq classes sp\u00e9cialis\u00e9es. Nous veillerons \u00e0 nouveau cette ann\u00e9e \u00e0 tout mettre en \u0153uvre pour nous assurer de la r\u00e9ussite de chacun des \u00e9l\u00e8ves.<\/p>\n\n\n\n<p>Je vous souhaite donc une bonne visite du site et une tr\u00e8s belle ann\u00e9e scolaire 2025-2026!<\/p>\n\n\n\n<p>Au plaisir de collaborer avec vous!<\/p>\n\n\n\n<p>Karine Lemieux, directrice<\/p>\n\n\n\n<p><\/p>\n\n\n\n<p><\/p>\n","protected":false},"excerpt":{"rendered":"<p>Bienvenue dans l&rsquo;environnement Internet de l&rsquo;\u00e9cole des \u00c9triers! Chers parents, C\u2019est avec enthousiasme et en compagnie d\u2019une \u00e9quipe motiv\u00e9e et passionn\u00e9e que je vous souhaite une belle ann\u00e9e scolaire 2025\u20112026. L\u2019\u00e9cole des \u00c9triers est fi\u00e8re de poursuivre sa mission aupr\u00e8s des \u00e9l\u00e8ves qui lui sont confi\u00e9s et c\u2019est \u00e0 travers les valeurs du respect, de [&hellip;]<\/p>\n","protected":false},"author":4,"featured_media":0,"parent":0,"menu_order":0,"comment_status":"closed","ping_status":"closed","template":"","meta":{"_genesis_hide_title":false,"_genesis_hide_breadcrumbs":false,"_genesis_hide_singular_image":false,"_genesis_hide_footer_widgets":false,"_genesis_custom_body_class":"","_genesis_custom_post_class":"","_genesis_layout":"","footnotes":""},"class_list":{"0":"post-746","1":"page","2":"type-page","3":"status-publish","5":"entry"},"featured_image_src":null,"featured_image_src_square":null,"_links":{"self":[{"href":"https:\/\/csstl.gouv.qc.ca\/etriers\/wp-json\/wp\/v2\/pages\/746","targetHints":{"allow":["GET"]}}],"collection":[{"href":"https:\/\/csstl.gouv.qc.ca\/etriers\/wp-json\/wp\/v2\/pages"}],"about":[{"href":"https:\/\/csstl.gouv.qc.ca\/etriers\/wp-json\/wp\/v2\/types\/page"}],"author":[{"embeddable":true,"href":"https:\/\/csstl.gouv.qc.ca\/etriers\/wp-json\/wp\/v2\/users\/4"}],"replies":[{"embeddable":true,"href":"https:\/\/csstl.gouv.qc.ca\/etriers\/wp-json\/wp\/v2\/comments?post=746"}],"version-history":[{"count":0,"href":"https:\/\/csstl.gouv.qc.ca\/etriers\/wp-json\/wp\/v2\/pages\/746\/revisions"}],"wp:attachment":[{"href":"https:\/\/csstl.gouv.qc.ca\/etriers\/wp-json\/wp\/v2\/media?parent=746"}],"curies":[{"name":"wp","href":"https:\/\/api.w.org\/{rel}","templated":true}]}}