{"id":481,"date":"2019-06-18T13:48:46","date_gmt":"2019-06-18T18:48:46","guid":{"rendered":"http:\/\/cs3lacs.wpengine.com\/etriers\/?page_id=481"},"modified":"2023-07-16T18:44:04","modified_gmt":"2023-07-16T23:44:04","slug":"service-de-garde","status":"publish","type":"page","link":"https:\/\/csstl.gouv.qc.ca\/etriers\/service-de-garde\/","title":{"rendered":"Service de garde"},"content":{"rendered":"\n<p>Nous sommes actuellement en p\u00e9riode d&rsquo;inscription pour le service de garde et en planification pour l&#8217;embauche des \u00e9ducatrices.<\/p>\n\n\n\n<p><a rel=\"noreferrer noopener\" href=\"https:\/\/media.csstl.gouv.qc.ca\/wp-content\/uploads\/sites\/37\/2023\/07\/16184257\/Regie-interne-2023-2024_SDG.pdf\" data-type=\"URL\" data-id=\"https:\/\/media.csstl.gouv.qc.ca\/wp-content\/uploads\/sites\/37\/2023\/07\/16184257\/Regie-interne-2023-2024_SDG.pdf\" target=\"_blank\">R\u00e9gie interne du service de garde<\/a><\/p>\n\n\n\n<h2 class=\"wp-block-heading\">Proc\u00e9dures<\/h2>\n\n\n\n<p><a href=\"https:\/\/media.csstl.gouv.qc.ca\/wp-content\/uploads\/sites\/37\/2023\/01\/10144151\/Explication-facturation-service-de-garde.pdf\" data-type=\"URL\" data-id=\"https:\/\/media.csstl.gouv.qc.ca\/wp-content\/uploads\/sites\/37\/2023\/01\/10144151\/Explication-facturation-service-de-garde.pdf\" target=\"_blank\" rel=\"noreferrer noopener\">Explication facturation service de garde<\/a><\/p>\n\n\n\n<p><a href=\"https:\/\/media.csstl.gouv.qc.ca\/wp-content\/uploads\/sites\/37\/2023\/01\/10144155\/Explication-frais-surveillance-de-diner.pdf\" data-type=\"URL\" data-id=\"https:\/\/media.csstl.gouv.qc.ca\/wp-content\/uploads\/sites\/37\/2023\/01\/10144155\/Explication-frais-surveillance-de-diner.pdf\" target=\"_blank\" rel=\"noreferrer noopener\">Explication facturation surveillance du d\u00eener<\/a><\/p>\n","protected":false},"excerpt":{"rendered":"<p>Nous sommes actuellement en p\u00e9riode d&rsquo;inscription pour le service de garde et en planification pour l&#8217;embauche des \u00e9ducatrices. R\u00e9gie interne du service de garde Proc\u00e9dures Explication facturation service de garde Explication facturation surveillance du d\u00eener<\/p>\n","protected":false},"author":2,"featured_media":0,"parent":0,"menu_order":0,"comment_status":"closed","ping_status":"closed","template":"","meta":{"_genesis_hide_title":false,"_genesis_hide_breadcrumbs":false,"_genesis_hide_singular_image":false,"_genesis_hide_footer_widgets":false,"_genesis_custom_body_class":"","_genesis_custom_post_class":"","_genesis_layout":"","footnotes":""},"class_list":{"0":"post-481","1":"page","2":"type-page","3":"status-publish","5":"entry"},"featured_image_src":null,"featured_image_src_square":null,"_links":{"self":[{"href":"https:\/\/csstl.gouv.qc.ca\/etriers\/wp-json\/wp\/v2\/pages\/481","targetHints":{"allow":["GET"]}}],"collection":[{"href":"https:\/\/csstl.gouv.qc.ca\/etriers\/wp-json\/wp\/v2\/pages"}],"about":[{"href":"https:\/\/csstl.gouv.qc.ca\/etriers\/wp-json\/wp\/v2\/types\/page"}],"author":[{"embeddable":true,"href":"https:\/\/csstl.gouv.qc.ca\/etriers\/wp-json\/wp\/v2\/users\/2"}],"replies":[{"embeddable":true,"href":"https:\/\/csstl.gouv.qc.ca\/etriers\/wp-json\/wp\/v2\/comments?post=481"}],"version-history":[{"count":0,"href":"https:\/\/csstl.gouv.qc.ca\/etriers\/wp-json\/wp\/v2\/pages\/481\/revisions"}],"wp:attachment":[{"href":"https:\/\/csstl.gouv.qc.ca\/etriers\/wp-json\/wp\/v2\/media?parent=481"}],"curies":[{"name":"wp","href":"https:\/\/api.w.org\/{rel}","templated":true}]}}