{"id":477,"date":"2019-06-18T13:43:02","date_gmt":"2019-06-18T18:43:02","guid":{"rendered":"http:\/\/cs3lacs.wpengine.com\/etriers\/?page_id=477"},"modified":"2024-10-31T12:57:19","modified_gmt":"2024-10-31T17:57:19","slug":"plan-de-lutte-intimidation-violence","status":"publish","type":"page","link":"https:\/\/csstl.gouv.qc.ca\/etriers\/plan-de-lutte-intimidation-violence\/","title":{"rendered":"Plan de lutte contre l&rsquo;intimidation et la violence"},"content":{"rendered":"\n<p>Les \u00e9coles du Centre de services scolaire des Trois-Lacs ont comme priorit\u00e9 de favoriser un environnement sain et s\u00e9curitaire dans leur milieu. Depuis l\u2019arriv\u00e9e de la loi 56 toutes les \u00e9coles du Qu\u00e9bec doivent r\u00e9diger un plan de lutte pour pr\u00e9venir et contrer l\u2019intimidation et la violence \u00e0 l\u2019\u00e9cole.<\/p>\n\n\n\n<p><\/p>\n\n\n\n<ul class=\"wp-block-list\">\n<li><a href=\"https:\/\/media.csstl.gouv.qc.ca\/wp-content\/uploads\/sites\/37\/2023\/11\/30093724\/Depliant-plan-de-lutte-pour-contrer-la-violence-et-lintimidation_23_24.pdf\">D\u00e9pliant<\/a><\/li>\n\n\n\n<li><a href=\"https:\/\/media.csstl.gouv.qc.ca\/wp-content\/uploads\/sites\/37\/2024\/10\/31125642\/Plan-de-lutte-de-24-25-version-finale.pdf\">Plan de lutte pour contrer la violence et l&rsquo;intimidation 2024-2025<\/a><\/li>\n<\/ul>\n","protected":false},"excerpt":{"rendered":"<p>Les \u00e9coles du Centre de services scolaire des Trois-Lacs ont comme priorit\u00e9 de favoriser un environnement sain et s\u00e9curitaire dans leur milieu. Depuis l\u2019arriv\u00e9e de la loi 56 toutes les \u00e9coles du Qu\u00e9bec doivent r\u00e9diger un plan de lutte pour pr\u00e9venir et contrer l\u2019intimidation et la violence \u00e0 l\u2019\u00e9cole.<\/p>\n","protected":false},"author":2,"featured_media":0,"parent":0,"menu_order":0,"comment_status":"closed","ping_status":"closed","template":"","meta":{"_genesis_hide_title":false,"_genesis_hide_breadcrumbs":false,"_genesis_hide_singular_image":false,"_genesis_hide_footer_widgets":false,"_genesis_custom_body_class":"","_genesis_custom_post_class":"","_genesis_layout":"","footnotes":""},"class_list":{"0":"post-477","1":"page","2":"type-page","3":"status-publish","5":"entry"},"featured_image_src":null,"featured_image_src_square":null,"_links":{"self":[{"href":"https:\/\/csstl.gouv.qc.ca\/etriers\/wp-json\/wp\/v2\/pages\/477","targetHints":{"allow":["GET"]}}],"collection":[{"href":"https:\/\/csstl.gouv.qc.ca\/etriers\/wp-json\/wp\/v2\/pages"}],"about":[{"href":"https:\/\/csstl.gouv.qc.ca\/etriers\/wp-json\/wp\/v2\/types\/page"}],"author":[{"embeddable":true,"href":"https:\/\/csstl.gouv.qc.ca\/etriers\/wp-json\/wp\/v2\/users\/2"}],"replies":[{"embeddable":true,"href":"https:\/\/csstl.gouv.qc.ca\/etriers\/wp-json\/wp\/v2\/comments?post=477"}],"version-history":[{"count":0,"href":"https:\/\/csstl.gouv.qc.ca\/etriers\/wp-json\/wp\/v2\/pages\/477\/revisions"}],"wp:attachment":[{"href":"https:\/\/csstl.gouv.qc.ca\/etriers\/wp-json\/wp\/v2\/media?parent=477"}],"curies":[{"name":"wp","href":"https:\/\/api.w.org\/{rel}","templated":true}]}}