{"id":742,"date":"2019-11-28T14:51:45","date_gmt":"2019-11-28T19:51:45","guid":{"rendered":"https:\/\/cs3lacs.wpengine.com\/eperviere\/?page_id=742"},"modified":"2026-03-19T12:35:36","modified_gmt":"2026-03-19T17:35:36","slug":"documents-liens-utiles","status":"publish","type":"page","link":"https:\/\/csstl.gouv.qc.ca\/eperviere\/documents-liens-utiles\/","title":{"rendered":"Documents et liens utiles"},"content":{"rendered":"\n<h2 class=\"wp-block-heading\">Uniforme scolaire<\/h2>\n\n\n\n<p>Veuillez noter&nbsp;que depuis&nbsp;ao\u00fbt 2012, le port d&rsquo;un uniforme partiel (haut) est obligatoire \u00e0 l&rsquo;\u00e9cole de l&rsquo;\u00c9pervi\u00e8re.  \u00c0 partir de septembre 2025, le port de l&rsquo;uniforme d&rsquo;\u00e9ducation physique&nbsp;ne sera plus obligatoire.  Par contre, un code vestimentaire pour l&rsquo;\u00e9ducation physique sera exig\u00e9 et se retrouvera dans l&rsquo;agenda.  Vous pouvez commander en visitant le site suivant:&nbsp;<a href=\"http:\/\/www.raphaelu.ca\" target=\"_blank\" rel=\"noreferrer noopener\">www.raphaelu.ca<\/a>&nbsp;ou en composant le 1-866-979-2322 poste 5.<\/p>\n\n\n\n<ul class=\"wp-block-list\">\n<li><a href=\"https:\/\/media.csstl.gouv.qc.ca\/wp-content\/uploads\/sites\/36\/2025\/07\/03083621\/39-Uniforme-scolaire-2025-2026-LEperviere.pdf\" data-type=\"attachment\" data-id=\"1493\">Information pour passer votre commande 2025-2026<\/a><\/li>\n\n\n\n<li>Information sur la livraison des uniformes 2025-2026<\/li>\n\n\n\n<li><a href=\"https:\/\/media.csstl.gouv.qc.ca\/wp-content\/uploads\/sites\/36\/2023\/01\/17143906\/Uniformes-scolaires-durant-lannee-Communique-interactif-2022-2023.pdf\" data-type=\"attachment\" data-id=\"1194\" target=\"_blank\" rel=\"noreferrer noopener\">Uniforme durant l&rsquo;ann\u00e9e scolaire<\/a><\/li>\n<\/ul>\n\n\n\n<p>L&rsquo;\u00e9cole poss\u00e8de une friperie pour les uniformes scolaires &#8211; Contactez le secr\u00e9tariat pour plus d&rsquo;information<\/p>\n\n\n\n<h2 class=\"wp-block-heading\">Info-parents<\/h2>\n\n\n\n<p>L&rsquo;Info-parents est une communication des diff\u00e9rentes informations importantes concernant la vie \u00e0 l&rsquo;\u00e9cole de l&rsquo;\u00c9pervi\u00e8re. &nbsp;<\/p>\n\n\n\n<h3 class=\"wp-block-heading\">Ann\u00e9e 2025-2026<\/h3>\n\n\n\n<ul class=\"wp-block-list\">\n<li><a href=\"https:\/\/media.csstl.gouv.qc.ca\/wp-content\/uploads\/sites\/36\/2025\/07\/04091308\/Info-parents-no.-11-ete-2025_compressed.pdf\" data-type=\"attachment\" data-id=\"1496\">No. 11 &#8211; \u00e9t\u00e9 2025<\/a><\/li>\n\n\n\n<li><a href=\"https:\/\/media.csstl.gouv.qc.ca\/wp-content\/uploads\/sites\/36\/2025\/09\/18075426\/Info-parents-no.-1-septembre-2025.pdf\" data-type=\"attachment\" data-id=\"1509\">No. 1 &#8211; Septembre 2025<\/a><\/li>\n\n\n\n<li><a href=\"https:\/\/media.csstl.gouv.qc.ca\/wp-content\/uploads\/sites\/36\/2025\/10\/15204805\/Info-parent-no.-2-octobre-2025_compressed-1.pdf\" data-type=\"attachment\" data-id=\"1514\">No. 2 &#8211; Octobre 2025<\/a><\/li>\n\n\n\n<li><a href=\"https:\/\/media.csstl.gouv.qc.ca\/wp-content\/uploads\/sites\/36\/2025\/11\/13090441\/Info-parents-No.-3-novembre-decembre-2025_-1.pdf\" data-type=\"attachment\" data-id=\"1519\">No. 3 &#8211; novembre &#8211; d\u00e9cembre 2025<\/a><\/li>\n\n\n\n<li><a href=\"https:\/\/media.csstl.gouv.qc.ca\/wp-content\/uploads\/sites\/36\/2026\/01\/08085729\/Info-parents-No.-4-janvier-2026-compresse.pdf\" data-type=\"attachment\" data-id=\"1527\">No. 4 &#8211; Janvier 2026<\/a><\/li>\n\n\n\n<li><a href=\"https:\/\/media.csstl.gouv.qc.ca\/wp-content\/uploads\/sites\/36\/2026\/02\/04103242\/Info-parents-No.-5-fevrier-2026-compresse.pdf\" data-type=\"attachment\" data-id=\"1541\">No. 5 &#8211; F\u00e9vrier 2026<\/a><\/li>\n\n\n\n<li><a href=\"https:\/\/media.csstl.gouv.qc.ca\/wp-content\/uploads\/sites\/36\/2026\/03\/19123349\/Info-parents-No.-6-mars-avril-2026_comp.pdf\" data-type=\"attachment\" data-id=\"1547\">No. 6 &#8211; Mars-avril 2026<\/a><\/li>\n\n\n\n<li>No. 7 &#8211; Mai 2026<\/li>\n\n\n\n<li>No. 8 &#8211; Juin 2026<\/li>\n<\/ul>\n\n\n\n<h2 class=\"wp-block-heading\">Liens<\/h2>\n\n\n\n<h3 class=\"wp-block-heading\">Moza\u00efk-Portail Parents<\/h3>\n\n\n\n<ul class=\"wp-block-list\">\n<li><a href=\"https:\/\/media.csstl.gouv.qc.ca\/wp-content\/uploads\/sites\/36\/2022\/12\/07151638\/Guide_Mozaik-Portail_parents.pdf\" data-type=\"attachment\" data-id=\"1131\" target=\"_blank\" rel=\"noreferrer noopener\">Guide Moza\u00efk-Portail Parents<\/a><\/li>\n<\/ul>\n\n\n\n<h3 class=\"wp-block-heading\">Clic-\u00e9cole <\/h3>\n\n\n\n<ul class=\"wp-block-list\">\n<li><a href=\"https:\/\/media.csstl.gouv.qc.ca\/wp-content\/uploads\/sites\/36\/2025\/09\/18074051\/Communique-Disponibilite-de-Clic-ecole.pdf\" data-type=\"attachment\" data-id=\"1506\">Communiqu\u00e9 clic-\u00e9cole<\/a><\/li>\n\n\n\n<li><a href=\"https:\/\/media.csstl.gouv.qc.ca\/wp-content\/uploads\/sites\/36\/2026\/01\/07100749\/Communique-Retrait-de-lapplication-mParent-et-rappel-de-la-disponibilite-de-Clic-ecole.pdf\" data-type=\"attachment\" data-id=\"1525\">Fermeture de l&rsquo;application mParent remplac\u00e9 par Clic \u00e9cole<\/a><\/li>\n<\/ul>\n\n\n\n<h3 class=\"wp-block-heading\">Programme PEIA<\/h3>\n\n\n\n<ul class=\"wp-block-list\">\n<li><a href=\"https:\/\/media.csstl.gouv.qc.ca\/wp-content\/uploads\/sites\/36\/2023\/01\/30101119\/Document-d_information-pour-les-eleves-et-parents-23-24.pdf\" data-type=\"attachment\" data-id=\"1205\" target=\"_blank\" rel=\"noreferrer noopener\">Document d&rsquo;information sur le PEIA<\/a><\/li>\n<\/ul>\n\n\n\n<h2 class=\"wp-block-heading\">R\u00e9inscription 2024-2025<\/h2>\n\n\n\n<ul class=\"wp-block-list\">\n<li><a href=\"https:\/\/media.csstl.gouv.qc.ca\/wp-content\/uploads\/sites\/36\/2024\/02\/01145613\/Information-reinscription-2024-2025-parents.pdf\" data-type=\"attachment\" data-id=\"1328\" target=\"_blank\" rel=\"noreferrer noopener\">Informations sur la r\u00e9inscription<\/a><\/li>\n<\/ul>\n\n\n\n<h2 class=\"wp-block-heading\">Association PANDA Vaudreuil-Soulanges<\/h2>\n\n\n\n<ul class=\"wp-block-list\">\n<li><a href=\"https:\/\/media.csstl.gouv.qc.ca\/wp-content\/uploads\/sites\/36\/2024\/05\/14093628\/PANDA-informations-generales.pdf\" data-type=\"attachment\" data-id=\"1342\" target=\"_blank\" rel=\"noreferrer noopener\">Informations<\/a><\/li>\n<\/ul>\n\n\n\n<h2 class=\"wp-block-heading\">Communication aux parents<\/h2>\n\n\n\n<ul class=\"wp-block-list\">\n<li><a href=\"https:\/\/media.csstl.gouv.qc.ca\/wp-content\/uploads\/sites\/36\/2025\/10\/15112442\/Renseignements-evaluations-primaire.pdf\" data-type=\"attachment\" data-id=\"1513\">Primaire<\/a><\/li>\n\n\n\n<li><a href=\"https:\/\/media.csstl.gouv.qc.ca\/wp-content\/uploads\/sites\/36\/2025\/10\/15112432\/Renseignements-evaluations-prescolaire2.pdf\" data-type=\"attachment\" data-id=\"1512\">Pr\u00e9scolaire<\/a><\/li>\n\n\n\n<li><a href=\"https:\/\/media.csstl.gouv.qc.ca\/wp-content\/uploads\/sites\/36\/2024\/11\/07111730\/Depliant-parents-bulletin-2023-2024.pdf\" data-type=\"attachment\" data-id=\"1413\">Bulletin parents pr\u00e9scolaire<\/a><\/li>\n<\/ul>\n\n\n\n<h2 class=\"wp-block-heading\">Formulaires<\/h2>\n\n\n\n<ul class=\"wp-block-list\">\n<li><a href=\"https:\/\/media.csstl.gouv.qc.ca\/wp-content\/uploads\/sites\/36\/2025\/06\/12094938\/Administration-medicament.pdf\" data-type=\"attachment\" data-id=\"1457\">Administration m\u00e9dicament<\/a><\/li>\n<\/ul>\n\n\n\n<h2 class=\"wp-block-heading\">Acc\u00e8s internet pour les parents<\/h2>\n\n\n\n<ul class=\"wp-block-list\">\n<li><a href=\"https:\/\/media.csstl.gouv.qc.ca\/wp-content\/uploads\/sites\/36\/2026\/02\/03120236\/Acces-gratuit-a-la-zone-parents.pdf\" data-type=\"attachment\" data-id=\"1538\">Acc\u00e8s \u00e0 la zone d&rsquo;apprentissage de l&rsquo;Institut des troubles d&rsquo;apprentissages ITA<\/a><\/li>\n<\/ul>\n\n\n\n<h2 class=\"wp-block-heading\">Espace Suroit<\/h2>\n\n\n\n<ul class=\"wp-block-list\">\n<li><a href=\"https:\/\/media.csstl.gouv.qc.ca\/wp-content\/uploads\/sites\/36\/2026\/03\/19083915\/Espace-Suroit_lettre-aux-parents-ecole_compressed-2.pdf\" data-type=\"attachment\" data-id=\"1542\">UN PROGRAMME \u00c9DUCATIF POUR OUTILLER LES ENFANTS ET LES ADULTES!<\/a><\/li>\n<\/ul>\n\n\n\n<h2 class=\"wp-block-heading\">Capsule buccodentaire<\/h2>\n\n\n\n<ul class=\"wp-block-list\">\n<li><a href=\"https:\/\/media.csstl.gouv.qc.ca\/wp-content\/uploads\/sites\/36\/2025\/10\/01091707\/Mon-sourire-en-sante-page-1-Frequence-des-sucres.pdf\" data-type=\"attachment\" data-id=\"1511\">Capsule buccodentaire &#8211; Halloween<\/a><\/li>\n\n\n\n<li><a href=\"https:\/\/media.csstl.gouv.qc.ca\/wp-content\/uploads\/sites\/36\/2026\/02\/03123221\/Mon-sourire-en-sante-page-5-Couverture-soins-dentaires.pdf\" data-type=\"attachment\" data-id=\"1540\">La couverture des soins dentaires<\/a><\/li>\n\n\n\n<li><a href=\"https:\/\/media.csstl.gouv.qc.ca\/wp-content\/uploads\/sites\/36\/2026\/03\/19084227\/Capsule_Mon-sourire-en-sante-page-4-Haleine-fraiche.pdf\" data-type=\"attachment\" data-id=\"1544\">Mon sourire en sant\u00e9 &#8211; Haleine fra\u00eeche<\/a><\/li>\n<\/ul>\n\n\n\n<h2 class=\"wp-block-heading\">Informations pour les parents<\/h2>\n\n\n\n<ul class=\"wp-block-list\">\n<li><a href=\"https:\/\/media.csstl.gouv.qc.ca\/wp-content\/uploads\/sites\/36\/2026\/03\/19084209\/aide-memoire-monoxyde-carbone.pdf\" data-type=\"attachment\" data-id=\"1543\">Monoxyde de carbone<\/a><\/li>\n<\/ul>\n","protected":false},"excerpt":{"rendered":"<p>Uniforme scolaire Veuillez noter&nbsp;que depuis&nbsp;ao\u00fbt 2012, le port d&rsquo;un uniforme partiel (haut) est obligatoire \u00e0 l&rsquo;\u00e9cole de l&rsquo;\u00c9pervi\u00e8re. \u00c0 partir de septembre 2025, le port de l&rsquo;uniforme d&rsquo;\u00e9ducation physique&nbsp;ne sera plus obligatoire. Par contre, un code vestimentaire pour l&rsquo;\u00e9ducation physique sera exig\u00e9 et se retrouvera dans l&rsquo;agenda. Vous pouvez commander en visitant le site suivant:&nbsp;www.raphaelu.ca&nbsp;ou [&hellip;]<\/p>\n","protected":false},"author":4,"featured_media":0,"parent":0,"menu_order":0,"comment_status":"closed","ping_status":"closed","template":"","meta":{"_genesis_hide_title":false,"_genesis_hide_breadcrumbs":false,"_genesis_hide_singular_image":false,"_genesis_hide_footer_widgets":false,"_genesis_custom_body_class":"","_genesis_custom_post_class":"","_genesis_layout":"","footnotes":""},"class_list":{"0":"post-742","1":"page","2":"type-page","3":"status-publish","5":"entry"},"featured_image_src":null,"featured_image_src_square":null,"_links":{"self":[{"href":"https:\/\/csstl.gouv.qc.ca\/eperviere\/wp-json\/wp\/v2\/pages\/742","targetHints":{"allow":["GET"]}}],"collection":[{"href":"https:\/\/csstl.gouv.qc.ca\/eperviere\/wp-json\/wp\/v2\/pages"}],"about":[{"href":"https:\/\/csstl.gouv.qc.ca\/eperviere\/wp-json\/wp\/v2\/types\/page"}],"author":[{"embeddable":true,"href":"https:\/\/csstl.gouv.qc.ca\/eperviere\/wp-json\/wp\/v2\/users\/4"}],"replies":[{"embeddable":true,"href":"https:\/\/csstl.gouv.qc.ca\/eperviere\/wp-json\/wp\/v2\/comments?post=742"}],"version-history":[{"count":0,"href":"https:\/\/csstl.gouv.qc.ca\/eperviere\/wp-json\/wp\/v2\/pages\/742\/revisions"}],"wp:attachment":[{"href":"https:\/\/csstl.gouv.qc.ca\/eperviere\/wp-json\/wp\/v2\/media?parent=742"}],"curies":[{"name":"wp","href":"https:\/\/api.w.org\/{rel}","templated":true}]}}