{"id":481,"date":"2019-06-18T13:48:46","date_gmt":"2019-06-18T18:48:46","guid":{"rendered":"http:\/\/cs3lacs.wpengine.com\/eperviere\/?page_id=481"},"modified":"2023-02-09T10:16:00","modified_gmt":"2023-02-09T15:16:00","slug":"service-de-garde","status":"publish","type":"page","link":"https:\/\/csstl.gouv.qc.ca\/eperviere\/service-de-garde\/","title":{"rendered":"Service de garde"},"content":{"rendered":"\n<p>Il nous fait plaisir de vous accueillir dans les locaux du service de garde, situ\u00e9s dans la cour arri\u00e8re de l&rsquo;\u00e9cole (pavillon St-Fran\u00e7ois).<\/p>\n\n\n\n<p>Pour une question de s\u00e9curit\u00e9, il est important de reconduire votre enfant \u00e0 l&rsquo;int\u00e9rieur.<\/p>\n\n\n\n<p>Technicienne du service de garde:&nbsp; M<sup>me<\/sup> V\u00e9ronique Leduc &#8211; 514-477-7005, poste 3750<\/p>\n\n\n\n<ul class=\"wp-block-list\">\n<li><a href=\"https:\/\/media.csstl.gouv.qc.ca\/wp-content\/uploads\/sites\/36\/2022\/12\/07152350\/Regie_interne_2022-2023_service_de_garde_de_lEperviere.pdf\" data-type=\"attachment\" data-id=\"1141\" target=\"_blank\" rel=\"noreferrer noopener\">Renseignements g\u00e9n\u00e9raux du service de garde<\/a><\/li>\n\n\n\n<li><a rel=\"noreferrer noopener\" href=\"https:\/\/media.csstl.gouv.qc.ca\/wp-content\/uploads\/sites\/36\/2022\/12\/07152353\/Kouloo_-_Ecole_de_lEperviere_-_PP_-_FR_A.pdf\" data-type=\"attachment\" data-id=\"1142\" target=\"_blank\">Application Kouloo<\/a><\/li>\n<\/ul>\n\n\n\n<h2 class=\"wp-block-heading\">Heures d&rsquo;ouverture<\/h2>\n\n\n\n<h3 class=\"wp-block-heading\">Journ\u00e9e r\u00e9guli\u00e8re&nbsp; &nbsp; &nbsp; &nbsp; &nbsp; &nbsp;<\/h3>\n\n\n\n<ul class=\"wp-block-list\">\n<li>Matin : 6 h 30 \u00e0 8 h 00 \/ 6 h 30 \u00e0 8 h 00 (maternelle)<\/li>\n\n\n\n<li>Midi :&nbsp;11 h 20 \u00e0 12 h 35 \/ 11 h 00 \u00e0 12 h18 (maternelle)<\/li>\n\n\n\n<li>Apr\u00e8s-midi : 15 h 00 \u00e0 18 h 00 \/ 14 h 00 \u00e0 15 h 00 (maternelle)<\/li>\n<\/ul>\n\n\n\n<h3 class=\"wp-block-heading\">Journ\u00e9e&nbsp;p\u00e9dagogique&nbsp;&nbsp;&nbsp;&nbsp;&nbsp;&nbsp;&nbsp;&nbsp;&nbsp;&nbsp;&nbsp;&nbsp;&nbsp;<\/h3>\n\n\n\n<ul class=\"wp-block-list\">\n<li>6 h 30 \u00e0 18 h 00<\/li>\n<\/ul>\n\n\n\n<h2 class=\"wp-block-heading\">R\u00e9inscription 2023-2024<\/h2>\n\n\n\n<p><a href=\"https:\/\/media.csstl.gouv.qc.ca\/wp-content\/uploads\/sites\/36\/2023\/02\/09100911\/Reinscription-procedure-2023-2024.pdf\" data-type=\"attachment\" data-id=\"1214\" target=\"_blank\" rel=\"noreferrer noopener\">Cliquez ici pour la proc\u00e9dure de r\u00e9inscription 2023-2024 du service de garde et de la surveillance du d\u00eener  (du 10 au 26 f\u00e9vrier 2023)<\/a><\/p>\n","protected":false},"excerpt":{"rendered":"<p>Il nous fait plaisir de vous accueillir dans les locaux du service de garde, situ\u00e9s dans la cour arri\u00e8re de l&rsquo;\u00e9cole (pavillon St-Fran\u00e7ois). Pour une question de s\u00e9curit\u00e9, il est important de reconduire votre enfant \u00e0 l&rsquo;int\u00e9rieur. Technicienne du service de garde:&nbsp; Mme V\u00e9ronique Leduc &#8211; 514-477-7005, poste 3750 Heures d&rsquo;ouverture Journ\u00e9e r\u00e9guli\u00e8re&nbsp; &nbsp; &nbsp; [&hellip;]<\/p>\n","protected":false},"author":2,"featured_media":0,"parent":0,"menu_order":0,"comment_status":"closed","ping_status":"closed","template":"","meta":{"_genesis_hide_title":false,"_genesis_hide_breadcrumbs":false,"_genesis_hide_singular_image":false,"_genesis_hide_footer_widgets":false,"_genesis_custom_body_class":"","_genesis_custom_post_class":"","_genesis_layout":"","footnotes":""},"class_list":{"0":"post-481","1":"page","2":"type-page","3":"status-publish","5":"entry"},"featured_image_src":null,"featured_image_src_square":null,"_links":{"self":[{"href":"https:\/\/csstl.gouv.qc.ca\/eperviere\/wp-json\/wp\/v2\/pages\/481","targetHints":{"allow":["GET"]}}],"collection":[{"href":"https:\/\/csstl.gouv.qc.ca\/eperviere\/wp-json\/wp\/v2\/pages"}],"about":[{"href":"https:\/\/csstl.gouv.qc.ca\/eperviere\/wp-json\/wp\/v2\/types\/page"}],"author":[{"embeddable":true,"href":"https:\/\/csstl.gouv.qc.ca\/eperviere\/wp-json\/wp\/v2\/users\/2"}],"replies":[{"embeddable":true,"href":"https:\/\/csstl.gouv.qc.ca\/eperviere\/wp-json\/wp\/v2\/comments?post=481"}],"version-history":[{"count":0,"href":"https:\/\/csstl.gouv.qc.ca\/eperviere\/wp-json\/wp\/v2\/pages\/481\/revisions"}],"wp:attachment":[{"href":"https:\/\/csstl.gouv.qc.ca\/eperviere\/wp-json\/wp\/v2\/media?parent=481"}],"curies":[{"name":"wp","href":"https:\/\/api.w.org\/{rel}","templated":true}]}}