{"id":20,"date":"2019-02-06T13:32:25","date_gmt":"2019-02-06T13:32:25","guid":{"rendered":"http:\/\/cs3lacs.wpengine.com\/eperviere\/?page_id=20"},"modified":"2025-07-03T08:41:32","modified_gmt":"2025-07-03T13:41:32","slug":"fournitures-scolaires","status":"publish","type":"page","link":"https:\/\/csstl.gouv.qc.ca\/eperviere\/fournitures-scolaires\/","title":{"rendered":"Fournitures scolaires"},"content":{"rendered":"\n<p>Veuillez noter que depuis la rentr\u00e9e 2012, le port d&rsquo;un uniforme partiel ainsi que le port d&rsquo;un uniforme d&rsquo;\u00e9ducation physique&nbsp;sont obligatoires \u00e0 l&rsquo;\u00e9cole de l&rsquo;\u00c9pervi\u00e8re.&nbsp; Vous pouvez commander en visitant le site suivant : <a rel=\"noreferrer noopener\" href=\"http:\/\/www.raphaelu.ca\" target=\"_blank\">www.raphaelu.ca<\/a>&nbsp;ou en composant le 1-866-979-2322, poste 5.<\/p>\n\n\n\n<h2 class=\"wp-block-heading\"><strong>Listes des effets scolaires des classes de la\u00a0maternelle \u00e0 la sixi\u00e8me ann\u00e9e pour\u00a0l&rsquo;ann\u00e9e 2025-2026<\/strong><\/h2>\n\n\n\n<ul class=\"wp-block-list\">\n<li><a href=\"https:\/\/media.csstl.gouv.qc.ca\/wp-content\/uploads\/sites\/36\/2025\/07\/03082040\/Fournitures-scolaires-2025-2026-maternelle-4-ans.pdf\" data-type=\"attachment\" data-id=\"1475\">Maternelle 4 ans<\/a><\/li>\n\n\n\n<li><a href=\"https:\/\/media.csstl.gouv.qc.ca\/wp-content\/uploads\/sites\/36\/2025\/07\/03082044\/Fournitures-scolaires-2025-2026-maternelle.pdf\" data-type=\"attachment\" data-id=\"1477\">Maternelle 5 ans<\/a><\/li>\n\n\n\n<li><a href=\"https:\/\/media.csstl.gouv.qc.ca\/wp-content\/uploads\/sites\/36\/2025\/07\/03082016\/Fournitures-scolaires-2025-2026-1re-annee.pdf\" data-type=\"attachment\" data-id=\"1463\">1<sup>re<\/sup> ann\u00e9e<\/a><\/li>\n\n\n\n<li><a href=\"https:\/\/media.csstl.gouv.qc.ca\/wp-content\/uploads\/sites\/36\/2025\/07\/03082021\/Fournitures-scolaires-2025-2026-2e-annee.pdf\" data-type=\"attachment\" data-id=\"1465\">2<sup>e<\/sup> ann\u00e9e<\/a><\/li>\n\n\n\n<li><a href=\"https:\/\/media.csstl.gouv.qc.ca\/wp-content\/uploads\/sites\/36\/2025\/07\/03082025\/Fournitures-scolaires-2025-2026-3e-annee.pdf\" data-type=\"attachment\" data-id=\"1467\">3<sup>e<\/sup> ann\u00e9e<\/a><\/li>\n\n\n\n<li><a href=\"https:\/\/media.csstl.gouv.qc.ca\/wp-content\/uploads\/sites\/36\/2025\/07\/03082028\/Fournitures-scolaires-2025-2026-4e-annee.pdf\" data-type=\"attachment\" data-id=\"1469\">4<sup>e<\/sup> ann\u00e9e<\/a><\/li>\n\n\n\n<li><a href=\"https:\/\/media.csstl.gouv.qc.ca\/wp-content\/uploads\/sites\/36\/2025\/07\/03082032\/Fournitures-scolaires-2025-2026-5e-annee.pdf\" data-type=\"attachment\" data-id=\"1471\">5<sup>e<\/sup> ann\u00e9e<\/a><\/li>\n\n\n\n<li><a href=\"https:\/\/media.csstl.gouv.qc.ca\/wp-content\/uploads\/sites\/36\/2025\/07\/03082036\/Fournitures-scolaires-2025-2026-6e-annee.pdf\" data-type=\"attachment\" data-id=\"1473\">6<sup>e<\/sup> ann\u00e9e<\/a><\/li>\n<\/ul>\n\n\n\n<h2 class=\"wp-block-heading\">Listes du mat\u00e9riel didactique fourni et factur\u00e9 par l&rsquo;\u00e9cole<\/h2>\n\n\n\n<p><strong>Veuillez prendre connaissance de la&nbsp;<a rel=\"noreferrer noopener\" href=\"https:\/\/media.csstl.gouv.qc.ca\/wp-content\/uploads\/sites\/36\/2022\/12\/07152942\/Procedure_de_paiement_internet.pdf\" data-type=\"attachment\" data-id=\"1162\" target=\"_blank\">proc\u00e9dure<\/a>&nbsp;pour le paiement internet du mat\u00e9riel didactique et\/ou des sorties ou activit\u00e9s \u00e9ducatives.<\/strong><\/p>\n\n\n\n<ul class=\"wp-block-list\">\n<li><a href=\"https:\/\/media.csstl.gouv.qc.ca\/wp-content\/uploads\/sites\/36\/2025\/07\/03083258\/Materiel-didactique-maternelle-4-ans.pdf\" data-type=\"attachment\" data-id=\"1490\">Maternelle 4 ans<\/a><\/li>\n\n\n\n<li><a href=\"https:\/\/media.csstl.gouv.qc.ca\/wp-content\/uploads\/sites\/36\/2025\/07\/03083303\/Materiel-didactique-maternelle-5-ans.pdf\" data-type=\"attachment\" data-id=\"1492\">Maternelle 5 ans<\/a><\/li>\n\n\n\n<li><a href=\"https:\/\/media.csstl.gouv.qc.ca\/wp-content\/uploads\/sites\/36\/2025\/07\/03083236\/Materiel-didactique-1re-annee.pdf\" data-type=\"attachment\" data-id=\"1478\">1<sup>re<\/sup> ann\u00e9e<\/a><\/li>\n\n\n\n<li><a href=\"https:\/\/media.csstl.gouv.qc.ca\/wp-content\/uploads\/sites\/36\/2025\/07\/03083240\/Materiel-didactique-2e-annee.pdf\" data-type=\"attachment\" data-id=\"1480\">2<sup>e<\/sup> ann\u00e9e<\/a><\/li>\n\n\n\n<li><a href=\"https:\/\/media.csstl.gouv.qc.ca\/wp-content\/uploads\/sites\/36\/2025\/07\/03083244\/Materiel-didactique-3e-annee.pdf\" data-type=\"attachment\" data-id=\"1482\">3<sup>e<\/sup> ann\u00e9e<\/a><\/li>\n\n\n\n<li><a href=\"https:\/\/media.csstl.gouv.qc.ca\/wp-content\/uploads\/sites\/36\/2025\/07\/03083248\/Materiel-didactique-4e-annee.pdf\" data-type=\"attachment\" data-id=\"1484\">4<sup>e<\/sup> ann\u00e9e<\/a><\/li>\n\n\n\n<li><a href=\"https:\/\/media.csstl.gouv.qc.ca\/wp-content\/uploads\/sites\/36\/2025\/07\/03083251\/Materiel-didactique-5e-annee.pdf\" data-type=\"attachment\" data-id=\"1486\">5<sup>e<\/sup> ann\u00e9e<\/a><\/li>\n\n\n\n<li><a href=\"https:\/\/media.csstl.gouv.qc.ca\/wp-content\/uploads\/sites\/36\/2025\/07\/03083255\/Materiel-didactique-6e-annee.pdf\" data-type=\"attachment\" data-id=\"1488\">6<sup>e<\/sup> ann\u00e9e<\/a><\/li>\n<\/ul>\n","protected":false},"excerpt":{"rendered":"<p>Veuillez noter que depuis la rentr\u00e9e 2012, le port d&rsquo;un uniforme partiel ainsi que le port d&rsquo;un uniforme d&rsquo;\u00e9ducation physique&nbsp;sont obligatoires \u00e0 l&rsquo;\u00e9cole de l&rsquo;\u00c9pervi\u00e8re.&nbsp; Vous pouvez commander en visitant le site suivant : www.raphaelu.ca&nbsp;ou en composant le 1-866-979-2322, poste 5. Listes des effets scolaires des classes de la\u00a0maternelle \u00e0 la sixi\u00e8me ann\u00e9e pour\u00a0l&rsquo;ann\u00e9e 2025-2026 [&hellip;]<\/p>\n","protected":false},"author":2,"featured_media":0,"parent":0,"menu_order":20,"comment_status":"closed","ping_status":"closed","template":"","meta":{"_genesis_hide_title":false,"_genesis_hide_breadcrumbs":false,"_genesis_hide_singular_image":false,"_genesis_hide_footer_widgets":false,"_genesis_custom_body_class":"","_genesis_custom_post_class":"","_genesis_layout":"","footnotes":""},"class_list":{"0":"post-20","1":"page","2":"type-page","3":"status-publish","5":"entry"},"featured_image_src":null,"featured_image_src_square":null,"_links":{"self":[{"href":"https:\/\/csstl.gouv.qc.ca\/eperviere\/wp-json\/wp\/v2\/pages\/20","targetHints":{"allow":["GET"]}}],"collection":[{"href":"https:\/\/csstl.gouv.qc.ca\/eperviere\/wp-json\/wp\/v2\/pages"}],"about":[{"href":"https:\/\/csstl.gouv.qc.ca\/eperviere\/wp-json\/wp\/v2\/types\/page"}],"author":[{"embeddable":true,"href":"https:\/\/csstl.gouv.qc.ca\/eperviere\/wp-json\/wp\/v2\/users\/2"}],"replies":[{"embeddable":true,"href":"https:\/\/csstl.gouv.qc.ca\/eperviere\/wp-json\/wp\/v2\/comments?post=20"}],"version-history":[{"count":0,"href":"https:\/\/csstl.gouv.qc.ca\/eperviere\/wp-json\/wp\/v2\/pages\/20\/revisions"}],"wp:attachment":[{"href":"https:\/\/csstl.gouv.qc.ca\/eperviere\/wp-json\/wp\/v2\/media?parent=20"}],"curies":[{"name":"wp","href":"https:\/\/api.w.org\/{rel}","templated":true}]}}