{"id":911,"date":"2022-05-25T07:45:51","date_gmt":"2022-05-25T12:45:51","guid":{"rendered":"https:\/\/cs3lacs.wpengine.com\/chene-bleu\/?page_id=911"},"modified":"2025-06-18T14:00:14","modified_gmt":"2025-06-18T19:00:14","slug":"inscription-scolaire","status":"publish","type":"page","link":"https:\/\/csstl.gouv.qc.ca\/echos\/inscription-scolaire\/","title":{"rendered":"Inscription scolaire"},"content":{"rendered":"\n<h3 class=\"wp-block-heading\">Premi\u00e8re inscription au secondaire<\/h3>\n\n\n\n<p>Avant l&rsquo;inscription de votre enfant au secondaire, nous vous prions de bien vouloir v\u00e9rifier que l&rsquo;\u00e9cole secondaire des \u00c9chos est votre \u00e9cole de bassin en utilisant la plateforme suivante \u00ab\u2009<a href=\"https:\/\/geobus.cstrois-lacs.qc.ca\/Pages\/Anonyme\/parents\/page.fr.aspx\" target=\"_blank\" rel=\"noreferrer noopener\">Je cherche mon \u00e9cole<\/a>\u2009\u00bb<\/p>\n\n\n\n<h4 class=\"wp-block-heading\"><strong>Documents \u00e0 compl\u00e9ter<\/strong><\/h4>\n\n\n\n<p>En pr\u00e9vision de votre rendez-vous concernant l\u2019inscription au secondaire, vous devrez avoir compl\u00e9t\u00e9, au pr\u00e9alable, les documents suivants:<\/p>\n\n\n\n<ul class=\"wp-block-list\">\n<li><a href=\"https:\/\/media.csstl.gouv.qc.ca\/wp-content\/uploads\/sites\/57\/2025\/01\/30094327\/A1.-Demande-dadmission-et-dinscription-des-eleves-2025-2026.pdf\">Demande d\u2019admission et d\u2019inscription<\/a> <\/li>\n\n\n\n<li><a href=\"https:\/\/media.csstl.gouv.qc.ca\/wp-content\/uploads\/sites\/57\/2025\/01\/30094404\/A6.-Preuves-de-residence-2025-2026.pdf\">Attestation de preuves de r\u00e9sidence<\/a> <\/li>\n\n\n\n<li><a href=\"https:\/\/media.csstl.gouv.qc.ca\/wp-content\/uploads\/sites\/40\/2025\/01\/27110836\/Primaire-Fiche-urgence-sante-2025-2026.pdf\">Fiche urgence-sant\u00e9 2025-2026<\/a><\/li>\n\n\n\n<li><a href=\"https:\/\/media.csstl.gouv.qc.ca\/wp-content\/uploads\/sites\/57\/2025\/02\/24103939\/Autorisation-formulaire-25-26.pdf\">Autorisation de prise et d\u2019utilisation de l\u2019image, de le voix ou de mat\u00e9riel d\u2019une personne&nbsp;<\/a><\/li>\n<\/ul>\n\n\n\n<p><strong>Documents \u00e0 fournir<\/strong><\/p>\n\n\n\n<p>Vous devrez \u00e9galement fournir les documents suivants afin de compl\u00e9ter votre inscription :<\/p>\n\n\n\n<p><strong>Pour l\u2019enfant n\u00e9 au Qu\u00e9bec<\/strong> :<\/p>\n\n\n\n<ul class=\"wp-block-list\">\n<li>La copie originale du certificat de naissance grand format (comportant le nom des parents), \u00e9mis par la Direction de l\u2019\u00e9tat civil. Pour obtenir ce document, appelez au 1&nbsp;877&nbsp;644-4545 ou visitez le&nbsp;<a href=\"http:\/\/www.etatcivil.gouv.qc.ca\/\">www.etatcivil.gouv.qc.ca<\/a>;<\/li>\n\n\n\n<li>Deux preuves de r\u00e9sidence du parent tel que d\u00e9fini par le formulaire d\u2019attestation de preuves de r\u00e9sidence (Annexe&nbsp;6);<\/li>\n<\/ul>\n\n\n\n<p><strong>Pour l\u2019enfant n\u00e9 ailleurs qu&rsquo;au Qu\u00e9bec <\/strong>:<\/p>\n\n\n\n<ul class=\"wp-block-list\">\n<li>Certificat de naissance de l\u2019enfant traduit en fran\u00e7ais ou en anglais;<\/li>\n\n\n\n<li>Passeport de l\u2019enfant;<\/li>\n\n\n\n<li>Passeport des deux parents;<\/li>\n\n\n\n<li>Une copie des documents \u00e9mis par Citoyennet\u00e9 et Immigration Canada et par Immigration Qu\u00e9bec pour l\u2019\u00e9l\u00e8ve et pour ses parents ou le certificat de citoyennet\u00e9 canadienne, s\u2019il y a lieu.<\/li>\n<\/ul>\n\n\n\n<p>Tous les documents devront \u00eatre remis lors de votre rendez-vous.<\/p>\n\n\n\n<p><strong>Rendez-vous d&rsquo;inscription<\/strong><\/p>\n\n\n\n<p>Une fois les quatre documents compl\u00e9t\u00e9s, veuillez prendre rendez-vous sur le lien suivant :<\/p>\n\n\n\n<p><span style=\"color: #151414\" class=\"stk-highlight\"><a href=\"https:\/\/outlook.office.com\/book\/colesecondairedeschos@cstrois-lacs.qc.ca\/s\/PooIIxADuECjN4xOVqu2HA2?ismsaljsauthenabled\">Prendre un rendez-vous<\/a><\/span><\/p>\n\n\n\n<p><strong>Renouvellement de l\u2019inscription<\/strong><\/p>\n\n\n\n<p>Les \u00e9l\u00e8ves qui fr\u00e9quentent actuellement une \u00e9cole du centre de services scolaire recevront, par l\u2019entremise de l\u2019\u00e9cole, la marche \u00e0 suivre pour proc\u00e9der \u00e0 la r\u00e9inscription.<\/p>\n\n\n\n<p><\/p>\n","protected":false},"excerpt":{"rendered":"<p>Premi\u00e8re inscription au secondaire Avant l&rsquo;inscription de votre enfant au secondaire, nous vous prions de bien vouloir v\u00e9rifier que l&rsquo;\u00e9cole secondaire des \u00c9chos est votre \u00e9cole de bassin en utilisant la plateforme suivante \u00ab\u2009Je cherche mon \u00e9cole\u2009\u00bb Documents \u00e0 compl\u00e9ter En pr\u00e9vision de votre rendez-vous concernant l\u2019inscription au secondaire, vous devrez avoir compl\u00e9t\u00e9, au pr\u00e9alable, [&hellip;]<\/p>\n","protected":false},"author":4,"featured_media":0,"parent":0,"menu_order":0,"comment_status":"closed","ping_status":"closed","template":"","meta":{"_genesis_hide_title":false,"_genesis_hide_breadcrumbs":false,"_genesis_hide_singular_image":false,"_genesis_hide_footer_widgets":false,"_genesis_custom_body_class":"","_genesis_custom_post_class":"","_genesis_layout":"","footnotes":""},"class_list":{"0":"post-911","1":"page","2":"type-page","3":"status-publish","5":"entry"},"featured_image_src":null,"featured_image_src_square":null,"_links":{"self":[{"href":"https:\/\/csstl.gouv.qc.ca\/echos\/wp-json\/wp\/v2\/pages\/911","targetHints":{"allow":["GET"]}}],"collection":[{"href":"https:\/\/csstl.gouv.qc.ca\/echos\/wp-json\/wp\/v2\/pages"}],"about":[{"href":"https:\/\/csstl.gouv.qc.ca\/echos\/wp-json\/wp\/v2\/types\/page"}],"author":[{"embeddable":true,"href":"https:\/\/csstl.gouv.qc.ca\/echos\/wp-json\/wp\/v2\/users\/4"}],"replies":[{"embeddable":true,"href":"https:\/\/csstl.gouv.qc.ca\/echos\/wp-json\/wp\/v2\/comments?post=911"}],"version-history":[{"count":0,"href":"https:\/\/csstl.gouv.qc.ca\/echos\/wp-json\/wp\/v2\/pages\/911\/revisions"}],"wp:attachment":[{"href":"https:\/\/csstl.gouv.qc.ca\/echos\/wp-json\/wp\/v2\/media?parent=911"}],"curies":[{"name":"wp","href":"https:\/\/api.w.org\/{rel}","templated":true}]}}