{"id":896,"date":"2019-12-12T11:41:10","date_gmt":"2019-12-12T16:41:10","guid":{"rendered":"https:\/\/cs3lacs.wpengine.com\/chene-bleu\/autobus\/"},"modified":"2023-09-01T09:49:12","modified_gmt":"2023-09-01T14:49:12","slug":"accueil-secondaire","status":"publish","type":"page","link":"https:\/\/csstl.gouv.qc.ca\/echos\/","title":{"rendered":"Accueil site secondaire"},"content":{"rendered":"\n<div class=\"wp-block-stackable-columns alignwide stk-block-columns stk-block stk-93c3523\" data-block-id=\"93c3523\"><style>.stk-93c3523{top:75px !important}.stk-93c3523-column{--stk-column-gap:24px !important}@media screen and (max-width:1023px){.stk-93c3523-column{row-gap:24px !important}}@media screen and (max-width:767px){.stk-93c3523-column{row-gap:24px !important}}<\/style><div class=\"stk-row stk-inner-blocks stk-block-content stk-content-align stk-93c3523-column alignwide\">\n<div class=\"wp-block-stackable-column stk-block-column stk-column stk-block stk-ae223d4\" data-v=\"4\" data-block-id=\"ae223d4\"><style>.stk-ae223d4-container{margin-top:0px !important;margin-right:0px !important;margin-bottom:0px !important;margin-left:0px !important}@media screen and (min-width:768px){.stk-ae223d4{flex:1 1 calc(40% - var(--stk-column-gap,0px) * 1 \/ 2 ) !important}}<\/style><div class=\"stk-column-wrapper stk-block-column__content stk-container stk-ae223d4-container stk--no-background stk--no-padding\"><div class=\"stk-block-content stk-inner-blocks stk-ae223d4-inner-blocks\">\n<div class=\"wp-block-stackable-feature-grid alignfull stk-block-feature-grid stk-block-columns stk-block stk-53edf48 is-style-default\" data-block-id=\"53edf48\"><style>.stk-53edf48{margin-bottom:0px !important}.stk-53edf48-column{--stk-column-gap:0px !important}<\/style><div class=\"stk-row stk-inner-blocks has-text-align-center stk-block-content stk-content-align stk-53edf48-column alignwide\">\n<div class=\"wp-block-stackable-column stk-block-column stk-column stk-block stk-4f445e7\" data-v=\"4\" data-block-id=\"4f445e7\"><style>.stk-4f445e7-inner-blocks{justify-content:center !important}.stk-4f445e7-container{background-image:url(https:\/\/media.csstl.gouv.qc.ca\/wp-content\/uploads\/sites\/57\/2023\/01\/18085213\/bg-mozaik-portail.jpg) !important;border-radius:5px !important;overflow:hidden !important}<\/style><div class=\"stk-column-wrapper stk-block-column__content stk-container stk-4f445e7-container stk-hover-parent stk--has-background-overlay\"><div class=\"stk--column-flex stk-block-content stk-inner-blocks stk-4f445e7-inner-blocks\">\n<div class=\"wp-block-stackable-button-group stk-block-button-group stk-block stk-b37c00a\" data-block-id=\"b37c00a\"><div class=\"stk-row stk-inner-blocks stk-block-content stk-button-group\">\n<div class=\"wp-block-stackable-button stk-block-button stk-block stk-83849bc\" data-block-id=\"83849bc\"><style>.stk-83849bc .stk-button{min-height:80px !important;padding-top:20px !important;padding-right:20px !important;padding-bottom:20px !important;padding-left:20px !important;background:#00578c !important;border-radius:8px !important}.stk-83849bc .stk-button__inner-text{font-size:16px !important;font-weight:bold !important;text-transform:uppercase !important;font-family:\"Roboto Condensed\",Sans-serif !important}@media screen and (max-width:1023px){.stk-83849bc .stk-button__inner-text{font-size:16px !important}}<\/style><a class=\"stk-link stk-button stk--hover-effect-lift-scale\" href=\"https:\/\/portailparents.ca\/\"><span class=\"stk-button__inner-text\">MOZA\u00cfK-PORTAIL PARENTS<\/span><\/a><\/div>\n<\/div><\/div>\n<\/div><\/div><\/div>\n<\/div><\/div>\n\n\n\n<div style=\"color:#ddd\" class=\"wp-block-genesis-blocks-gb-spacer gb-block-spacer gb-divider-solid gb-divider-size-1\"><hr\/><\/div>\n\n\n\n<div class=\"wp-block-stackable-feature-grid alignfull stk-block-feature-grid stk-block-columns stk-block stk-06fd3ff is-style-default\" data-block-id=\"06fd3ff\"><style>.stk-06fd3ff{margin-bottom:0px !important}<\/style><div class=\"stk-row stk-inner-blocks has-text-align-center stk-block-content stk-content-align stk-06fd3ff-column alignwide\">\n<div class=\"wp-block-stackable-column stk-block-column stk-column stk-block stk-ede86a8\" data-v=\"4\" data-block-id=\"ede86a8\"><style>.stk-ede86a8-inner-blocks{justify-content:center !important}.stk-ede86a8-container{background-image:url(https:\/\/media.csstl.gouv.qc.ca\/wp-content\/uploads\/sites\/57\/2023\/01\/18085216\/bg-nos-programmes.jpg) !important;border-radius:5px !important;overflow:hidden !important;min-height:150px !important}<\/style><div class=\"stk-column-wrapper stk-block-column__content stk-container stk-ede86a8-container stk-hover-parent stk--has-background-overlay\"><div class=\"stk--column-flex stk-block-content stk-inner-blocks stk-ede86a8-inner-blocks\">\n<div class=\"wp-block-stackable-button-group stk-block-button-group stk-block stk-107b8cc\" data-block-id=\"107b8cc\"><div class=\"stk-row stk-inner-blocks stk-block-content stk-button-group\">\n<div class=\"wp-block-stackable-button stk-block-button stk-block stk-e3e4739\" data-block-id=\"e3e4739\"><style>.stk-e3e4739 .stk-button{min-height:80px !important;padding-top:20px !important;padding-right:20px !important;padding-bottom:20px !important;padding-left:20px !important;background:#00578c !important;border-radius:8px !important}.stk-e3e4739 .stk-button:before{box-shadow:0 0 0 2px rgba(120,120,120,0.1) !important}.stk-e3e4739 .stk-button__inner-text{font-size:16px !important;font-weight:bold !important;text-transform:uppercase !important;font-family:\"Roboto Condensed\",Sans-serif !important}@media screen and (max-width:1023px){.stk-e3e4739 .stk-button__inner-text{font-size:16px !important}}<\/style><a class=\"stk-link stk-button stk--hover-effect-lift-scale\" href=\"https:\/\/csstl.gouv.qc.ca\/echos\/programmes\/\"><span class=\"stk-button__inner-text\">NOS PROGRAMMES<\/span><\/a><\/div>\n<\/div><\/div>\n<\/div><\/div><\/div>\n<\/div><\/div>\n\n\n\n<div style=\"color:#ddd\" class=\"wp-block-genesis-blocks-gb-spacer gb-block-spacer gb-divider-solid gb-divider-size-1\"><hr\/><\/div>\n\n\n\n<div class=\"wp-block-stackable-feature-grid alignfull stk-block-feature-grid stk-block-columns stk-block stk-7b74fc6 is-style-default\" data-block-id=\"7b74fc6\"><style>.stk-7b74fc6{margin-bottom:0px !important}<\/style><div class=\"stk-row stk-inner-blocks has-text-align-center stk-block-content stk-content-align stk-7b74fc6-column alignwide\">\n<div class=\"wp-block-stackable-column stk-block-column stk-column stk-block stk-d9db61d\" data-v=\"4\" data-block-id=\"d9db61d\"><style>.stk-d9db61d-inner-blocks{justify-content:center !important}.stk-d9db61d-container{background-image:url(https:\/\/media.csstl.gouv.qc.ca\/wp-content\/uploads\/sites\/57\/2023\/01\/18085220\/bg-vie-etudiante.jpg) !important;border-radius:5px !important;overflow:hidden !important;min-height:150px !important}<\/style><div class=\"stk-column-wrapper stk-block-column__content stk-container stk-d9db61d-container stk-hover-parent stk--has-background-overlay\"><div class=\"stk--column-flex stk-block-content stk-inner-blocks stk-d9db61d-inner-blocks\">\n<div class=\"wp-block-stackable-button-group stk-block-button-group stk-block stk-7e55b05\" data-block-id=\"7e55b05\"><div class=\"stk-row stk-inner-blocks stk-block-content stk-button-group\">\n<div class=\"wp-block-stackable-button stk-block-button stk-block stk-d8ea5d9\" data-block-id=\"d8ea5d9\"><style>.stk-d8ea5d9 .stk-button{min-height:80px !important;padding-top:20px !important;padding-right:20px !important;padding-bottom:20px !important;padding-left:20px !important;background:#00578c !important;border-radius:8px !important}.stk-d8ea5d9 .stk-button__inner-text{font-size:16px !important;font-weight:bold !important;text-transform:uppercase !important;font-family:\"Roboto Condensed\",Sans-serif !important}@media screen and (max-width:1023px){.stk-d8ea5d9 .stk-button__inner-text{font-size:16px !important}}<\/style><a class=\"stk-link stk-button stk--hover-effect-lift-scale\" href=\"https:\/\/csstl.gouv.qc.ca\/echos\/vie-etudiante\/\"><span class=\"stk-button__inner-text\">VIE \u00c9TUDIANTE<\/span><\/a><\/div>\n<\/div><\/div>\n<\/div><\/div><\/div>\n<\/div><\/div>\n<\/div><\/div><\/div>\n\n\n\n<div class=\"wp-block-stackable-column stk-block-column stk-column stk-block stk-0c5d135\" data-v=\"4\" data-block-id=\"0c5d135\"><style>.stk-0c5d135-container{margin-top:0px !important;margin-right:0px !important;margin-bottom:0px !important;margin-left:0px !important}@media screen and (min-width:768px){.stk-0c5d135{flex:1 1 calc(60% - var(--stk-column-gap,0px) * 1 \/ 2 ) !important}}<\/style><div class=\"stk-column-wrapper stk-block-column__content stk-container stk-0c5d135-container stk--no-background stk--no-padding\"><div class=\"stk-block-content stk-inner-blocks stk-0c5d135-inner-blocks\">\n<div class=\"wp-block-stackable-columns stk-block-columns stk-block stk-3fa383d\" data-block-id=\"3fa383d\"><style>.stk-3fa383d-column{--stk-column-gap:24px !important;row-gap:24px !important}@media screen and (max-width:767px){.stk-3fa383d{margin-bottom:50px !important}}<\/style><div class=\"stk-row stk-inner-blocks stk-block-content stk-content-align stk-3fa383d-column\">\n<div class=\"wp-block-stackable-column stk-block-column stk-column stk-block stk-b6519ef\" data-v=\"4\" data-block-id=\"b6519ef\"><style>.stk-b6519ef-container{margin-top:0px !important;margin-right:0px !important;margin-bottom:0px !important;margin-left:0px !important}<\/style><div class=\"stk-column-wrapper stk-block-column__content stk-container stk-b6519ef-container stk--no-background stk--no-padding\"><div class=\"stk-block-content stk-inner-blocks stk-b6519ef-inner-blocks\">\n<h3 class=\"wp-block-heading\">Actualit\u00e9s<\/h3>\n\n\n<ul class=\"wp-block-latest-posts__list wp-block-latest-posts\"><li><a class=\"wp-block-latest-posts__post-title\" href=\"https:\/\/csstl.gouv.qc.ca\/echos\/2023\/01\/a-la-recherche-des-noms-de-nos-nouvelles-ecoles-secondaires\/\"><strong>\u00c0 la recherche des noms de nos nouvelles \u00e9coles secondaires<\/strong><\/a><div class=\"wp-block-latest-posts__post-excerpt\">Deux nouvelles \u00e9coles secondaires ouvriront leurs portes au mois d\u2019ao\u00fbt 2023, une sera situ\u00e9e dans la municipalit\u00e9 de Saint-Zotique (3600, 26e&nbsp;Avenue) et l\u2019autre dans la ville\u2026 <a class=\"wp-block-latest-posts__read-more\" href=\"https:\/\/csstl.gouv.qc.ca\/echos\/2023\/01\/a-la-recherche-des-noms-de-nos-nouvelles-ecoles-secondaires\/\" rel=\"noopener noreferrer\">Lire la suite\u00a0:<span class=\"screen-reader-text\"> &lt;strong&gt;\u00c0 la recherche des noms de nos nouvelles \u00e9coles secondaires&lt;\/strong&gt;<\/span><\/a><\/div><\/li>\n<li><a class=\"wp-block-latest-posts__post-title\" href=\"https:\/\/csstl.gouv.qc.ca\/echos\/2022\/10\/bienvenue-sur-notre-nouveau-site-web\/\">Bienvenue sur notre nouveau site Web<\/a><div class=\"wp-block-latest-posts__post-excerpt\">Apr\u00e8s plusieurs mois de travail, nous sommes heureux de vous pr\u00e9senter notre nouveau site Web! Nous vous invitons \u00e0 le parcourir afin d\u2019y d\u00e9couvrir une panoplie\u2026 <a class=\"wp-block-latest-posts__read-more\" href=\"https:\/\/csstl.gouv.qc.ca\/echos\/2022\/10\/bienvenue-sur-notre-nouveau-site-web\/\" rel=\"noopener noreferrer\">Lire la suite\u00a0:<span class=\"screen-reader-text\"> Bienvenue sur notre nouveau site Web<\/span><\/a><\/div><\/li>\n<li><a class=\"wp-block-latest-posts__post-title\" href=\"https:\/\/csstl.gouv.qc.ca\/echos\/2022\/10\/le-site-web-du-csstl-se-refait-une-beaute\/\">Le site Web du CSSTL se refait une beaut\u00e9<\/a><div class=\"wp-block-latest-posts__post-excerpt\">Tout comme le site Web de chacune des \u00e9coles, celui du Centre de services scolaire des Trois-Lacs s\u2019est refait une beaut\u00e9. Le contenu et l\u2019arborescence ont\u2026 <a class=\"wp-block-latest-posts__read-more\" href=\"https:\/\/csstl.gouv.qc.ca\/echos\/2022\/10\/le-site-web-du-csstl-se-refait-une-beaute\/\" rel=\"noopener noreferrer\">Lire la suite\u00a0:<span class=\"screen-reader-text\"> Le site Web du CSSTL se refait une beaut\u00e9<\/span><\/a><\/div><\/li>\n<\/ul>\n\n\n<div class=\"wp-block-buttons is-layout-flex wp-block-buttons-is-layout-flex\">\n<div class=\"wp-block-button has-custom-font-size gb-block-button\" style=\"font-size:14px;line-height:0.8\"><a class=\"wp-block-button__link has-text-color has-background wp-element-button\" href=\"https:\/\/csstl.gouv.qc.ca\/echos\/actualites\/\" style=\"border-radius:5px;color:#ffffff;background-color:#0066a4;padding-top:10px;padding-right:1em;padding-bottom:10px;padding-left:1em\">Lire toutes les actualit\u00e9s<\/a><\/div>\n<\/div>\n<\/div><\/div><\/div>\n<\/div><\/div>\n<\/div><\/div><\/div>\n<\/div><\/div>\n","protected":false},"excerpt":{"rendered":"<p>MOZA\u00cfK-PORTAIL PARENTS NOS PROGRAMMES VIE \u00c9TUDIANTE Actualit\u00e9s<\/p>\n","protected":false},"author":4,"featured_media":0,"parent":0,"menu_order":0,"comment_status":"closed","ping_status":"closed","template":"","meta":{"_genesis_hide_title":false,"_genesis_hide_breadcrumbs":false,"_genesis_hide_singular_image":false,"_genesis_hide_footer_widgets":false,"_genesis_custom_body_class":"","_genesis_custom_post_class":"","_genesis_layout":"","footnotes":""},"class_list":{"0":"post-896","1":"page","2":"type-page","3":"status-publish","5":"entry"},"featured_image_src":null,"featured_image_src_square":null,"_links":{"self":[{"href":"https:\/\/csstl.gouv.qc.ca\/echos\/wp-json\/wp\/v2\/pages\/896","targetHints":{"allow":["GET"]}}],"collection":[{"href":"https:\/\/csstl.gouv.qc.ca\/echos\/wp-json\/wp\/v2\/pages"}],"about":[{"href":"https:\/\/csstl.gouv.qc.ca\/echos\/wp-json\/wp\/v2\/types\/page"}],"author":[{"embeddable":true,"href":"https:\/\/csstl.gouv.qc.ca\/echos\/wp-json\/wp\/v2\/users\/4"}],"replies":[{"embeddable":true,"href":"https:\/\/csstl.gouv.qc.ca\/echos\/wp-json\/wp\/v2\/comments?post=896"}],"version-history":[{"count":0,"href":"https:\/\/csstl.gouv.qc.ca\/echos\/wp-json\/wp\/v2\/pages\/896\/revisions"}],"wp:attachment":[{"href":"https:\/\/csstl.gouv.qc.ca\/echos\/wp-json\/wp\/v2\/media?parent=896"}],"curies":[{"name":"wp","href":"https:\/\/api.w.org\/{rel}","templated":true}]}}